{"id":887,"date":"2016-04-27T15:00:29","date_gmt":"2016-04-27T18:00:29","guid":{"rendered":"http:\/\/sites.usp.br\/odontopediatria\/?page_id=887"},"modified":"2025-05-12T15:29:52","modified_gmt":"2025-05-12T18:29:52","slug":"historico-e-objetivos","status":"publish","type":"page","link":"https:\/\/sites.usp.br\/odontopediatria\/historico-e-objetivos\/","title":{"rendered":"O Programa"},"content":{"rendered":"<p><\/p>\n<h4>O Programa<\/h4>\n<p>O Programa de P\u00f3s-Gradua\u00e7\u00e3o em Odontologia (Odontopediatria e Ortodontia) da FORP\/USP oferece Cursos de Mestrado e Doutorado, com objetivo principal de formar indiv\u00edduos pr\u00f3-ativos para o desenvolvimento de atividades acad\u00eamicas, incluindo a doc\u00eancia e a pesquisa.<\/p>\n<p><a href=\"https:\/\/sites.usp.br\/odontopediatria\/historico-e-objetivos-2\/\">Saiba mais&#8230;<\/a><\/p>","protected":false},"excerpt":{"rendered":"<p>O Programa O Programa de P\u00f3s-Gradua\u00e7\u00e3o em Odontologia (Odontopediatria e Ortodontia) da FORP\/USP oferece Cursos [&hellip;]<\/p>\n","protected":false},"author":172,"featured_media":0,"parent":0,"menu_order":0,"comment_status":"closed","ping_status":"closed","template":"","meta":{"footnotes":"","_links_to":"","_links_to_target":""},"class_list":["post-887","page","type-page","status-publish","hentry"],"_links":{"self":[{"href":"https:\/\/sites.usp.br\/odontopediatria\/wp-json\/wp\/v2\/pages\/887","targetHints":{"allow":["GET"]}}],"collection":[{"href":"https:\/\/sites.usp.br\/odontopediatria\/wp-json\/wp\/v2\/pages"}],"about":[{"href":"https:\/\/sites.usp.br\/odontopediatria\/wp-json\/wp\/v2\/types\/page"}],"author":[{"embeddable":true,"href":"https:\/\/sites.usp.br\/odontopediatria\/wp-json\/wp\/v2\/users\/172"}],"replies":[{"embeddable":true,"href":"https:\/\/sites.usp.br\/odontopediatria\/wp-json\/wp\/v2\/comments?post=887"}],"version-history":[{"count":4,"href":"https:\/\/sites.usp.br\/odontopediatria\/wp-json\/wp\/v2\/pages\/887\/revisions"}],"predecessor-version":[{"id":2903,"href":"https:\/\/sites.usp.br\/odontopediatria\/wp-json\/wp\/v2\/pages\/887\/revisions\/2903"}],"wp:attachment":[{"href":"https:\/\/sites.usp.br\/odontopediatria\/wp-json\/wp\/v2\/media?parent=887"}],"curies":[{"name":"wp","href":"https:\/\/api.w.org\/{rel}","templated":true}]}}