{"id":977,"date":"2016-08-18T09:21:51","date_gmt":"2016-08-18T12:21:51","guid":{"rendered":"http:\/\/sites.usp.br\/odontopediatria\/?page_id=977"},"modified":"2021-11-11T16:36:33","modified_gmt":"2021-11-11T19:36:33","slug":"bioterios","status":"publish","type":"page","link":"https:\/\/sites.usp.br\/odontopediatria\/bioterios\/","title":{"rendered":"Biot\u00e9rios"},"content":{"rendered":"<p><\/p>\n<h3>&#8211; Biot\u00e9rios da Faculdade de Odontologia de Ribeir\u00e3o Preto\/USP:<\/h3>\n<ol>\n<li>BIOT\u00c9RIO COM CENTRO CIR\u00daRGICO DE EXPERIMENTA\u00c7\u00c3O<\/li>\n<\/ol>\n<p>A FORP\/USP conta com biot\u00e9rio exclusivo para c\u00e3es e mini-pigs (animais de m\u00e9dio porte), com 2 salas cir\u00fargicas modernamente equipadas, 1 sala de preparo, almoxarifado, 24 baias com sol\u00e1rio e capacidade para 48 animais. Desta forma, estudos em c\u00e3es e mini-pigs t\u00eam sido realizados, obedecendo \u00e0s recomenda\u00e7\u00f5es da ISO. Este Biot\u00e9rio tem recebido apoio financeiro da Pr\u00f3-Reitoria de Pesquisa da USP e da parcela de reserva t\u00e9cnica institucional da FAPESP.<\/p>\n<p>&nbsp;<\/p>\n<ol start=\"2\">\n<li>BIOT\u00c9RIO PARA ANIMAIS DE PEQUENO PORTE<\/li>\n<\/ol>\n<p>Trata-se de um biot\u00e9rio da FORP\/USP, para animais de pequeno porte do tipo convencional, incluindo ratos e camundongos selvagens, isog\u00eanicos e transg\u00eanicos, destinado a pesquisas com roedores. Esse laborat\u00f3rio conta com 12 salas, sendo 10 para alojamento de animais e 2 para experimentos. Este Biot\u00e9rio, recentemente reformado pela Dire\u00e7\u00e3o da Unidade, tem recebido apoio financeiro da Pr\u00f3-Reitoria de Pesquisa da USP e da parcela de reserva t\u00e9cnica institucional da FAPESP.<\/p>","protected":false},"excerpt":{"rendered":"<p>&#8211; Biot\u00e9rios da Faculdade de Odontologia de Ribeir\u00e3o Preto\/USP: BIOT\u00c9RIO COM CENTRO CIR\u00daRGICO DE EXPERIMENTA\u00c7\u00c3O [&hellip;]<\/p>\n","protected":false},"author":172,"featured_media":0,"parent":0,"menu_order":0,"comment_status":"open","ping_status":"closed","template":"","meta":{"footnotes":"","_links_to":"","_links_to_target":""},"class_list":["post-977","page","type-page","status-publish","hentry"],"_links":{"self":[{"href":"https:\/\/sites.usp.br\/odontopediatria\/wp-json\/wp\/v2\/pages\/977","targetHints":{"allow":["GET"]}}],"collection":[{"href":"https:\/\/sites.usp.br\/odontopediatria\/wp-json\/wp\/v2\/pages"}],"about":[{"href":"https:\/\/sites.usp.br\/odontopediatria\/wp-json\/wp\/v2\/types\/page"}],"author":[{"embeddable":true,"href":"https:\/\/sites.usp.br\/odontopediatria\/wp-json\/wp\/v2\/users\/172"}],"replies":[{"embeddable":true,"href":"https:\/\/sites.usp.br\/odontopediatria\/wp-json\/wp\/v2\/comments?post=977"}],"version-history":[{"count":4,"href":"https:\/\/sites.usp.br\/odontopediatria\/wp-json\/wp\/v2\/pages\/977\/revisions"}],"predecessor-version":[{"id":1892,"href":"https:\/\/sites.usp.br\/odontopediatria\/wp-json\/wp\/v2\/pages\/977\/revisions\/1892"}],"wp:attachment":[{"href":"https:\/\/sites.usp.br\/odontopediatria\/wp-json\/wp\/v2\/media?parent=977"}],"curies":[{"name":"wp","href":"https:\/\/api.w.org\/{rel}","templated":true}]}}