{"id":64,"date":"2014-02-12T11:28:54","date_gmt":"2014-02-12T13:28:54","guid":{"rendered":"http:\/\/sites.usp.br\/oes\/?page_id=64"},"modified":"2022-06-27T23:14:47","modified_gmt":"2022-06-28T01:14:47","slug":"estatisticas","status":"publish","type":"page","link":"https:\/\/sites.usp.br\/oes-rpm\/estatisticas\/","title":{"rendered":"Estat\u00edsticas"},"content":{"rendered":"<p>Neste campo voc\u00ea encontrar\u00e1 as estat\u00edsticas utilizadas pelos observat\u00f3rio para produzir os boletins<\/p>\n","protected":false},"excerpt":{"rendered":"<p>Neste campo voc\u00ea encontrar\u00e1 as estat\u00edsticas utilizadas pelos observat\u00f3rio para produzir os boletins<\/p>\n","protected":false},"author":1,"featured_media":0,"parent":0,"menu_order":4,"comment_status":"closed","ping_status":"closed","template":"","meta":{"footnotes":"","_links_to":"","_links_to_target":""},"class_list":["post-64","page","type-page","status-publish","hentry"],"_links":{"self":[{"href":"https:\/\/sites.usp.br\/oes-rpm\/wp-json\/wp\/v2\/pages\/64","targetHints":{"allow":["GET"]}}],"collection":[{"href":"https:\/\/sites.usp.br\/oes-rpm\/wp-json\/wp\/v2\/pages"}],"about":[{"href":"https:\/\/sites.usp.br\/oes-rpm\/wp-json\/wp\/v2\/types\/page"}],"author":[{"embeddable":true,"href":"https:\/\/sites.usp.br\/oes-rpm\/wp-json\/wp\/v2\/users\/1"}],"replies":[{"embeddable":true,"href":"https:\/\/sites.usp.br\/oes-rpm\/wp-json\/wp\/v2\/comments?post=64"}],"version-history":[{"count":4,"href":"https:\/\/sites.usp.br\/oes-rpm\/wp-json\/wp\/v2\/pages\/64\/revisions"}],"predecessor-version":[{"id":218,"href":"https:\/\/sites.usp.br\/oes-rpm\/wp-json\/wp\/v2\/pages\/64\/revisions\/218"}],"wp:attachment":[{"href":"https:\/\/sites.usp.br\/oes-rpm\/wp-json\/wp\/v2\/media?parent=64"}],"curies":[{"name":"wp","href":"https:\/\/api.w.org\/{rel}","templated":true}]}}