{"id":807,"date":"2025-10-07T12:46:35","date_gmt":"2025-10-07T14:46:35","guid":{"rendered":"https:\/\/sites.usp.br\/oes-rpm\/?page_id=807"},"modified":"2025-10-07T13:09:46","modified_gmt":"2025-10-07T15:09:46","slug":"mapas","status":"publish","type":"page","link":"https:\/\/sites.usp.br\/oes-rpm\/mapas\/","title":{"rendered":"Mapas"},"content":{"rendered":"<p>Mapa da \u00c1gua &#8211; 2018<\/p>\n<p><a href=\"https:\/\/sites.usp.br\/oes-rpm\/wp-content\/uploads\/sites\/1109\/2025\/10\/MAPA-DA-AGUA_2018-2019-scaled.jpg\"><img loading=\"lazy\" decoding=\"async\" class=\"alignnone wp-image-812\" src=\"https:\/\/sites.usp.br\/oes-rpm\/wp-content\/uploads\/sites\/1109\/2025\/10\/MAPA-DA-AGUA_2018-2019-212x300.jpg\" alt=\"\" width=\"378\" height=\"535\" srcset=\"https:\/\/sites.usp.br\/oes-rpm\/wp-content\/uploads\/sites\/1109\/2025\/10\/MAPA-DA-AGUA_2018-2019-212x300.jpg 212w, https:\/\/sites.usp.br\/oes-rpm\/wp-content\/uploads\/sites\/1109\/2025\/10\/MAPA-DA-AGUA_2018-2019-724x1024.jpg 724w, https:\/\/sites.usp.br\/oes-rpm\/wp-content\/uploads\/sites\/1109\/2025\/10\/MAPA-DA-AGUA_2018-2019-768x1086.jpg 768w, https:\/\/sites.usp.br\/oes-rpm\/wp-content\/uploads\/sites\/1109\/2025\/10\/MAPA-DA-AGUA_2018-2019-1086x1536.jpg 1086w, https:\/\/sites.usp.br\/oes-rpm\/wp-content\/uploads\/sites\/1109\/2025\/10\/MAPA-DA-AGUA_2018-2019-1448x2048.jpg 1448w, https:\/\/sites.usp.br\/oes-rpm\/wp-content\/uploads\/sites\/1109\/2025\/10\/MAPA-DA-AGUA_2018-2019-400x566.jpg 400w, https:\/\/sites.usp.br\/oes-rpm\/wp-content\/uploads\/sites\/1109\/2025\/10\/MAPA-DA-AGUA_2018-2019-scaled.jpg 1810w\" sizes=\"auto, (max-width: 378px) 100vw, 378px\" \/><\/a><\/p>\n<p>Balan\u00e7a Comercial da RMP (US$) &#8211; Janeiro\/2022<\/p>\n<p><a href=\"https:\/\/sites.usp.br\/oes-rpm\/wp-content\/uploads\/sites\/1109\/2025\/10\/RPM-balanca-comercial-2022.jpg\"><img loading=\"lazy\" decoding=\"async\" class=\"alignnone wp-image-813\" src=\"https:\/\/sites.usp.br\/oes-rpm\/wp-content\/uploads\/sites\/1109\/2025\/10\/RPM-balanca-comercial-2022-300x169.jpg\" alt=\"\" width=\"481\" height=\"271\" srcset=\"https:\/\/sites.usp.br\/oes-rpm\/wp-content\/uploads\/sites\/1109\/2025\/10\/RPM-balanca-comercial-2022-300x169.jpg 300w, https:\/\/sites.usp.br\/oes-rpm\/wp-content\/uploads\/sites\/1109\/2025\/10\/RPM-balanca-comercial-2022-1024x576.jpg 1024w, https:\/\/sites.usp.br\/oes-rpm\/wp-content\/uploads\/sites\/1109\/2025\/10\/RPM-balanca-comercial-2022-768x432.jpg 768w, https:\/\/sites.usp.br\/oes-rpm\/wp-content\/uploads\/sites\/1109\/2025\/10\/RPM-balanca-comercial-2022-310x174.jpg 310w, https:\/\/sites.usp.br\/oes-rpm\/wp-content\/uploads\/sites\/1109\/2025\/10\/RPM-balanca-comercial-2022-400x225.jpg 400w, https:\/\/sites.usp.br\/oes-rpm\/wp-content\/uploads\/sites\/1109\/2025\/10\/RPM-balanca-comercial-2022.jpg 1280w\" sizes=\"auto, (max-width: 481px) 100vw, 481px\" \/><\/a><\/p>\n<p>Gera\u00e7\u00e3o de Empregos Formais na Regi\u00e3o Metropolitana de Piracicaba (Dezembro\/2021) &#8211; parte 1<\/p>\n<p><a href=\"https:\/\/sites.usp.br\/oes-rpm\/wp-content\/uploads\/sites\/1109\/2025\/10\/RPM-geracao-de-empregos-formais-2021-2-1.jpg\"><img loading=\"lazy\" decoding=\"async\" class=\"alignnone wp-image-814\" src=\"https:\/\/sites.usp.br\/oes-rpm\/wp-content\/uploads\/sites\/1109\/2025\/10\/RPM-geracao-de-empregos-formais-2021-2-1-300x208.jpg\" alt=\"\" width=\"489\" height=\"339\" srcset=\"https:\/\/sites.usp.br\/oes-rpm\/wp-content\/uploads\/sites\/1109\/2025\/10\/RPM-geracao-de-empregos-formais-2021-2-1-300x208.jpg 300w, https:\/\/sites.usp.br\/oes-rpm\/wp-content\/uploads\/sites\/1109\/2025\/10\/RPM-geracao-de-empregos-formais-2021-2-1-1024x709.jpg 1024w, https:\/\/sites.usp.br\/oes-rpm\/wp-content\/uploads\/sites\/1109\/2025\/10\/RPM-geracao-de-empregos-formais-2021-2-1-768x532.jpg 768w, https:\/\/sites.usp.br\/oes-rpm\/wp-content\/uploads\/sites\/1109\/2025\/10\/RPM-geracao-de-empregos-formais-2021-2-1-400x277.jpg 400w, https:\/\/sites.usp.br\/oes-rpm\/wp-content\/uploads\/sites\/1109\/2025\/10\/RPM-geracao-de-empregos-formais-2021-2-1.jpg 1040w\" sizes=\"auto, (max-width: 489px) 100vw, 489px\" \/><\/a><\/p>\n<p>Gera\u00e7\u00e3o de Empregos Formais na Regi\u00e3o Metropolitana de Piracicaba (Dezembro\/2021) &#8211; parte 2<\/p>\n<p><a href=\"https:\/\/sites.usp.br\/oes-rpm\/wp-content\/uploads\/sites\/1109\/2025\/10\/RPM-geracao-de-empregos-formais-2021.jpg\"><img loading=\"lazy\" decoding=\"async\" class=\"alignnone wp-image-815\" src=\"https:\/\/sites.usp.br\/oes-rpm\/wp-content\/uploads\/sites\/1109\/2025\/10\/RPM-geracao-de-empregos-formais-2021-300x208.jpg\" alt=\"\" width=\"488\" height=\"339\" srcset=\"https:\/\/sites.usp.br\/oes-rpm\/wp-content\/uploads\/sites\/1109\/2025\/10\/RPM-geracao-de-empregos-formais-2021-300x208.jpg 300w, https:\/\/sites.usp.br\/oes-rpm\/wp-content\/uploads\/sites\/1109\/2025\/10\/RPM-geracao-de-empregos-formais-2021-1024x709.jpg 1024w, https:\/\/sites.usp.br\/oes-rpm\/wp-content\/uploads\/sites\/1109\/2025\/10\/RPM-geracao-de-empregos-formais-2021-768x532.jpg 768w, https:\/\/sites.usp.br\/oes-rpm\/wp-content\/uploads\/sites\/1109\/2025\/10\/RPM-geracao-de-empregos-formais-2021-400x277.jpg 400w, https:\/\/sites.usp.br\/oes-rpm\/wp-content\/uploads\/sites\/1109\/2025\/10\/RPM-geracao-de-empregos-formais-2021.jpg 1040w\" sizes=\"auto, (max-width: 488px) 100vw, 488px\" \/><\/a><\/p>\n<p>\u00cdndice de Perdas (em %) na Distribui\u00e7\u00e3o de \u00c1gua na RMP<\/p>\n<p><a href=\"https:\/\/sites.usp.br\/oes-rpm\/wp-content\/uploads\/sites\/1109\/2025\/10\/RPM-indice-de-perda-agua--scaled.jpg\"><img loading=\"lazy\" decoding=\"async\" class=\"alignnone wp-image-816\" src=\"https:\/\/sites.usp.br\/oes-rpm\/wp-content\/uploads\/sites\/1109\/2025\/10\/RPM-indice-de-perda-agua--300x212.jpg\" alt=\"\" width=\"482\" height=\"340\" srcset=\"https:\/\/sites.usp.br\/oes-rpm\/wp-content\/uploads\/sites\/1109\/2025\/10\/RPM-indice-de-perda-agua--300x212.jpg 300w, https:\/\/sites.usp.br\/oes-rpm\/wp-content\/uploads\/sites\/1109\/2025\/10\/RPM-indice-de-perda-agua--1024x724.jpg 1024w, https:\/\/sites.usp.br\/oes-rpm\/wp-content\/uploads\/sites\/1109\/2025\/10\/RPM-indice-de-perda-agua--768x543.jpg 768w, https:\/\/sites.usp.br\/oes-rpm\/wp-content\/uploads\/sites\/1109\/2025\/10\/RPM-indice-de-perda-agua--1536x1086.jpg 1536w, https:\/\/sites.usp.br\/oes-rpm\/wp-content\/uploads\/sites\/1109\/2025\/10\/RPM-indice-de-perda-agua--2048x1448.jpg 2048w, https:\/\/sites.usp.br\/oes-rpm\/wp-content\/uploads\/sites\/1109\/2025\/10\/RPM-indice-de-perda-agua--400x283.jpg 400w\" sizes=\"auto, (max-width: 482px) 100vw, 482px\" \/><\/a><\/p>\n<p>\u00cdndice Firjan de Gest\u00e3o Fiscal na RMP (2021 &#8211; 2020)<\/p>\n<p><a href=\"https:\/\/sites.usp.br\/oes-rpm\/wp-content\/uploads\/sites\/1109\/2025\/10\/RPM-indice-FIRJAN--scaled.jpg\"><img loading=\"lazy\" decoding=\"async\" class=\"alignnone wp-image-817\" src=\"https:\/\/sites.usp.br\/oes-rpm\/wp-content\/uploads\/sites\/1109\/2025\/10\/RPM-indice-FIRJAN--300x212.jpg\" alt=\"\" width=\"475\" height=\"336\" srcset=\"https:\/\/sites.usp.br\/oes-rpm\/wp-content\/uploads\/sites\/1109\/2025\/10\/RPM-indice-FIRJAN--300x212.jpg 300w, https:\/\/sites.usp.br\/oes-rpm\/wp-content\/uploads\/sites\/1109\/2025\/10\/RPM-indice-FIRJAN--1024x724.jpg 1024w, https:\/\/sites.usp.br\/oes-rpm\/wp-content\/uploads\/sites\/1109\/2025\/10\/RPM-indice-FIRJAN--768x543.jpg 768w, https:\/\/sites.usp.br\/oes-rpm\/wp-content\/uploads\/sites\/1109\/2025\/10\/RPM-indice-FIRJAN--1536x1086.jpg 1536w, https:\/\/sites.usp.br\/oes-rpm\/wp-content\/uploads\/sites\/1109\/2025\/10\/RPM-indice-FIRJAN--2048x1448.jpg 2048w, https:\/\/sites.usp.br\/oes-rpm\/wp-content\/uploads\/sites\/1109\/2025\/10\/RPM-indice-FIRJAN--400x283.jpg 400w\" sizes=\"auto, (max-width: 475px) 100vw, 475px\" \/><\/a><\/p>\n<p>&nbsp;<\/p>\n","protected":false},"excerpt":{"rendered":"<p>Mapa da \u00c1gua &#8211; 2018 Balan\u00e7a Comercial da RMP (US$) &#8211; Janeiro\/2022 Gera\u00e7\u00e3o de Empregos [&hellip;]<\/p>\n","protected":false},"author":22911,"featured_media":0,"parent":0,"menu_order":0,"comment_status":"closed","ping_status":"closed","template":"","meta":{"footnotes":"","_links_to":"","_links_to_target":""},"class_list":["post-807","page","type-page","status-publish","hentry"],"_links":{"self":[{"href":"https:\/\/sites.usp.br\/oes-rpm\/wp-json\/wp\/v2\/pages\/807","targetHints":{"allow":["GET"]}}],"collection":[{"href":"https:\/\/sites.usp.br\/oes-rpm\/wp-json\/wp\/v2\/pages"}],"about":[{"href":"https:\/\/sites.usp.br\/oes-rpm\/wp-json\/wp\/v2\/types\/page"}],"author":[{"embeddable":true,"href":"https:\/\/sites.usp.br\/oes-rpm\/wp-json\/wp\/v2\/users\/22911"}],"replies":[{"embeddable":true,"href":"https:\/\/sites.usp.br\/oes-rpm\/wp-json\/wp\/v2\/comments?post=807"}],"version-history":[{"count":4,"href":"https:\/\/sites.usp.br\/oes-rpm\/wp-json\/wp\/v2\/pages\/807\/revisions"}],"predecessor-version":[{"id":821,"href":"https:\/\/sites.usp.br\/oes-rpm\/wp-json\/wp\/v2\/pages\/807\/revisions\/821"}],"wp:attachment":[{"href":"https:\/\/sites.usp.br\/oes-rpm\/wp-json\/wp\/v2\/media?parent=807"}],"curies":[{"name":"wp","href":"https:\/\/api.w.org\/{rel}","templated":true}]}}