{"id":474,"date":"2024-05-27T01:50:08","date_gmt":"2024-05-27T04:50:08","guid":{"rendered":"https:\/\/sites.usp.br\/oficinadedireitoambiental\/?page_id=474"},"modified":"2024-10-20T20:28:34","modified_gmt":"2024-10-20T23:28:34","slug":"publicacoes2","status":"publish","type":"page","link":"https:\/\/sites.usp.br\/oficinadedireitoambiental\/publicacoes2\/","title":{"rendered":"Publica\u00e7\u00f5es"},"content":{"rendered":"<p>BATISTA, L\u00edvia Regina.\u00a0<strong>Oportunidades de transi\u00e7\u00e3o energ\u00e9tica no setor de transporte no Brasil<\/strong>. <em>In<\/em>: 20\u00ba Congresso Brasileiro de Direito Ambiental, 2015, S\u00e3o Paulo. Ambiente, sociedade e consumo sustent\u00e1vel. S\u00e3o Paulo: Instituto o Direito por um Planeta Verde, 2015, v. 02, pp. 837-850.<\/p>\n<p>CASTILHO, Andr\u00e9 Ferreira de e MANTELLI, Gabriel Ant\u00f4nio Silveira.\u00a0<strong><a href=\"https:\/\/www.researchgate.net\/publication\/341423119_Justica_climatica_e_a_Politica_Estadual_de_Mudancas_Climaticas_do_Estado_de_Sao_Paulo\" target=\"_blank\" rel=\"noopener noreferrer\">Justi\u00e7a clim\u00e1tica e e a Pol\u00edtica Estadual de Mudan\u00e7as Clim\u00e1ticas do Estado de S\u00e3o Paulo<\/a><\/strong>.<em> In<\/em>: 21\u00ba Congresso Brasileiro de Direito Ambiental, 2016, S\u00e3o Paulo. Jurisprud\u00eancia, \u00e9tica e justi\u00e7a ambiental no s\u00e9culo 21. S\u00e3o Paulo: Instituto o Direito por um Planeta Verde, 2016, v. 02, pp. 1123-1135.<\/p>\n<p>FELIX, Gabriel Gouveia e JEREZ, Daniela Malheiros.\u00a0<strong><a href=\"https:\/\/www.unisantos.br\/wp-content\/uploads\/2016\/10\/DAI-2016.pdf\" target=\"_blank\" rel=\"noopener noreferrer\">O REED+ como instrumento de preserva\u00e7\u00e3o da biodiversidade e mitiga\u00e7\u00e3o dos impactos das mudan\u00e7as clim\u00e1ticas<\/a><\/strong>.<em> In<\/em>: IV Congresso Internacional de Direito Ambiental Internacional, 2016, Santos. Governan\u00e7a Ambiental Global. Santos: Editora Universit\u00e1ria Leopoldianum, 2016, pp. 121-134.<\/p>\n<p>NUSDEO, Ana Maria de Oliveira e BATISTA, L\u00edvia Regina.\u00a0<strong><a href=\"https:\/\/raco.cat\/index.php\/rcda\/article\/view\/307091\">Prospect of transition into sustainable energy in Developing Countries: an analysis of Brazilian public programs<\/a><\/strong>. Revista Catalana de Dret Ambiental, v. 06, pp. 01-29, 2015.<\/p>\n<p>SANTOS, Andr\u00e9 de Castro e FERNANDES, Guilherme Neves Rodrigues.\u00a0<strong><a href=\"https:\/\/www.academia.edu\/33622866\/An%C3%A1lise_dos_impactos_socioambientais_no_projetos_de_fontes_renov%C3%A1veis_de_energia_no_contexto_do_Mecanismo_de_Desenvolvimento_Limpo_MDL_no_Brasil\">An\u00e1lise de impactos socioambientais nos projetos de fontes renov\u00e1veis de energia no contexto do Mecanismo de Desenvolvimento Limpo (MDL) no Brasil<\/a><\/strong>. <em>In<\/em>: 20\u00ba Congresso Brasileiro de Direito Ambiental, 2015, S\u00e3o Paulo. Ambiente, sociedade e consumo sustent\u00e1vel. S\u00e3o Paulo: Instituto o Direito por um Planeta Verde, 2015, v. 02, pp. 85-98.<\/p>\n<p>SILVEIRA, St\u00e9fano Teixeira Lopes. <a href=\"https:\/\/www.planetaverde.org\/arquivos\/biblioteca\/arquivo_20220418110345_3995.pdf\">Estudo sobre a responsabiliza\u00e7\u00e3o civil dos atores envolvidos no rompimento da barragem de Bento Rodrigues<\/a>.\u00a0<em>In<\/em>: 26\u00ba Congresso Brasileiro de Direito Ambiental, 2022, S\u00e3o Paulo. Instituto O Direito Por Um Planeta Verde, pp. 60-80.<\/p>\n<p>SILVEIRA, St\u00e9fano Teixeira Lopes e MONTEIRO, Yhasmin. <a href=\"https:\/\/www.planetaverde.org\/arquivos\/biblioteca\/arquivo_20230403200710_6123.pdf\">An\u00e1lise das a\u00e7\u00f5es de argui\u00e7\u00e3o de descumprimento de preceito fundamental relativas ao &#8220;Pacote Verde&#8221; perante o Supremo Tribunal Federal<\/a>. <em>In:<\/em> 27\u00ba Congresso Brasileiro de Direito Ambiental, 2023, S\u00e3o Paulo. Instituto O Direito Por Um Planeta Verde, pp. 114-128.<\/p>\n","protected":false},"excerpt":{"rendered":"<p>BATISTA, L\u00edvia Regina.\u00a0Oportunidades de transi\u00e7\u00e3o energ\u00e9tica no setor de transporte no Brasil. In: 20\u00ba Congresso [&hellip;]<\/p>\n","protected":false},"author":444,"featured_media":0,"parent":0,"menu_order":0,"comment_status":"closed","ping_status":"closed","template":"","meta":{"footnotes":"","_links_to":"","_links_to_target":""},"class_list":["post-474","page","type-page","status-publish","hentry"],"_links":{"self":[{"href":"https:\/\/sites.usp.br\/oficinadedireitoambiental\/wp-json\/wp\/v2\/pages\/474","targetHints":{"allow":["GET"]}}],"collection":[{"href":"https:\/\/sites.usp.br\/oficinadedireitoambiental\/wp-json\/wp\/v2\/pages"}],"about":[{"href":"https:\/\/sites.usp.br\/oficinadedireitoambiental\/wp-json\/wp\/v2\/types\/page"}],"author":[{"embeddable":true,"href":"https:\/\/sites.usp.br\/oficinadedireitoambiental\/wp-json\/wp\/v2\/users\/444"}],"replies":[{"embeddable":true,"href":"https:\/\/sites.usp.br\/oficinadedireitoambiental\/wp-json\/wp\/v2\/comments?post=474"}],"version-history":[{"count":4,"href":"https:\/\/sites.usp.br\/oficinadedireitoambiental\/wp-json\/wp\/v2\/pages\/474\/revisions"}],"predecessor-version":[{"id":521,"href":"https:\/\/sites.usp.br\/oficinadedireitoambiental\/wp-json\/wp\/v2\/pages\/474\/revisions\/521"}],"wp:attachment":[{"href":"https:\/\/sites.usp.br\/oficinadedireitoambiental\/wp-json\/wp\/v2\/media?parent=474"}],"curies":[{"name":"wp","href":"https:\/\/api.w.org\/{rel}","templated":true}]}}