{"id":2893,"date":"2024-09-25T15:29:09","date_gmt":"2024-09-25T18:29:09","guid":{"rendered":"https:\/\/sites.usp.br\/oncologiamolecular\/?page_id=2893"},"modified":"2024-09-26T13:36:11","modified_gmt":"2024-09-26T16:36:11","slug":"objetivos","status":"publish","type":"page","link":"https:\/\/sites.usp.br\/oncologiamolecular\/objetivos\/","title":{"rendered":"Objetivos"},"content":{"rendered":"\t\t<div data-elementor-type=\"wp-page\" data-elementor-id=\"2893\" class=\"elementor elementor-2893\" data-elementor-post-type=\"page\">\n\t\t\t\t\t\t<section class=\"elementor-section elementor-top-section elementor-element elementor-element-f59d5fc elementor-section-boxed elementor-section-height-default elementor-section-height-default\" data-id=\"f59d5fc\" data-element_type=\"section\" data-settings=\"{&quot;background_background&quot;:&quot;gradient&quot;}\">\n\t\t\t\t\t\t<div class=\"elementor-container elementor-column-gap-default\">\n\t\t\t\t\t<div class=\"elementor-column elementor-col-100 elementor-top-column elementor-element elementor-element-b7567aa\" data-id=\"b7567aa\" data-element_type=\"column\">\n\t\t\t<div class=\"elementor-widget-wrap elementor-element-populated\">\n\t\t\t\t\t\t<div class=\"elementor-element elementor-element-7a86de7 elementor-widget elementor-widget-spacer\" data-id=\"7a86de7\" data-element_type=\"widget\" data-widget_type=\"spacer.default\">\n\t\t\t\t<div class=\"elementor-widget-container\">\n\t\t\t\t\t<div class=\"elementor-spacer\">\n\t\t\t<div class=\"elementor-spacer-inner\"><\/div>\n\t\t<\/div>\n\t\t\t\t<\/div>\n\t\t\t\t<\/div>\n\t\t\t\t<div class=\"elementor-element elementor-element-ba74a0e elementor-invisible elementor-widget elementor-widget-heading\" data-id=\"ba74a0e\" data-element_type=\"widget\" data-settings=\"{&quot;_animation&quot;:&quot;fadeIn&quot;}\" data-widget_type=\"heading.default\">\n\t\t\t\t<div class=\"elementor-widget-container\">\n\t\t\t<h2 class=\"elementor-heading-title elementor-size-default\">Objetivos<\/h2>\t\t<\/div>\n\t\t\t\t<\/div>\n\t\t\t\t<div class=\"elementor-element elementor-element-e8c1005 elementor-widget elementor-widget-spacer\" data-id=\"e8c1005\" data-element_type=\"widget\" data-widget_type=\"spacer.default\">\n\t\t\t\t<div class=\"elementor-widget-container\">\n\t\t\t\t\t<div class=\"elementor-spacer\">\n\t\t\t<div class=\"elementor-spacer-inner\"><\/div>\n\t\t<\/div>\n\t\t\t\t<\/div>\n\t\t\t\t<\/div>\n\t\t\t\t\t<\/div>\n\t\t<\/div>\n\t\t\t\t\t<\/div>\n\t\t<\/section>\n\t\t\t\t<section class=\"elementor-section elementor-top-section elementor-element elementor-element-ce3df51 elementor-section-boxed elementor-section-height-default elementor-section-height-default\" data-id=\"ce3df51\" data-element_type=\"section\" data-settings=\"{&quot;background_background&quot;:&quot;classic&quot;}\">\n\t\t\t\t\t\t<div class=\"elementor-container elementor-column-gap-default\">\n\t\t\t\t\t<div class=\"elementor-column elementor-col-100 elementor-top-column elementor-element elementor-element-2261db7\" data-id=\"2261db7\" data-element_type=\"column\">\n\t\t\t<div class=\"elementor-widget-wrap elementor-element-populated\">\n\t\t\t\t\t\t<div class=\"elementor-element elementor-element-d738ea0 elementor-widget elementor-widget-spacer\" data-id=\"d738ea0\" data-element_type=\"widget\" data-widget_type=\"spacer.default\">\n\t\t\t\t<div class=\"elementor-widget-container\">\n\t\t\t\t\t<div class=\"elementor-spacer\">\n\t\t\t<div class=\"elementor-spacer-inner\"><\/div>\n\t\t<\/div>\n\t\t\t\t<\/div>\n\t\t\t\t<\/div>\n\t\t\t\t<div class=\"elementor-element elementor-element-e3a30b5 elementor-widget elementor-widget-text-editor\" data-id=\"e3a30b5\" data-element_type=\"widget\" data-widget_type=\"text-editor.default\">\n\t\t\t\t<div class=\"elementor-widget-container\">\n\t\t\t\t\t\t\t<p>O VIII Curso em Oncologia Molecular da Faculdade de Medicina da Universidade de S\u00e3o Paulo (FMUSP) e do Instituto do C\u00e2ncer do Estado de S\u00e3o Paulo (ICESP) \u00e9 um evento organizado pelos alunos do Programa de P\u00f3s-Gradua\u00e7\u00e3o em Oncologia (Stricto sensu) da FMUSP, com supervis\u00e3o do Prof. Dr. Roger Chammas e da Profa. Dra. Luisa Lina Villa.<\/p>\n<p>Trata-se de um curso te\u00f3rico-pr\u00e1tico, dividido em dois m\u00f3dulos, a ser realizado no segundo semestre de 2025.<\/p>\n<p>Tradicionalmente, o curso tem como objetivos:<\/p>\n<ul>\n<li>Difundir conhecimentos em oncologia molecular de ponta, com \u00eanfase nas descobertas mais recentes no Brasil e no mundo;<\/li>\n<li>Estimular a pr\u00e1tica docente entre os p\u00f3s-graduandos, incentivando a aplica\u00e7\u00e3o pedag\u00f3gica dos conhecimentos adquiridos;<\/li>\n<li>Oferecer aos alunos de gradua\u00e7\u00e3o contato com as atividades desenvolvidas nos laborat\u00f3rios do Centro Translacional em Oncologia (CTO), bem como criar novas oportunidades de ingresso em nosso programa de p\u00f3s gradua\u00e7\u00e3o.<\/li>\n<\/ul>\n<p>O curso abordar\u00e1 criticamente os fundamentos da pesquisa em oncologia molecular, de modo a fornecer uma vis\u00e3o geral e atualizada desde as etapas do desenvolvimento tumoral at\u00e9 as novas terapias desenvolvidas na pesquisa cl\u00ednica. Para isso, as sess\u00f5es incluir\u00e3o aulas expositivas ministradas por p\u00f3s-graduandos, especialistas do ICESP e convidados, al\u00e9m de discuss\u00f5es focadas na aplica\u00e7\u00e3o translacional dos conceitos discutidos.<\/p>\n<p>Este curso pretende ainda desenvolver o senso cr\u00edtico dos alunos, promovendo uma vis\u00e3o integrada entre conhecimentos te\u00f3ricos e abordagens experimentais, com foco na oncologia molecular e suas aplica\u00e7\u00f5es cl\u00ednicas.<\/p>\n<p>Caso tenha alguma d\u00favida, entre em contato com a Comiss\u00e3o de Sele\u00e7\u00e3o pelo e-mail&nbsp;<b><u>cursooncologiamolecularicesp@gmail.com<\/u><\/b> ou por meio de nossas redes sociais:&nbsp;<a href=\"https:\/\/www.facebook.com\/CursoOncoICESP\/\" target=\"_blank\" rel=\"noopener\"><b><u>Facebook<\/u><\/b><\/a>&nbsp;e&nbsp;<a href=\"https:\/\/www.instagram.com\/oncomol.icesp\/\" target=\"_blank\" rel=\"noopener\"><b><u>Instagram<\/u><\/b><\/a>. Teremos o maior prazer em respond\u00ea-lo!<\/p>\t\t\t\t\t\t<\/div>\n\t\t\t\t<\/div>\n\t\t\t\t<div class=\"elementor-element elementor-element-5724b9d elementor-widget elementor-widget-spacer\" data-id=\"5724b9d\" data-element_type=\"widget\" data-widget_type=\"spacer.default\">\n\t\t\t\t<div class=\"elementor-widget-container\">\n\t\t\t\t\t<div class=\"elementor-spacer\">\n\t\t\t<div class=\"elementor-spacer-inner\"><\/div>\n\t\t<\/div>\n\t\t\t\t<\/div>\n\t\t\t\t<\/div>\n\t\t\t\t\t<\/div>\n\t\t<\/div>\n\t\t\t\t\t<\/div>\n\t\t<\/section>\n\t\t\t\t<\/div>\n\t\t","protected":false},"excerpt":{"rendered":"<p>Conhe\u00e7a os Objetivos do Curso em Oncologia Molecular.<\/p>\n","protected":false},"author":24018,"featured_media":0,"parent":0,"menu_order":2,"comment_status":"closed","ping_status":"closed","template":"elementor_header_footer","meta":{"_monsterinsights_skip_tracking":false,"_monsterinsights_sitenote_active":false,"_monsterinsights_sitenote_note":"","_monsterinsights_sitenote_category":0,"footnotes":"","_links_to":"","_links_to_target":""},"class_list":["post-2893","page","type-page","status-publish","hentry","entry"],"_links":{"self":[{"href":"https:\/\/sites.usp.br\/oncologiamolecular\/wp-json\/wp\/v2\/pages\/2893","targetHints":{"allow":["GET"]}}],"collection":[{"href":"https:\/\/sites.usp.br\/oncologiamolecular\/wp-json\/wp\/v2\/pages"}],"about":[{"href":"https:\/\/sites.usp.br\/oncologiamolecular\/wp-json\/wp\/v2\/types\/page"}],"author":[{"embeddable":true,"href":"https:\/\/sites.usp.br\/oncologiamolecular\/wp-json\/wp\/v2\/users\/24018"}],"replies":[{"embeddable":true,"href":"https:\/\/sites.usp.br\/oncologiamolecular\/wp-json\/wp\/v2\/comments?post=2893"}],"version-history":[{"count":4,"href":"https:\/\/sites.usp.br\/oncologiamolecular\/wp-json\/wp\/v2\/pages\/2893\/revisions"}],"predecessor-version":[{"id":3226,"href":"https:\/\/sites.usp.br\/oncologiamolecular\/wp-json\/wp\/v2\/pages\/2893\/revisions\/3226"}],"wp:attachment":[{"href":"https:\/\/sites.usp.br\/oncologiamolecular\/wp-json\/wp\/v2\/media?parent=2893"}],"curies":[{"name":"wp","href":"https:\/\/api.w.org\/{rel}","templated":true}]}}