{"id":2952,"date":"2024-09-25T16:46:40","date_gmt":"2024-09-25T19:46:40","guid":{"rendered":"https:\/\/sites.usp.br\/oncologiamolecular\/?page_id=2952"},"modified":"2025-02-25T10:50:22","modified_gmt":"2025-02-25T13:50:22","slug":"simposio","status":"publish","type":"page","link":"https:\/\/sites.usp.br\/oncologiamolecular\/simposio\/","title":{"rendered":"Simp\u00f3sio"},"content":{"rendered":"\t\t<div data-elementor-type=\"wp-page\" data-elementor-id=\"2952\" class=\"elementor elementor-2952\" data-elementor-post-type=\"page\">\n\t\t\t\t\t\t<section class=\"elementor-section elementor-top-section elementor-element elementor-element-ee6b353 elementor-section-boxed elementor-section-height-default elementor-section-height-default\" data-id=\"ee6b353\" data-element_type=\"section\" data-settings=\"{&quot;background_background&quot;:&quot;gradient&quot;}\">\n\t\t\t\t\t\t<div class=\"elementor-container elementor-column-gap-default\">\n\t\t\t\t\t<div class=\"elementor-column elementor-col-100 elementor-top-column elementor-element elementor-element-3b06f34\" data-id=\"3b06f34\" data-element_type=\"column\">\n\t\t\t<div class=\"elementor-widget-wrap elementor-element-populated\">\n\t\t\t\t\t\t<div class=\"elementor-element elementor-element-952afe8 elementor-widget elementor-widget-spacer\" data-id=\"952afe8\" data-element_type=\"widget\" data-widget_type=\"spacer.default\">\n\t\t\t\t<div class=\"elementor-widget-container\">\n\t\t\t\t\t<div class=\"elementor-spacer\">\n\t\t\t<div class=\"elementor-spacer-inner\"><\/div>\n\t\t<\/div>\n\t\t\t\t<\/div>\n\t\t\t\t<\/div>\n\t\t\t\t<div class=\"elementor-element elementor-element-03cba55 elementor-invisible elementor-widget elementor-widget-heading\" data-id=\"03cba55\" data-element_type=\"widget\" data-settings=\"{&quot;_animation&quot;:&quot;fadeIn&quot;}\" data-widget_type=\"heading.default\">\n\t\t\t\t<div class=\"elementor-widget-container\">\n\t\t\t<h2 class=\"elementor-heading-title elementor-size-default\">Simp\u00f3sio<\/h2>\t\t<\/div>\n\t\t\t\t<\/div>\n\t\t\t\t<div class=\"elementor-element elementor-element-0176a32 elementor-widget elementor-widget-spacer\" data-id=\"0176a32\" data-element_type=\"widget\" data-widget_type=\"spacer.default\">\n\t\t\t\t<div class=\"elementor-widget-container\">\n\t\t\t\t\t<div class=\"elementor-spacer\">\n\t\t\t<div class=\"elementor-spacer-inner\"><\/div>\n\t\t<\/div>\n\t\t\t\t<\/div>\n\t\t\t\t<\/div>\n\t\t\t\t\t<\/div>\n\t\t<\/div>\n\t\t\t\t\t<\/div>\n\t\t<\/section>\n\t\t\t\t<section class=\"elementor-section elementor-top-section elementor-element elementor-element-eb9ae7e elementor-section-boxed elementor-section-height-default elementor-section-height-default\" data-id=\"eb9ae7e\" data-element_type=\"section\">\n\t\t\t\t\t\t<div class=\"elementor-container elementor-column-gap-default\">\n\t\t\t\t\t<div class=\"elementor-column elementor-col-100 elementor-top-column elementor-element elementor-element-bbde773\" data-id=\"bbde773\" data-element_type=\"column\">\n\t\t\t<div class=\"elementor-widget-wrap elementor-element-populated\">\n\t\t\t\t\t\t<div class=\"elementor-element elementor-element-bd1ddcc elementor-widget elementor-widget-image\" data-id=\"bd1ddcc\" data-element_type=\"widget\" data-widget_type=\"image.default\">\n\t\t\t\t<div class=\"elementor-widget-container\">\n\t\t\t\t\t\t\t\t\t\t\t\t\t<img fetchpriority=\"high\" decoding=\"async\" width=\"1515\" height=\"355\" src=\"https:\/\/sites.usp.br\/oncologiamolecular\/wp-content\/uploads\/sites\/1537\/2025\/02\/Simposio-2025-barra.png\" class=\"attachment-full size-full wp-image-3416\" alt=\"\" srcset=\"https:\/\/sites.usp.br\/oncologiamolecular\/wp-content\/uploads\/sites\/1537\/2025\/02\/Simposio-2025-barra.png 1515w, https:\/\/sites.usp.br\/oncologiamolecular\/wp-content\/uploads\/sites\/1537\/2025\/02\/Simposio-2025-barra-300x70.png 300w, https:\/\/sites.usp.br\/oncologiamolecular\/wp-content\/uploads\/sites\/1537\/2025\/02\/Simposio-2025-barra-1024x240.png 1024w, https:\/\/sites.usp.br\/oncologiamolecular\/wp-content\/uploads\/sites\/1537\/2025\/02\/Simposio-2025-barra-768x180.png 768w, https:\/\/sites.usp.br\/oncologiamolecular\/wp-content\/uploads\/sites\/1537\/2025\/02\/Simposio-2025-barra-400x94.png 400w\" sizes=\"(max-width: 1515px) 100vw, 1515px\" \/>\t\t\t\t\t\t\t\t\t\t\t\t\t<\/div>\n\t\t\t\t<\/div>\n\t\t\t\t\t<\/div>\n\t\t<\/div>\n\t\t\t\t\t<\/div>\n\t\t<\/section>\n\t\t\t\t<section class=\"elementor-section elementor-top-section elementor-element elementor-element-c74f89d elementor-section-boxed elementor-section-height-default elementor-section-height-default\" data-id=\"c74f89d\" data-element_type=\"section\">\n\t\t\t\t\t\t<div class=\"elementor-container elementor-column-gap-default\">\n\t\t\t\t\t<div class=\"elementor-column elementor-col-100 elementor-top-column elementor-element elementor-element-7766c55\" data-id=\"7766c55\" data-element_type=\"column\">\n\t\t\t<div class=\"elementor-widget-wrap elementor-element-populated\">\n\t\t\t\t\t\t<div class=\"elementor-element elementor-element-a9addbd elementor-widget elementor-widget-heading\" data-id=\"a9addbd\" data-element_type=\"widget\" data-widget_type=\"heading.default\">\n\t\t\t\t<div class=\"elementor-widget-container\">\n\t\t\t<h2 class=\"elementor-heading-title elementor-size-default\">O 2\u00b0 Simp\u00f3sio Desafios em Oncologia Molecular foi um sucesso!<\/h2>\t\t<\/div>\n\t\t\t\t<\/div>\n\t\t\t\t\t<\/div>\n\t\t<\/div>\n\t\t\t\t\t<\/div>\n\t\t<\/section>\n\t\t\t\t<section class=\"elementor-section elementor-top-section elementor-element elementor-element-402afe4 elementor-section-boxed elementor-section-height-default elementor-section-height-default\" data-id=\"402afe4\" data-element_type=\"section\">\n\t\t\t\t\t\t<div class=\"elementor-container elementor-column-gap-default\">\n\t\t\t\t\t<div class=\"elementor-column elementor-col-100 elementor-top-column elementor-element elementor-element-28b430a\" data-id=\"28b430a\" data-element_type=\"column\">\n\t\t\t<div class=\"elementor-widget-wrap elementor-element-populated\">\n\t\t\t\t\t\t<div class=\"elementor-element elementor-element-09afc16 elementor-widget elementor-widget-image\" data-id=\"09afc16\" data-element_type=\"widget\" data-widget_type=\"image.default\">\n\t\t\t\t<div class=\"elementor-widget-container\">\n\t\t\t\t\t\t\t\t\t\t\t\t\t<img decoding=\"async\" width=\"768\" height=\"574\" src=\"https:\/\/sites.usp.br\/oncologiamolecular\/wp-content\/uploads\/sites\/1537\/2025\/02\/Dia-2-2-768x574.png\" class=\"attachment-medium_large size-medium_large wp-image-3418\" alt=\"\" srcset=\"https:\/\/sites.usp.br\/oncologiamolecular\/wp-content\/uploads\/sites\/1537\/2025\/02\/Dia-2-2-768x574.png 768w, https:\/\/sites.usp.br\/oncologiamolecular\/wp-content\/uploads\/sites\/1537\/2025\/02\/Dia-2-2-300x224.png 300w, https:\/\/sites.usp.br\/oncologiamolecular\/wp-content\/uploads\/sites\/1537\/2025\/02\/Dia-2-2-1024x765.png 1024w, https:\/\/sites.usp.br\/oncologiamolecular\/wp-content\/uploads\/sites\/1537\/2025\/02\/Dia-2-2-80x60.png 80w, https:\/\/sites.usp.br\/oncologiamolecular\/wp-content\/uploads\/sites\/1537\/2025\/02\/Dia-2-2-400x299.png 400w, https:\/\/sites.usp.br\/oncologiamolecular\/wp-content\/uploads\/sites\/1537\/2025\/02\/Dia-2-2.png 1364w\" sizes=\"(max-width: 768px) 100vw, 768px\" \/>\t\t\t\t\t\t\t\t\t\t\t\t\t<\/div>\n\t\t\t\t<\/div>\n\t\t\t\t\t<\/div>\n\t\t<\/div>\n\t\t\t\t\t<\/div>\n\t\t<\/section>\n\t\t\t\t<section class=\"elementor-section elementor-top-section elementor-element elementor-element-27b86e6 elementor-section-boxed elementor-section-height-default elementor-section-height-default\" data-id=\"27b86e6\" data-element_type=\"section\">\n\t\t\t\t\t\t<div class=\"elementor-container elementor-column-gap-default\">\n\t\t\t\t\t<div class=\"elementor-column elementor-col-100 elementor-top-column elementor-element elementor-element-b1df81e\" data-id=\"b1df81e\" data-element_type=\"column\">\n\t\t\t<div class=\"elementor-widget-wrap elementor-element-populated\">\n\t\t\t\t\t\t<div class=\"elementor-element elementor-element-1e8bdb1 elementor-widget__width-initial elementor-widget elementor-widget-text-editor\" data-id=\"1e8bdb1\" data-element_type=\"widget\" data-widget_type=\"text-editor.default\">\n\t\t\t\t<div class=\"elementor-widget-container\">\n\t\t\t\t\t\t\t<p><span style=\"font-family: 'Source Sans Pro', sans-serif; font-size: 20px; font-style: normal; font-variant-ligatures: normal; font-variant-caps: normal; font-weight: 400; color: var( --e-global-color-text );\">O 2\u00ba Simp\u00f3sio aconteceu nos dias 7 e 8 de fevereiro de 2025 e foi\u00a0<\/span><span style=\"color: var( --e-global-color-text ); font-size: 20px;\">organizado em conjunto com o VIII Curso em Oncologia Molecular, o Centro de Investiga\u00e7\u00e3o Translacional em Oncologia do Instituto do C\u00e2ncer do Estado de S\u00e3o Paulo (CTO-ICESP) e o Programa de P\u00f3s-Gradua\u00e7\u00e3o em Oncologia da FMUSP.<\/span><\/p><p><span style=\"color: var( --e-global-color-text ); font-size: 20px;\">O evento contou com a participa\u00e7\u00e3o de grandes especialistas e professores da \u00e1rea, como:\u00a0<\/span><span style=\"font-size: 20px; color: var( --e-global-color-text );\">Dr. Roger Chammas,\u00a0<\/span><span style=\"font-size: 20px; color: var( --e-global-color-text );\">Dra. Luisa Villa,\u00a0<\/span><span style=\"font-size: 20px; color: var( --e-global-color-text );\">Dra. Laura Sichero,\u00a0<\/span><span style=\"font-size: 20px; color: var( --e-global-color-text );\">Dra. Lara Termini,\u00a0<\/span><span style=\"font-size: 20px; color: var( --e-global-color-text );\">Dra. Ana Paula Lepique,\u00a0<\/span><span style=\"font-size: 20px; color: var( --e-global-color-text );\">Dr. Bryan Strauss,\u00a0<\/span><span style=\"font-size: 20px; color: var( --e-global-color-text );\">Dra. Maria Aparecida Koike,\u00a0<\/span><span style=\"font-size: 20px; color: var( --e-global-color-text );\">Dra. Maria Aparecida Nagai,\u00a0<\/span><span style=\"font-size: 20px; color: var( --e-global-color-text );\">Dr. Gilberto de Castro Jr.,\u00a0<\/span><span style=\"font-size: 20px; color: var( --e-global-color-text );\">Dra. Fatima Pasini.<\/span><\/p>\t\t\t\t\t\t<\/div>\n\t\t\t\t<\/div>\n\t\t\t\t\t<\/div>\n\t\t<\/div>\n\t\t\t\t\t<\/div>\n\t\t<\/section>\n\t\t\t\t<section class=\"elementor-section elementor-top-section elementor-element elementor-element-a4be2d7 elementor-section-boxed elementor-section-height-default elementor-section-height-default\" data-id=\"a4be2d7\" data-element_type=\"section\">\n\t\t\t\t\t\t<div class=\"elementor-container elementor-column-gap-default\">\n\t\t\t\t\t<div class=\"elementor-column elementor-col-100 elementor-top-column elementor-element elementor-element-c81b53b\" data-id=\"c81b53b\" data-element_type=\"column\">\n\t\t\t<div class=\"elementor-widget-wrap elementor-element-populated\">\n\t\t\t\t\t\t<div class=\"elementor-element elementor-element-708fa26 elementor-widget elementor-widget-image\" data-id=\"708fa26\" data-element_type=\"widget\" data-widget_type=\"image.default\">\n\t\t\t\t<div class=\"elementor-widget-container\">\n\t\t\t\t\t\t\t\t\t\t\t\t\t<img decoding=\"async\" width=\"1024\" height=\"486\" src=\"https:\/\/sites.usp.br\/oncologiamolecular\/wp-content\/uploads\/sites\/1537\/2025\/02\/1-1024x486.png\" class=\"attachment-large size-large wp-image-3413\" alt=\"\" srcset=\"https:\/\/sites.usp.br\/oncologiamolecular\/wp-content\/uploads\/sites\/1537\/2025\/02\/1-1024x486.png 1024w, https:\/\/sites.usp.br\/oncologiamolecular\/wp-content\/uploads\/sites\/1537\/2025\/02\/1-300x142.png 300w, https:\/\/sites.usp.br\/oncologiamolecular\/wp-content\/uploads\/sites\/1537\/2025\/02\/1-768x364.png 768w, https:\/\/sites.usp.br\/oncologiamolecular\/wp-content\/uploads\/sites\/1537\/2025\/02\/1-1536x729.png 1536w, https:\/\/sites.usp.br\/oncologiamolecular\/wp-content\/uploads\/sites\/1537\/2025\/02\/1-2048x972.png 2048w, https:\/\/sites.usp.br\/oncologiamolecular\/wp-content\/uploads\/sites\/1537\/2025\/02\/1-400x190.png 400w\" sizes=\"(max-width: 1024px) 100vw, 1024px\" \/>\t\t\t\t\t\t\t\t\t\t\t\t\t<\/div>\n\t\t\t\t<\/div>\n\t\t\t\t<div class=\"elementor-element elementor-element-e0ef5de elementor-widget elementor-widget-text-editor\" data-id=\"e0ef5de\" data-element_type=\"widget\" data-widget_type=\"text-editor.default\">\n\t\t\t\t<div class=\"elementor-widget-container\">\n\t\t\t\t\t\t\t<p>O evento reuniu 138 participantes de diversas partes do Brasil, incluindo SP, RJ, GO, RS e TO, com uma rica troca de conhecimentos e experi\u00eancias entre alunos de gradua\u00e7\u00e3o e profissionais formados nas \u00e1reas da sa\u00fade.<\/p>\t\t\t\t\t\t<\/div>\n\t\t\t\t<\/div>\n\t\t\t\t\t<\/div>\n\t\t<\/div>\n\t\t\t\t\t<\/div>\n\t\t<\/section>\n\t\t\t\t<section class=\"elementor-section elementor-top-section elementor-element elementor-element-c28008f elementor-section-boxed elementor-section-height-default elementor-section-height-default\" data-id=\"c28008f\" data-element_type=\"section\">\n\t\t\t\t\t\t<div class=\"elementor-container elementor-column-gap-default\">\n\t\t\t\t\t<div class=\"elementor-column elementor-col-100 elementor-top-column elementor-element elementor-element-333d67d\" data-id=\"333d67d\" data-element_type=\"column\">\n\t\t\t<div class=\"elementor-widget-wrap elementor-element-populated\">\n\t\t\t\t\t\t<div class=\"elementor-element elementor-element-5f741f1 elementor-widget elementor-widget-image\" data-id=\"5f741f1\" data-element_type=\"widget\" data-widget_type=\"image.default\">\n\t\t\t\t<div class=\"elementor-widget-container\">\n\t\t\t\t\t\t\t\t\t\t\t\t\t<img loading=\"lazy\" decoding=\"async\" width=\"586\" height=\"443\" src=\"https:\/\/sites.usp.br\/oncologiamolecular\/wp-content\/uploads\/sites\/1537\/2025\/02\/Num_Simp-2.png\" class=\"attachment-large size-large wp-image-3421\" alt=\"\" srcset=\"https:\/\/sites.usp.br\/oncologiamolecular\/wp-content\/uploads\/sites\/1537\/2025\/02\/Num_Simp-2.png 586w, https:\/\/sites.usp.br\/oncologiamolecular\/wp-content\/uploads\/sites\/1537\/2025\/02\/Num_Simp-2-300x227.png 300w, https:\/\/sites.usp.br\/oncologiamolecular\/wp-content\/uploads\/sites\/1537\/2025\/02\/Num_Simp-2-80x60.png 80w, https:\/\/sites.usp.br\/oncologiamolecular\/wp-content\/uploads\/sites\/1537\/2025\/02\/Num_Simp-2-400x302.png 400w\" sizes=\"(max-width: 586px) 100vw, 586px\" \/>\t\t\t\t\t\t\t\t\t\t\t\t\t<\/div>\n\t\t\t\t<\/div>\n\t\t\t\t\t<\/div>\n\t\t<\/div>\n\t\t\t\t\t<\/div>\n\t\t<\/section>\n\t\t\t\t<section class=\"elementor-section elementor-top-section elementor-element elementor-element-0916326 elementor-section-boxed elementor-section-height-default elementor-section-height-default\" data-id=\"0916326\" data-element_type=\"section\">\n\t\t\t\t\t\t<div class=\"elementor-container elementor-column-gap-default\">\n\t\t\t\t\t<div class=\"elementor-column elementor-col-100 elementor-top-column elementor-element elementor-element-e940598\" data-id=\"e940598\" data-element_type=\"column\">\n\t\t\t<div class=\"elementor-widget-wrap elementor-element-populated\">\n\t\t\t\t\t\t<div class=\"elementor-element elementor-element-59d6a69 elementor-widget elementor-widget-text-editor\" data-id=\"59d6a69\" data-element_type=\"widget\" data-widget_type=\"text-editor.default\">\n\t\t\t\t<div class=\"elementor-widget-container\">\n\t\t\t\t\t\t\t<p><span style=\"font-family: 'Source Sans Pro', sans-serif; font-size: 20px; font-style: normal; font-variant-ligatures: normal; font-variant-caps: normal; font-weight: 400;\">Foram dois proveitosos dias, repletos de palestras e discuss\u00f5es valiosas, que certamente contribuir\u00e3o para o avan\u00e7o da pesquisa e pr\u00e1ticas em oncologia molecular.<\/span><\/p>\t\t\t\t\t\t<\/div>\n\t\t\t\t<\/div>\n\t\t\t\t\t<\/div>\n\t\t<\/div>\n\t\t\t\t\t<\/div>\n\t\t<\/section>\n\t\t\t\t<section class=\"elementor-section elementor-top-section elementor-element elementor-element-014bfa8 elementor-section-boxed elementor-section-height-default elementor-section-height-default\" data-id=\"014bfa8\" data-element_type=\"section\">\n\t\t\t\t\t\t<div class=\"elementor-container elementor-column-gap-default\">\n\t\t\t\t\t<div class=\"elementor-column elementor-col-100 elementor-top-column elementor-element elementor-element-db8b9a3\" data-id=\"db8b9a3\" data-element_type=\"column\">\n\t\t\t<div class=\"elementor-widget-wrap elementor-element-populated\">\n\t\t\t\t\t\t<div class=\"elementor-element elementor-element-679ecbd elementor-widget elementor-widget-heading\" data-id=\"679ecbd\" data-element_type=\"widget\" data-widget_type=\"heading.default\">\n\t\t\t\t<div class=\"elementor-widget-container\">\n\t\t\t<h2 class=\"elementor-heading-title elementor-size-default\">Agradecemos a todos os palestrantes, participantes e organizadores por tornarem este evento t\u00e3o especial!<\/h2>\t\t<\/div>\n\t\t\t\t<\/div>\n\t\t\t\t\t<\/div>\n\t\t<\/div>\n\t\t\t\t\t<\/div>\n\t\t<\/section>\n\t\t\t\t<section class=\"elementor-section elementor-top-section elementor-element elementor-element-3a2266f elementor-section-boxed elementor-section-height-default elementor-section-height-default\" data-id=\"3a2266f\" data-element_type=\"section\">\n\t\t\t\t\t\t<div class=\"elementor-container elementor-column-gap-default\">\n\t\t\t\t\t<div class=\"elementor-column elementor-col-100 elementor-top-column elementor-element elementor-element-b6be0ad\" data-id=\"b6be0ad\" data-element_type=\"column\">\n\t\t\t<div class=\"elementor-widget-wrap elementor-element-populated\">\n\t\t\t\t\t\t<div class=\"elementor-element elementor-element-fac781a elementor-widget elementor-widget-spacer\" data-id=\"fac781a\" data-element_type=\"widget\" data-widget_type=\"spacer.default\">\n\t\t\t\t<div class=\"elementor-widget-container\">\n\t\t\t\t\t<div class=\"elementor-spacer\">\n\t\t\t<div class=\"elementor-spacer-inner\"><\/div>\n\t\t<\/div>\n\t\t\t\t<\/div>\n\t\t\t\t<\/div>\n\t\t\t\t\t<\/div>\n\t\t<\/div>\n\t\t\t\t\t<\/div>\n\t\t<\/section>\n\t\t\t\t<\/div>\n\t\t","protected":false},"excerpt":{"rendered":"<p>Saiba tudo sobre o Simp\u00f3sio oferecido pelo Curso em Oncologia Molecular.<\/p>\n","protected":false},"author":24018,"featured_media":0,"parent":0,"menu_order":9,"comment_status":"closed","ping_status":"closed","template":"elementor_header_footer","meta":{"_monsterinsights_skip_tracking":false,"_monsterinsights_sitenote_active":false,"_monsterinsights_sitenote_note":"","_monsterinsights_sitenote_category":0,"footnotes":"","_links_to":"","_links_to_target":""},"class_list":["post-2952","page","type-page","status-publish","hentry","entry"],"_links":{"self":[{"href":"https:\/\/sites.usp.br\/oncologiamolecular\/wp-json\/wp\/v2\/pages\/2952","targetHints":{"allow":["GET"]}}],"collection":[{"href":"https:\/\/sites.usp.br\/oncologiamolecular\/wp-json\/wp\/v2\/pages"}],"about":[{"href":"https:\/\/sites.usp.br\/oncologiamolecular\/wp-json\/wp\/v2\/types\/page"}],"author":[{"embeddable":true,"href":"https:\/\/sites.usp.br\/oncologiamolecular\/wp-json\/wp\/v2\/users\/24018"}],"replies":[{"embeddable":true,"href":"https:\/\/sites.usp.br\/oncologiamolecular\/wp-json\/wp\/v2\/comments?post=2952"}],"version-history":[{"count":4,"href":"https:\/\/sites.usp.br\/oncologiamolecular\/wp-json\/wp\/v2\/pages\/2952\/revisions"}],"predecessor-version":[{"id":3438,"href":"https:\/\/sites.usp.br\/oncologiamolecular\/wp-json\/wp\/v2\/pages\/2952\/revisions\/3438"}],"wp:attachment":[{"href":"https:\/\/sites.usp.br\/oncologiamolecular\/wp-json\/wp\/v2\/media?parent=2952"}],"curies":[{"name":"wp","href":"https:\/\/api.w.org\/{rel}","templated":true}]}}