{"id":173,"date":"2021-02-01T17:57:55","date_gmt":"2021-02-01T20:57:55","guid":{"rendered":"https:\/\/sites.usp.br\/otimizacao\/?page_id=173"},"modified":"2021-03-19T17:24:58","modified_gmt":"2021-03-19T20:24:58","slug":"cap2-preliminares","status":"publish","type":"page","link":"https:\/\/sites.usp.br\/otimizacao\/material-suplementar\/cap2-preliminares\/","title":{"rendered":"2. Preliminares"},"content":{"rendered":"<p>Figura 2.5 &#8211; Gr\u00e1fico de superf\u00edcie da fun\u00e7\u00e3o <em>f<\/em>(<strong><em>x<\/em><\/strong>) = <em>x<\/em>1\u00b2 &#8211; <em>x<\/em>1<em>x<\/em>2 + <em>x<\/em>2\u00b2<\/p>\n<ul>\n<li>EXCEL <a href=\"https:\/\/sites.usp.br\/otimizacao\/wp-content\/uploads\/sites\/901\/2021\/03\/figura_2_5_grafico_de_superficie.xlsx\">figura_2_5_grafico_de_superficie<\/a><\/li>\n<\/ul>\n<p>Figura 2.7 &#8211; Curvas de n\u00edvel da fun\u00e7\u00e3o <em>f<\/em>(<strong><em>x<\/em><\/strong>) = <em>x<\/em>1\u00b2 &#8211; <em>x<\/em>1<em>x<\/em>2 + <em>x<\/em>2\u00b2<\/p>\n<ul>\n<li>EXCEL <a href=\"https:\/\/sites.usp.br\/otimizacao\/wp-content\/uploads\/sites\/901\/2021\/03\/figura_2_7_curvas_de_nivel.xlsx\">figura_2_7_curvas_de_nivel<\/a><\/li>\n<\/ul>\n<p>Tabela 2.1 &#8211; Aplica\u00e7\u00e3o do m\u00e9todo de Newton para fun\u00e7\u00e3o <em>f<\/em>(<em>x<\/em>) = 2.<em>x<\/em>\u00b2 + 16\/<em>x<\/em><\/p>\n<ul>\n<li>EXCEL <a href=\"https:\/\/sites.usp.br\/otimizacao\/wp-content\/uploads\/sites\/901\/2021\/03\/tabela_2_1_metodo_de_newton.xlsx\">tabela_2_1_metodo_de_newton<\/a><\/li>\n<\/ul>\n<p>Tabela 2.5 &#8211; Aplica\u00e7\u00e3o do m\u00e9todo de Newton para fun\u00e7\u00e3o <em>f<\/em>(<em>x<\/em>) = 2.<em>x<\/em>\u00b2 + 16\/<em>x<\/em><\/p>\n<ul>\n<li>EXCEL <a href=\"https:\/\/sites.usp.br\/otimizacao\/wp-content\/uploads\/sites\/901\/2021\/03\/tabela_2_5_metodo_de_newton.xlsx\">tabela_2_5_metodo_de_newton<\/a><\/li>\n<\/ul>\n<p>&nbsp;<\/p>\n","protected":false},"excerpt":{"rendered":"<p>Figura 2.5 &#8211; Gr\u00e1fico de superf\u00edcie da fun\u00e7\u00e3o f(x) = x1\u00b2 &#8211; x1x2 + x2\u00b2 EXCEL figura_2_5_grafico_de_superficie Figura 2.7 &#8211; Curvas de n\u00edvel da fun\u00e7\u00e3o f(x) = x1\u00b2 &#8211; x1x2 + x2\u00b2 EXCEL figura_2_7_curvas_de_nivel Tabela 2.1 &#8211; Aplica\u00e7\u00e3o do m\u00e9todo de Newton para fun\u00e7\u00e3o f(x) = 2.x\u00b2 + 16\/x EXCEL tabela_2_1_metodo_de_newton Tabela 2.5 &#8211; Aplica\u00e7\u00e3o [&hellip;]<\/p>\n","protected":false},"author":456,"featured_media":0,"parent":171,"menu_order":0,"comment_status":"closed","ping_status":"closed","template":"","meta":{"footnotes":"","_links_to":"","_links_to_target":""},"class_list":["post-173","page","type-page","status-publish","hentry"],"_links":{"self":[{"href":"https:\/\/sites.usp.br\/otimizacao\/wp-json\/wp\/v2\/pages\/173","targetHints":{"allow":["GET"]}}],"collection":[{"href":"https:\/\/sites.usp.br\/otimizacao\/wp-json\/wp\/v2\/pages"}],"about":[{"href":"https:\/\/sites.usp.br\/otimizacao\/wp-json\/wp\/v2\/types\/page"}],"author":[{"embeddable":true,"href":"https:\/\/sites.usp.br\/otimizacao\/wp-json\/wp\/v2\/users\/456"}],"replies":[{"embeddable":true,"href":"https:\/\/sites.usp.br\/otimizacao\/wp-json\/wp\/v2\/comments?post=173"}],"version-history":[{"count":4,"href":"https:\/\/sites.usp.br\/otimizacao\/wp-json\/wp\/v2\/pages\/173\/revisions"}],"predecessor-version":[{"id":270,"href":"https:\/\/sites.usp.br\/otimizacao\/wp-json\/wp\/v2\/pages\/173\/revisions\/270"}],"up":[{"embeddable":true,"href":"https:\/\/sites.usp.br\/otimizacao\/wp-json\/wp\/v2\/pages\/171"}],"wp:attachment":[{"href":"https:\/\/sites.usp.br\/otimizacao\/wp-json\/wp\/v2\/media?parent=173"}],"curies":[{"name":"wp","href":"https:\/\/api.w.org\/{rel}","templated":true}]}}