{"id":175,"date":"2021-02-01T17:58:13","date_gmt":"2021-02-01T20:58:13","guid":{"rendered":"https:\/\/sites.usp.br\/otimizacao\/?page_id=175"},"modified":"2021-03-19T18:07:31","modified_gmt":"2021-03-19T21:07:31","slug":"cap3-introducao-a-programacao-matematica","status":"publish","type":"page","link":"https:\/\/sites.usp.br\/otimizacao\/material-suplementar\/cap3-introducao-a-programacao-matematica\/","title":{"rendered":"3. Introdu\u00e7\u00e3o \u00e0 Programa\u00e7\u00e3o Matem\u00e1tica"},"content":{"rendered":"<p>Figura 3.4 &#8211; Regi\u00e3o vi\u00e1vel e curvas de n\u00edvel<\/p>\n<ul>\n<li>EXCEL <a href=\"https:\/\/sites.usp.br\/otimizacao\/wp-content\/uploads\/sites\/901\/2021\/03\/figura_3_4_regiao_viavel.xlsx\">figura_3_4_regiao_viavel<\/a><\/li>\n<\/ul>\n<p>&nbsp;<\/p>\n","protected":false},"excerpt":{"rendered":"<p>Figura 3.4 &#8211; Regi\u00e3o vi\u00e1vel e curvas de n\u00edvel EXCEL figura_3_4_regiao_viavel &nbsp;<\/p>\n","protected":false},"author":456,"featured_media":0,"parent":171,"menu_order":0,"comment_status":"closed","ping_status":"closed","template":"","meta":{"footnotes":"","_links_to":"","_links_to_target":""},"class_list":["post-175","page","type-page","status-publish","hentry"],"_links":{"self":[{"href":"https:\/\/sites.usp.br\/otimizacao\/wp-json\/wp\/v2\/pages\/175","targetHints":{"allow":["GET"]}}],"collection":[{"href":"https:\/\/sites.usp.br\/otimizacao\/wp-json\/wp\/v2\/pages"}],"about":[{"href":"https:\/\/sites.usp.br\/otimizacao\/wp-json\/wp\/v2\/types\/page"}],"author":[{"embeddable":true,"href":"https:\/\/sites.usp.br\/otimizacao\/wp-json\/wp\/v2\/users\/456"}],"replies":[{"embeddable":true,"href":"https:\/\/sites.usp.br\/otimizacao\/wp-json\/wp\/v2\/comments?post=175"}],"version-history":[{"count":4,"href":"https:\/\/sites.usp.br\/otimizacao\/wp-json\/wp\/v2\/pages\/175\/revisions"}],"predecessor-version":[{"id":273,"href":"https:\/\/sites.usp.br\/otimizacao\/wp-json\/wp\/v2\/pages\/175\/revisions\/273"}],"up":[{"embeddable":true,"href":"https:\/\/sites.usp.br\/otimizacao\/wp-json\/wp\/v2\/pages\/171"}],"wp:attachment":[{"href":"https:\/\/sites.usp.br\/otimizacao\/wp-json\/wp\/v2\/media?parent=175"}],"curies":[{"name":"wp","href":"https:\/\/api.w.org\/{rel}","templated":true}]}}