{"id":177,"date":"2021-02-01T17:58:28","date_gmt":"2021-02-01T20:58:28","guid":{"rendered":"https:\/\/sites.usp.br\/otimizacao\/?page_id=177"},"modified":"2021-03-19T18:44:53","modified_gmt":"2021-03-19T21:44:53","slug":"cap4-condicoes-de-otimalidade","status":"publish","type":"page","link":"https:\/\/sites.usp.br\/otimizacao\/material-suplementar\/cap4-condicoes-de-otimalidade\/","title":{"rendered":"4. Condi\u00e7\u00f5es de Otimalidade"},"content":{"rendered":"<p>Figura 4.1 &#8211; Superf\u00edcie da fun\u00e7\u00e3o <em>f<\/em>(<strong><em>x<\/em><\/strong>) = (<em>x<\/em>1 &#8211; 3)\u00b2 + (<em>x<\/em>2 &#8211; 2)\u00b2<\/p>\n<ul>\n<li>EXCEL <a href=\"https:\/\/sites.usp.br\/otimizacao\/wp-content\/uploads\/sites\/901\/2021\/03\/figura_4_1_grafico_de_superficie.xlsx\">figura_4_1_grafico_de_superficie<\/a><\/li>\n<\/ul>\n<p>Figura 4.10 &#8211; Curvas de n\u00edvel e regi\u00e3o vi\u00e1vel para Problema 4.4<\/p>\n<ul>\n<li>EXCEL <a href=\"https:\/\/sites.usp.br\/otimizacao\/wp-content\/uploads\/sites\/901\/2021\/03\/figura_4_10_regiao_viavel.xlsx\">figura_4_10_regiao_viavel<\/a><\/li>\n<\/ul>\n<p>&nbsp;<\/p>\n","protected":false},"excerpt":{"rendered":"<p>Figura 4.1 &#8211; Superf\u00edcie da fun\u00e7\u00e3o f(x) = (x1 &#8211; 3)\u00b2 + (x2 &#8211; 2)\u00b2 EXCEL figura_4_1_grafico_de_superficie Figura 4.10 &#8211; Curvas de n\u00edvel e regi\u00e3o vi\u00e1vel para Problema 4.4 EXCEL figura_4_10_regiao_viavel &nbsp;<\/p>\n","protected":false},"author":456,"featured_media":0,"parent":171,"menu_order":0,"comment_status":"closed","ping_status":"closed","template":"","meta":{"footnotes":"","_links_to":"","_links_to_target":""},"class_list":["post-177","page","type-page","status-publish","hentry"],"_links":{"self":[{"href":"https:\/\/sites.usp.br\/otimizacao\/wp-json\/wp\/v2\/pages\/177","targetHints":{"allow":["GET"]}}],"collection":[{"href":"https:\/\/sites.usp.br\/otimizacao\/wp-json\/wp\/v2\/pages"}],"about":[{"href":"https:\/\/sites.usp.br\/otimizacao\/wp-json\/wp\/v2\/types\/page"}],"author":[{"embeddable":true,"href":"https:\/\/sites.usp.br\/otimizacao\/wp-json\/wp\/v2\/users\/456"}],"replies":[{"embeddable":true,"href":"https:\/\/sites.usp.br\/otimizacao\/wp-json\/wp\/v2\/comments?post=177"}],"version-history":[{"count":4,"href":"https:\/\/sites.usp.br\/otimizacao\/wp-json\/wp\/v2\/pages\/177\/revisions"}],"predecessor-version":[{"id":277,"href":"https:\/\/sites.usp.br\/otimizacao\/wp-json\/wp\/v2\/pages\/177\/revisions\/277"}],"up":[{"embeddable":true,"href":"https:\/\/sites.usp.br\/otimizacao\/wp-json\/wp\/v2\/pages\/171"}],"wp:attachment":[{"href":"https:\/\/sites.usp.br\/otimizacao\/wp-json\/wp\/v2\/media?parent=177"}],"curies":[{"name":"wp","href":"https:\/\/api.w.org\/{rel}","templated":true}]}}