{"id":181,"date":"2021-02-01T17:58:56","date_gmt":"2021-02-01T20:58:56","guid":{"rendered":"https:\/\/sites.usp.br\/otimizacao\/?page_id=181"},"modified":"2021-03-19T16:24:13","modified_gmt":"2021-03-19T19:24:13","slug":"cap6-programacao-nao-linear","status":"publish","type":"page","link":"https:\/\/sites.usp.br\/otimizacao\/material-suplementar\/cap6-programacao-nao-linear\/","title":{"rendered":"6. Programa\u00e7\u00e3o N\u00e3o Linear"},"content":{"rendered":"<p>Problema 6.3 &#8211; Ajuste de modelo<\/p>\n<ul>\n<li>GAMS <a href=\"https:\/\/sites.usp.br\/otimizacao\/wp-content\/uploads\/sites\/901\/2021\/03\/problema_6_3_ajuste_gms.zip\">problema_6_3_ajuste_gms<\/a><\/li>\n<li>LINGO <a href=\"https:\/\/sites.usp.br\/otimizacao\/wp-content\/uploads\/sites\/901\/2021\/03\/problema_6_3_ajuste_lg4.zip\">problema_6_3_ajuste_lg4<\/a><\/li>\n<li>EXCEL <a href=\"https:\/\/sites.usp.br\/otimizacao\/wp-content\/uploads\/sites\/901\/2021\/03\/problema_6_3_ajuste.xlsx\">problema_6_3_ajuste<\/a><\/li>\n<\/ul>\n<p>Problema 6.4 &#8211; Processo de alquila\u00e7\u00e3o<\/p>\n<ul>\n<li>GAMS <a href=\"https:\/\/sites.usp.br\/otimizacao\/wp-content\/uploads\/sites\/901\/2021\/03\/problema_6_4_alquilacao_gms.zip\">problema_6_4_alquilacao_gms<\/a><\/li>\n<li>LINGO <a href=\"https:\/\/sites.usp.br\/otimizacao\/wp-content\/uploads\/sites\/901\/2021\/03\/problema_6_4_alquilacao_lg4.zip\">problema_6_4_alquilacao_lg4<\/a><\/li>\n<li>EXCEL <a href=\"https:\/\/sites.usp.br\/otimizacao\/wp-content\/uploads\/sites\/901\/2021\/03\/problema_6_4_alquilacao.xlsx\">problema_6_4_alquilacao<\/a><\/li>\n<\/ul>\n<p>&nbsp;<\/p>\n","protected":false},"excerpt":{"rendered":"<p>Problema 6.3 &#8211; Ajuste de modelo GAMS problema_6_3_ajuste_gms LINGO problema_6_3_ajuste_lg4 EXCEL problema_6_3_ajuste Problema 6.4 &#8211; Processo de alquila\u00e7\u00e3o GAMS problema_6_4_alquilacao_gms LINGO problema_6_4_alquilacao_lg4 EXCEL problema_6_4_alquilacao &nbsp;<\/p>\n","protected":false},"author":456,"featured_media":0,"parent":171,"menu_order":0,"comment_status":"closed","ping_status":"closed","template":"","meta":{"footnotes":"","_links_to":"","_links_to_target":""},"class_list":["post-181","page","type-page","status-publish","hentry"],"_links":{"self":[{"href":"https:\/\/sites.usp.br\/otimizacao\/wp-json\/wp\/v2\/pages\/181","targetHints":{"allow":["GET"]}}],"collection":[{"href":"https:\/\/sites.usp.br\/otimizacao\/wp-json\/wp\/v2\/pages"}],"about":[{"href":"https:\/\/sites.usp.br\/otimizacao\/wp-json\/wp\/v2\/types\/page"}],"author":[{"embeddable":true,"href":"https:\/\/sites.usp.br\/otimizacao\/wp-json\/wp\/v2\/users\/456"}],"replies":[{"embeddable":true,"href":"https:\/\/sites.usp.br\/otimizacao\/wp-json\/wp\/v2\/comments?post=181"}],"version-history":[{"count":4,"href":"https:\/\/sites.usp.br\/otimizacao\/wp-json\/wp\/v2\/pages\/181\/revisions"}],"predecessor-version":[{"id":245,"href":"https:\/\/sites.usp.br\/otimizacao\/wp-json\/wp\/v2\/pages\/181\/revisions\/245"}],"up":[{"embeddable":true,"href":"https:\/\/sites.usp.br\/otimizacao\/wp-json\/wp\/v2\/pages\/171"}],"wp:attachment":[{"href":"https:\/\/sites.usp.br\/otimizacao\/wp-json\/wp\/v2\/media?parent=181"}],"curies":[{"name":"wp","href":"https:\/\/api.w.org\/{rel}","templated":true}]}}