{"id":183,"date":"2021-02-01T17:59:13","date_gmt":"2021-02-01T20:59:13","guid":{"rendered":"https:\/\/sites.usp.br\/otimizacao\/?page_id=183"},"modified":"2021-03-19T16:31:50","modified_gmt":"2021-03-19T19:31:50","slug":"cap8-programacao-linear-inteira-mista","status":"publish","type":"page","link":"https:\/\/sites.usp.br\/otimizacao\/material-suplementar\/cap8-programacao-linear-inteira-mista\/","title":{"rendered":"8. Programa\u00e7\u00e3o Linear Inteira Mista"},"content":{"rendered":"<p>Problema 8.4 &#8211; Aloca\u00e7\u00e3o de combust\u00edveis<\/p>\n<ul>\n<li>GAMS v.1 <a href=\"https:\/\/sites.usp.br\/otimizacao\/wp-content\/uploads\/sites\/901\/2021\/03\/problema_8_4_alocacao_1_gms.zip\">problema_8_4_alocacao_1_gms<\/a><\/li>\n<li>GAMS v.2 <a href=\"https:\/\/sites.usp.br\/otimizacao\/wp-content\/uploads\/sites\/901\/2021\/03\/problema_8_4_alocacao_2_gms.zip\">problema_8_4_alocacao_2_gms<\/a><\/li>\n<li>LINGO v.1 <a href=\"https:\/\/sites.usp.br\/otimizacao\/wp-content\/uploads\/sites\/901\/2021\/03\/problema_8_4_alocacao_1_lg4.zip\">problema_8_4_alocacao_1_lg4<\/a><\/li>\n<li>LINGO v.2 <a href=\"https:\/\/sites.usp.br\/otimizacao\/wp-content\/uploads\/sites\/901\/2021\/03\/problema_8_4_alocacao_2_lg4.zip\">problema_8_4_alocacao_2_lg4<\/a><\/li>\n<li>EXCEL <a href=\"https:\/\/sites.usp.br\/otimizacao\/wp-content\/uploads\/sites\/901\/2021\/03\/problema_8_4_alocacao.xlsx\">problema_8_4_alocacao<\/a><\/li>\n<\/ul>\n<p>Problema 8.6 &#8211; Programa\u00e7\u00e3o de produ\u00e7\u00e3o<\/p>\n<ul>\n<li>GAMS v.1 <a href=\"https:\/\/sites.usp.br\/otimizacao\/wp-content\/uploads\/sites\/901\/2021\/03\/problema_8_6_prog_producao_1_gms.zip\">problema_8_6_prog_producao_1_gms<\/a><\/li>\n<li>GAMS v.2 <a href=\"https:\/\/sites.usp.br\/otimizacao\/wp-content\/uploads\/sites\/901\/2021\/03\/problema_8_6_prog_producao_2_gms.zip\">problema_8_6_prog_producao_2_gms<\/a><\/li>\n<li>LINGO v.1 <a href=\"https:\/\/sites.usp.br\/otimizacao\/wp-content\/uploads\/sites\/901\/2021\/03\/problema_8_6_prog_producao_1_lg4.zip\">problema_8_6_prog_producao_1_lg4<\/a><\/li>\n<li>LINGO v.2 <a href=\"https:\/\/sites.usp.br\/otimizacao\/wp-content\/uploads\/sites\/901\/2021\/03\/problema_8_6_prog_producao_2_lg4.zip\">problema_8_6_prog_producao_2_lg4<\/a><\/li>\n<\/ul>\n<p>&nbsp;<\/p>\n","protected":false},"excerpt":{"rendered":"<p>Problema 8.4 &#8211; Aloca\u00e7\u00e3o de combust\u00edveis GAMS v.1 problema_8_4_alocacao_1_gms GAMS v.2 problema_8_4_alocacao_2_gms LINGO v.1 problema_8_4_alocacao_1_lg4 LINGO v.2 problema_8_4_alocacao_2_lg4 EXCEL problema_8_4_alocacao Problema 8.6 &#8211; Programa\u00e7\u00e3o de produ\u00e7\u00e3o GAMS v.1 problema_8_6_prog_producao_1_gms GAMS v.2 problema_8_6_prog_producao_2_gms LINGO v.1 problema_8_6_prog_producao_1_lg4 LINGO v.2 problema_8_6_prog_producao_2_lg4 &nbsp;<\/p>\n","protected":false},"author":456,"featured_media":0,"parent":171,"menu_order":0,"comment_status":"closed","ping_status":"closed","template":"","meta":{"footnotes":"","_links_to":"","_links_to_target":""},"class_list":["post-183","page","type-page","status-publish","hentry"],"_links":{"self":[{"href":"https:\/\/sites.usp.br\/otimizacao\/wp-json\/wp\/v2\/pages\/183","targetHints":{"allow":["GET"]}}],"collection":[{"href":"https:\/\/sites.usp.br\/otimizacao\/wp-json\/wp\/v2\/pages"}],"about":[{"href":"https:\/\/sites.usp.br\/otimizacao\/wp-json\/wp\/v2\/types\/page"}],"author":[{"embeddable":true,"href":"https:\/\/sites.usp.br\/otimizacao\/wp-json\/wp\/v2\/users\/456"}],"replies":[{"embeddable":true,"href":"https:\/\/sites.usp.br\/otimizacao\/wp-json\/wp\/v2\/comments?post=183"}],"version-history":[{"count":4,"href":"https:\/\/sites.usp.br\/otimizacao\/wp-json\/wp\/v2\/pages\/183\/revisions"}],"predecessor-version":[{"id":256,"href":"https:\/\/sites.usp.br\/otimizacao\/wp-json\/wp\/v2\/pages\/183\/revisions\/256"}],"up":[{"embeddable":true,"href":"https:\/\/sites.usp.br\/otimizacao\/wp-json\/wp\/v2\/pages\/171"}],"wp:attachment":[{"href":"https:\/\/sites.usp.br\/otimizacao\/wp-json\/wp\/v2\/media?parent=183"}],"curies":[{"name":"wp","href":"https:\/\/api.w.org\/{rel}","templated":true}]}}