{"id":79,"date":"2014-02-24T16:51:20","date_gmt":"2014-02-24T18:51:20","guid":{"rendered":"http:\/\/sites.usp.br\/otimizacao\/?page_id=79"},"modified":"2025-06-19T14:16:21","modified_gmt":"2025-06-19T17:16:21","slug":"pagina-inicial","status":"publish","type":"page","link":"https:\/\/sites.usp.br\/otimizacao\/","title":{"rendered":""},"content":{"rendered":"<p><strong><a href=\"https:\/\/www.edusp.com.br\/loja\/produto\/9786557850336\" target=\"_blank\" rel=\"noopener\"><img loading=\"lazy\" decoding=\"async\" class=\"alignleft wp-image-284 size-full\" src=\"https:\/\/sites.usp.br\/otimizacao\/wp-content\/uploads\/sites\/901\/2021\/04\/capa_livro.jpg\" alt=\"\" width=\"232\" height=\"318\" srcset=\"https:\/\/sites.usp.br\/otimizacao\/wp-content\/uploads\/sites\/901\/2021\/04\/capa_livro.jpg 232w, https:\/\/sites.usp.br\/otimizacao\/wp-content\/uploads\/sites\/901\/2021\/04\/capa_livro-219x300.jpg 219w\" sizes=\"auto, (max-width: 232px) 100vw, 232px\" \/><\/a><\/strong><\/p>\n<p>O livro <strong>Programa\u00e7\u00e3o Matem\u00e1tica para Otimiza\u00e7\u00e3o de Processos<\/strong>, de autoria do Prof. Jorge A. W. Gut da Escola Polit\u00e9cnica da USP foi lan\u00e7ado pela Edusp em 2021.<\/p>\n<p><a href=\"https:\/\/www.edusp.com.br\/loja\/produto\/9786557850336\" target=\"_blank\" rel=\"noopener\">https:\/\/www.edusp.com.br\/loja\/produto\/9786557850336<\/a><\/p>\n<p>De <del>R$ 50,00<\/del> por R$ 45,00 pela Edusp<br \/>\nProfessores e Alunos da USP tem <a href=\"https:\/\/www.edusp.com.br\/loja\/termos-venda\" target=\"_blank\" rel=\"noopener\">50% sobre o valor de capa<\/a>.<\/p>\n<p>Amazon: <a href=\"https:\/\/www.amazon.com.br\/Programa%C3%A7%C3%A3o-Matem%C3%A1tica-Para-Otimiza%C3%A7%C3%A3o-Processos\/dp\/6557850334\/ref=cm_cr_arp_d_product_top?ie=UTF8\" target=\"_blank\" rel=\"noopener\">http:\/\/www.amazon.com.br<\/a><\/p>\n<p><span style=\"color: #ff0000;\"><strong>\u00a0<\/strong><\/span><\/p>\n","protected":false},"excerpt":{"rendered":"<p>O livro Programa\u00e7\u00e3o Matem\u00e1tica para Otimiza\u00e7\u00e3o de Processos, de autoria do Prof. Jorge A. W. Gut da Escola Polit\u00e9cnica da USP foi lan\u00e7ado pela Edusp em 2021. https:\/\/www.edusp.com.br\/loja\/produto\/9786557850336 De R$ 50,00 por R$ 45,00 pela Edusp Professores e Alunos da USP tem 50% sobre o valor de capa. Amazon: http:\/\/www.amazon.com.br \u00a0<\/p>\n","protected":false},"author":1,"featured_media":0,"parent":0,"menu_order":0,"comment_status":"closed","ping_status":"closed","template":"","meta":{"footnotes":"","_links_to":"","_links_to_target":""},"class_list":["post-79","page","type-page","status-publish","hentry"],"_links":{"self":[{"href":"https:\/\/sites.usp.br\/otimizacao\/wp-json\/wp\/v2\/pages\/79","targetHints":{"allow":["GET"]}}],"collection":[{"href":"https:\/\/sites.usp.br\/otimizacao\/wp-json\/wp\/v2\/pages"}],"about":[{"href":"https:\/\/sites.usp.br\/otimizacao\/wp-json\/wp\/v2\/types\/page"}],"author":[{"embeddable":true,"href":"https:\/\/sites.usp.br\/otimizacao\/wp-json\/wp\/v2\/users\/1"}],"replies":[{"embeddable":true,"href":"https:\/\/sites.usp.br\/otimizacao\/wp-json\/wp\/v2\/comments?post=79"}],"version-history":[{"count":4,"href":"https:\/\/sites.usp.br\/otimizacao\/wp-json\/wp\/v2\/pages\/79\/revisions"}],"predecessor-version":[{"id":346,"href":"https:\/\/sites.usp.br\/otimizacao\/wp-json\/wp\/v2\/pages\/79\/revisions\/346"}],"wp:attachment":[{"href":"https:\/\/sites.usp.br\/otimizacao\/wp-json\/wp\/v2\/media?parent=79"}],"curies":[{"name":"wp","href":"https:\/\/api.w.org\/{rel}","templated":true}]}}