{"id":186,"date":"2022-07-07T18:22:45","date_gmt":"2022-07-07T20:22:45","guid":{"rendered":"https:\/\/sites.usp.br\/otto\/?page_id=186"},"modified":"2022-12-12T16:23:51","modified_gmt":"2022-12-12T18:23:51","slug":"population-genetics","status":"publish","type":"page","link":"https:\/\/sites.usp.br\/otto\/population-genetics\/","title":{"rendered":"Population Genetics"},"content":{"rendered":"<p>Gen\u00e9tica de Popula\u00e7\u00f5es<br \/>\nPara carregar os textos ou programas em seu computador basta clicar os itens desejados e seguir as instru\u00e7\u00f5es que aparecem na tela. \u00c9 expressamente proibido modificar, duplicar, distribuir, etc, total ou parcialmente, qualquer um dos textos. Cada aluno poder\u00e1 imprimir apenas uma c\u00f3pia para seu uso pessoal. Os textos do Professor Alan Templeton podem ser obtidos tamb\u00e9m via<br \/>\nhttp:\/\/www.nslc.wustl.edu\/courses\/bio4181\/bio4181.html ,<\/p>\n<p>da mesma maneira que os slides (formato .pdf) de suas aulas sobre gen\u00e9tica de popula\u00e7\u00f5es e evolu\u00e7\u00e3o.<\/p>\n<p>Quanto aos programas de computa\u00e7\u00e3o, em qualquer uso que seja feito deles dever\u00e1 ser mencionada explicitamente sua proced\u00eancia e autoria.<\/p>\n<p>TEXTOS (P. A. OTTO) &#8211; formato .pdf<\/p>\n<p>1. Gen\u00e9tica de Poblaciones Humanas [<a href=\"https:\/\/sites.usp.br\/otto\/wp-content\/uploads\/sites\/1138\/2022\/07\/populationgenetics-otto.pdf\" target=\"_blank\" rel=\"noopener\">populationgenetics-otto.pdf (1.24 MB)<\/a>]\n2. M\u00e9todos Cl\u00e1sicos y Modernos para el An\u00e1lisis de Datos en Gen\u00e9tica Humana [methods-otto.pdf (1.08 MB)] [download id=&#8221;225&#8243;]\n3. Asesoramiento Gen\u00e9tico y C\u00e1lculo de Riesgo [riesgos-otto.pdf (1.35 MB)]\n<p>LEITURA COMPLEMENTAR (TEXTOS DO PROF. A. TEMPLETON) &#8211; formato .pdf para Windows (Acrobat Reader V. 4.0 ou superior)<\/p>\n<p>1. Genetic drift&#8211;the role of finite population size [drift.pdf (45 kB)]\n2. Drift in large populations&#8211;the neutral theory [drift2.pdf (19 kB)]\n3. Gene flow [gene.pdf (23 kB)]\n4. Hardy-Weinberg lecture 1997 [hw.pdf (40 kB)]\n5. Systems of mating [systems.pdf (31 kB)]\n6. The Wahlund effect and F statistics&#8211;the interaction of drift and gene flow [wahlund.pdf (25 kB)]\n7. Effective population size [populati.pdf (31 kB)]\n<p>PROGRAMAS DE GEN\u00c9TICA DE POPULA\u00c7\u00d5ES (Windows 3.1 ou superior)<\/p>\n<p>1. Simulation and representation of population genetic phenomena [winpop_e.exe (410 kB) (P. A. S. Nuin &amp; P. A. Otto)]\n2. Hardy-Weinberg testing for small samples [hwsmall2.exe (17 kB) (P. A. Otto)]\n3. Random genetic drift simulation [driftsi2.exe (19 kB) (P. A. Otto)]\n4. Maximum likelihood estimation of ABO system allele frequencies [abomxlk1.exe (19 kB) (P. A. Otto)]\n5. Population genetics program &#8216;Genepope&#8217; [gn.exe (363 kB) (Tiago Courrol Ramos)]\n<p>OUTROS PROGRAMAS E ARQUIVOS (Windows)<\/p>\n<p>1. Arquivo de biblioteca .dll [vbrun300.zip (225 kB)] &#8211; para rodar programas compilados em Visual Basic for Windows<\/p>\n","protected":false},"excerpt":{"rendered":"<p>Gen\u00e9tica de Popula\u00e7\u00f5es Para carregar os textos ou programas em seu computador basta clicar os itens desejados e seguir as instru\u00e7\u00f5es que aparecem na tela. \u00c9 expressamente proibido modificar, duplicar, distribuir, etc, total ou parcialmente, qualquer um dos textos. Cada aluno poder\u00e1 imprimir apenas uma c\u00f3pia para seu uso pessoal. Os textos do Professor Alan [&hellip;]<\/p>\n","protected":false},"author":23137,"featured_media":0,"parent":0,"menu_order":0,"comment_status":"closed","ping_status":"closed","template":"","meta":{"footnotes":"","_links_to":"","_links_to_target":""},"class_list":["post-186","page","type-page","status-publish","hentry"],"_links":{"self":[{"href":"https:\/\/sites.usp.br\/otto\/wp-json\/wp\/v2\/pages\/186","targetHints":{"allow":["GET"]}}],"collection":[{"href":"https:\/\/sites.usp.br\/otto\/wp-json\/wp\/v2\/pages"}],"about":[{"href":"https:\/\/sites.usp.br\/otto\/wp-json\/wp\/v2\/types\/page"}],"author":[{"embeddable":true,"href":"https:\/\/sites.usp.br\/otto\/wp-json\/wp\/v2\/users\/23137"}],"replies":[{"embeddable":true,"href":"https:\/\/sites.usp.br\/otto\/wp-json\/wp\/v2\/comments?post=186"}],"version-history":[{"count":3,"href":"https:\/\/sites.usp.br\/otto\/wp-json\/wp\/v2\/pages\/186\/revisions"}],"predecessor-version":[{"id":227,"href":"https:\/\/sites.usp.br\/otto\/wp-json\/wp\/v2\/pages\/186\/revisions\/227"}],"wp:attachment":[{"href":"https:\/\/sites.usp.br\/otto\/wp-json\/wp\/v2\/media?parent=186"}],"curies":[{"name":"wp","href":"https:\/\/api.w.org\/{rel}","templated":true}]}}