{"id":62,"date":"2014-02-12T11:28:30","date_gmt":"2014-02-12T13:28:30","guid":{"rendered":"http:\/\/sites.usp.br\/otto\/?page_id=62"},"modified":"2022-07-22T15:39:24","modified_gmt":"2022-07-22T17:39:24","slug":"curriculum-vitae","status":"publish","type":"page","link":"https:\/\/sites.usp.br\/otto\/curriculum-vitae\/","title":{"rendered":"Curriculum Abstract"},"content":{"rendered":"<p><strong>PAULO A. OTTO <\/strong>(born 16 June 1944, Rio de Janeiro RJ, Brazil), Brazilian, married.<\/p>\n<p><strong>Education<\/strong>: <strong>Undergraduate studies<\/strong>: M.B., Ch.B. (US equiv. MD) [Faculdade de Medicina, UFERJ (ex-Fundacao Escola de Medicina e Cirurgia do Rio de Janeiro, EMCRJ), 1968]; B.Sc. [Instituto de Biologia, State University of Rio de Janeiro, UERJ (ex-UEG), 1971]. <strong>(Post-) Graduate studies<\/strong> (Advisor: Prof. Oswaldo Frota-Pessoa): M.Sc. (Instituto de Biociencias, University of Sao Paulo USP, 1975); D.Sc. [US equiv. Ph.D.] (Instituto de Biociencias, University of Sao Paulo USP, 1977). <strong>Post-Doctoral fellowships<\/strong>: Laboratory of Genetics, University of Wisconsin UW, Madison, USA (Prof. James F. Crow), 1980-81, 1992-94; School of Community Medicine, University of New South Wales UNSW, Sydney, Australia (Prof. Alan Stark), 1986; Department of Mathematics and Statistics, University of Vermont UVM, Burlington, USA (Prof. Richard M. Single).<\/p>\n<p><strong>Position presently held<\/strong>: (Full-) Senior Professor (retired), DGBE, IB USP.<\/p>\n<p><strong>Professional career<\/strong>: Physician, Hospital da Aeron\u00e1utica (Base A\u00e9rea do Gale\u00e3o, Rio de Janeiro), 1969-1972. Teacher assistant, Departamento de Biologia UFRJ, Rio de Janeiro, 1969; Faculdade de Ci\u00eancias M\u00e9dicas UERJ (ex-UEG), 1969-1971. At the Department of Genetics and Evolutionary Biology DGBE (ex-Department of Biology DB) USP (S\u00e3o Paulo): Assistant Researcher (CNPq fellowship), 1972-1975; Professor [teacher assistant, 1975-1976; assistant professor, 1977-1982; associate professor I (Priv. Doc.), 1982-1985; associate professor II, 1985-1992; (full) professor, 1992-2014; (full) senior professor (retired) since 2014].<\/p>\n<p><strong>Research areas<\/strong>: Population, Human, and Medical Genetics.<\/p>\n<p><strong>Publications<\/strong>:<\/p>\n<p>153 <em>in extenso<\/em> scientific papers, 194 congress abstracts (Brazilian 145, International 49), 23 review and science divulgation articles, 16 book chapters, 6 book reviews, 19 books, 17 scalable fonts and computer software, 13 illustration sets of papers and books. TOTAL OF PUBLICATIONS: 444; TOTAL OF PUBLICATIONS WITHOUT ABSTRACTS: 250.<\/p>\n<p>For more detailed information please consult the CNPq www Site (<a href=\"http:\/\/lattes.cnpq.br\/3922407149262247\" target=\"_blank\" rel=\"noopener\"><strong>Lattes<\/strong>: 3922407149262247<\/a>) and the following www science identification sites: <strong>Google Scholar<\/strong>: <a href=\"https:\/\/scholar.google.com\/citations?user=C8uUcSAAAAAJ&amp;hl=en\" target=\"_blank\" rel=\"noopener\">C8uUcSAAAAAJ<\/a>, <strong>ORCID<\/strong>: 0000-0001-8810-6608, <strong>Scopus<\/strong>: 7102186288, <strong>WOS\/ResearcherID<\/strong>: \u00a0 L-5464-2014, <strong>PubMed<\/strong>: https:\/\/pubmed.ncbi.nlm.nih.gov\/?term=otto+pa.<\/p>\n<p>&nbsp;<\/p>\n","protected":false},"excerpt":{"rendered":"<p>PAULO A. OTTO (born 16 June 1944, Rio de Janeiro RJ, Brazil), Brazilian, married. Education: Undergraduate studies: M.B., Ch.B. (US equiv. MD) [Faculdade de Medicina, UFERJ (ex-Fundacao Escola de Medicina e Cirurgia do Rio de Janeiro, EMCRJ), 1968]; B.Sc. [Instituto de Biologia, State University of Rio de Janeiro, UERJ (ex-UEG), 1971]. (Post-) Graduate studies (Advisor: [&hellip;]<\/p>\n","protected":false},"author":1,"featured_media":0,"parent":0,"menu_order":0,"comment_status":"closed","ping_status":"closed","template":"","meta":{"footnotes":"","_links_to":"","_links_to_target":""},"class_list":["post-62","page","type-page","status-publish","hentry"],"_links":{"self":[{"href":"https:\/\/sites.usp.br\/otto\/wp-json\/wp\/v2\/pages\/62","targetHints":{"allow":["GET"]}}],"collection":[{"href":"https:\/\/sites.usp.br\/otto\/wp-json\/wp\/v2\/pages"}],"about":[{"href":"https:\/\/sites.usp.br\/otto\/wp-json\/wp\/v2\/types\/page"}],"author":[{"embeddable":true,"href":"https:\/\/sites.usp.br\/otto\/wp-json\/wp\/v2\/users\/1"}],"replies":[{"embeddable":true,"href":"https:\/\/sites.usp.br\/otto\/wp-json\/wp\/v2\/comments?post=62"}],"version-history":[{"count":4,"href":"https:\/\/sites.usp.br\/otto\/wp-json\/wp\/v2\/pages\/62\/revisions"}],"predecessor-version":[{"id":208,"href":"https:\/\/sites.usp.br\/otto\/wp-json\/wp\/v2\/pages\/62\/revisions\/208"}],"wp:attachment":[{"href":"https:\/\/sites.usp.br\/otto\/wp-json\/wp\/v2\/media?parent=62"}],"curies":[{"name":"wp","href":"https:\/\/api.w.org\/{rel}","templated":true}]}}