{"id":79,"date":"2014-02-24T16:51:20","date_gmt":"2014-02-24T18:51:20","guid":{"rendered":"http:\/\/sites.usp.br\/otto\/?page_id=79"},"modified":"2022-09-12T18:16:08","modified_gmt":"2022-09-12T20:16:08","slug":"pagina-inicial","status":"publish","type":"page","link":"https:\/\/sites.usp.br\/otto\/","title":{"rendered":"Apresenta\u00e7\u00e3o"},"content":{"rendered":"<p>Este Site Pertence ao Professor Paulo A. Otto do Departamento de\u00a0 Gen\u00e9tica e Biologia Evolutiva do Instituto de Bioci\u00eancias da Universidade de S\u00e3o Paulo &#8211; USP.<\/p>\n<p>&nbsp;<\/p>\n<p>&nbsp;<\/p>\n<p><a href=\"https:\/\/sites.usp.br\/otto\/wp-content\/uploads\/sites\/1138\/2022\/07\/EditalEscolaAplicacaoUSP.pdf\" target=\"_blank\" rel=\"noopener\">Teste UPLOAD de arquivos<\/a>.<\/p>\n","protected":false},"excerpt":{"rendered":"<p>Este Site Pertence ao Professor Paulo A. Otto do Departamento de\u00a0 Gen\u00e9tica e Biologia Evolutiva do Instituto de Bioci\u00eancias da Universidade de S\u00e3o Paulo &#8211; USP. &nbsp; &nbsp; Teste UPLOAD de arquivos.<\/p>\n","protected":false},"author":1,"featured_media":0,"parent":0,"menu_order":0,"comment_status":"closed","ping_status":"closed","template":"","meta":{"footnotes":"","_links_to":"","_links_to_target":""},"class_list":["post-79","page","type-page","status-publish","hentry"],"_links":{"self":[{"href":"https:\/\/sites.usp.br\/otto\/wp-json\/wp\/v2\/pages\/79","targetHints":{"allow":["GET"]}}],"collection":[{"href":"https:\/\/sites.usp.br\/otto\/wp-json\/wp\/v2\/pages"}],"about":[{"href":"https:\/\/sites.usp.br\/otto\/wp-json\/wp\/v2\/types\/page"}],"author":[{"embeddable":true,"href":"https:\/\/sites.usp.br\/otto\/wp-json\/wp\/v2\/users\/1"}],"replies":[{"embeddable":true,"href":"https:\/\/sites.usp.br\/otto\/wp-json\/wp\/v2\/comments?post=79"}],"version-history":[{"count":4,"href":"https:\/\/sites.usp.br\/otto\/wp-json\/wp\/v2\/pages\/79\/revisions"}],"predecessor-version":[{"id":211,"href":"https:\/\/sites.usp.br\/otto\/wp-json\/wp\/v2\/pages\/79\/revisions\/211"}],"wp:attachment":[{"href":"https:\/\/sites.usp.br\/otto\/wp-json\/wp\/v2\/media?parent=79"}],"curies":[{"name":"wp","href":"https:\/\/api.w.org\/{rel}","templated":true}]}}