{"id":1427,"date":"2022-01-10T17:28:41","date_gmt":"2022-01-10T19:28:41","guid":{"rendered":"https:\/\/sites.usp.br\/ouvidoresdevozes\/?page_id=1427"},"modified":"2022-01-11T09:56:28","modified_gmt":"2022-01-11T11:56:28","slug":"para-ler","status":"publish","type":"page","link":"https:\/\/sites.usp.br\/ouvidoresdevozes\/multimidia\/para-ler\/","title":{"rendered":"Para Ler"},"content":{"rendered":"\t\t<div data-elementor-type=\"wp-page\" data-elementor-id=\"1427\" class=\"elementor elementor-1427\" data-elementor-post-type=\"page\">\n\t\t\t\t\t\t<section class=\"elementor-section elementor-top-section elementor-element elementor-element-59e21ee elementor-section-boxed elementor-section-height-default elementor-section-height-default\" data-id=\"59e21ee\" data-element_type=\"section\">\n\t\t\t\t\t\t<div class=\"elementor-container elementor-column-gap-default\">\n\t\t\t\t\t<div class=\"elementor-column elementor-col-100 elementor-top-column elementor-element elementor-element-95ade06\" data-id=\"95ade06\" data-element_type=\"column\">\n\t\t\t<div class=\"elementor-widget-wrap elementor-element-populated\">\n\t\t\t\t\t\t<div class=\"elementor-element elementor-element-621f941 elementor-widget elementor-widget-spacer\" data-id=\"621f941\" data-element_type=\"widget\" data-widget_type=\"spacer.default\">\n\t\t\t\t<div class=\"elementor-widget-container\">\n\t\t\t\t\t<div class=\"elementor-spacer\">\n\t\t\t<div class=\"elementor-spacer-inner\"><\/div>\n\t\t<\/div>\n\t\t\t\t<\/div>\n\t\t\t\t<\/div>\n\t\t\t\t<div class=\"elementor-element elementor-element-db4c51d elementor-widget elementor-widget-heading\" data-id=\"db4c51d\" data-element_type=\"widget\" data-widget_type=\"heading.default\">\n\t\t\t\t<div class=\"elementor-widget-container\">\n\t\t\t<h2 class=\"elementor-heading-title elementor-size-default\">Para Ler<\/h2>\t\t<\/div>\n\t\t\t\t<\/div>\n\t\t\t\t<div class=\"elementor-element elementor-element-41b1b97 elementor-widget elementor-widget-spacer\" data-id=\"41b1b97\" data-element_type=\"widget\" data-widget_type=\"spacer.default\">\n\t\t\t\t<div class=\"elementor-widget-container\">\n\t\t\t\t\t<div class=\"elementor-spacer\">\n\t\t\t<div class=\"elementor-spacer-inner\"><\/div>\n\t\t<\/div>\n\t\t\t\t<\/div>\n\t\t\t\t<\/div>\n\t\t\t\t<div class=\"elementor-element elementor-element-254e094 elementor-widget elementor-widget-text-editor\" data-id=\"254e094\" data-element_type=\"widget\" data-widget_type=\"text-editor.default\">\n\t\t\t\t<div class=\"elementor-widget-container\">\n\t\t\t\t\t\t\t<p>Nessa sess\u00e3o voc\u00ea encontrar\u00e1 artigos, cap\u00edtulos de livros e outros materiais que falam sobre a experi\u00eancia de ouvir vozes.\u00a0<\/p>\t\t\t\t\t\t<\/div>\n\t\t\t\t<\/div>\n\t\t\t\t<div class=\"elementor-element elementor-element-ecd397c elementor-widget elementor-widget-spacer\" data-id=\"ecd397c\" data-element_type=\"widget\" data-widget_type=\"spacer.default\">\n\t\t\t\t<div class=\"elementor-widget-container\">\n\t\t\t\t\t<div class=\"elementor-spacer\">\n\t\t\t<div class=\"elementor-spacer-inner\"><\/div>\n\t\t<\/div>\n\t\t\t\t<\/div>\n\t\t\t\t<\/div>\n\t\t\t\t<div class=\"elementor-element elementor-element-3b4138b elementor-widget elementor-widget-image\" data-id=\"3b4138b\" data-element_type=\"widget\" data-widget_type=\"image.default\">\n\t\t\t\t<div class=\"elementor-widget-container\">\n\t\t\t\t\t\t\t\t\t\t\t\t\t<img fetchpriority=\"high\" decoding=\"async\" width=\"1024\" height=\"576\" src=\"https:\/\/sites.usp.br\/ouvidoresdevozes\/wp-content\/uploads\/sites\/997\/2021\/11\/person-gb8ae4d12f_1920-1024x576.jpg\" class=\"attachment-large size-large wp-image-1331\" alt=\"\" srcset=\"https:\/\/sites.usp.br\/ouvidoresdevozes\/wp-content\/uploads\/sites\/997\/2021\/11\/person-gb8ae4d12f_1920-1024x576.jpg 1024w, https:\/\/sites.usp.br\/ouvidoresdevozes\/wp-content\/uploads\/sites\/997\/2021\/11\/person-gb8ae4d12f_1920-300x169.jpg 300w, https:\/\/sites.usp.br\/ouvidoresdevozes\/wp-content\/uploads\/sites\/997\/2021\/11\/person-gb8ae4d12f_1920-768x432.jpg 768w, https:\/\/sites.usp.br\/ouvidoresdevozes\/wp-content\/uploads\/sites\/997\/2021\/11\/person-gb8ae4d12f_1920-1536x864.jpg 1536w, https:\/\/sites.usp.br\/ouvidoresdevozes\/wp-content\/uploads\/sites\/997\/2021\/11\/person-gb8ae4d12f_1920-310x174.jpg 310w, https:\/\/sites.usp.br\/ouvidoresdevozes\/wp-content\/uploads\/sites\/997\/2021\/11\/person-gb8ae4d12f_1920-400x225.jpg 400w, https:\/\/sites.usp.br\/ouvidoresdevozes\/wp-content\/uploads\/sites\/997\/2021\/11\/person-gb8ae4d12f_1920.jpg 1920w\" sizes=\"(max-width: 1024px) 100vw, 1024px\" \/>\t\t\t\t\t\t\t\t\t\t\t\t\t<\/div>\n\t\t\t\t<\/div>\n\t\t\t\t<div class=\"elementor-element elementor-element-bbfaba2 elementor-widget elementor-widget-spacer\" data-id=\"bbfaba2\" data-element_type=\"widget\" data-widget_type=\"spacer.default\">\n\t\t\t\t<div class=\"elementor-widget-container\">\n\t\t\t\t\t<div class=\"elementor-spacer\">\n\t\t\t<div class=\"elementor-spacer-inner\"><\/div>\n\t\t<\/div>\n\t\t\t\t<\/div>\n\t\t\t\t<\/div>\n\t\t\t\t<div class=\"elementor-element elementor-element-3c27549 elementor-widget elementor-widget-text-editor\" data-id=\"3c27549\" data-element_type=\"widget\" data-widget_type=\"text-editor.default\">\n\t\t\t\t<div class=\"elementor-widget-container\">\n\t\t\t\t\t\t\t<div><p>1. Corradi-Webster, C. M.; Rufato, L. S.; Le\u00e3o, E. A.; Reis, G. C.; Bien, C. <strong>Grupos de Ouvidores de Vozes: Experi\u00eancias de um grupo de suporte de pares em contexto brasileiro.<\/strong> Revista Iberoamericana de Psicologia, v. 14, p. 83-90, 2021.<\/p><p><span style=\"text-decoration: underline;\"><a href=\"https:\/\/reviberopsicologia.ibero.edu.co\/article\/view\/rip.14208\/1712\" target=\"_blank\" rel=\"noopener\">Artigo<\/a><\/span><\/p><\/div><p>2. Rufato, L. S.; Corradi-Webster, C. M. ; Sade, R. M. S. ; Reis, G. C. ; Bien, C. ; Costa, M. N. . <strong>Suporte de pares em Sa\u00fade Mental: Grupo de Ouvidores de Vozes.<\/strong> Cadernos Brasileiros de Sa\u00fade Mental, v. 13, p. 156-174, 2021.<\/p><div><span style=\"text-decoration: underline;\"><a href=\"https:\/\/periodicos.ufsc.br\/index.php\/cbsm\/article\/view\/76826\/46953\" target=\"_blank\" rel=\"noopener\">Artigo<\/a><\/span><\/div><div><div>\u00a0<\/div><\/div><div><p>3. Corradi-Webster, C.M.; Santos, M. V. ; Le\u00e3o, E. A. <strong>Construindo novos sentidos e posicionamentos em sa\u00fade mental: Grupo de Ouvidores de Vozes.<\/strong> In: Emerson F. Rasera, Karin Taverniers y Oriana Vilches-\u00c1lvarez. (Org.). Construccionismo Social en acci\u00f3n: Pr\u00e1cticas inspiradoras en diferentes contextos. 1ed.Chagrin Falls: Taos Institute Publications, 2017, v. 1, p. 167-193.<\/p><p><span style=\"text-decoration: underline;\"><a href=\"https:\/\/edisciplinas.usp.br\/pluginfile.php\/5594214\/course\/section\/6045802\/Cap.%20Construindo%20novos%20sentidos%20e%20posicionamentos%20em%20sa%C3%BAde.pdf\" target=\"_blank\" rel=\"noopener\">Download<\/a><\/span><\/p><p>4. Corradi-Webster, C. M.; Le\u00e3o, E. A.; Rufato, L. S. <strong>Colaborando na trajet\u00f3ria de supera\u00e7\u00e3o em sa\u00fade mental: Grupo de Ouvidores de Vozes.<\/strong> Nova Perspectiva Sist\u00eamica, v. 27, p. 22-34, 2018.<\/p><p><span style=\"text-decoration: underline;\"><a href=\"http:\/\/pepsic.bvsalud.org\/scielo.php?script=sci_arttext&amp;pid=S0104-78412018000200003\" target=\"_blank\" rel=\"noopener\">Artigo<\/a><\/span><\/p><p>5. Baker, P. (2009).\u00a0 <i>The voice inside<\/i>: a practical guide to coping with hearing voices. P&amp;P Press. *<\/p><p>*(Voc\u00ea pode ter acesso a tradu\u00e7\u00e3o dessa obra feito pelo CENAT no link:<span style=\"text-decoration: underline;\">\u00a0<a href=\"https:\/\/materiais.cenatcursos.com.br\/livro-paul-baker\" target=\"_blank\" rel=\"noopener\">Link Material Cenat<\/a>)<\/span><\/p><\/div>\t\t\t\t\t\t<\/div>\n\t\t\t\t<\/div>\n\t\t\t\t\t<\/div>\n\t\t<\/div>\n\t\t\t\t\t<\/div>\n\t\t<\/section>\n\t\t\t\t<\/div>\n\t\t","protected":false},"excerpt":{"rendered":"<p>Para Ler Nessa sess\u00e3o voc\u00ea encontrar\u00e1 artigos, cap\u00edtulos de livros e outros materiais que falam sobre a experi\u00eancia de ouvir vozes.\u00a0 1. Corradi-Webster, C. M.; Rufato, L. S.; Le\u00e3o, E. A.; Reis, G. C.; Bien, C. Grupos de Ouvidores de Vozes: Experi\u00eancias de um grupo de suporte de pares em contexto brasileiro. Revista Iberoamericana de [&hellip;]<\/p>\n","protected":false},"author":22558,"featured_media":0,"parent":355,"menu_order":1,"comment_status":"closed","ping_status":"closed","template":"","meta":{"footnotes":"","_links_to":"","_links_to_target":""},"class_list":["post-1427","page","type-page","status-publish","hentry","entry"],"_links":{"self":[{"href":"https:\/\/sites.usp.br\/ouvidoresdevozes\/wp-json\/wp\/v2\/pages\/1427","targetHints":{"allow":["GET"]}}],"collection":[{"href":"https:\/\/sites.usp.br\/ouvidoresdevozes\/wp-json\/wp\/v2\/pages"}],"about":[{"href":"https:\/\/sites.usp.br\/ouvidoresdevozes\/wp-json\/wp\/v2\/types\/page"}],"author":[{"embeddable":true,"href":"https:\/\/sites.usp.br\/ouvidoresdevozes\/wp-json\/wp\/v2\/users\/22558"}],"replies":[{"embeddable":true,"href":"https:\/\/sites.usp.br\/ouvidoresdevozes\/wp-json\/wp\/v2\/comments?post=1427"}],"version-history":[{"count":4,"href":"https:\/\/sites.usp.br\/ouvidoresdevozes\/wp-json\/wp\/v2\/pages\/1427\/revisions"}],"predecessor-version":[{"id":1470,"href":"https:\/\/sites.usp.br\/ouvidoresdevozes\/wp-json\/wp\/v2\/pages\/1427\/revisions\/1470"}],"up":[{"embeddable":true,"href":"https:\/\/sites.usp.br\/ouvidoresdevozes\/wp-json\/wp\/v2\/pages\/355"}],"wp:attachment":[{"href":"https:\/\/sites.usp.br\/ouvidoresdevozes\/wp-json\/wp\/v2\/media?parent=1427"}],"curies":[{"name":"wp","href":"https:\/\/api.w.org\/{rel}","templated":true}]}}