{"id":257,"date":"2019-04-25T11:28:39","date_gmt":"2019-04-25T13:28:39","guid":{"rendered":"http:\/\/sites.usp.br\/ouvidoresdevozes\/?page_id=257"},"modified":"2022-02-04T15:47:34","modified_gmt":"2022-02-04T17:47:34","slug":"o-que-e-ouvir-vozes","status":"publish","type":"page","link":"https:\/\/sites.usp.br\/ouvidoresdevozes\/o-que-e-ouvir-vozes\/","title":{"rendered":"O que \u00e9 ouvir vozes?"},"content":{"rendered":"\t\t<div data-elementor-type=\"wp-post\" data-elementor-id=\"257\" class=\"elementor elementor-257\" data-elementor-post-type=\"page\">\n\t\t\t\t\t\t<section class=\"elementor-section elementor-top-section elementor-element elementor-element-6d33d05 elementor-section-boxed elementor-section-height-default elementor-section-height-default\" data-id=\"6d33d05\" data-element_type=\"section\">\n\t\t\t\t\t\t<div class=\"elementor-container elementor-column-gap-default\">\n\t\t\t\t\t<div class=\"elementor-column elementor-col-100 elementor-top-column elementor-element elementor-element-a8f617a\" data-id=\"a8f617a\" data-element_type=\"column\">\n\t\t\t<div class=\"elementor-widget-wrap elementor-element-populated\">\n\t\t\t\t\t\t<div class=\"elementor-element elementor-element-430e047 elementor-widget elementor-widget-heading\" data-id=\"430e047\" data-element_type=\"widget\" data-widget_type=\"heading.default\">\n\t\t\t\t<div class=\"elementor-widget-container\">\n\t\t\t<h2 class=\"elementor-heading-title elementor-size-default\">\nO que \u00e9 ouvir vozes?<\/h2>\t\t<\/div>\n\t\t\t\t<\/div>\n\t\t\t\t\t<\/div>\n\t\t<\/div>\n\t\t\t\t\t<\/div>\n\t\t<\/section>\n\t\t\t\t<section class=\"elementor-section elementor-top-section elementor-element elementor-element-8e00f82 elementor-section-boxed elementor-section-height-default elementor-section-height-default\" data-id=\"8e00f82\" data-element_type=\"section\">\n\t\t\t\t\t\t<div class=\"elementor-container elementor-column-gap-default\">\n\t\t\t\t\t<div class=\"elementor-column elementor-col-100 elementor-top-column elementor-element elementor-element-ff4ad0b\" data-id=\"ff4ad0b\" data-element_type=\"column\">\n\t\t\t<div class=\"elementor-widget-wrap elementor-element-populated\">\n\t\t\t\t\t\t<div class=\"elementor-element elementor-element-74ca1f2 elementor-widget elementor-widget-image\" data-id=\"74ca1f2\" data-element_type=\"widget\" data-widget_type=\"image.default\">\n\t\t\t\t<div class=\"elementor-widget-container\">\n\t\t\t\t\t\t\t\t\t\t<figure class=\"wp-caption\">\n\t\t\t\t\t\t\t\t\t\t<img fetchpriority=\"high\" decoding=\"async\" width=\"768\" height=\"432\" src=\"https:\/\/sites.usp.br\/ouvidoresdevozes\/wp-content\/uploads\/sites\/997\/2021\/09\/credito-de-imagem-para-EROS-DERVISHI-FOR-STAT.png\" class=\"attachment-large size-large wp-image-1058\" alt=\"\" srcset=\"https:\/\/sites.usp.br\/ouvidoresdevozes\/wp-content\/uploads\/sites\/997\/2021\/09\/credito-de-imagem-para-EROS-DERVISHI-FOR-STAT.png 768w, https:\/\/sites.usp.br\/ouvidoresdevozes\/wp-content\/uploads\/sites\/997\/2021\/09\/credito-de-imagem-para-EROS-DERVISHI-FOR-STAT-300x169.png 300w, https:\/\/sites.usp.br\/ouvidoresdevozes\/wp-content\/uploads\/sites\/997\/2021\/09\/credito-de-imagem-para-EROS-DERVISHI-FOR-STAT-310x174.png 310w, https:\/\/sites.usp.br\/ouvidoresdevozes\/wp-content\/uploads\/sites\/997\/2021\/09\/credito-de-imagem-para-EROS-DERVISHI-FOR-STAT-400x225.png 400w\" sizes=\"(max-width: 768px) 100vw, 768px\" \/>\t\t\t\t\t\t\t\t\t\t\t<figcaption class=\"widget-image-caption wp-caption-text\">(Cr\u00e9ditos de imagem para Eros Dervishi)<\/figcaption>\n\t\t\t\t\t\t\t\t\t\t<\/figure>\n\t\t\t\t\t\t\t<\/div>\n\t\t\t\t<\/div>\n\t\t\t\t<div class=\"elementor-element elementor-element-d8bb70d elementor-widget elementor-widget-spacer\" data-id=\"d8bb70d\" data-element_type=\"widget\" data-widget_type=\"spacer.default\">\n\t\t\t\t<div class=\"elementor-widget-container\">\n\t\t\t\t\t<div class=\"elementor-spacer\">\n\t\t\t<div class=\"elementor-spacer-inner\"><\/div>\n\t\t<\/div>\n\t\t\t\t<\/div>\n\t\t\t\t<\/div>\n\t\t\t\t<div class=\"elementor-element elementor-element-4389a46 elementor-widget elementor-widget-text-editor\" data-id=\"4389a46\" data-element_type=\"widget\" data-widget_type=\"text-editor.default\">\n\t\t\t\t<div class=\"elementor-widget-container\">\n\t\t\t\t\t\t\t<p dir=\"ltr\" style=\"text-align: left;\">N\u00e3o existe uma \u00fanica resposta que possa alcan\u00e7ar a complexidade dessa experi\u00eancia. <b>Cada pessoa, a depender de sua pr\u00f3pria hist\u00f3ria e contexto de vida, compreende o ouvir vozes de uma forma. <\/b>Esse termo \u201couvir vozes\u201d, no entanto, se refere a experi\u00eancia de ouvir uma voz que outras pessoas n\u00e3o podem ouvir.<\/p>\n<p dir=\"ltr\" style=\"text-align: left;\"><strong>Ela descreve uma experi\u00eancia real e \u00fanica para cada um de n\u00f3s!<\/strong><\/p>\n<p dir=\"ltr\" style=\"text-align: left;\">Ouvir Vozes \u00e9 uma parte importante da vida e da experi\u00eancia e muitas vezes ela possui um significado profundo e \u00fanico.&nbsp;<span style=\"font-size: 14px; color: var( --e-global-color-text );\">A experi\u00eancia varia de pessoa para pessoa. Qualquer um pode experiment\u00e1-la e, como somos todos \u00fanicos, temos diferentes maneiras de entender o que ela significa.<\/span><\/p>\n<p dir=\"ltr\" style=\"text-align: left;\">Algumas pessoas escutam somente uma voz, outras escutam muitas vozes, outras ainda possuem outras experi\u00eancias como vis\u00f5es, sensa\u00e7\u00f5es de estarmos sendo tocadas ou at\u00e9 mesmo sentindo algum cheiro ou gosto.&nbsp;<\/p>\n<p dir=\"ltr\" style=\"text-align: left;\"><br><\/p>\t\t\t\t\t\t<\/div>\n\t\t\t\t<\/div>\n\t\t\t\t<div class=\"elementor-element elementor-element-f0fd939 elementor-widget elementor-widget-heading\" data-id=\"f0fd939\" data-element_type=\"widget\" data-widget_type=\"heading.default\">\n\t\t\t\t<div class=\"elementor-widget-container\">\n\t\t\t<h2 class=\"elementor-heading-title elementor-size-default\">Por que ouvimos vozes?<\/h2>\t\t<\/div>\n\t\t\t\t<\/div>\n\t\t\t\t<div class=\"elementor-element elementor-element-ddaff20 elementor-widget elementor-widget-spacer\" data-id=\"ddaff20\" data-element_type=\"widget\" data-widget_type=\"spacer.default\">\n\t\t\t\t<div class=\"elementor-widget-container\">\n\t\t\t\t\t<div class=\"elementor-spacer\">\n\t\t\t<div class=\"elementor-spacer-inner\"><\/div>\n\t\t<\/div>\n\t\t\t\t<\/div>\n\t\t\t\t<\/div>\n\t\t\t\t<div class=\"elementor-element elementor-element-a3986a8 elementor-widget elementor-widget-text-editor\" data-id=\"a3986a8\" data-element_type=\"widget\" data-widget_type=\"text-editor.default\">\n\t\t\t\t<div class=\"elementor-widget-container\">\n\t\t\t\t\t\t\t<p>Existem diferentes explica\u00e7\u00f5es sobre o que causaria a audi\u00e7\u00e3o de vozes, mas porque essa experi\u00eancia \u00e9 t\u00e3o variada, \u00e9 prov\u00e1vel que nunca haja apenas uma explica\u00e7\u00e3o.\u00a0<\/p>\t\t\t\t\t\t<\/div>\n\t\t\t\t<\/div>\n\t\t\t\t<div class=\"elementor-element elementor-element-d9c61ac elementor-headline--style-highlight elementor-widget elementor-widget-animated-headline\" data-id=\"d9c61ac\" data-element_type=\"widget\" data-settings=\"{&quot;highlighted_text&quot;:&quot;respeitar todas&quot;,&quot;headline_style&quot;:&quot;highlight&quot;,&quot;marker&quot;:&quot;circle&quot;,&quot;loop&quot;:&quot;yes&quot;,&quot;highlight_animation_duration&quot;:1200,&quot;highlight_iteration_delay&quot;:8000}\" data-widget_type=\"animated-headline.default\">\n\t\t\t\t<div class=\"elementor-widget-container\">\n\t\t\t\t\t<h2 class=\"elementor-headline\">\n\t\t\t\t\t<span class=\"elementor-headline-plain-text elementor-headline-text-wrapper\">O que devemos fazer \u00e9 <\/span>\n\t\t\t\t<span class=\"elementor-headline-dynamic-wrapper elementor-headline-text-wrapper\">\n\t\t\t\t\t<span class=\"elementor-headline-dynamic-text elementor-headline-text-active\">respeitar todas<\/span>\n\t\t\t\t<\/span>\n\t\t\t\t\t<span class=\"elementor-headline-plain-text elementor-headline-text-wrapper\">as respostas!<\/span>\n\t\t\t\t\t<\/h2>\n\t\t\t\t<\/div>\n\t\t\t\t<\/div>\n\t\t\t\t<div class=\"elementor-element elementor-element-6e5a4f0 elementor-widget elementor-widget-spacer\" data-id=\"6e5a4f0\" data-element_type=\"widget\" data-widget_type=\"spacer.default\">\n\t\t\t\t<div class=\"elementor-widget-container\">\n\t\t\t\t\t<div class=\"elementor-spacer\">\n\t\t\t<div class=\"elementor-spacer-inner\"><\/div>\n\t\t<\/div>\n\t\t\t\t<\/div>\n\t\t\t\t<\/div>\n\t\t\t\t\t<\/div>\n\t\t<\/div>\n\t\t\t\t\t<\/div>\n\t\t<\/section>\n\t\t\t\t<section class=\"elementor-section elementor-top-section elementor-element elementor-element-8d2ce9f elementor-section-boxed elementor-section-height-default elementor-section-height-default\" data-id=\"8d2ce9f\" data-element_type=\"section\" data-settings=\"{&quot;background_background&quot;:&quot;classic&quot;}\">\n\t\t\t\t\t\t<div class=\"elementor-container elementor-column-gap-default\">\n\t\t\t\t\t<div class=\"elementor-column elementor-col-50 elementor-top-column elementor-element elementor-element-cd01693\" data-id=\"cd01693\" data-element_type=\"column\">\n\t\t\t<div class=\"elementor-widget-wrap elementor-element-populated\">\n\t\t\t\t\t\t<div class=\"elementor-element elementor-element-5ffde68 elementor-widget elementor-widget-image\" data-id=\"5ffde68\" data-element_type=\"widget\" data-widget_type=\"image.default\">\n\t\t\t\t<div class=\"elementor-widget-container\">\n\t\t\t\t\t\t\t\t\t\t\t\t\t<img decoding=\"async\" width=\"1024\" height=\"1024\" src=\"https:\/\/sites.usp.br\/ouvidoresdevozes\/wp-content\/uploads\/sites\/997\/2021\/11\/unnamed-4-1024x1024.png\" class=\"attachment-large size-large wp-image-1363\" alt=\"\" srcset=\"https:\/\/sites.usp.br\/ouvidoresdevozes\/wp-content\/uploads\/sites\/997\/2021\/11\/unnamed-4-1024x1024.png 1024w, https:\/\/sites.usp.br\/ouvidoresdevozes\/wp-content\/uploads\/sites\/997\/2021\/11\/unnamed-4-300x300.png 300w, https:\/\/sites.usp.br\/ouvidoresdevozes\/wp-content\/uploads\/sites\/997\/2021\/11\/unnamed-4-150x150.png 150w, https:\/\/sites.usp.br\/ouvidoresdevozes\/wp-content\/uploads\/sites\/997\/2021\/11\/unnamed-4-768x768.png 768w, https:\/\/sites.usp.br\/ouvidoresdevozes\/wp-content\/uploads\/sites\/997\/2021\/11\/unnamed-4-45x45.png 45w, https:\/\/sites.usp.br\/ouvidoresdevozes\/wp-content\/uploads\/sites\/997\/2021\/11\/unnamed-4-200x200.png 200w, https:\/\/sites.usp.br\/ouvidoresdevozes\/wp-content\/uploads\/sites\/997\/2021\/11\/unnamed-4-400x400.png 400w, https:\/\/sites.usp.br\/ouvidoresdevozes\/wp-content\/uploads\/sites\/997\/2021\/11\/unnamed-4.png 1080w\" sizes=\"(max-width: 1024px) 100vw, 1024px\" \/>\t\t\t\t\t\t\t\t\t\t\t\t\t<\/div>\n\t\t\t\t<\/div>\n\t\t\t\t\t<\/div>\n\t\t<\/div>\n\t\t\t\t<div class=\"elementor-column elementor-col-50 elementor-top-column elementor-element elementor-element-b7b0d9e\" data-id=\"b7b0d9e\" data-element_type=\"column\">\n\t\t\t<div class=\"elementor-widget-wrap elementor-element-populated\">\n\t\t\t\t\t\t<div class=\"elementor-element elementor-element-2455fe1 elementor-widget elementor-widget-spacer\" data-id=\"2455fe1\" data-element_type=\"widget\" data-widget_type=\"spacer.default\">\n\t\t\t\t<div class=\"elementor-widget-container\">\n\t\t\t\t\t<div class=\"elementor-spacer\">\n\t\t\t<div class=\"elementor-spacer-inner\"><\/div>\n\t\t<\/div>\n\t\t\t\t<\/div>\n\t\t\t\t<\/div>\n\t\t\t\t<div class=\"elementor-element elementor-element-50c1bec elementor-widget elementor-widget-text-editor\" data-id=\"50c1bec\" data-element_type=\"widget\" data-widget_type=\"text-editor.default\">\n\t\t\t\t<div class=\"elementor-widget-container\">\n\t\t\t\t\t\t\t<p dir=\"ltr\">Existem diferentes formas de compreender e dar sentido \u00e0s experi\u00eancias de ouvir vozes. Algumas pessoas entendem suas vozes como sintomas de uma doen\u00e7a, outras entendem as vozes como experi\u00eancias ligadas a determinado momento traum\u00e1tico da vida. Para outras ainda, as vozes s\u00e3o uma parte importante da espiritualidade e ligada ao divino.&nbsp;<\/p><p dir=\"ltr\">\u00c9 importante entendermos que as explica\u00e7\u00f5es n\u00e3o se excluem, muitas vezes elas se complementam.&nbsp;<\/p>\n<p dir=\"ltr\">Ouvir vozes desempenha um papel diferente para cada pessoa a depender da sua hist\u00f3ria e da comunidade que est\u00e1 inserida. Por exemplo, povos ind\u00edgenas, acreditam que as experi\u00eancias de vozes s\u00e3o uma possibilidade de aproxima\u00e7\u00e3o com Deus.&nbsp;<span style=\"font-size: 14px; color: var( --e-global-color-text );\">Em outras culturas, ouvir vozes pode ter significados diferentes.<\/span><\/p>\n<p dir=\"ltr\">\n<\/p>\t\t\t\t\t\t<\/div>\n\t\t\t\t<\/div>\n\t\t\t\t\t<\/div>\n\t\t<\/div>\n\t\t\t\t\t<\/div>\n\t\t<\/section>\n\t\t\t\t<section class=\"elementor-section elementor-top-section elementor-element elementor-element-a34ff43 elementor-section-boxed elementor-section-height-default elementor-section-height-default\" data-id=\"a34ff43\" data-element_type=\"section\">\n\t\t\t\t\t\t<div class=\"elementor-container elementor-column-gap-default\">\n\t\t\t\t\t<div class=\"elementor-column elementor-col-100 elementor-top-column elementor-element elementor-element-681dd45\" data-id=\"681dd45\" data-element_type=\"column\">\n\t\t\t<div class=\"elementor-widget-wrap elementor-element-populated\">\n\t\t\t\t\t\t<div class=\"elementor-element elementor-element-e009e85 elementor-widget elementor-widget-spacer\" data-id=\"e009e85\" data-element_type=\"widget\" data-widget_type=\"spacer.default\">\n\t\t\t\t<div class=\"elementor-widget-container\">\n\t\t\t\t\t<div class=\"elementor-spacer\">\n\t\t\t<div class=\"elementor-spacer-inner\"><\/div>\n\t\t<\/div>\n\t\t\t\t<\/div>\n\t\t\t\t<\/div>\n\t\t\t\t\t<\/div>\n\t\t<\/div>\n\t\t\t\t\t<\/div>\n\t\t<\/section>\n\t\t\t\t<\/div>\n\t\t","protected":false},"excerpt":{"rendered":"<p>O que \u00e9 ouvir vozes? (Cr\u00e9ditos de imagem para Eros Dervishi) N\u00e3o existe uma \u00fanica resposta que possa alcan\u00e7ar a complexidade dessa experi\u00eancia. Cada pessoa, a depender de sua pr\u00f3pria hist\u00f3ria e contexto de vida, compreende o ouvir vozes de uma forma. Esse termo \u201couvir vozes\u201d, no entanto, se refere a experi\u00eancia de ouvir uma [&hellip;]<\/p>\n","protected":false},"author":2,"featured_media":0,"parent":0,"menu_order":0,"comment_status":"closed","ping_status":"closed","template":"elementor_header_footer","meta":{"footnotes":"","_links_to":"","_links_to_target":""},"class_list":["post-257","page","type-page","status-publish","hentry","entry"],"_links":{"self":[{"href":"https:\/\/sites.usp.br\/ouvidoresdevozes\/wp-json\/wp\/v2\/pages\/257","targetHints":{"allow":["GET"]}}],"collection":[{"href":"https:\/\/sites.usp.br\/ouvidoresdevozes\/wp-json\/wp\/v2\/pages"}],"about":[{"href":"https:\/\/sites.usp.br\/ouvidoresdevozes\/wp-json\/wp\/v2\/types\/page"}],"author":[{"embeddable":true,"href":"https:\/\/sites.usp.br\/ouvidoresdevozes\/wp-json\/wp\/v2\/users\/2"}],"replies":[{"embeddable":true,"href":"https:\/\/sites.usp.br\/ouvidoresdevozes\/wp-json\/wp\/v2\/comments?post=257"}],"version-history":[{"count":4,"href":"https:\/\/sites.usp.br\/ouvidoresdevozes\/wp-json\/wp\/v2\/pages\/257\/revisions"}],"predecessor-version":[{"id":1638,"href":"https:\/\/sites.usp.br\/ouvidoresdevozes\/wp-json\/wp\/v2\/pages\/257\/revisions\/1638"}],"wp:attachment":[{"href":"https:\/\/sites.usp.br\/ouvidoresdevozes\/wp-json\/wp\/v2\/media?parent=257"}],"curies":[{"name":"wp","href":"https:\/\/api.w.org\/{rel}","templated":true}]}}