{"id":291,"date":"2019-05-20T17:48:44","date_gmt":"2019-05-20T19:48:44","guid":{"rendered":"http:\/\/sites.usp.br\/ouvidoresdevozes\/?page_id=291"},"modified":"2022-02-08T19:38:02","modified_gmt":"2022-02-08T21:38:02","slug":"pagina-inicial-elementor","status":"publish","type":"page","link":"https:\/\/sites.usp.br\/ouvidoresdevozes\/","title":{"rendered":"Ouvidores de Vozes"},"content":{"rendered":"\t\t<div data-elementor-type=\"wp-post\" data-elementor-id=\"291\" class=\"elementor elementor-291\" data-elementor-post-type=\"page\">\n\t\t\t\t\t\t<section class=\"elementor-section elementor-top-section elementor-element elementor-element-31bf7c1 elementor-section-boxed elementor-section-height-default elementor-section-height-default\" data-id=\"31bf7c1\" data-element_type=\"section\">\n\t\t\t\t\t\t<div class=\"elementor-container elementor-column-gap-default\">\n\t\t\t\t\t<div class=\"elementor-column elementor-col-100 elementor-top-column elementor-element elementor-element-aff04ce\" data-id=\"aff04ce\" data-element_type=\"column\">\n\t\t\t<div class=\"elementor-widget-wrap elementor-element-populated\">\n\t\t\t\t\t\t<div class=\"elementor-element elementor-element-863e5c7 elementor-widget elementor-widget-spacer\" data-id=\"863e5c7\" data-element_type=\"widget\" data-widget_type=\"spacer.default\">\n\t\t\t\t<div class=\"elementor-widget-container\">\n\t\t\t\t\t<div class=\"elementor-spacer\">\n\t\t\t<div class=\"elementor-spacer-inner\"><\/div>\n\t\t<\/div>\n\t\t\t\t<\/div>\n\t\t\t\t<\/div>\n\t\t\t\t<div class=\"elementor-element elementor-element-872cf5a elementor-widget elementor-widget-heading\" data-id=\"872cf5a\" data-element_type=\"widget\" data-widget_type=\"heading.default\">\n\t\t\t\t<div class=\"elementor-widget-container\">\n\t\t\t<h2 class=\"elementor-heading-title elementor-size-default\">Bem-vindos ao site Ouvidores de Vozes! <\/h2>\t\t<\/div>\n\t\t\t\t<\/div>\n\t\t\t\t<div class=\"elementor-element elementor-element-780e4b3 elementor-widget elementor-widget-spacer\" data-id=\"780e4b3\" data-element_type=\"widget\" data-widget_type=\"spacer.default\">\n\t\t\t\t<div class=\"elementor-widget-container\">\n\t\t\t\t\t<div class=\"elementor-spacer\">\n\t\t\t<div class=\"elementor-spacer-inner\"><\/div>\n\t\t<\/div>\n\t\t\t\t<\/div>\n\t\t\t\t<\/div>\n\t\t\t\t\t<\/div>\n\t\t<\/div>\n\t\t\t\t\t<\/div>\n\t\t<\/section>\n\t\t\t\t<section class=\"elementor-section elementor-top-section elementor-element elementor-element-eb8242f elementor-section-boxed elementor-section-height-default elementor-section-height-default\" data-id=\"eb8242f\" data-element_type=\"section\">\n\t\t\t\t\t\t<div class=\"elementor-container elementor-column-gap-default\">\n\t\t\t\t\t<div class=\"elementor-column elementor-col-50 elementor-top-column elementor-element elementor-element-aef5526\" data-id=\"aef5526\" data-element_type=\"column\">\n\t\t\t<div class=\"elementor-widget-wrap elementor-element-populated\">\n\t\t\t\t\t\t<div class=\"elementor-element elementor-element-d7ed0f2 elementor-widget elementor-widget-text-editor\" data-id=\"d7ed0f2\" data-element_type=\"widget\" data-widget_type=\"text-editor.default\">\n\t\t\t\t<div class=\"elementor-widget-container\">\n\t\t\t\t\t\t\t<p style=\"text-align: left;\"><span style=\"font-size: 16px; color: var( --e-global-color-text );\">Se voc\u00ea ouve vozes, conhece algu\u00e9m que ouve vozes ou quer saber mais sobre o assunto, esse site \u00e9 para voc\u00ea!<\/span><\/p><p style=\"text-align: left;\"><br \/><span style=\"font-size: 16px; color: var( --e-global-color-text );\">Aqui voc\u00ea encontrar\u00e1 informa\u00e7\u00f5es a respeito do fen\u00f4meno de ouvir vozes e diferentes abordagens e maneiras de lidar com a experi\u00eancia.\u00a0\u00a0<\/span><\/p><p style=\"text-align: left;\"><br \/><span style=\"font-size: 16px; color: var( --e-global-color-text );\">Sabemos que a experi\u00eancia de ouvir vozes ainda \u00e9 muito estigmatizada, muitas pessoas n\u00e3o conhecem ou n\u00e3o sabem muito a respeito. Por isso, quer\u00edamos criar um espa\u00e7o para compartilhar informa\u00e7\u00f5es e nossas viv\u00eancias. Um lugar para reunir informa\u00e7\u00f5es, recursos, materiais sobre ouvir vozes e dividir com outras pessoas que tamb\u00e9m ouvem vozes um pouco de nossas hist\u00f3rias e trajet\u00f3rias.<\/span><\/p><p>\u00a0<\/p><p><b>Seja bem-vindo(a)!<\/b>\u00a0<\/p>\t\t\t\t\t\t<\/div>\n\t\t\t\t<\/div>\n\t\t\t\t\t<\/div>\n\t\t<\/div>\n\t\t\t\t<div class=\"elementor-column elementor-col-50 elementor-top-column elementor-element elementor-element-f8eae77\" data-id=\"f8eae77\" data-element_type=\"column\">\n\t\t\t<div class=\"elementor-widget-wrap elementor-element-populated\">\n\t\t\t\t\t\t<div class=\"elementor-element elementor-element-da4c050 elementor-widget elementor-widget-image\" data-id=\"da4c050\" data-element_type=\"widget\" data-widget_type=\"image.default\">\n\t\t\t\t<div class=\"elementor-widget-container\">\n\t\t\t\t\t\t\t\t\t\t\t\t\t<img fetchpriority=\"high\" decoding=\"async\" width=\"1024\" height=\"1024\" src=\"https:\/\/sites.usp.br\/ouvidoresdevozes\/wp-content\/uploads\/sites\/997\/2021\/09\/1-1024x1024.png\" class=\"attachment-large size-large wp-image-1189\" alt=\"\" srcset=\"https:\/\/sites.usp.br\/ouvidoresdevozes\/wp-content\/uploads\/sites\/997\/2021\/09\/1-1024x1024.png 1024w, https:\/\/sites.usp.br\/ouvidoresdevozes\/wp-content\/uploads\/sites\/997\/2021\/09\/1-300x300.png 300w, https:\/\/sites.usp.br\/ouvidoresdevozes\/wp-content\/uploads\/sites\/997\/2021\/09\/1-150x150.png 150w, https:\/\/sites.usp.br\/ouvidoresdevozes\/wp-content\/uploads\/sites\/997\/2021\/09\/1-768x768.png 768w, https:\/\/sites.usp.br\/ouvidoresdevozes\/wp-content\/uploads\/sites\/997\/2021\/09\/1-45x45.png 45w, https:\/\/sites.usp.br\/ouvidoresdevozes\/wp-content\/uploads\/sites\/997\/2021\/09\/1-200x200.png 200w, https:\/\/sites.usp.br\/ouvidoresdevozes\/wp-content\/uploads\/sites\/997\/2021\/09\/1-400x400.png 400w, https:\/\/sites.usp.br\/ouvidoresdevozes\/wp-content\/uploads\/sites\/997\/2021\/09\/1.png 1500w\" sizes=\"(max-width: 1024px) 100vw, 1024px\" \/>\t\t\t\t\t\t\t\t\t\t\t\t\t<\/div>\n\t\t\t\t<\/div>\n\t\t\t\t\t<\/div>\n\t\t<\/div>\n\t\t\t\t\t<\/div>\n\t\t<\/section>\n\t\t\t\t<section class=\"elementor-section elementor-top-section elementor-element elementor-element-dcd4457 elementor-section-boxed elementor-section-height-default elementor-section-height-default\" data-id=\"dcd4457\" data-element_type=\"section\">\n\t\t\t\t\t\t<div class=\"elementor-container elementor-column-gap-default\">\n\t\t\t\t\t<div class=\"elementor-column elementor-col-100 elementor-top-column elementor-element elementor-element-3aaacb6\" data-id=\"3aaacb6\" data-element_type=\"column\">\n\t\t\t<div class=\"elementor-widget-wrap elementor-element-populated\">\n\t\t\t\t\t\t<div class=\"elementor-element elementor-element-6818651 elementor-widget elementor-widget-spacer\" data-id=\"6818651\" data-element_type=\"widget\" data-widget_type=\"spacer.default\">\n\t\t\t\t<div class=\"elementor-widget-container\">\n\t\t\t\t\t<div class=\"elementor-spacer\">\n\t\t\t<div class=\"elementor-spacer-inner\"><\/div>\n\t\t<\/div>\n\t\t\t\t<\/div>\n\t\t\t\t<\/div>\n\t\t\t\t\t<\/div>\n\t\t<\/div>\n\t\t\t\t\t<\/div>\n\t\t<\/section>\n\t\t\t\t<section class=\"elementor-section elementor-top-section elementor-element elementor-element-8cca4ee elementor-section-boxed elementor-section-height-default elementor-section-height-default\" data-id=\"8cca4ee\" data-element_type=\"section\">\n\t\t\t\t\t\t<div class=\"elementor-container elementor-column-gap-default\">\n\t\t\t\t\t<div class=\"elementor-column elementor-col-100 elementor-top-column elementor-element elementor-element-32d5952\" data-id=\"32d5952\" data-element_type=\"column\">\n\t\t\t<div class=\"elementor-widget-wrap elementor-element-populated\">\n\t\t\t\t\t\t<div class=\"elementor-element elementor-element-e76a89a elementor-widget elementor-widget-text-editor\" data-id=\"e76a89a\" data-element_type=\"widget\" data-widget_type=\"text-editor.default\">\n\t\t\t\t<div class=\"elementor-widget-container\">\n\t\t\t\t\t\t\t<p>** Este site foi constru\u00eddo a partir das experi\u00eancias das pessoas do Grupo de Ribeir\u00e3o Preto e em parcerias colaborativas com especialistas por experi\u00eancia e especialistas por profiss\u00e3o.<\/p>\t\t\t\t\t\t<\/div>\n\t\t\t\t<\/div>\n\t\t\t\t\t<\/div>\n\t\t<\/div>\n\t\t\t\t\t<\/div>\n\t\t<\/section>\n\t\t\t\t<\/div>\n\t\t","protected":false},"excerpt":{"rendered":"<p>Bem-vindos ao site Ouvidores de Vozes! Se voc\u00ea ouve vozes, conhece algu\u00e9m que ouve vozes ou quer saber mais sobre o assunto, esse site \u00e9 para voc\u00ea! Aqui voc\u00ea encontrar\u00e1 informa\u00e7\u00f5es a respeito do fen\u00f4meno de ouvir vozes e diferentes abordagens e maneiras de lidar com a experi\u00eancia.\u00a0\u00a0 Sabemos que a experi\u00eancia de ouvir vozes [&hellip;]<\/p>\n","protected":false},"author":1,"featured_media":0,"parent":0,"menu_order":0,"comment_status":"closed","ping_status":"closed","template":"elementor_header_footer","meta":{"footnotes":"","_links_to":"","_links_to_target":""},"class_list":["post-291","page","type-page","status-publish","hentry","entry"],"_links":{"self":[{"href":"https:\/\/sites.usp.br\/ouvidoresdevozes\/wp-json\/wp\/v2\/pages\/291","targetHints":{"allow":["GET"]}}],"collection":[{"href":"https:\/\/sites.usp.br\/ouvidoresdevozes\/wp-json\/wp\/v2\/pages"}],"about":[{"href":"https:\/\/sites.usp.br\/ouvidoresdevozes\/wp-json\/wp\/v2\/types\/page"}],"author":[{"embeddable":true,"href":"https:\/\/sites.usp.br\/ouvidoresdevozes\/wp-json\/wp\/v2\/users\/1"}],"replies":[{"embeddable":true,"href":"https:\/\/sites.usp.br\/ouvidoresdevozes\/wp-json\/wp\/v2\/comments?post=291"}],"version-history":[{"count":4,"href":"https:\/\/sites.usp.br\/ouvidoresdevozes\/wp-json\/wp\/v2\/pages\/291\/revisions"}],"predecessor-version":[{"id":1651,"href":"https:\/\/sites.usp.br\/ouvidoresdevozes\/wp-json\/wp\/v2\/pages\/291\/revisions\/1651"}],"wp:attachment":[{"href":"https:\/\/sites.usp.br\/ouvidoresdevozes\/wp-json\/wp\/v2\/media?parent=291"}],"curies":[{"name":"wp","href":"https:\/\/api.w.org\/{rel}","templated":true}]}}