{"id":355,"date":"2019-06-04T17:32:41","date_gmt":"2019-06-04T19:32:41","guid":{"rendered":"http:\/\/sites.usp.br\/ouvidoresdevozes\/?page_id=355"},"modified":"2022-01-11T10:14:57","modified_gmt":"2022-01-11T12:14:57","slug":"multimidia","status":"publish","type":"page","link":"https:\/\/sites.usp.br\/ouvidoresdevozes\/multimidia\/","title":{"rendered":"Multim\u00eddia"},"content":{"rendered":"\t\t<div data-elementor-type=\"wp-post\" data-elementor-id=\"355\" class=\"elementor elementor-355\" data-elementor-post-type=\"page\">\n\t\t\t\t\t\t<section class=\"elementor-section elementor-top-section elementor-element elementor-element-ead7f80 elementor-section-boxed elementor-section-height-default elementor-section-height-default\" data-id=\"ead7f80\" data-element_type=\"section\">\n\t\t\t\t\t\t<div class=\"elementor-container elementor-column-gap-default\">\n\t\t\t\t\t<div class=\"elementor-column elementor-col-100 elementor-top-column elementor-element elementor-element-386369d\" data-id=\"386369d\" data-element_type=\"column\">\n\t\t\t<div class=\"elementor-widget-wrap elementor-element-populated\">\n\t\t\t\t\t\t<div class=\"elementor-element elementor-element-c264c16 elementor-widget elementor-widget-spacer\" data-id=\"c264c16\" data-element_type=\"widget\" data-widget_type=\"spacer.default\">\n\t\t\t\t<div class=\"elementor-widget-container\">\n\t\t\t\t\t<div class=\"elementor-spacer\">\n\t\t\t<div class=\"elementor-spacer-inner\"><\/div>\n\t\t<\/div>\n\t\t\t\t<\/div>\n\t\t\t\t<\/div>\n\t\t\t\t<div class=\"elementor-element elementor-element-5eaeb77 elementor-widget elementor-widget-heading\" data-id=\"5eaeb77\" data-element_type=\"widget\" data-widget_type=\"heading.default\">\n\t\t\t\t<div class=\"elementor-widget-container\">\n\t\t\t<h2 class=\"elementor-heading-title elementor-size-default\">Multimidia<\/h2>\t\t<\/div>\n\t\t\t\t<\/div>\n\t\t\t\t<div class=\"elementor-element elementor-element-5fc4465 elementor-widget elementor-widget-spacer\" data-id=\"5fc4465\" data-element_type=\"widget\" data-widget_type=\"spacer.default\">\n\t\t\t\t<div class=\"elementor-widget-container\">\n\t\t\t\t\t<div class=\"elementor-spacer\">\n\t\t\t<div class=\"elementor-spacer-inner\"><\/div>\n\t\t<\/div>\n\t\t\t\t<\/div>\n\t\t\t\t<\/div>\n\t\t\t\t<div class=\"elementor-element elementor-element-f6094c4 elementor-widget elementor-widget-text-editor\" data-id=\"f6094c4\" data-element_type=\"widget\" data-widget_type=\"text-editor.default\">\n\t\t\t\t<div class=\"elementor-widget-container\">\n\t\t\t\t\t\t\t<p><span style=\"font-weight: 400;\">Aqui voc\u00ea encontrar\u00e1 diferentes materiais, indica\u00e7\u00f5es de leitura, filmes e document\u00e1rios que abordam a audi\u00e7\u00e3o de vozes e o <\/span><i><span style=\"font-weight: 400;\">recovery<\/span><\/i><span style=\"font-weight: 400;\"> em sa\u00fade mental. Links para p\u00e1ginas internacionais e redes sociais.<\/span><\/p>\t\t\t\t\t\t<\/div>\n\t\t\t\t<\/div>\n\t\t\t\t\t<\/div>\n\t\t<\/div>\n\t\t\t\t\t<\/div>\n\t\t<\/section>\n\t\t\t\t<section class=\"elementor-section elementor-top-section elementor-element elementor-element-14ee089 elementor-section-boxed elementor-section-height-default elementor-section-height-default\" data-id=\"14ee089\" data-element_type=\"section\">\n\t\t\t\t\t\t<div class=\"elementor-container elementor-column-gap-default\">\n\t\t\t\t\t<div class=\"elementor-column elementor-col-100 elementor-top-column elementor-element elementor-element-95436c8\" data-id=\"95436c8\" data-element_type=\"column\">\n\t\t\t<div class=\"elementor-widget-wrap elementor-element-populated\">\n\t\t\t\t\t\t<div class=\"elementor-element elementor-element-38edf57 elementor-widget elementor-widget-spacer\" data-id=\"38edf57\" data-element_type=\"widget\" data-widget_type=\"spacer.default\">\n\t\t\t\t<div class=\"elementor-widget-container\">\n\t\t\t\t\t<div class=\"elementor-spacer\">\n\t\t\t<div class=\"elementor-spacer-inner\"><\/div>\n\t\t<\/div>\n\t\t\t\t<\/div>\n\t\t\t\t<\/div>\n\t\t\t\t\t<\/div>\n\t\t<\/div>\n\t\t\t\t\t<\/div>\n\t\t<\/section>\n\t\t\t\t<section class=\"elementor-section elementor-top-section elementor-element elementor-element-c116831 elementor-section-boxed elementor-section-height-default elementor-section-height-default\" data-id=\"c116831\" data-element_type=\"section\">\n\t\t\t\t\t\t<div class=\"elementor-container elementor-column-gap-default\">\n\t\t\t\t\t<div class=\"elementor-column elementor-col-33 elementor-top-column elementor-element elementor-element-1ecec01\" data-id=\"1ecec01\" data-element_type=\"column\">\n\t\t\t<div class=\"elementor-widget-wrap elementor-element-populated\">\n\t\t\t\t\t\t<div class=\"elementor-element elementor-element-f6e43f4 elementor-widget elementor-widget-image\" data-id=\"f6e43f4\" data-element_type=\"widget\" data-widget_type=\"image.default\">\n\t\t\t\t<div class=\"elementor-widget-container\">\n\t\t\t\t\t\t\t\t\t\t\t\t\t<img fetchpriority=\"high\" decoding=\"async\" width=\"1024\" height=\"683\" src=\"https:\/\/sites.usp.br\/ouvidoresdevozes\/wp-content\/uploads\/sites\/997\/2022\/01\/pexels-cottonbro-6943426-1024x683.jpg\" class=\"attachment-large size-large wp-image-1480\" alt=\"\" srcset=\"https:\/\/sites.usp.br\/ouvidoresdevozes\/wp-content\/uploads\/sites\/997\/2022\/01\/pexels-cottonbro-6943426-1024x683.jpg 1024w, https:\/\/sites.usp.br\/ouvidoresdevozes\/wp-content\/uploads\/sites\/997\/2022\/01\/pexels-cottonbro-6943426-300x200.jpg 300w, https:\/\/sites.usp.br\/ouvidoresdevozes\/wp-content\/uploads\/sites\/997\/2022\/01\/pexels-cottonbro-6943426-768x512.jpg 768w, https:\/\/sites.usp.br\/ouvidoresdevozes\/wp-content\/uploads\/sites\/997\/2022\/01\/pexels-cottonbro-6943426-1536x1024.jpg 1536w, https:\/\/sites.usp.br\/ouvidoresdevozes\/wp-content\/uploads\/sites\/997\/2022\/01\/pexels-cottonbro-6943426-2048x1365.jpg 2048w, https:\/\/sites.usp.br\/ouvidoresdevozes\/wp-content\/uploads\/sites\/997\/2022\/01\/pexels-cottonbro-6943426-272x182.jpg 272w, https:\/\/sites.usp.br\/ouvidoresdevozes\/wp-content\/uploads\/sites\/997\/2022\/01\/pexels-cottonbro-6943426-400x267.jpg 400w\" sizes=\"(max-width: 1024px) 100vw, 1024px\" \/>\t\t\t\t\t\t\t\t\t\t\t\t\t<\/div>\n\t\t\t\t<\/div>\n\t\t\t\t<div class=\"elementor-element elementor-element-80e8db4 elementor-widget elementor-widget-text-editor\" data-id=\"80e8db4\" data-element_type=\"widget\" data-widget_type=\"text-editor.default\">\n\t\t\t\t<div class=\"elementor-widget-container\">\n\t\t\t\t\t\t\t<p style=\"text-align: center;\"><span style=\"text-decoration: underline;\"><strong><a href=\"https:\/\/sites.usp.br\/ouvidoresdevozes\/multimidia\/para-assistir\/\" target=\"_blank\" rel=\"noopener\">Para Assistir<\/a><\/strong><\/span><\/p>\t\t\t\t\t\t<\/div>\n\t\t\t\t<\/div>\n\t\t\t\t\t<\/div>\n\t\t<\/div>\n\t\t\t\t<div class=\"elementor-column elementor-col-33 elementor-top-column elementor-element elementor-element-af0930e\" data-id=\"af0930e\" data-element_type=\"column\">\n\t\t\t<div class=\"elementor-widget-wrap elementor-element-populated\">\n\t\t\t\t\t\t<div class=\"elementor-element elementor-element-da1d9d4 elementor-widget elementor-widget-image\" data-id=\"da1d9d4\" data-element_type=\"widget\" data-widget_type=\"image.default\">\n\t\t\t\t<div class=\"elementor-widget-container\">\n\t\t\t\t\t\t\t\t\t\t\t\t\t<img decoding=\"async\" width=\"1024\" height=\"576\" src=\"https:\/\/sites.usp.br\/ouvidoresdevozes\/wp-content\/uploads\/sites\/997\/2021\/11\/person-gb8ae4d12f_1920-1024x576.jpg\" class=\"attachment-large size-large wp-image-1331\" alt=\"\" srcset=\"https:\/\/sites.usp.br\/ouvidoresdevozes\/wp-content\/uploads\/sites\/997\/2021\/11\/person-gb8ae4d12f_1920-1024x576.jpg 1024w, https:\/\/sites.usp.br\/ouvidoresdevozes\/wp-content\/uploads\/sites\/997\/2021\/11\/person-gb8ae4d12f_1920-300x169.jpg 300w, https:\/\/sites.usp.br\/ouvidoresdevozes\/wp-content\/uploads\/sites\/997\/2021\/11\/person-gb8ae4d12f_1920-768x432.jpg 768w, https:\/\/sites.usp.br\/ouvidoresdevozes\/wp-content\/uploads\/sites\/997\/2021\/11\/person-gb8ae4d12f_1920-1536x864.jpg 1536w, https:\/\/sites.usp.br\/ouvidoresdevozes\/wp-content\/uploads\/sites\/997\/2021\/11\/person-gb8ae4d12f_1920-310x174.jpg 310w, https:\/\/sites.usp.br\/ouvidoresdevozes\/wp-content\/uploads\/sites\/997\/2021\/11\/person-gb8ae4d12f_1920-400x225.jpg 400w, https:\/\/sites.usp.br\/ouvidoresdevozes\/wp-content\/uploads\/sites\/997\/2021\/11\/person-gb8ae4d12f_1920.jpg 1920w\" sizes=\"(max-width: 1024px) 100vw, 1024px\" \/>\t\t\t\t\t\t\t\t\t\t\t\t\t<\/div>\n\t\t\t\t<\/div>\n\t\t\t\t<div class=\"elementor-element elementor-element-981a0a5 elementor-widget elementor-widget-text-editor\" data-id=\"981a0a5\" data-element_type=\"widget\" data-widget_type=\"text-editor.default\">\n\t\t\t\t<div class=\"elementor-widget-container\">\n\t\t\t\t\t\t\t<p style=\"text-align: center;\"><span style=\"text-decoration: underline;\"><strong><a href=\"https:\/\/sites.usp.br\/ouvidoresdevozes\/multimidia\/para-ler\/\">Para Ler<\/a><\/strong><\/span><\/p>\t\t\t\t\t\t<\/div>\n\t\t\t\t<\/div>\n\t\t\t\t\t<\/div>\n\t\t<\/div>\n\t\t\t\t<div class=\"elementor-column elementor-col-33 elementor-top-column elementor-element elementor-element-83c93e6\" data-id=\"83c93e6\" data-element_type=\"column\">\n\t\t\t<div class=\"elementor-widget-wrap elementor-element-populated\">\n\t\t\t\t\t\t<div class=\"elementor-element elementor-element-c46d434 elementor-widget elementor-widget-image\" data-id=\"c46d434\" data-element_type=\"widget\" data-widget_type=\"image.default\">\n\t\t\t\t<div class=\"elementor-widget-container\">\n\t\t\t\t\t\t\t\t\t\t\t\t\t<img decoding=\"async\" width=\"412\" height=\"412\" src=\"https:\/\/sites.usp.br\/ouvidoresdevozes\/wp-content\/uploads\/sites\/997\/2021\/11\/blue.logo_.png.png\" class=\"attachment-large size-large wp-image-1335\" alt=\"\" srcset=\"https:\/\/sites.usp.br\/ouvidoresdevozes\/wp-content\/uploads\/sites\/997\/2021\/11\/blue.logo_.png.png 412w, https:\/\/sites.usp.br\/ouvidoresdevozes\/wp-content\/uploads\/sites\/997\/2021\/11\/blue.logo_.png-300x300.png 300w, https:\/\/sites.usp.br\/ouvidoresdevozes\/wp-content\/uploads\/sites\/997\/2021\/11\/blue.logo_.png-150x150.png 150w, https:\/\/sites.usp.br\/ouvidoresdevozes\/wp-content\/uploads\/sites\/997\/2021\/11\/blue.logo_.png-45x45.png 45w, https:\/\/sites.usp.br\/ouvidoresdevozes\/wp-content\/uploads\/sites\/997\/2021\/11\/blue.logo_.png-200x200.png 200w, https:\/\/sites.usp.br\/ouvidoresdevozes\/wp-content\/uploads\/sites\/997\/2021\/11\/blue.logo_.png-400x400.png 400w\" sizes=\"(max-width: 412px) 100vw, 412px\" \/>\t\t\t\t\t\t\t\t\t\t\t\t\t<\/div>\n\t\t\t\t<\/div>\n\t\t\t\t<div class=\"elementor-element elementor-element-c894200 elementor-widget elementor-widget-text-editor\" data-id=\"c894200\" data-element_type=\"widget\" data-widget_type=\"text-editor.default\">\n\t\t\t\t<div class=\"elementor-widget-container\">\n\t\t\t\t\t\t\t<p style=\"text-align: center;\"><span style=\"text-decoration: underline;\"><strong><a href=\"https:\/\/sites.usp.br\/ouvidoresdevozes\/multimidia\/acesse-tambem\/\" target=\"_blank\" rel=\"noopener\">Outras p\u00e1ginas sobre ouvir vozes<\/a><\/strong><\/span><\/p>\t\t\t\t\t\t<\/div>\n\t\t\t\t<\/div>\n\t\t\t\t\t<\/div>\n\t\t<\/div>\n\t\t\t\t\t<\/div>\n\t\t<\/section>\n\t\t\t\t<\/div>\n\t\t","protected":false},"excerpt":{"rendered":"<p>Multimidia Aqui voc\u00ea encontrar\u00e1 diferentes materiais, indica\u00e7\u00f5es de leitura, filmes e document\u00e1rios que abordam a audi\u00e7\u00e3o de vozes e o recovery em sa\u00fade mental. Links para p\u00e1ginas internacionais e redes sociais. Para Assistir Para Ler Outras p\u00e1ginas sobre ouvir vozes<\/p>\n","protected":false},"author":1,"featured_media":0,"parent":0,"menu_order":0,"comment_status":"closed","ping_status":"closed","template":"elementor_header_footer","meta":{"footnotes":"","_links_to":"","_links_to_target":""},"class_list":["post-355","page","type-page","status-publish","hentry","entry"],"_links":{"self":[{"href":"https:\/\/sites.usp.br\/ouvidoresdevozes\/wp-json\/wp\/v2\/pages\/355","targetHints":{"allow":["GET"]}}],"collection":[{"href":"https:\/\/sites.usp.br\/ouvidoresdevozes\/wp-json\/wp\/v2\/pages"}],"about":[{"href":"https:\/\/sites.usp.br\/ouvidoresdevozes\/wp-json\/wp\/v2\/types\/page"}],"author":[{"embeddable":true,"href":"https:\/\/sites.usp.br\/ouvidoresdevozes\/wp-json\/wp\/v2\/users\/1"}],"replies":[{"embeddable":true,"href":"https:\/\/sites.usp.br\/ouvidoresdevozes\/wp-json\/wp\/v2\/comments?post=355"}],"version-history":[{"count":4,"href":"https:\/\/sites.usp.br\/ouvidoresdevozes\/wp-json\/wp\/v2\/pages\/355\/revisions"}],"predecessor-version":[{"id":1483,"href":"https:\/\/sites.usp.br\/ouvidoresdevozes\/wp-json\/wp\/v2\/pages\/355\/revisions\/1483"}],"wp:attachment":[{"href":"https:\/\/sites.usp.br\/ouvidoresdevozes\/wp-json\/wp\/v2\/media?parent=355"}],"curies":[{"name":"wp","href":"https:\/\/api.w.org\/{rel}","templated":true}]}}