{"id":64,"date":"2014-02-12T11:28:54","date_gmt":"2014-02-12T13:28:54","guid":{"rendered":"http:\/\/sites.usp.br\/ouvidoresdevozes\/?page_id=64"},"modified":"2021-12-09T15:07:35","modified_gmt":"2021-12-09T17:07:35","slug":"como-lidar","status":"publish","type":"page","link":"https:\/\/sites.usp.br\/ouvidoresdevozes\/como-lidar\/","title":{"rendered":"Como lidar"},"content":{"rendered":"\t\t<div data-elementor-type=\"wp-post\" data-elementor-id=\"64\" class=\"elementor elementor-64\" data-elementor-post-type=\"page\">\n\t\t\t\t\t\t<section class=\"elementor-section elementor-top-section elementor-element elementor-element-3932c09 elementor-section-boxed elementor-section-height-default elementor-section-height-default\" data-id=\"3932c09\" data-element_type=\"section\">\n\t\t\t\t\t\t<div class=\"elementor-container elementor-column-gap-default\">\n\t\t\t\t\t<div class=\"elementor-column elementor-col-100 elementor-top-column elementor-element elementor-element-30bbb94\" data-id=\"30bbb94\" data-element_type=\"column\">\n\t\t\t<div class=\"elementor-widget-wrap elementor-element-populated\">\n\t\t\t\t\t\t<div class=\"elementor-element elementor-element-d07699b elementor-widget elementor-widget-text-editor\" data-id=\"d07699b\" data-element_type=\"widget\" data-widget_type=\"text-editor.default\">\n\t\t\t\t<div class=\"elementor-widget-container\">\n\t\t\t\t\t\t\t<p>\u00a0<\/p><p><span style=\"font-weight: 400;\">Nessa sess\u00e3o voc\u00ea vai encontrar dicas de estrat\u00e9gias que utilizamos em situa\u00e7\u00f5es em que as vozes est\u00e3o altas ou agressivas. Al\u00e9m disso, como a familia e amigos podem ajudar em situa\u00e7\u00f5es mais desafiadoras.<\/span><\/p>\t\t\t\t\t\t<\/div>\n\t\t\t\t<\/div>\n\t\t\t\t<div class=\"elementor-element elementor-element-e9110d3 elementor-widget elementor-widget-spacer\" data-id=\"e9110d3\" data-element_type=\"widget\" data-widget_type=\"spacer.default\">\n\t\t\t\t<div class=\"elementor-widget-container\">\n\t\t\t\t\t<div class=\"elementor-spacer\">\n\t\t\t<div class=\"elementor-spacer-inner\"><\/div>\n\t\t<\/div>\n\t\t\t\t<\/div>\n\t\t\t\t<\/div>\n\t\t\t\t\t<\/div>\n\t\t<\/div>\n\t\t\t\t\t<\/div>\n\t\t<\/section>\n\t\t\t\t<section class=\"elementor-section elementor-top-section elementor-element elementor-element-d825ca1 elementor-section-boxed elementor-section-height-default elementor-section-height-default\" data-id=\"d825ca1\" data-element_type=\"section\">\n\t\t\t\t\t\t<div class=\"elementor-container elementor-column-gap-default\">\n\t\t\t\t\t<div class=\"elementor-column elementor-col-33 elementor-top-column elementor-element elementor-element-f5f06ab\" data-id=\"f5f06ab\" data-element_type=\"column\">\n\t\t\t<div class=\"elementor-widget-wrap elementor-element-populated\">\n\t\t\t\t\t\t<div class=\"elementor-element elementor-element-b7553a8 elementor-widget elementor-widget-image\" data-id=\"b7553a8\" data-element_type=\"widget\" data-widget_type=\"image.default\">\n\t\t\t\t<div class=\"elementor-widget-container\">\n\t\t\t\t\t\t\t\t\t\t\t\t\t<img fetchpriority=\"high\" decoding=\"async\" width=\"1024\" height=\"1024\" src=\"https:\/\/sites.usp.br\/ouvidoresdevozes\/wp-content\/uploads\/sites\/997\/2021\/09\/Encontre-as-estrategias-que-funcionam-para-voce-1-1024x1024.png\" class=\"attachment-large size-large wp-image-1010\" alt=\"\" srcset=\"https:\/\/sites.usp.br\/ouvidoresdevozes\/wp-content\/uploads\/sites\/997\/2021\/09\/Encontre-as-estrategias-que-funcionam-para-voce-1-1024x1024.png 1024w, https:\/\/sites.usp.br\/ouvidoresdevozes\/wp-content\/uploads\/sites\/997\/2021\/09\/Encontre-as-estrategias-que-funcionam-para-voce-1-300x300.png 300w, https:\/\/sites.usp.br\/ouvidoresdevozes\/wp-content\/uploads\/sites\/997\/2021\/09\/Encontre-as-estrategias-que-funcionam-para-voce-1-150x150.png 150w, https:\/\/sites.usp.br\/ouvidoresdevozes\/wp-content\/uploads\/sites\/997\/2021\/09\/Encontre-as-estrategias-que-funcionam-para-voce-1-768x768.png 768w, https:\/\/sites.usp.br\/ouvidoresdevozes\/wp-content\/uploads\/sites\/997\/2021\/09\/Encontre-as-estrategias-que-funcionam-para-voce-1-45x45.png 45w, https:\/\/sites.usp.br\/ouvidoresdevozes\/wp-content\/uploads\/sites\/997\/2021\/09\/Encontre-as-estrategias-que-funcionam-para-voce-1-200x200.png 200w, https:\/\/sites.usp.br\/ouvidoresdevozes\/wp-content\/uploads\/sites\/997\/2021\/09\/Encontre-as-estrategias-que-funcionam-para-voce-1-400x400.png 400w, https:\/\/sites.usp.br\/ouvidoresdevozes\/wp-content\/uploads\/sites\/997\/2021\/09\/Encontre-as-estrategias-que-funcionam-para-voce-1.png 1080w\" sizes=\"(max-width: 1024px) 100vw, 1024px\" \/>\t\t\t\t\t\t\t\t\t\t\t\t\t<\/div>\n\t\t\t\t<\/div>\n\t\t\t\t<div class=\"elementor-element elementor-element-f82ec05 elementor-widget elementor-widget-text-editor\" data-id=\"f82ec05\" data-element_type=\"widget\" data-widget_type=\"text-editor.default\">\n\t\t\t\t<div class=\"elementor-widget-container\">\n\t\t\t\t\t\t\t<p style=\"text-align: center;\"><strong><span style=\"text-decoration: underline;\"><a href=\"https:\/\/sites.usp.br\/ouvidoresdevozes\/dicionario-de-estrategias\/\">Dicion\u00e1rio de Estrat\u00e9gias<\/a><\/span><\/strong><\/p>\t\t\t\t\t\t<\/div>\n\t\t\t\t<\/div>\n\t\t\t\t\t<\/div>\n\t\t<\/div>\n\t\t\t\t<div class=\"elementor-column elementor-col-33 elementor-top-column elementor-element elementor-element-34fd303\" data-id=\"34fd303\" data-element_type=\"column\">\n\t\t\t<div class=\"elementor-widget-wrap elementor-element-populated\">\n\t\t\t\t\t\t<div class=\"elementor-element elementor-element-5a04a92 elementor-widget elementor-widget-image\" data-id=\"5a04a92\" data-element_type=\"widget\" data-widget_type=\"image.default\">\n\t\t\t\t<div class=\"elementor-widget-container\">\n\t\t\t\t\t\t\t\t\t\t\t\t\t<img decoding=\"async\" width=\"1024\" height=\"694\" src=\"https:\/\/sites.usp.br\/ouvidoresdevozes\/wp-content\/uploads\/sites\/997\/2021\/08\/pexels-fauxels-3184396-1-1024x694.jpg\" class=\"attachment-large size-large wp-image-994\" alt=\"\" srcset=\"https:\/\/sites.usp.br\/ouvidoresdevozes\/wp-content\/uploads\/sites\/997\/2021\/08\/pexels-fauxels-3184396-1-1024x694.jpg 1024w, https:\/\/sites.usp.br\/ouvidoresdevozes\/wp-content\/uploads\/sites\/997\/2021\/08\/pexels-fauxels-3184396-1-300x203.jpg 300w, https:\/\/sites.usp.br\/ouvidoresdevozes\/wp-content\/uploads\/sites\/997\/2021\/08\/pexels-fauxels-3184396-1-768x521.jpg 768w, https:\/\/sites.usp.br\/ouvidoresdevozes\/wp-content\/uploads\/sites\/997\/2021\/08\/pexels-fauxels-3184396-1-1536x1041.jpg 1536w, https:\/\/sites.usp.br\/ouvidoresdevozes\/wp-content\/uploads\/sites\/997\/2021\/08\/pexels-fauxels-3184396-1-2048x1388.jpg 2048w, https:\/\/sites.usp.br\/ouvidoresdevozes\/wp-content\/uploads\/sites\/997\/2021\/08\/pexels-fauxels-3184396-1-400x271.jpg 400w\" sizes=\"(max-width: 1024px) 100vw, 1024px\" \/>\t\t\t\t\t\t\t\t\t\t\t\t\t<\/div>\n\t\t\t\t<\/div>\n\t\t\t\t<div class=\"elementor-element elementor-element-3443d45 elementor-widget elementor-widget-text-editor\" data-id=\"3443d45\" data-element_type=\"widget\" data-widget_type=\"text-editor.default\">\n\t\t\t\t<div class=\"elementor-widget-container\">\n\t\t\t\t\t\t\t<p style=\"text-align: center;\"><span style=\"text-decoration: underline;\"><strong><a href=\"https:\/\/sites.usp.br\/ouvidoresdevozes\/como-familia-e-amigos-podem-ajudar\/\">Como fam\u00edlia e amigos podem ajudar?<\/a><\/strong><\/span><\/p>\t\t\t\t\t\t<\/div>\n\t\t\t\t<\/div>\n\t\t\t\t\t<\/div>\n\t\t<\/div>\n\t\t\t\t<div class=\"elementor-column elementor-col-33 elementor-top-column elementor-element elementor-element-e2a7f84\" data-id=\"e2a7f84\" data-element_type=\"column\">\n\t\t\t<div class=\"elementor-widget-wrap elementor-element-populated\">\n\t\t\t\t\t\t<div class=\"elementor-element elementor-element-09205fc elementor-widget elementor-widget-image\" data-id=\"09205fc\" data-element_type=\"widget\" data-widget_type=\"image.default\">\n\t\t\t\t<div class=\"elementor-widget-container\">\n\t\t\t\t\t\t\t\t\t\t\t\t\t<img decoding=\"async\" width=\"1024\" height=\"768\" src=\"https:\/\/sites.usp.br\/ouvidoresdevozes\/wp-content\/uploads\/sites\/997\/2021\/10\/image_6483441.jpg\" class=\"attachment-large size-large wp-image-1305\" alt=\"\" srcset=\"https:\/\/sites.usp.br\/ouvidoresdevozes\/wp-content\/uploads\/sites\/997\/2021\/10\/image_6483441.jpg 1024w, https:\/\/sites.usp.br\/ouvidoresdevozes\/wp-content\/uploads\/sites\/997\/2021\/10\/image_6483441-300x225.jpg 300w, https:\/\/sites.usp.br\/ouvidoresdevozes\/wp-content\/uploads\/sites\/997\/2021\/10\/image_6483441-768x576.jpg 768w, https:\/\/sites.usp.br\/ouvidoresdevozes\/wp-content\/uploads\/sites\/997\/2021\/10\/image_6483441-80x60.jpg 80w, https:\/\/sites.usp.br\/ouvidoresdevozes\/wp-content\/uploads\/sites\/997\/2021\/10\/image_6483441-400x300.jpg 400w\" sizes=\"(max-width: 1024px) 100vw, 1024px\" \/>\t\t\t\t\t\t\t\t\t\t\t\t\t<\/div>\n\t\t\t\t<\/div>\n\t\t\t\t<div class=\"elementor-element elementor-element-ce15040 elementor-widget elementor-widget-text-editor\" data-id=\"ce15040\" data-element_type=\"widget\" data-widget_type=\"text-editor.default\">\n\t\t\t\t<div class=\"elementor-widget-container\">\n\t\t\t\t\t\t\t<p style=\"text-align: center;\"><span style=\"text-decoration: underline;\"><strong><a href=\"https:\/\/sites.usp.br\/ouvidoresdevozes\/nossas-historias\/\">Nossas hist\u00f3rias<\/a><\/strong><\/span><\/p>\t\t\t\t\t\t<\/div>\n\t\t\t\t<\/div>\n\t\t\t\t\t<\/div>\n\t\t<\/div>\n\t\t\t\t\t<\/div>\n\t\t<\/section>\n\t\t\t\t<\/div>\n\t\t","protected":false},"excerpt":{"rendered":"<p>\u00a0 Nessa sess\u00e3o voc\u00ea vai encontrar dicas de estrat\u00e9gias que utilizamos em situa\u00e7\u00f5es em que as vozes est\u00e3o altas ou agressivas. Al\u00e9m disso, como a familia e amigos podem ajudar em situa\u00e7\u00f5es mais desafiadoras. Dicion\u00e1rio de Estrat\u00e9gias Como fam\u00edlia e amigos podem ajudar? Nossas hist\u00f3rias<\/p>\n","protected":false},"author":1,"featured_media":0,"parent":0,"menu_order":0,"comment_status":"closed","ping_status":"closed","template":"elementor_header_footer","meta":{"footnotes":"","_links_to":"","_links_to_target":""},"class_list":["post-64","page","type-page","status-publish","hentry","entry"],"_links":{"self":[{"href":"https:\/\/sites.usp.br\/ouvidoresdevozes\/wp-json\/wp\/v2\/pages\/64","targetHints":{"allow":["GET"]}}],"collection":[{"href":"https:\/\/sites.usp.br\/ouvidoresdevozes\/wp-json\/wp\/v2\/pages"}],"about":[{"href":"https:\/\/sites.usp.br\/ouvidoresdevozes\/wp-json\/wp\/v2\/types\/page"}],"author":[{"embeddable":true,"href":"https:\/\/sites.usp.br\/ouvidoresdevozes\/wp-json\/wp\/v2\/users\/1"}],"replies":[{"embeddable":true,"href":"https:\/\/sites.usp.br\/ouvidoresdevozes\/wp-json\/wp\/v2\/comments?post=64"}],"version-history":[{"count":4,"href":"https:\/\/sites.usp.br\/ouvidoresdevozes\/wp-json\/wp\/v2\/pages\/64\/revisions"}],"predecessor-version":[{"id":1416,"href":"https:\/\/sites.usp.br\/ouvidoresdevozes\/wp-json\/wp\/v2\/pages\/64\/revisions\/1416"}],"wp:attachment":[{"href":"https:\/\/sites.usp.br\/ouvidoresdevozes\/wp-json\/wp\/v2\/media?parent=64"}],"curies":[{"name":"wp","href":"https:\/\/api.w.org\/{rel}","templated":true}]}}