{"id":717,"date":"2021-08-27T14:31:05","date_gmt":"2021-08-27T16:31:05","guid":{"rendered":"https:\/\/sites.usp.br\/ouvidoresdevozes\/?page_id=717"},"modified":"2022-03-09T10:38:05","modified_gmt":"2022-03-09T12:38:05","slug":"nossas-historias","status":"publish","type":"page","link":"https:\/\/sites.usp.br\/ouvidoresdevozes\/nossas-historias\/","title":{"rendered":"Nossas hist\u00f3rias"},"content":{"rendered":"\t\t<div data-elementor-type=\"wp-page\" data-elementor-id=\"717\" class=\"elementor elementor-717\" data-elementor-post-type=\"page\">\n\t\t\t\t\t\t<section class=\"elementor-section elementor-top-section elementor-element elementor-element-1f84ae7 elementor-section-boxed elementor-section-height-default elementor-section-height-default\" data-id=\"1f84ae7\" data-element_type=\"section\">\n\t\t\t\t\t\t<div class=\"elementor-container elementor-column-gap-default\">\n\t\t\t\t\t<div class=\"elementor-column elementor-col-100 elementor-top-column elementor-element elementor-element-495fd76\" data-id=\"495fd76\" data-element_type=\"column\">\n\t\t\t<div class=\"elementor-widget-wrap elementor-element-populated\">\n\t\t\t\t\t\t<div class=\"elementor-element elementor-element-55d0e77 elementor-widget elementor-widget-spacer\" data-id=\"55d0e77\" data-element_type=\"widget\" data-widget_type=\"spacer.default\">\n\t\t\t\t<div class=\"elementor-widget-container\">\n\t\t\t\t\t<div class=\"elementor-spacer\">\n\t\t\t<div class=\"elementor-spacer-inner\"><\/div>\n\t\t<\/div>\n\t\t\t\t<\/div>\n\t\t\t\t<\/div>\n\t\t\t\t<div class=\"elementor-element elementor-element-6a8ac98 elementor-widget elementor-widget-heading\" data-id=\"6a8ac98\" data-element_type=\"widget\" data-widget_type=\"heading.default\">\n\t\t\t\t<div class=\"elementor-widget-container\">\n\t\t\t<h2 class=\"elementor-heading-title elementor-size-default\">Nossas hist\u00f3rias<\/h2>\t\t<\/div>\n\t\t\t\t<\/div>\n\t\t\t\t<div class=\"elementor-element elementor-element-5183904 elementor-widget elementor-widget-spacer\" data-id=\"5183904\" data-element_type=\"widget\" data-widget_type=\"spacer.default\">\n\t\t\t\t<div class=\"elementor-widget-container\">\n\t\t\t\t\t<div class=\"elementor-spacer\">\n\t\t\t<div class=\"elementor-spacer-inner\"><\/div>\n\t\t<\/div>\n\t\t\t\t<\/div>\n\t\t\t\t<\/div>\n\t\t\t\t\t<\/div>\n\t\t<\/div>\n\t\t\t\t\t<\/div>\n\t\t<\/section>\n\t\t\t\t<section class=\"elementor-section elementor-top-section elementor-element elementor-element-2e0c701 elementor-section-boxed elementor-section-height-default elementor-section-height-default\" data-id=\"2e0c701\" data-element_type=\"section\">\n\t\t\t\t\t\t<div class=\"elementor-container elementor-column-gap-default\">\n\t\t\t\t\t<div class=\"elementor-column elementor-col-100 elementor-top-column elementor-element elementor-element-b4b36a9\" data-id=\"b4b36a9\" data-element_type=\"column\">\n\t\t\t<div class=\"elementor-widget-wrap elementor-element-populated\">\n\t\t\t\t\t\t<div class=\"elementor-element elementor-element-3aab38f elementor-widget elementor-widget-image\" data-id=\"3aab38f\" data-element_type=\"widget\" data-widget_type=\"image.default\">\n\t\t\t\t<div class=\"elementor-widget-container\">\n\t\t\t\t\t\t\t\t\t\t<figure class=\"wp-caption\">\n\t\t\t\t\t\t\t\t\t\t<img fetchpriority=\"high\" decoding=\"async\" width=\"1024\" height=\"576\" src=\"https:\/\/sites.usp.br\/ouvidoresdevozes\/wp-content\/uploads\/sites\/997\/2022\/01\/LTA-1-1024x576.jpg\" class=\"attachment-large size-large wp-image-1567\" alt=\"\" srcset=\"https:\/\/sites.usp.br\/ouvidoresdevozes\/wp-content\/uploads\/sites\/997\/2022\/01\/LTA-1-1024x576.jpg 1024w, https:\/\/sites.usp.br\/ouvidoresdevozes\/wp-content\/uploads\/sites\/997\/2022\/01\/LTA-1-300x169.jpg 300w, https:\/\/sites.usp.br\/ouvidoresdevozes\/wp-content\/uploads\/sites\/997\/2022\/01\/LTA-1-768x432.jpg 768w, https:\/\/sites.usp.br\/ouvidoresdevozes\/wp-content\/uploads\/sites\/997\/2022\/01\/LTA-1-310x174.jpg 310w, https:\/\/sites.usp.br\/ouvidoresdevozes\/wp-content\/uploads\/sites\/997\/2022\/01\/LTA-1-400x225.jpg 400w, https:\/\/sites.usp.br\/ouvidoresdevozes\/wp-content\/uploads\/sites\/997\/2022\/01\/LTA-1.jpg 1280w\" sizes=\"(max-width: 1024px) 100vw, 1024px\" \/>\t\t\t\t\t\t\t\t\t\t\t<figcaption class=\"widget-image-caption wp-caption-text\">(Cr\u00e9ditos de imagem para Yevgenia Nayberg)<\/figcaption>\n\t\t\t\t\t\t\t\t\t\t<\/figure>\n\t\t\t\t\t\t\t<\/div>\n\t\t\t\t<\/div>\n\t\t\t\t<div class=\"elementor-element elementor-element-1375d74 elementor-widget elementor-widget-spacer\" data-id=\"1375d74\" data-element_type=\"widget\" data-widget_type=\"spacer.default\">\n\t\t\t\t<div class=\"elementor-widget-container\">\n\t\t\t\t\t<div class=\"elementor-spacer\">\n\t\t\t<div class=\"elementor-spacer-inner\"><\/div>\n\t\t<\/div>\n\t\t\t\t<\/div>\n\t\t\t\t<\/div>\n\t\t\t\t\t<\/div>\n\t\t<\/div>\n\t\t\t\t\t<\/div>\n\t\t<\/section>\n\t\t\t\t<section class=\"elementor-section elementor-top-section elementor-element elementor-element-4917c01 elementor-section-boxed elementor-section-height-default elementor-section-height-default\" data-id=\"4917c01\" data-element_type=\"section\" data-settings=\"{&quot;background_background&quot;:&quot;classic&quot;}\">\n\t\t\t\t\t\t<div class=\"elementor-container elementor-column-gap-default\">\n\t\t\t\t\t<div class=\"elementor-column elementor-col-100 elementor-top-column elementor-element elementor-element-05d3f37\" data-id=\"05d3f37\" data-element_type=\"column\">\n\t\t\t<div class=\"elementor-widget-wrap elementor-element-populated\">\n\t\t\t\t\t\t<div class=\"elementor-element elementor-element-e2d9d1c elementor-testimonial--skin-default elementor-testimonial--layout-image_inline elementor-testimonial--align-center elementor-arrows-yes elementor-pagination-type-bullets elementor-widget elementor-widget-testimonial-carousel\" data-id=\"e2d9d1c\" data-element_type=\"widget\" data-settings=\"{&quot;show_arrows&quot;:&quot;yes&quot;,&quot;pagination&quot;:&quot;bullets&quot;,&quot;speed&quot;:500,&quot;autoplay&quot;:&quot;yes&quot;,&quot;autoplay_speed&quot;:5000,&quot;loop&quot;:&quot;yes&quot;,&quot;pause_on_hover&quot;:&quot;yes&quot;,&quot;pause_on_interaction&quot;:&quot;yes&quot;,&quot;space_between&quot;:{&quot;unit&quot;:&quot;px&quot;,&quot;size&quot;:10,&quot;sizes&quot;:[]},&quot;space_between_tablet&quot;:{&quot;unit&quot;:&quot;px&quot;,&quot;size&quot;:10,&quot;sizes&quot;:[]},&quot;space_between_mobile&quot;:{&quot;unit&quot;:&quot;px&quot;,&quot;size&quot;:10,&quot;sizes&quot;:[]}}\" data-widget_type=\"testimonial-carousel.default\">\n\t\t\t\t<div class=\"elementor-widget-container\">\n\t\t\t\t\t<div class=\"elementor-swiper\">\n\t\t\t<div class=\"elementor-main-swiper swiper\">\n\t\t\t\t<div class=\"swiper-wrapper\">\n\t\t\t\t\t\t\t\t\t\t\t<div class=\"swiper-slide\">\n\t\t\t\t\t\t\t\t\t<div class=\"elementor-testimonial\">\n\t\t\t\t\t\t\t<div class=\"elementor-testimonial__content\">\n\t\t\t\t\t<div class=\"elementor-testimonial__text\">\n\t\t\t\t\t\t\"Eu aprendi no grupo a partir do que as outras pessoas falavam, eu me identificava com aquilo.\"\t\t\t\t\t<\/div>\n\t\t\t\t\t\t\t\t\t<\/div>\n\t\t\t\t\t\t<div class=\"elementor-testimonial__footer\">\n\t\t\t\t\t\t\t\t\t<div class=\"elementor-testimonial__image\">\n\t\t\t\t\t\t<img decoding=\"async\" src=\"https:\/\/sites.usp.br\/ouvidoresdevozes\/wp-content\/uploads\/sites\/997\/2021\/09\/2.png\" alt=\"L.T.A\">\n\t\t\t\t\t\t\t\t\t\t\t<\/div>\n\t\t\t\t\t\t\t\t<cite class=\"elementor-testimonial__cite\"><span class=\"elementor-testimonial__name\">L.T.A<\/span><span class=\"elementor-testimonial__title\">Especialista por experi\u00eancia<\/span><\/cite>\t\t\t<\/div>\n\t\t<\/div>\n\t\t\t\t\t\t\t\t<\/div>\n\t\t\t\t\t\t\t\t\t\t\t<div class=\"swiper-slide\">\n\t\t\t\t\t\t\t\t\t<div class=\"elementor-testimonial\">\n\t\t\t\t\t\t\t<div class=\"elementor-testimonial__content\">\n\t\t\t\t\t<div class=\"elementor-testimonial__text\">\n\t\t\t\t\t\t\"Se voc\u00ea controlar as vozes, voc\u00ea consegue ter uma vida melhor.\"\t\t\t\t\t<\/div>\n\t\t\t\t\t\t\t\t\t<\/div>\n\t\t\t\t\t\t<div class=\"elementor-testimonial__footer\">\n\t\t\t\t\t\t\t\t\t<div class=\"elementor-testimonial__image\">\n\t\t\t\t\t\t<img decoding=\"async\" src=\"https:\/\/sites.usp.br\/ouvidoresdevozes\/wp-content\/uploads\/sites\/997\/2021\/09\/2.png\" alt=\"R.U.C\">\n\t\t\t\t\t\t\t\t\t\t\t<\/div>\n\t\t\t\t\t\t\t\t<cite class=\"elementor-testimonial__cite\"><span class=\"elementor-testimonial__name\">R.U.C<\/span><span class=\"elementor-testimonial__title\">Especialista por experi\u00eancia<\/span><\/cite>\t\t\t<\/div>\n\t\t<\/div>\n\t\t\t\t\t\t\t\t<\/div>\n\t\t\t\t\t\t\t\t\t\t\t<div class=\"swiper-slide\">\n\t\t\t\t\t\t\t\t\t<div class=\"elementor-testimonial\">\n\t\t\t\t\t\t\t<div class=\"elementor-testimonial__content\">\n\t\t\t\t\t<div class=\"elementor-testimonial__text\">\n\t\t\t\t\t\t\"Eu escuto vozes h\u00e1 um bom tempo, mas nunca tive coragem de comentar com ningu\u00e9m por medo de preconceito.\"\t\t\t\t\t<\/div>\n\t\t\t\t\t\t\t\t\t<\/div>\n\t\t\t\t\t\t<div class=\"elementor-testimonial__footer\">\n\t\t\t\t\t\t\t\t\t<div class=\"elementor-testimonial__image\">\n\t\t\t\t\t\t<img decoding=\"async\" src=\"https:\/\/sites.usp.br\/ouvidoresdevozes\/wp-content\/uploads\/sites\/997\/2021\/09\/2.png\" alt=\"D.S\">\n\t\t\t\t\t\t\t\t\t\t\t<\/div>\n\t\t\t\t\t\t\t\t<cite class=\"elementor-testimonial__cite\"><span class=\"elementor-testimonial__name\">D.S<\/span><span class=\"elementor-testimonial__title\">Especialista por experi\u00eancia<\/span><\/cite>\t\t\t<\/div>\n\t\t<\/div>\n\t\t\t\t\t\t\t\t<\/div>\n\t\t\t\t\t\t\t\t\t<\/div>\n\t\t\t\t\t\t\t\t\t\t\t\t\t\t\t<div class=\"swiper-pagination\"><\/div>\n\t\t\t\t\t\t\t\t\t\t\t\t\t\t\t\t<div class=\"elementor-swiper-button elementor-swiper-button-prev\" role=\"button\" tabindex=\"0\">\n\t\t\t\t\t\t\t<i aria-hidden=\"true\" class=\"eicon-chevron-left\"><\/i>\t\t\t\t\t\t\t<span class=\"elementor-screen-only\">Anterior<\/span>\n\t\t\t\t\t\t<\/div>\n\t\t\t\t\t\t<div class=\"elementor-swiper-button elementor-swiper-button-next\" role=\"button\" tabindex=\"0\">\n\t\t\t\t\t\t\t<i aria-hidden=\"true\" class=\"eicon-chevron-right\"><\/i>\t\t\t\t\t\t\t<span class=\"elementor-screen-only\">Pr\u00f3ximo<\/span>\n\t\t\t\t\t\t<\/div>\n\t\t\t\t\t\t\t\t\t\t\t\t<\/div>\n\t\t<\/div>\n\t\t\t\t<\/div>\n\t\t\t\t<\/div>\n\t\t\t\t<div class=\"elementor-element elementor-element-f377623 elementor-widget elementor-widget-spacer\" data-id=\"f377623\" data-element_type=\"widget\" data-widget_type=\"spacer.default\">\n\t\t\t\t<div class=\"elementor-widget-container\">\n\t\t\t\t\t<div class=\"elementor-spacer\">\n\t\t\t<div class=\"elementor-spacer-inner\"><\/div>\n\t\t<\/div>\n\t\t\t\t<\/div>\n\t\t\t\t<\/div>\n\t\t\t\t\t<\/div>\n\t\t<\/div>\n\t\t\t\t\t<\/div>\n\t\t<\/section>\n\t\t\t\t<section class=\"elementor-section elementor-top-section elementor-element elementor-element-24593f0 elementor-section-boxed elementor-section-height-default elementor-section-height-default\" data-id=\"24593f0\" data-element_type=\"section\">\n\t\t\t\t\t\t<div class=\"elementor-container elementor-column-gap-default\">\n\t\t\t\t\t<div class=\"elementor-column elementor-col-50 elementor-top-column elementor-element elementor-element-7e1f5a4\" data-id=\"7e1f5a4\" data-element_type=\"column\">\n\t\t\t<div class=\"elementor-widget-wrap elementor-element-populated\">\n\t\t\t\t\t\t<div class=\"elementor-element elementor-element-d1e6858 elementor-widget elementor-widget-text-editor\" data-id=\"d1e6858\" data-element_type=\"widget\" data-widget_type=\"text-editor.default\">\n\t\t\t\t<div class=\"elementor-widget-container\">\n\t\t\t\t\t\t\t<p style=\"text-align: center;\">\u201c<em>Eu vejo que desisti de muitas coisas por causa das vozes, hoje eu vejo que posso fazer essas coisas de um jeito diferente. Levou quase 5 anos para eu descobrir o que as vozes queriam dizer. As vozes queriam me falar uma outra coisa, havia uma mensagem por detr\u00e1s. Eu fiquei esses 5 anos sem orar por causa das vozes. Hoje eu entendo que eu estava orando magoado e isso influenciava no conte\u00fado das vozes. Agora eu tenho um controle maior, sobre as vozes, sobre mim mesmo e um conhecimento bem maior.<\/em>\u201d<\/p><p style=\"text-align: center;\">(L.T.A. &#8211; Especialista por experi\u00eancia)<\/p>\t\t\t\t\t\t<\/div>\n\t\t\t\t<\/div>\n\t\t\t\t\t<\/div>\n\t\t<\/div>\n\t\t\t\t<div class=\"elementor-column elementor-col-50 elementor-top-column elementor-element elementor-element-c6b12f3\" data-id=\"c6b12f3\" data-element_type=\"column\">\n\t\t\t<div class=\"elementor-widget-wrap elementor-element-populated\">\n\t\t\t\t\t\t<div class=\"elementor-element elementor-element-bf35917 elementor-widget elementor-widget-image\" data-id=\"bf35917\" data-element_type=\"widget\" data-widget_type=\"image.default\">\n\t\t\t\t<div class=\"elementor-widget-container\">\n\t\t\t\t\t\t\t\t\t\t\t\t\t<img decoding=\"async\" width=\"1024\" height=\"1024\" src=\"https:\/\/sites.usp.br\/ouvidoresdevozes\/wp-content\/uploads\/sites\/997\/2021\/09\/2-1024x1024.png\" class=\"attachment-large size-large wp-image-1152\" alt=\"\" srcset=\"https:\/\/sites.usp.br\/ouvidoresdevozes\/wp-content\/uploads\/sites\/997\/2021\/09\/2-1024x1024.png 1024w, https:\/\/sites.usp.br\/ouvidoresdevozes\/wp-content\/uploads\/sites\/997\/2021\/09\/2-300x300.png 300w, https:\/\/sites.usp.br\/ouvidoresdevozes\/wp-content\/uploads\/sites\/997\/2021\/09\/2-150x150.png 150w, https:\/\/sites.usp.br\/ouvidoresdevozes\/wp-content\/uploads\/sites\/997\/2021\/09\/2-768x768.png 768w, https:\/\/sites.usp.br\/ouvidoresdevozes\/wp-content\/uploads\/sites\/997\/2021\/09\/2-45x45.png 45w, https:\/\/sites.usp.br\/ouvidoresdevozes\/wp-content\/uploads\/sites\/997\/2021\/09\/2-200x200.png 200w, https:\/\/sites.usp.br\/ouvidoresdevozes\/wp-content\/uploads\/sites\/997\/2021\/09\/2-400x400.png 400w, https:\/\/sites.usp.br\/ouvidoresdevozes\/wp-content\/uploads\/sites\/997\/2021\/09\/2.png 1500w\" sizes=\"(max-width: 1024px) 100vw, 1024px\" \/>\t\t\t\t\t\t\t\t\t\t\t\t\t<\/div>\n\t\t\t\t<\/div>\n\t\t\t\t\t<\/div>\n\t\t<\/div>\n\t\t\t\t\t<\/div>\n\t\t<\/section>\n\t\t\t\t<section class=\"elementor-section elementor-top-section elementor-element elementor-element-cd411fe elementor-section-boxed elementor-section-height-default elementor-section-height-default\" data-id=\"cd411fe\" data-element_type=\"section\">\n\t\t\t\t\t\t<div class=\"elementor-container elementor-column-gap-default\">\n\t\t\t\t\t<div class=\"elementor-column elementor-col-100 elementor-top-column elementor-element elementor-element-55e5b16\" data-id=\"55e5b16\" data-element_type=\"column\">\n\t\t\t<div class=\"elementor-widget-wrap elementor-element-populated\">\n\t\t\t\t\t\t<div class=\"elementor-element elementor-element-e060edd elementor-widget elementor-widget-spacer\" data-id=\"e060edd\" data-element_type=\"widget\" data-widget_type=\"spacer.default\">\n\t\t\t\t<div class=\"elementor-widget-container\">\n\t\t\t\t\t<div class=\"elementor-spacer\">\n\t\t\t<div class=\"elementor-spacer-inner\"><\/div>\n\t\t<\/div>\n\t\t\t\t<\/div>\n\t\t\t\t<\/div>\n\t\t\t\t<div class=\"elementor-element elementor-element-81a9d3e elementor-widget elementor-widget-text-editor\" data-id=\"81a9d3e\" data-element_type=\"widget\" data-widget_type=\"text-editor.default\">\n\t\t\t\t<div class=\"elementor-widget-container\">\n\t\t\t\t\t\t\t<p><i>\u201cA primeira vez que eu ouvi vozes, foi quando eu ouvi vozes dos meus pais me chamando. A\u00ed quando cheguei l\u00e1, n\u00e3o tinha ningu\u00e9m me chamando. Eu perguntei para eles se eles me chamaram, mas meu pai estava dormindo e minha m\u00e3e disse que n\u00e3o. At\u00e9 ent\u00e3o eu achei que era uma brincadeira deles. Depois disso eu comecei a ouvir outras vozes, de conhecidos e desconhecidos. Eu achava que essas vozes e essas pessoas estavam me vigiando.\u201d\u00a0 (&#8230;) \u201cAs vozes me falavam coisas, me chamavam por apelido ou falavam para fazer algo. Dentre as vozes que eu ouvia, umas davam a entender que umas pessoas queriam me ajudar e que outras queriam meu mal.\u201d<\/i><\/p><p>(W.J. &#8211; Especialista por experi\u00eancia)<\/p>\t\t\t\t\t\t<\/div>\n\t\t\t\t<\/div>\n\t\t\t\t<div class=\"elementor-element elementor-element-3152ac3 elementor-widget elementor-widget-spacer\" data-id=\"3152ac3\" data-element_type=\"widget\" data-widget_type=\"spacer.default\">\n\t\t\t\t<div class=\"elementor-widget-container\">\n\t\t\t\t\t<div class=\"elementor-spacer\">\n\t\t\t<div class=\"elementor-spacer-inner\"><\/div>\n\t\t<\/div>\n\t\t\t\t<\/div>\n\t\t\t\t<\/div>\n\t\t\t\t\t<\/div>\n\t\t<\/div>\n\t\t\t\t\t<\/div>\n\t\t<\/section>\n\t\t\t\t<section class=\"elementor-section elementor-top-section elementor-element elementor-element-f7eea73 elementor-section-boxed elementor-section-height-default elementor-section-height-default\" data-id=\"f7eea73\" data-element_type=\"section\">\n\t\t\t\t\t\t<div class=\"elementor-container elementor-column-gap-default\">\n\t\t\t\t\t<div class=\"elementor-column elementor-col-100 elementor-top-column elementor-element elementor-element-fbaaf3f\" data-id=\"fbaaf3f\" data-element_type=\"column\">\n\t\t\t<div class=\"elementor-widget-wrap elementor-element-populated\">\n\t\t\t\t\t\t<div class=\"elementor-element elementor-element-59ec856 elementor-widget elementor-widget-text-editor\" data-id=\"59ec856\" data-element_type=\"widget\" data-widget_type=\"text-editor.default\">\n\t\t\t\t<div class=\"elementor-widget-container\">\n\t\t\t\t\t\t\t<p><em>\u201cSobre a minha experi\u00eancia no grupo de ouvidores de vozes foi que eu aprendi a lidar melhor com as minhas vozes. Tamb\u00e9m conheci novas pessoas que ouvem vozes e acabei fazendo boas amizades. O grupo para mim hoje \u00e9 uma rede de apoio! A gente se ajuda, sempre tem algu\u00e9m presente quando um ou outro est\u00e1 ouvindo muitas vozes, vendo vultos ou quando algu\u00e9m est\u00e1 com algum problema. Sempre tentamos ajudar. L\u00e1 tem pessoas muito experientes que conseguem lidar com as experi\u00eancias. Vejo que pessoas novas que n\u00e3o conseguem lidar com as vozes v\u00e3o gostando do grupo, acabam ficando e participando dos encontros. Eu hoje estou ajudando as pessoas, pois no grupo eu aprendi algumas coisas e hoje consigo passar para frente.\u201d<\/em><\/p><p>(M.M. &#8211; Especialista por experi\u00eancia)<\/p>\t\t\t\t\t\t<\/div>\n\t\t\t\t<\/div>\n\t\t\t\t<div class=\"elementor-element elementor-element-27f5872 elementor-widget elementor-widget-spacer\" data-id=\"27f5872\" data-element_type=\"widget\" data-widget_type=\"spacer.default\">\n\t\t\t\t<div class=\"elementor-widget-container\">\n\t\t\t\t\t<div class=\"elementor-spacer\">\n\t\t\t<div class=\"elementor-spacer-inner\"><\/div>\n\t\t<\/div>\n\t\t\t\t<\/div>\n\t\t\t\t<\/div>\n\t\t\t\t\t<\/div>\n\t\t<\/div>\n\t\t\t\t\t<\/div>\n\t\t<\/section>\n\t\t\t\t<section class=\"elementor-section elementor-top-section elementor-element elementor-element-024b6e1 elementor-section-boxed elementor-section-height-default elementor-section-height-default\" data-id=\"024b6e1\" data-element_type=\"section\">\n\t\t\t\t\t\t<div class=\"elementor-container elementor-column-gap-default\">\n\t\t\t\t\t<div class=\"elementor-column elementor-col-33 elementor-top-column elementor-element elementor-element-487dc1d\" data-id=\"487dc1d\" data-element_type=\"column\">\n\t\t\t<div class=\"elementor-widget-wrap elementor-element-populated\">\n\t\t\t\t\t\t<div class=\"elementor-element elementor-element-2c848db elementor-widget elementor-widget-image\" data-id=\"2c848db\" data-element_type=\"widget\" data-widget_type=\"image.default\">\n\t\t\t\t<div class=\"elementor-widget-container\">\n\t\t\t\t\t\t\t\t\t\t<figure class=\"wp-caption\">\n\t\t\t\t\t\t\t\t\t\t<img decoding=\"async\" width=\"493\" height=\"572\" src=\"https:\/\/sites.usp.br\/ouvidoresdevozes\/wp-content\/uploads\/sites\/997\/2022\/02\/credito-de-imagem-the-boy-2017.jpg\" class=\"attachment-large size-large wp-image-1595\" alt=\"\" srcset=\"https:\/\/sites.usp.br\/ouvidoresdevozes\/wp-content\/uploads\/sites\/997\/2022\/02\/credito-de-imagem-the-boy-2017.jpg 493w, https:\/\/sites.usp.br\/ouvidoresdevozes\/wp-content\/uploads\/sites\/997\/2022\/02\/credito-de-imagem-the-boy-2017-259x300.jpg 259w, https:\/\/sites.usp.br\/ouvidoresdevozes\/wp-content\/uploads\/sites\/997\/2022\/02\/credito-de-imagem-the-boy-2017-400x464.jpg 400w\" sizes=\"(max-width: 493px) 100vw, 493px\" \/>\t\t\t\t\t\t\t\t\t\t\t<figcaption class=\"widget-image-caption wp-caption-text\">(Cr\u00e9ditos de imagem para The boy - 2017)<\/figcaption>\n\t\t\t\t\t\t\t\t\t\t<\/figure>\n\t\t\t\t\t\t\t<\/div>\n\t\t\t\t<\/div>\n\t\t\t\t\t<\/div>\n\t\t<\/div>\n\t\t\t\t<div class=\"elementor-column elementor-col-66 elementor-top-column elementor-element elementor-element-c69ccd1\" data-id=\"c69ccd1\" data-element_type=\"column\">\n\t\t\t<div class=\"elementor-widget-wrap elementor-element-populated\">\n\t\t\t\t\t\t<div class=\"elementor-element elementor-element-d01a86d elementor-widget elementor-widget-text-editor\" data-id=\"d01a86d\" data-element_type=\"widget\" data-widget_type=\"text-editor.default\">\n\t\t\t\t<div class=\"elementor-widget-container\">\n\t\t\t\t\t\t\t<p style=\"text-align: center;\"><em>\u201cEu acho que eu tinha uma vida normal e fazia tudo que eu queria, de repente eu comecei a escutar uma voz querendo que eu me matasse. Eu tentei suic\u00eddio e fui levado ao hospital e n\u00e3o entendia o que era aquilo. Fiquei uma semana internado e me deram um diagn\u00f3stico. Eu ouvia vozes e tinha que me tratar. Eu vivi muitas situa\u00e7\u00f5es ruins por causa das vozes e me mutilava. \u00a0No grupo eu pude conhecer melhor o que era aquilo. Me abriu para entender a voz. Hoje eu ainda escuto ela, mas tem hora que ela vem forte e eu preciso fazer algo. Eu aprendi jeitos de lidar com a voz junto com o pessoal do grupo. No grupo conheci outras pessoas. Hoje eu me identifiquei com a possibilidade de uma vida melhor mesmo com a minha voz.\u201d<\/em><\/p><p style=\"text-align: center;\">(R.U.C &#8211; Especialista por experi\u00eancia)<\/p>\t\t\t\t\t\t<\/div>\n\t\t\t\t<\/div>\n\t\t\t\t\t<\/div>\n\t\t<\/div>\n\t\t\t\t\t<\/div>\n\t\t<\/section>\n\t\t\t\t<section class=\"elementor-section elementor-top-section elementor-element elementor-element-1db2054 elementor-section-boxed elementor-section-height-default elementor-section-height-default\" data-id=\"1db2054\" data-element_type=\"section\">\n\t\t\t\t\t\t<div class=\"elementor-container elementor-column-gap-default\">\n\t\t\t\t\t<div class=\"elementor-column elementor-col-100 elementor-top-column elementor-element elementor-element-10140e5\" data-id=\"10140e5\" data-element_type=\"column\">\n\t\t\t<div class=\"elementor-widget-wrap elementor-element-populated\">\n\t\t\t\t\t\t<div class=\"elementor-element elementor-element-adfb1d4 elementor-widget elementor-widget-spacer\" data-id=\"adfb1d4\" data-element_type=\"widget\" data-widget_type=\"spacer.default\">\n\t\t\t\t<div class=\"elementor-widget-container\">\n\t\t\t\t\t<div class=\"elementor-spacer\">\n\t\t\t<div class=\"elementor-spacer-inner\"><\/div>\n\t\t<\/div>\n\t\t\t\t<\/div>\n\t\t\t\t<\/div>\n\t\t\t\t\t<\/div>\n\t\t<\/div>\n\t\t\t\t\t<\/div>\n\t\t<\/section>\n\t\t\t\t<\/div>\n\t\t","protected":false},"excerpt":{"rendered":"<p>Nossas hist\u00f3rias (Cr\u00e9ditos de imagem para Yevgenia Nayberg) &#8220;Eu aprendi no grupo a partir do que as outras pessoas falavam, eu me identificava com aquilo.&#8221; L.T.AEspecialista por experi\u00eancia &#8220;Se voc\u00ea controlar as vozes, voc\u00ea consegue ter uma vida melhor.&#8221; R.U.CEspecialista por experi\u00eancia &#8220;Eu escuto vozes h\u00e1 um bom tempo, mas nunca tive coragem de comentar [&hellip;]<\/p>\n","protected":false},"author":22558,"featured_media":0,"parent":0,"menu_order":0,"comment_status":"closed","ping_status":"closed","template":"elementor_header_footer","meta":{"footnotes":"","_links_to":"","_links_to_target":""},"class_list":["post-717","page","type-page","status-publish","hentry","entry"],"_links":{"self":[{"href":"https:\/\/sites.usp.br\/ouvidoresdevozes\/wp-json\/wp\/v2\/pages\/717","targetHints":{"allow":["GET"]}}],"collection":[{"href":"https:\/\/sites.usp.br\/ouvidoresdevozes\/wp-json\/wp\/v2\/pages"}],"about":[{"href":"https:\/\/sites.usp.br\/ouvidoresdevozes\/wp-json\/wp\/v2\/types\/page"}],"author":[{"embeddable":true,"href":"https:\/\/sites.usp.br\/ouvidoresdevozes\/wp-json\/wp\/v2\/users\/22558"}],"replies":[{"embeddable":true,"href":"https:\/\/sites.usp.br\/ouvidoresdevozes\/wp-json\/wp\/v2\/comments?post=717"}],"version-history":[{"count":4,"href":"https:\/\/sites.usp.br\/ouvidoresdevozes\/wp-json\/wp\/v2\/pages\/717\/revisions"}],"predecessor-version":[{"id":1655,"href":"https:\/\/sites.usp.br\/ouvidoresdevozes\/wp-json\/wp\/v2\/pages\/717\/revisions\/1655"}],"wp:attachment":[{"href":"https:\/\/sites.usp.br\/ouvidoresdevozes\/wp-json\/wp\/v2\/media?parent=717"}],"curies":[{"name":"wp","href":"https:\/\/api.w.org\/{rel}","templated":true}]}}