{"id":535,"date":"2015-06-29T16:29:41","date_gmt":"2015-06-29T19:29:41","guid":{"rendered":"http:\/\/sites.usp.br\/padrao3\/?page_id=535"},"modified":"2015-06-29T17:07:01","modified_gmt":"2015-06-29T20:07:01","slug":"centro-de-pesquisas-em-optica-e-fotonica-cepof","status":"publish","type":"page","link":"https:\/\/sites.usp.br\/padrao3\/cepid-centro-de-pesquisa-inovacao-e-difusao\/centro-de-pesquisas-em-optica-e-fotonica-cepof\/","title":{"rendered":"Centro de Pesquisas em \u00d3ptica e Fot\u00f4nica (CePOF)"},"content":{"rendered":"<p><a href=\"http:\/\/cepof.ifsc.usp.br\/\" target=\"_blank\"><img loading=\"lazy\" decoding=\"async\" src=\"http:\/\/sites.usp.br\/padrao3\/wp-content\/uploads\/sites\/67\/2015\/06\/logo_CEPOF_300.jpg\" alt=\"logo_CEPOF_300\" width=\"300\" height=\"130\" class=\"aligncenter size-full wp-image-536\" \/><\/a><\/p>\n<p>No Centro de Pesquisas em \u00d3ptica e Fot\u00f4nica (CePOF), os pesquisadores exploram novas aplica\u00e7\u00f5es desses conhecimentos na  f\u00edsica molecular, na medicina, nas tecnologias de computa\u00e7\u00e3o e de comunica\u00e7\u00e3o. Os estudos v\u00e3o desde entender as intera\u00e7\u00f5es entre a luz e a mat\u00e9ria at\u00e9 o uso de terapia fotodin\u00e2mica para a detec\u00e7\u00e3o de tumores. Tamb\u00e9m s\u00e3o pesquisados novos tratamentos para o c\u00e2ncer, para les\u00f5es e infec\u00e7\u00f5es por HPV (Papilomav\u00edrus humano), o desenvolvimento de biosensores e campos recentes da f\u00edsica como a plasm\u00f4nica. \u00c9 um Centro de Pesquisa, Inova\u00e7\u00e3o e Difus\u00e3o (<a href=\"http:\/\/sites.usp.br\/padrao3\/cepid-centro-de-pesquisa-inovacao-e-difusao\/\" target=\"_blank\">Cepid<\/a>) financiado pela Fapesp.<\/p>\n<p><strong>Pesquisador respons\u00e1vel:<\/strong> Vanderlei Salvador Bagnato<br \/>\n<strong>Coordenador de Educa\u00e7\u00e3o e Difus\u00e3o do Conhecimento:<\/strong> Euclydes Marega J\u00fanior<br \/>\n<strong>Coordenador de Transfer\u00eancia de Tecnologia:<\/strong> Jarbas Caiado de Castro Neto<\/p>\n<p><strong>Telefone:<\/strong> +55 (16) 3371-2012 \/ 3373-9810 \/ 3373-9823<br \/>\n<strong>Local:<\/strong> Instituto de F\u00edsica de S\u00e3o Carlos (IFSC-USP)<br \/>\nCampus S\u00e3o Carlos &#8211; USP<br \/>\nAv. Trabalhador S\u00e3o Carlense, 400<br \/>\n<strong>Assessoria de imprensa:<\/strong> +55 (16) 3373-8689<\/p>\n<p><strong>Site:<\/strong> <a href=\"http:\/\/cepof.ifsc.usp.br\/\" target=\"_blank\">http:\/\/cepof.ifsc.usp.br<\/a><br \/>\n<strong>P\u00e1gina na Fapesp:<\/strong> <a href=\"http:\/\/cepid.fapesp.br\/centro\/17\/\" target=\"_blank\">http:\/\/cepid.fapesp.br\/centro\/17\/<\/a><br \/>\n<strong>P\u00e1gina no Facebook:<\/strong><a href=\"https:\/\/www.facebook.com\/cepof\" target=\"_blank\"> https:\/\/www.facebook.com\/cepof<\/a><br \/>\n<strong>Folheto<\/strong> (em ingl\u00eas): <a href=\"http:\/\/sites.usp.br\/padrao3\/wp-content\/uploads\/sites\/67\/2015\/06\/CEPOF_17.pdf\" target=\"_blank\">CePOF<\/a><\/p>\n","protected":false},"excerpt":{"rendered":"<p>No Centro de Pesquisas em \u00d3ptica e Fot\u00f4nica (CePOF), os pesquisadores exploram novas aplica\u00e7\u00f5es desses conhecimentos na f\u00edsica molecular, na medicina, nas tecnologias de computa\u00e7\u00e3o e de comunica\u00e7\u00e3o. Os estudos v\u00e3o desde entender as intera\u00e7\u00f5es entre a luz e a mat\u00e9ria at\u00e9 o uso de terapia fotodin\u00e2mica para a detec\u00e7\u00e3o de tumores. Tamb\u00e9m s\u00e3o pesquisados novos tratamentos para o c\u00e2ncer, para les\u00f5es e infec\u00e7\u00f5es por HPV (Papilomav\u00edrus humano), o desenvolvimento de biosensores e campos recentes da f\u00edsica como a plasm\u00f4nica. \u00c9 um Centro de Pesquisa, Inova\u00e7\u00e3o e Difus\u00e3o (Cepid) financiado pela Fapesp. Pesquisador respons\u00e1vel: Vanderlei Salvador Bagnato Coordenador de Educa\u00e7\u00e3o e Difus\u00e3o do Conhecimento: Euclydes Marega J\u00fanior Coordenador de Transfer\u00eancia de Tecnologia: Jarbas Caiado de Castro Neto Telefone: +55 (16) 3371-2012 \/ 3373-9810 \/ 3373-9823 Local: Instituto de F\u00edsica de S\u00e3o Carlos (IFSC-USP) Campus S\u00e3o Carlos &#8211; USP Av. Trabalhador S\u00e3o Carlense, 400 Assessoria de imprensa: +55 (16) 3373-8689 Site: http:\/\/cepof.ifsc.usp.br P\u00e1gina na Fapesp: http:\/\/cepid.fapesp.br\/centro\/17\/ P\u00e1gina no Facebook: https:\/\/www.facebook.com\/cepof Folheto (em ingl\u00eas): CePOF<\/p>\n","protected":false},"author":118,"featured_media":0,"parent":450,"menu_order":0,"comment_status":"closed","ping_status":"closed","template":"","meta":{"footnotes":"","_links_to":"","_links_to_target":""},"class_list":["post-535","page","type-page","status-publish","hentry"],"_links":{"self":[{"href":"https:\/\/sites.usp.br\/padrao3\/wp-json\/wp\/v2\/pages\/535","targetHints":{"allow":["GET"]}}],"collection":[{"href":"https:\/\/sites.usp.br\/padrao3\/wp-json\/wp\/v2\/pages"}],"about":[{"href":"https:\/\/sites.usp.br\/padrao3\/wp-json\/wp\/v2\/types\/page"}],"author":[{"embeddable":true,"href":"https:\/\/sites.usp.br\/padrao3\/wp-json\/wp\/v2\/users\/118"}],"replies":[{"embeddable":true,"href":"https:\/\/sites.usp.br\/padrao3\/wp-json\/wp\/v2\/comments?post=535"}],"version-history":[{"count":5,"href":"https:\/\/sites.usp.br\/padrao3\/wp-json\/wp\/v2\/pages\/535\/revisions"}],"predecessor-version":[{"id":564,"href":"https:\/\/sites.usp.br\/padrao3\/wp-json\/wp\/v2\/pages\/535\/revisions\/564"}],"up":[{"embeddable":true,"href":"https:\/\/sites.usp.br\/padrao3\/wp-json\/wp\/v2\/pages\/450"}],"wp:attachment":[{"href":"https:\/\/sites.usp.br\/padrao3\/wp-json\/wp\/v2\/media?parent=535"}],"curies":[{"name":"wp","href":"https:\/\/api.w.org\/{rel}","templated":true}]}}