{"id":1192,"date":"2021-10-28T14:43:54","date_gmt":"2021-10-28T17:43:54","guid":{"rendered":"https:\/\/sites.usp.br\/padrao8\/?page_id=1192"},"modified":"2021-10-28T14:49:16","modified_gmt":"2021-10-28T17:49:16","slug":"processo-seletivo","status":"publish","type":"page","link":"https:\/\/sites.usp.br\/padrao8\/processo-seletivo\/","title":{"rendered":"Processo Seletivo-pagina"},"content":{"rendered":"\t\t<div data-elementor-type=\"wp-page\" data-elementor-id=\"1192\" class=\"elementor elementor-1192\" data-elementor-post-type=\"page\">\n\t\t\t\t\t\t<section class=\"elementor-section elementor-top-section elementor-element elementor-element-8e5d52f elementor-section-boxed elementor-section-height-default elementor-section-height-default\" data-id=\"8e5d52f\" data-element_type=\"section\" data-settings=\"{&quot;background_background&quot;:&quot;classic&quot;}\">\n\t\t\t\t\t\t<div class=\"elementor-container elementor-column-gap-default\">\n\t\t\t\t\t<div class=\"elementor-column elementor-col-100 elementor-top-column elementor-element elementor-element-825c980\" data-id=\"825c980\" data-element_type=\"column\">\n\t\t\t<div class=\"elementor-widget-wrap elementor-element-populated\">\n\t\t\t\t\t\t<div class=\"elementor-element elementor-element-2b9d4c4 elementor-widget elementor-widget-heading\" data-id=\"2b9d4c4\" data-element_type=\"widget\" data-widget_type=\"heading.default\">\n\t\t\t\t<div class=\"elementor-widget-container\">\n\t\t\t<h2 class=\"elementor-heading-title elementor-size-default\">PROCESSO SELETIVO<\/h2>\t\t<\/div>\n\t\t\t\t<\/div>\n\t\t\t\t<section class=\"elementor-section elementor-inner-section elementor-element elementor-element-fc785ca elementor-section-boxed elementor-section-height-default elementor-section-height-default\" data-id=\"fc785ca\" data-element_type=\"section\">\n\t\t\t\t\t\t<div class=\"elementor-container elementor-column-gap-default\">\n\t\t\t\t\t<div class=\"elementor-column elementor-col-100 elementor-inner-column elementor-element elementor-element-fc0fe65\" data-id=\"fc0fe65\" data-element_type=\"column\">\n\t\t\t<div class=\"elementor-widget-wrap elementor-element-populated\">\n\t\t\t\t\t\t<div class=\"elementor-element elementor-element-afaeb95 elementor-widget elementor-widget-image\" data-id=\"afaeb95\" data-element_type=\"widget\" data-widget_type=\"image.default\">\n\t\t\t\t<div class=\"elementor-widget-container\">\n\t\t\t\t\t\t\t\t\t\t<figure class=\"wp-caption\">\n\t\t\t\t\t\t\t\t\t\t<img fetchpriority=\"high\" decoding=\"async\" width=\"810\" height=\"540\" src=\"https:\/\/sites.usp.br\/padrao8\/wp-content\/uploads\/sites\/559\/2021\/10\/Segunda-fase-da-fuvest-segundo-dia-Foto-Marcos-Santos-USP-Imagens-26-810x540-1.jpg\" class=\"attachment-large size-large wp-image-1194\" alt=\"\" srcset=\"https:\/\/sites.usp.br\/padrao8\/wp-content\/uploads\/sites\/559\/2021\/10\/Segunda-fase-da-fuvest-segundo-dia-Foto-Marcos-Santos-USP-Imagens-26-810x540-1.jpg 810w, https:\/\/sites.usp.br\/padrao8\/wp-content\/uploads\/sites\/559\/2021\/10\/Segunda-fase-da-fuvest-segundo-dia-Foto-Marcos-Santos-USP-Imagens-26-810x540-1-300x200.jpg 300w, https:\/\/sites.usp.br\/padrao8\/wp-content\/uploads\/sites\/559\/2021\/10\/Segunda-fase-da-fuvest-segundo-dia-Foto-Marcos-Santos-USP-Imagens-26-810x540-1-768x512.jpg 768w, https:\/\/sites.usp.br\/padrao8\/wp-content\/uploads\/sites\/559\/2021\/10\/Segunda-fase-da-fuvest-segundo-dia-Foto-Marcos-Santos-USP-Imagens-26-810x540-1-400x267.jpg 400w\" sizes=\"(max-width: 810px) 100vw, 810px\" \/>\t\t\t\t\t\t\t\t\t\t\t<figcaption class=\"widget-image-caption wp-caption-text\"> Fuvest 2017. Segundo dia de prova da segunda fase do Vestibular da Fuvest 2017. Os Cadidatos respondem quest\u00f5es de hist\u00f3ria, geografia, matem\u00e1tica, f\u00edsica, qu\u00edmica, biologia e ingl\u00eas. 2017\/01\/09 Foto: Marcos Santos\/USP Imagens<\/figcaption>\n\t\t\t\t\t\t\t\t\t\t<\/figure>\n\t\t\t\t\t\t\t<\/div>\n\t\t\t\t<\/div>\n\t\t\t\t<div class=\"elementor-element elementor-element-b5c7c3c elementor-widget elementor-widget-text-editor\" data-id=\"b5c7c3c\" data-element_type=\"widget\" data-widget_type=\"text-editor.default\">\n\t\t\t\t<div class=\"elementor-widget-container\">\n\t\t\t\t\t\t\t<p>Lorem ipsum dolor sit amet, consectetur adipiscing elit. Nam vitae odio id mauris lobortis hendrerit ac non arcu. Quisque sit amet sem nec neque sollicitudin cursus eget eget nisi. Nulla diam tortor, pharetra eu erat in, lacinia condimentum ipsum. Mauris vel libero ligula. Quisque a bibendum nunc. Praesent sagittis ipsum interdum pharetra dignissim. Donec gravida orci nec suscipit dignissim.<\/p><p>Ut auctor molestie elit, nec fringilla metus consectetur sit amet. Donec interdum leo quis ligula aliquam tincidunt. Fusce gravida odio in fermentum ultrices. Nunc vel porta leo, et tincidunt enim. Duis dictum dui metus, id malesuada mi convallis vitae. Pellentesque ac elit id risus viverra ultricies a at nisi. Proin porttitor massa ac diam volutpat ultricies. Fusce accumsan semper faucibus. Etiam varius nisl vel nisi efficitur consequat sit amet in est. In tempus dui non est gravida viverra. Nulla magna nulla, suscipit a cursus vitae, fermentum at velit. Proin ullamcorper eget diam ut euismod. Quisque sodales eros nunc, sed auctor nunc rhoncus at.<\/p><p>Quisque eget leo imperdiet, malesuada arcu vitae, bibendum dolor. Class aptent taciti sociosqu ad litora torquent per conubia nostra, per inceptos himenaeos. Quisque dapibus tortor quis sagittis hendrerit. Curabitur suscipit ut purus quis venenatis. Integer a nulla placerat, venenatis velit id, faucibus purus. Phasellus efficitur lorem eget lacinia pretium. Etiam ac tempor orci, nec facilisis velit. Duis efficitur ultricies dapibus. In et rutrum lectus. Phasellus in sagittis turpis. Phasellus nisl erat, suscipit non tortor eu, eleifend porttitor arcu. Aenean erat velit, ullamcorper sit amet porttitor a, convallis ut orci. Nullam vitae suscipit sem. In et rutrum lectus. Phasellus in sagittis turpis. Phasellus nisl erat, suscipit non tortor eu, eleifend porttitor arcu. Aenean erat velit, ullamcorper sit amet porttitor a, convallis ut orci. Nullam vitae suscipit sem.<\/p>\t\t\t\t\t\t<\/div>\n\t\t\t\t<\/div>\n\t\t\t\t\t<\/div>\n\t\t<\/div>\n\t\t\t\t\t<\/div>\n\t\t<\/section>\n\t\t\t\t\t<\/div>\n\t\t<\/div>\n\t\t\t\t\t<\/div>\n\t\t<\/section>\n\t\t\t\t<\/div>\n\t\t","protected":false},"excerpt":{"rendered":"<p>PROCESSO SELETIVO Fuvest 2017. Segundo dia de prova da segunda fase do Vestibular da Fuvest 2017. Os Cadidatos respondem quest\u00f5es de hist\u00f3ria, geografia, matem\u00e1tica, f\u00edsica, qu\u00edmica, biologia e ingl\u00eas. 2017\/01\/09 Foto: Marcos Santos\/USP Imagens Lorem ipsum dolor sit amet, consectetur adipiscing elit. Nam vitae odio id mauris lobortis hendrerit ac non arcu. Quisque sit amet [&hellip;]<\/p>\n","protected":false},"author":22641,"featured_media":0,"parent":0,"menu_order":0,"comment_status":"closed","ping_status":"closed","template":"","meta":{"_monsterinsights_skip_tracking":false,"_monsterinsights_sitenote_active":false,"_monsterinsights_sitenote_note":"","_monsterinsights_sitenote_category":0,"footnotes":"","_links_to":"","_links_to_target":""},"class_list":["post-1192","page","type-page","status-publish","hentry","entry"],"_links":{"self":[{"href":"https:\/\/sites.usp.br\/padrao8\/wp-json\/wp\/v2\/pages\/1192","targetHints":{"allow":["GET"]}}],"collection":[{"href":"https:\/\/sites.usp.br\/padrao8\/wp-json\/wp\/v2\/pages"}],"about":[{"href":"https:\/\/sites.usp.br\/padrao8\/wp-json\/wp\/v2\/types\/page"}],"author":[{"embeddable":true,"href":"https:\/\/sites.usp.br\/padrao8\/wp-json\/wp\/v2\/users\/22641"}],"replies":[{"embeddable":true,"href":"https:\/\/sites.usp.br\/padrao8\/wp-json\/wp\/v2\/comments?post=1192"}],"version-history":[{"count":4,"href":"https:\/\/sites.usp.br\/padrao8\/wp-json\/wp\/v2\/pages\/1192\/revisions"}],"predecessor-version":[{"id":1198,"href":"https:\/\/sites.usp.br\/padrao8\/wp-json\/wp\/v2\/pages\/1192\/revisions\/1198"}],"wp:attachment":[{"href":"https:\/\/sites.usp.br\/padrao8\/wp-json\/wp\/v2\/media?parent=1192"}],"curies":[{"name":"wp","href":"https:\/\/api.w.org\/{rel}","templated":true}]}}