{"id":531,"date":"2024-04-24T11:00:01","date_gmt":"2024-04-24T13:00:01","guid":{"rendered":"https:\/\/sites.usp.br\/padrao9\/?page_id=531"},"modified":"2025-04-10T17:16:40","modified_gmt":"2025-04-10T19:16:40","slug":"arquivos","status":"publish","type":"page","link":"https:\/\/sites.usp.br\/padrao9\/arquivos\/","title":{"rendered":"Arquivos"},"content":{"rendered":"\t\t<div data-elementor-type=\"wp-page\" data-elementor-id=\"531\" class=\"elementor elementor-531\" data-elementor-post-type=\"page\">\n\t\t\t\t<section class=\"elementor-element elementor-element-113ce6ef e-flex e-con-boxed e-con e-parent\" data-id=\"113ce6ef\" data-element_type=\"container\">\n\t\t\t\t\t<div class=\"e-con-inner\">\n\t\t<div class=\"elementor-element elementor-element-4395bdd8 e-con-full e-flex e-con e-child\" data-id=\"4395bdd8\" data-element_type=\"container\">\n\t\t\t\t<div class=\"elementor-element elementor-element-4adc4e27 elementor-widget__width-initial elementor-view-default elementor-widget elementor-widget-icon\" data-id=\"4adc4e27\" data-element_type=\"widget\" data-widget_type=\"icon.default\">\n\t\t\t\t<div class=\"elementor-widget-container\">\n\t\t\t\t\t<div class=\"elementor-icon-wrapper\">\n\t\t\t<div class=\"elementor-icon\">\n\t\t\t<i aria-hidden=\"true\" class=\"xlwpf wppb-font-folders\"><\/i>\t\t\t<\/div>\n\t\t<\/div>\n\t\t\t\t<\/div>\n\t\t\t\t<\/div>\n\t\t\t\t<div class=\"elementor-element elementor-element-1b0dd129 elementor-widget__width-initial elementor-widget elementor-widget-heading\" data-id=\"1b0dd129\" data-element_type=\"widget\" data-widget_type=\"heading.default\">\n\t\t\t\t<div class=\"elementor-widget-container\">\n\t\t\t<h4 class=\"elementor-heading-title elementor-size-default\">\u00daltimos conte\u00fados p\u00fablicados<\/h4>\t\t<\/div>\n\t\t\t\t<\/div>\n\t\t\t\t<\/div>\n\t\t<div class=\"elementor-element elementor-element-3ca1ee54 e-con-full e-flex e-con e-child\" data-id=\"3ca1ee54\" data-element_type=\"container\">\n\t\t\t\t<div class=\"elementor-element elementor-element-47fa7fcd elementor-grid-3 elementor-grid-tablet-2 elementor-grid-mobile-1 elementor-posts--thumbnail-top elementor-widget elementor-widget-posts\" data-id=\"47fa7fcd\" data-element_type=\"widget\" data-settings=\"{&quot;classic_row_gap&quot;:{&quot;unit&quot;:&quot;px&quot;,&quot;size&quot;:0,&quot;sizes&quot;:[]},&quot;pagination_type&quot;:&quot;load_more_infinite_scroll&quot;,&quot;classic_columns&quot;:&quot;3&quot;,&quot;classic_columns_tablet&quot;:&quot;2&quot;,&quot;classic_columns_mobile&quot;:&quot;1&quot;,&quot;classic_row_gap_tablet&quot;:{&quot;unit&quot;:&quot;px&quot;,&quot;size&quot;:&quot;&quot;,&quot;sizes&quot;:[]},&quot;classic_row_gap_mobile&quot;:{&quot;unit&quot;:&quot;px&quot;,&quot;size&quot;:&quot;&quot;,&quot;sizes&quot;:[]},&quot;load_more_spinner&quot;:{&quot;value&quot;:&quot;fas fa-spinner&quot;,&quot;library&quot;:&quot;fa-solid&quot;}}\" data-widget_type=\"posts.classic\">\n\t\t\t\t<div class=\"elementor-widget-container\">\n\t\t\t\t\t<div class=\"elementor-posts-container elementor-posts elementor-posts--skin-classic elementor-grid\">\n\t\t\t\t<article class=\"elementor-post elementor-grid-item post-514 post type-post status-publish format-standard hentry category-arquivos\">\n\t\t\t\t<div class=\"elementor-post__text\">\n\t\t\t\t<h4 class=\"elementor-post__title\">\n\t\t\t<a href=\"https:\/\/www.w3.org\/Translations\/WCAG22-pt-BR\/\" >\n\t\t\t\tDiretrizes de Acessibilidade para Conte\u00fado Web (WCAG) 2.2 do World Wide Web Consortium (W3C) com tradu\u00e7\u00e3o do Ceweb.br, de 27 de mar\u00e7o de 2025\t\t\t<\/a>\n\t\t<\/h4>\n\t\t\t\t<div class=\"elementor-post__meta-data\">\n\t\t\t\t\t<span class=\"elementor-post-date\">\n\t\t\t27\/03\/2025\t\t<\/span>\n\t\t\t\t<\/div>\n\t\t\t\t<div class=\"elementor-post__excerpt\">\n\t\t\t<p>Diretrizes de Acessibilidade para Conte\u00fado Web, vers\u00e3o 2.2 em portugu\u00eas-brasileiro.<\/p>\n\t\t<\/div>\n\t\t\t\t<\/div>\n\t\t\t\t<\/article>\n\t\t\t\t<article class=\"elementor-post elementor-grid-item post-512 post type-post status-publish format-standard hentry category-arquivos\">\n\t\t\t\t<div class=\"elementor-post__text\">\n\t\t\t\t<h4 class=\"elementor-post__title\">\n\t\t\t<a href=\"https:\/\/www.abntcolecao.com.br\/mpf\/pdfview\/viewer.aspx?Q=0F38B4662F363BB302DE355058F26B77E67F1939F13996B515FE5D2B69B57C5F\" >\n\t\t\t\tABNT NBR 17225, 1\u00aa edi\u00e7\u00e3o de 11 de mar\u00e7o de 2025\t\t\t<\/a>\n\t\t<\/h4>\n\t\t\t\t<div class=\"elementor-post__meta-data\">\n\t\t\t\t\t<span class=\"elementor-post-date\">\n\t\t\t11\/03\/2025\t\t<\/span>\n\t\t\t\t<\/div>\n\t\t\t\t<div class=\"elementor-post__excerpt\">\n\t\t\t<p>Acessibilidade em conte\u00fado e aplica\u00e7\u00f5es web &#8211; Requisitos.<\/p>\n\t\t<\/div>\n\t\t\t\t<\/div>\n\t\t\t\t<\/article>\n\t\t\t\t<article class=\"elementor-post elementor-grid-item post-510 post type-post status-publish format-standard hentry category-arquivos\">\n\t\t\t\t<div class=\"elementor-post__text\">\n\t\t\t\t<h4 class=\"elementor-post__title\">\n\t\t\t<a href=\"https:\/\/leginf.usp.br\/?resolucao=resolucao-coip-no-8750-de-25-de-fevereiro-de-2025\" >\n\t\t\t\tResolu\u00e7\u00e3o CoIP N\u00ba 8750, de 25 fevereiro de 2025\t\t\t<\/a>\n\t\t<\/h4>\n\t\t\t\t<div class=\"elementor-post__meta-data\">\n\t\t\t\t\t<span class=\"elementor-post-date\">\n\t\t\t25\/02\/2025\t\t<\/span>\n\t\t\t\t<\/div>\n\t\t\t\t<div class=\"elementor-post__excerpt\">\n\t\t\t<p>Pol\u00edtica de Inclus\u00e3o e Pertencimento das Pessoas com Defici\u00eancia na USP.<\/p>\n\t\t<\/div>\n\t\t\t\t<\/div>\n\t\t\t\t<\/article>\n\t\t\t\t<\/div>\n\t\t\t\t\t<span class=\"e-load-more-spinner\">\n\t\t\t\t<i aria-hidden=\"true\" class=\"fas fa-spinner\"><\/i>\t\t\t<\/span>\n\t\t\n\t\t\t\t<div class=\"e-load-more-anchor\" data-page=\"1\" data-max-page=\"5\" data-next-page=\"https:\/\/sites.usp.br\/padrao9\/wp-json\/wp\/v2\/pages\/531\/page\/2\/\"><\/div>\n\t\t\t\t<div class=\"e-load-more-message\"><\/div>\n\t\t\t\t<\/div>\n\t\t\t\t<\/div>\n\t\t\t\t<\/div>\n\t\t\t\t\t<\/div>\n\t\t\t\t<\/section>\n\t\t\t\t<\/div>\n\t\t","protected":false},"excerpt":{"rendered":"<p>\u00daltimos conte\u00fados p\u00fablicados<\/p>\n","protected":false},"author":1,"featured_media":0,"parent":0,"menu_order":0,"comment_status":"closed","ping_status":"closed","template":"","meta":{"footnotes":"","_links_to":"","_links_to_target":""},"class_list":["post-531","page","type-page","status-publish","hentry"],"_links":{"self":[{"href":"https:\/\/sites.usp.br\/padrao9\/wp-json\/wp\/v2\/pages\/531","targetHints":{"allow":["GET"]}}],"collection":[{"href":"https:\/\/sites.usp.br\/padrao9\/wp-json\/wp\/v2\/pages"}],"about":[{"href":"https:\/\/sites.usp.br\/padrao9\/wp-json\/wp\/v2\/types\/page"}],"author":[{"embeddable":true,"href":"https:\/\/sites.usp.br\/padrao9\/wp-json\/wp\/v2\/users\/1"}],"replies":[{"embeddable":true,"href":"https:\/\/sites.usp.br\/padrao9\/wp-json\/wp\/v2\/comments?post=531"}],"version-history":[{"count":4,"href":"https:\/\/sites.usp.br\/padrao9\/wp-json\/wp\/v2\/pages\/531\/revisions"}],"predecessor-version":[{"id":535,"href":"https:\/\/sites.usp.br\/padrao9\/wp-json\/wp\/v2\/pages\/531\/revisions\/535"}],"wp:attachment":[{"href":"https:\/\/sites.usp.br\/padrao9\/wp-json\/wp\/v2\/media?parent=531"}],"curies":[{"name":"wp","href":"https:\/\/api.w.org\/{rel}","templated":true}]}}