{"id":559,"date":"2024-04-24T11:00:47","date_gmt":"2024-04-24T13:00:47","guid":{"rendered":"https:\/\/sites.usp.br\/padrao9\/?page_id=559"},"modified":"2025-04-10T18:15:41","modified_gmt":"2025-04-10T20:15:41","slug":"o-projeto","status":"publish","type":"page","link":"https:\/\/sites.usp.br\/padrao9\/o-projeto\/","title":{"rendered":"Acessibilidade Digital"},"content":{"rendered":"<p>A Superintend\u00eancia de Tecnologia da Informa\u00e7\u00e3o est\u00e1 lan\u00e7ando um recurso destinado a melhorar a acessibilidade dos\u00a0<i>sites<\/i>, portais e servi\u00e7os computacionais mantidos pela Universidade de S\u00e3o Paulo.<\/p>\n<p>Em colabora\u00e7\u00e3o com a Superintend\u00eancia de Comunica\u00e7\u00e3o Social e a Pr\u00f3-Reitoria de Inclus\u00e3o e Pertencimento da USP, esta iniciativa visa fornecer suporte em tempo real para que pessoas com diferentes tipos de defici\u00eancia possam ter acesso facilitado a conte\u00fados e servi\u00e7os online.<\/p>\n<p>O marco inicial desse projeto foi a adapta\u00e7\u00e3o dos recursos de acessibilidade para o site do\u00a0<a role=\"link\" href=\"https:\/\/jornal.usp.br\/institucional\/superintendencia-de-tecnologia-da-informacao-lanca-novas-ferramentas-para-inclusao-digital\/\">\u201cJornal da USP\u201d<\/a>. Partindo dessa primeira experi\u00eancia, o objetivo agora \u00e9 seguir com a implementa\u00e7\u00e3o nos sites e plataformas digitais previstos no\u00a0<a role=\"link\" href=\"https:\/\/drive.google.com\/file\/d\/1jeFOkGpk8R2toICZ9BO6cXGvHVHKpWMS\/view?usp=sharing\">Edital N\u00b0 00013\/2023<\/a>\u00a0lan\u00e7ado pela STI para a contrata\u00e7\u00e3o de uma solu\u00e7\u00e3o de acessibilidade digital para a Universidade.<\/p>\n","protected":false},"excerpt":{"rendered":"<p>A Superintend\u00eancia de Tecnologia da Informa\u00e7\u00e3o est\u00e1 lan\u00e7ando um recurso destinado a melhorar a acessibilidade dos\u00a0sites, portais e servi\u00e7os computacionais mantidos pela Universidade de S\u00e3o Paulo. Em colabora\u00e7\u00e3o com a Superintend\u00eancia de Comunica\u00e7\u00e3o Social e a Pr\u00f3-Reitoria de Inclus\u00e3o e Pertencimento da USP, esta iniciativa visa fornecer suporte em tempo real para que pessoas com [&hellip;]<\/p>\n","protected":false},"author":1,"featured_media":0,"parent":0,"menu_order":0,"comment_status":"closed","ping_status":"closed","template":"","meta":{"footnotes":"","_links_to":"","_links_to_target":""},"class_list":["post-559","page","type-page","status-publish","hentry"],"_links":{"self":[{"href":"https:\/\/sites.usp.br\/padrao9\/wp-json\/wp\/v2\/pages\/559","targetHints":{"allow":["GET"]}}],"collection":[{"href":"https:\/\/sites.usp.br\/padrao9\/wp-json\/wp\/v2\/pages"}],"about":[{"href":"https:\/\/sites.usp.br\/padrao9\/wp-json\/wp\/v2\/types\/page"}],"author":[{"embeddable":true,"href":"https:\/\/sites.usp.br\/padrao9\/wp-json\/wp\/v2\/users\/1"}],"replies":[{"embeddable":true,"href":"https:\/\/sites.usp.br\/padrao9\/wp-json\/wp\/v2\/comments?post=559"}],"version-history":[{"count":4,"href":"https:\/\/sites.usp.br\/padrao9\/wp-json\/wp\/v2\/pages\/559\/revisions"}],"predecessor-version":[{"id":582,"href":"https:\/\/sites.usp.br\/padrao9\/wp-json\/wp\/v2\/pages\/559\/revisions\/582"}],"wp:attachment":[{"href":"https:\/\/sites.usp.br\/padrao9\/wp-json\/wp\/v2\/media?parent=559"}],"curies":[{"name":"wp","href":"https:\/\/api.w.org\/{rel}","templated":true}]}}