{"id":599,"date":"2025-04-11T14:45:11","date_gmt":"2025-04-11T16:45:11","guid":{"rendered":"https:\/\/sites.usp.br\/padrao9\/?page_id=599"},"modified":"2025-04-11T15:04:53","modified_gmt":"2025-04-11T17:04:53","slug":"formacao","status":"publish","type":"page","link":"https:\/\/sites.usp.br\/padrao9\/formacao\/","title":{"rendered":"Forma\u00e7\u00e3o"},"content":{"rendered":"\t\t<div data-elementor-type=\"wp-post\" data-elementor-id=\"599\" class=\"elementor elementor-599\" data-elementor-post-type=\"page\">\n\t\t\t\t<section class=\"elementor-element elementor-element-b6f7db2 e-flex e-con-boxed e-con e-parent\" data-id=\"b6f7db2\" data-element_type=\"container\">\n\t\t\t\t\t<div class=\"e-con-inner\">\n\t\t<div class=\"elementor-element elementor-element-f79cd3d e-con-full e-flex e-con e-child\" data-id=\"f79cd3d\" data-element_type=\"container\">\n\t\t\t\t<div class=\"elementor-element elementor-element-e7db23f elementor-widget__width-initial elementor-view-default elementor-widget elementor-widget-icon\" data-id=\"e7db23f\" data-element_type=\"widget\" data-widget_type=\"icon.default\">\n\t\t\t\t<div class=\"elementor-widget-container\">\n\t\t\t\t\t<div class=\"elementor-icon-wrapper\">\n\t\t\t<div class=\"elementor-icon\">\n\t\t\t<i aria-hidden=\"true\" class=\"xlwpf wppb-font-exam\"><\/i>\t\t\t<\/div>\n\t\t<\/div>\n\t\t\t\t<\/div>\n\t\t\t\t<\/div>\n\t\t\t\t<div class=\"elementor-element elementor-element-ede563d elementor-widget__width-initial elementor-widget elementor-widget-heading\" data-id=\"ede563d\" data-element_type=\"widget\" data-widget_type=\"heading.default\">\n\t\t\t\t<div class=\"elementor-widget-container\">\n\t\t\t<h4 class=\"elementor-heading-title elementor-size-default\">\u00daltimos conte\u00fados p\u00fablicados<\/h4>\t\t<\/div>\n\t\t\t\t<\/div>\n\t\t\t\t<\/div>\n\t\t<div class=\"elementor-element elementor-element-9cd409b e-con-full e-flex e-con e-child\" data-id=\"9cd409b\" data-element_type=\"container\">\n\t\t\t\t<div class=\"elementor-element elementor-element-0da2760 elementor-grid-3 elementor-grid-tablet-2 elementor-grid-mobile-1 elementor-posts--thumbnail-top elementor-widget elementor-widget-posts\" data-id=\"0da2760\" data-element_type=\"widget\" data-settings=\"{&quot;classic_row_gap&quot;:{&quot;unit&quot;:&quot;px&quot;,&quot;size&quot;:0,&quot;sizes&quot;:[]},&quot;pagination_type&quot;:&quot;load_more_infinite_scroll&quot;,&quot;classic_columns&quot;:&quot;3&quot;,&quot;classic_columns_tablet&quot;:&quot;2&quot;,&quot;classic_columns_mobile&quot;:&quot;1&quot;,&quot;classic_row_gap_tablet&quot;:{&quot;unit&quot;:&quot;px&quot;,&quot;size&quot;:&quot;&quot;,&quot;sizes&quot;:[]},&quot;classic_row_gap_mobile&quot;:{&quot;unit&quot;:&quot;px&quot;,&quot;size&quot;:&quot;&quot;,&quot;sizes&quot;:[]},&quot;load_more_spinner&quot;:{&quot;value&quot;:&quot;fas fa-spinner&quot;,&quot;library&quot;:&quot;fa-solid&quot;}}\" data-widget_type=\"posts.classic\">\n\t\t\t\t<div class=\"elementor-widget-container\">\n\t\t\t\t\t<div class=\"elementor-posts-container elementor-posts elementor-posts--skin-classic elementor-grid\">\n\t\t\t\t<article class=\"elementor-post elementor-grid-item post-624 post type-post status-publish format-standard has-post-thumbnail hentry category-formacao\">\n\t\t\t\t<a class=\"elementor-post__thumbnail__link\" href=\"https:\/\/www.escolavirtual.gov.br\/curso\/320\" tabindex=\"-1\" >\n\t\t\t<div class=\"elementor-post__thumbnail\"><img fetchpriority=\"high\" decoding=\"async\" width=\"768\" height=\"504\" src=\"https:\/\/sites.usp.br\/padrao9\/wp-content\/uploads\/sites\/567\/2025\/04\/banner-do-curso-introducao-a-audiodescricao-imagem_curso_320-768x504.png\" class=\"attachment-medium_large size-medium_large wp-image-625\" alt=\"Banner do Curso Introdu\u00e7\u00e3o \u00e0 Audiodescri\u00e7\u00e3o\" srcset=\"https:\/\/sites.usp.br\/padrao9\/wp-content\/uploads\/sites\/567\/2025\/04\/banner-do-curso-introducao-a-audiodescricao-imagem_curso_320-768x504.png 768w, https:\/\/sites.usp.br\/padrao9\/wp-content\/uploads\/sites\/567\/2025\/04\/banner-do-curso-introducao-a-audiodescricao-imagem_curso_320-300x197.png 300w, https:\/\/sites.usp.br\/padrao9\/wp-content\/uploads\/sites\/567\/2025\/04\/banner-do-curso-introducao-a-audiodescricao-imagem_curso_320.png 800w\" sizes=\"(max-width: 768px) 100vw, 768px\" \/><\/div>\n\t\t<\/a>\n\t\t\t\t<div class=\"elementor-post__text\">\n\t\t\t\t<h4 class=\"elementor-post__title\">\n\t\t\t<a href=\"https:\/\/www.escolavirtual.gov.br\/curso\/320\" >\n\t\t\t\tIntrodu\u00e7\u00e3o \u00e0 Audiodescri\u00e7\u00e3o\t\t\t<\/a>\n\t\t<\/h4>\n\t\t\t\t<div class=\"elementor-post__meta-data\">\n\t\t\t\t\t<span class=\"elementor-post-date\">\n\t\t\t11\/04\/2025\t\t<\/span>\n\t\t\t\t<\/div>\n\t\t\t\t<div class=\"elementor-post__excerpt\">\n\t\t\t<p>Curso Aberto. A audiodescri\u00e7\u00e3o \u00e9 um recurso de acessibilidade comunicacional que aumenta a compreens\u00e3o de pessoas com defici\u00eancia visual, englobando e ampliando a acessibilidade para<\/p>\n\t\t<\/div>\n\t\t\t\t<\/div>\n\t\t\t\t<\/article>\n\t\t\t\t<article class=\"elementor-post elementor-grid-item post-621 post type-post status-publish format-standard has-post-thumbnail hentry category-formacao\">\n\t\t\t\t<a class=\"elementor-post__thumbnail__link\" href=\"https:\/\/www.escolavirtual.gov.br\/curso\/615\" tabindex=\"-1\" >\n\t\t\t<div class=\"elementor-post__thumbnail\"><img decoding=\"async\" width=\"768\" height=\"543\" src=\"https:\/\/sites.usp.br\/padrao9\/wp-content\/uploads\/sites\/567\/2025\/04\/banner-do-curso-acessibilidade-na-comunicacao-imagem_curso_615-768x543.jpg\" class=\"attachment-medium_large size-medium_large wp-image-622\" alt=\"Banner do Curso Acessibilidade na Comunica\u00e7\u00e3o\" srcset=\"https:\/\/sites.usp.br\/padrao9\/wp-content\/uploads\/sites\/567\/2025\/04\/banner-do-curso-acessibilidade-na-comunicacao-imagem_curso_615-768x543.jpg 768w, https:\/\/sites.usp.br\/padrao9\/wp-content\/uploads\/sites\/567\/2025\/04\/banner-do-curso-acessibilidade-na-comunicacao-imagem_curso_615-300x212.jpg 300w, https:\/\/sites.usp.br\/padrao9\/wp-content\/uploads\/sites\/567\/2025\/04\/banner-do-curso-acessibilidade-na-comunicacao-imagem_curso_615-1024x724.jpg 1024w, https:\/\/sites.usp.br\/padrao9\/wp-content\/uploads\/sites\/567\/2025\/04\/banner-do-curso-acessibilidade-na-comunicacao-imagem_curso_615-1536x1086.jpg 1536w, https:\/\/sites.usp.br\/padrao9\/wp-content\/uploads\/sites\/567\/2025\/04\/banner-do-curso-acessibilidade-na-comunicacao-imagem_curso_615-2048x1448.jpg 2048w\" sizes=\"(max-width: 768px) 100vw, 768px\" \/><\/div>\n\t\t<\/a>\n\t\t\t\t<div class=\"elementor-post__text\">\n\t\t\t\t<h4 class=\"elementor-post__title\">\n\t\t\t<a href=\"https:\/\/www.escolavirtual.gov.br\/curso\/615\" >\n\t\t\t\tAcessibilidade na Comunica\u00e7\u00e3o\t\t\t<\/a>\n\t\t<\/h4>\n\t\t\t\t<div class=\"elementor-post__meta-data\">\n\t\t\t\t\t<span class=\"elementor-post-date\">\n\t\t\t11\/04\/2025\t\t<\/span>\n\t\t\t\t<\/div>\n\t\t\t\t<div class=\"elementor-post__excerpt\">\n\t\t\t<p>Curso Aberto. Neste curso, voc\u00ea ir\u00e1 compreender o conceito biopsicossocial e as terminologias ligadas \u00e0s pessoas com defici\u00eancia. Entrar\u00e1 em contato com a legisla\u00e7\u00e3o, compreender\u00e1<\/p>\n\t\t<\/div>\n\t\t\t\t<\/div>\n\t\t\t\t<\/article>\n\t\t\t\t<article class=\"elementor-post elementor-grid-item post-618 post type-post status-publish format-standard has-post-thumbnail hentry category-formacao\">\n\t\t\t\t<a class=\"elementor-post__thumbnail__link\" href=\"https:\/\/www.escolavirtual.gov.br\/curso\/537\" tabindex=\"-1\" >\n\t\t\t<div class=\"elementor-post__thumbnail\"><img decoding=\"async\" width=\"768\" height=\"513\" src=\"https:\/\/sites.usp.br\/padrao9\/wp-content\/uploads\/sites\/567\/2025\/04\/banner-curso-ux-como-melhorar-a-experiencia-do-usuario-imagem_curso_537-768x513.png\" class=\"attachment-medium_large size-medium_large wp-image-619\" alt=\"Banner do Curso UX Como Melhorar a Experi\u00eancia do Usu\u00e1rio no Servi\u00e7o P\u00fablico Digital\" srcset=\"https:\/\/sites.usp.br\/padrao9\/wp-content\/uploads\/sites\/567\/2025\/04\/banner-curso-ux-como-melhorar-a-experiencia-do-usuario-imagem_curso_537-768x513.png 768w, https:\/\/sites.usp.br\/padrao9\/wp-content\/uploads\/sites\/567\/2025\/04\/banner-curso-ux-como-melhorar-a-experiencia-do-usuario-imagem_curso_537-300x200.png 300w, https:\/\/sites.usp.br\/padrao9\/wp-content\/uploads\/sites\/567\/2025\/04\/banner-curso-ux-como-melhorar-a-experiencia-do-usuario-imagem_curso_537.png 888w\" sizes=\"(max-width: 768px) 100vw, 768px\" \/><\/div>\n\t\t<\/a>\n\t\t\t\t<div class=\"elementor-post__text\">\n\t\t\t\t<h4 class=\"elementor-post__title\">\n\t\t\t<a href=\"https:\/\/www.escolavirtual.gov.br\/curso\/537\" >\n\t\t\t\tUX: Como Melhorar a Experi\u00eancia do Usu\u00e1rio no Servi\u00e7o P\u00fablico Digital\t\t\t<\/a>\n\t\t<\/h4>\n\t\t\t\t<div class=\"elementor-post__meta-data\">\n\t\t\t\t\t<span class=\"elementor-post-date\">\n\t\t\t11\/04\/2025\t\t<\/span>\n\t\t\t\t<\/div>\n\t\t\t\t<div class=\"elementor-post__excerpt\">\n\t\t\t<p>Curso Aberto. Hoje, in\u00fameros servi\u00e7os s\u00e3o acessados pelos meios digitais, e \u00e9 necess\u00e1rio unificar esses recursos. Voc\u00ea conhece o papel do design centrado no usu\u00e1rio?<\/p>\n\t\t<\/div>\n\t\t\t\t<\/div>\n\t\t\t\t<\/article>\n\t\t\t\t<\/div>\n\t\t\t\t\t<span class=\"e-load-more-spinner\">\n\t\t\t\t<i aria-hidden=\"true\" class=\"fas fa-spinner\"><\/i>\t\t\t<\/span>\n\t\t\n\t\t\t\t<div class=\"e-load-more-anchor\" data-page=\"1\" data-max-page=\"3\" data-next-page=\"https:\/\/sites.usp.br\/padrao9\/wp-json\/wp\/v2\/pages\/599\/page\/2\/\"><\/div>\n\t\t\t\t<div class=\"e-load-more-message\"><\/div>\n\t\t\t\t<\/div>\n\t\t\t\t<\/div>\n\t\t\t\t<\/div>\n\t\t\t\t\t<\/div>\n\t\t\t\t<\/section>\n\t\t\t\t<\/div>\n\t\t","protected":false},"excerpt":{"rendered":"<p>\u00daltimos conte\u00fados p\u00fablicados<\/p>\n","protected":false},"author":1,"featured_media":0,"parent":0,"menu_order":3,"comment_status":"closed","ping_status":"closed","template":"","meta":{"footnotes":"","_links_to":"","_links_to_target":""},"class_list":["post-599","page","type-page","status-publish","hentry"],"_links":{"self":[{"href":"https:\/\/sites.usp.br\/padrao9\/wp-json\/wp\/v2\/pages\/599","targetHints":{"allow":["GET"]}}],"collection":[{"href":"https:\/\/sites.usp.br\/padrao9\/wp-json\/wp\/v2\/pages"}],"about":[{"href":"https:\/\/sites.usp.br\/padrao9\/wp-json\/wp\/v2\/types\/page"}],"author":[{"embeddable":true,"href":"https:\/\/sites.usp.br\/padrao9\/wp-json\/wp\/v2\/users\/1"}],"replies":[{"embeddable":true,"href":"https:\/\/sites.usp.br\/padrao9\/wp-json\/wp\/v2\/comments?post=599"}],"version-history":[{"count":4,"href":"https:\/\/sites.usp.br\/padrao9\/wp-json\/wp\/v2\/pages\/599\/revisions"}],"predecessor-version":[{"id":629,"href":"https:\/\/sites.usp.br\/padrao9\/wp-json\/wp\/v2\/pages\/599\/revisions\/629"}],"wp:attachment":[{"href":"https:\/\/sites.usp.br\/padrao9\/wp-json\/wp\/v2\/media?parent=599"}],"curies":[{"name":"wp","href":"https:\/\/api.w.org\/{rel}","templated":true}]}}