{"id":62,"date":"2024-04-24T11:00:30","date_gmt":"2024-04-24T13:00:30","guid":{"rendered":"http:\/\/sites.usp.br\/padrao9\/?page_id=62"},"modified":"2025-04-10T18:18:11","modified_gmt":"2025-04-10T20:18:11","slug":"validacao","status":"publish","type":"page","link":"https:\/\/sites.usp.br\/padrao9\/validacao\/","title":{"rendered":"Valida\u00e7\u00e3o de acessibilidade web"},"content":{"rendered":"\t\t<div data-elementor-type=\"wp-post\" data-elementor-id=\"62\" class=\"elementor elementor-62\" data-elementor-post-type=\"page\">\n\t\t\t\t<div class=\"elementor-element elementor-element-2006e62 e-flex e-con-boxed e-con e-parent\" data-id=\"2006e62\" data-element_type=\"container\">\n\t\t\t\t\t<div class=\"e-con-inner\">\n\t\t\t\t<div class=\"elementor-element elementor-element-e4e94b8 elementor-widget elementor-widget-text-editor\" data-id=\"e4e94b8\" data-element_type=\"widget\" data-widget_type=\"text-editor.default\">\n\t\t\t\t<div class=\"elementor-widget-container\">\n\t\t\t\t\t\t\t<div class=\"elementor-element elementor-element-1d59171 elementor-widget elementor-widget-heading\" style=\"gap: var(--gap); --swiper-theme-color: #000; --swiper-navigation-size: 44px; --swiper-pagination-bullet-size: 6px; --swiper-pagination-bullet-horizontal-gap: 6px; --widgets-spacing: 20px 20px; text-align: center; max-width: 100%; color: #333333; font-family: -apple-system, BlinkMacSystemFont, 'Segoe UI', Roboto, 'Helvetica Neue', Arial, 'Noto Sans', sans-serif, 'Apple Color Emoji', 'Segoe UI Emoji', 'Segoe UI Symbol', 'Noto Color Emoji';\" tabindex=\"0\" data-id=\"1d59171\" data-element_type=\"widget\" data-widget_type=\"heading.default\"><div class=\"elementor-widget-container\" style=\"transition: background .3s,border .3s,border-radius .3s,box-shadow .3s,transform var(--e-transform-transition-duration,.4s); height: 28px;\"><h3 class=\"elementor-heading-title elementor-size-default\" style=\"color: #000000; text-align: left;\"><span style=\"font-weight: 400; color: #333333; font-size: 16px;\">Para otimizar o funcionamento desse recurso, as p\u00e1ginas eletr\u00f4nicas precisam ser avaliadas previamente quanto ao grau de acessibilidade por elas oferecido.<\/span><\/h3><\/div><\/div><div class=\"elementor-element elementor-element-479de0e elementor-widget__width-initial elementor-widget elementor-widget-text-editor\" style=\"--order: initial; --align-self: initial; gap: var(--gap); --swiper-theme-color: #000; --swiper-navigation-size: 44px; --swiper-pagination-bullet-size: 6px; --swiper-pagination-bullet-horizontal-gap: 6px; --widgets-spacing: 20px 20px; font-weight: 400; margin-bottom: 0px; width: initial; max-width: 100%;\" tabindex=\"0\" data-id=\"479de0e\" data-element_type=\"widget\" data-widget_type=\"text-editor.default\"><div class=\"elementor-widget-container\" style=\"transition: background .3s,border .3s,border-radius .3s,box-shadow .3s,transform var(--e-transform-transition-duration,.4s); height: 470.344px;\"><p>No \u00e2mbito internacional, o principal conjunto de diretrizes de acessibilidade \u00e9 o WCAG \u2013\u00a0<em>W<\/em><em>eb<\/em><em>\u00a0C<\/em><em>ontent<\/em><em>\u00a0A<\/em><em>ccessibility<\/em><em>\u00a0G<\/em><em>uidelines<\/em>, ou Diretrizes de Acessibilidade para Conte\u00fado Web. No contexto brasileiro, temos o\u00a0<em>eMAG<\/em>\u00a0\u2013 Modelo de Acessibilidade em Governo Eletr\u00f4nico -, que estabelece as recomenda\u00e7\u00f5es de acessibilidade a serem observadas nos sites e portais do governo brasileiro.<\/p><p>Na pr\u00e1tica o objetivo geral dessas diretrizes \u00e9 tornar a\u00a0<em>web<\/em>\u00a0mais inclusiva a partir da ado\u00e7\u00e3o de boas pr\u00e1ticas de acessibilidade digital aplic\u00e1veis, igualmente, para pessoas com ou sem defici\u00eancia.<\/p><p>Para isso, o governo brasileiro oferece um software gratuito que gera automaticamente uma avalia\u00e7\u00e3o da acessibilidade de p\u00e1ginas,\u00a0<em>sites<\/em>\u00a0e portais de\u00a0<em>internet<\/em>\u00a0com base no Modelo de Acessibilidade em Governo Eletr\u00f4nico (eMag). Trata-se do\u00a0<em>ASES<\/em>\u00a0\u2013 Avaliador e Simulador de Acessibilidade em S\u00edtios \u2013 dispon\u00edvel em\u00a0<a role=\"link\" href=\"https:\/\/softwarepublico.gov.br\/social\/ases\">softwarepublico.gov.br\/social\/ases<\/a>.<\/p><p>Por\u00e9m, a auditoria feita pelo\u00a0<em>ASES<\/em>, ou por qualquer outro validador autom\u00e1tico de acessibilidade, embora simples e r\u00e1pida, isoladamente, n\u00e3o determina de forma efetiva se uma p\u00e1gina de\u00a0<em>internet<\/em>\u00a0est\u00e1 ou n\u00e3o acess\u00edvel.<\/p><p>Isso porque nem todas as quest\u00f5es previstas nos padr\u00f5es de acessibilidade s\u00e3o detectadas de forma mec\u00e2nica pelos validadores, sendo, ent\u00e3o, imprescind\u00edvel uma etapa posterior de avalia\u00e7\u00e3o humana baseada em\u00a0<em>checklists<\/em>\u00a0de valida\u00e7\u00e3o. Mais informa\u00e7\u00f5es sobre os crit\u00e9rios e formas de valida\u00e7\u00e3o da acessibilidade\u00a0<em>web<\/em>\u00a0podem ser obtidas em\u00a0<a role=\"link\" href=\"http:\/\/emag.governoeletronico.gov.br\/\">emag.governoeletronico.gov.br<\/a>.<\/p><p>Diante dessas quest\u00f5es, o fato \u00e9 que quanto mais acess\u00edvel, por si s\u00f3, um\u00a0<em>website<\/em>\u00a0estiver, mais precisos e eficientes ser\u00e3o os recursos oferecidos pela ferramenta de acessibilidade digital que est\u00e1 sendo implementada pela USP.<\/p><\/div><\/div>\t\t\t\t\t\t<\/div>\n\t\t\t\t<\/div>\n\t\t\t\t\t<\/div>\n\t\t\t\t<\/div>\n\t\t\t\t<\/div>\n\t\t","protected":false},"excerpt":{"rendered":"<p>Para otimizar o funcionamento desse recurso, as p\u00e1ginas eletr\u00f4nicas precisam ser avaliadas previamente quanto ao grau de acessibilidade por elas oferecido. No \u00e2mbito internacional, o principal conjunto de diretrizes de acessibilidade \u00e9 o WCAG \u2013\u00a0Web\u00a0Content\u00a0Accessibility\u00a0Guidelines, ou Diretrizes de Acessibilidade para Conte\u00fado Web. No contexto brasileiro, temos o\u00a0eMAG\u00a0\u2013 Modelo de Acessibilidade em Governo Eletr\u00f4nico -, que [&hellip;]<\/p>\n","protected":false},"author":1,"featured_media":0,"parent":0,"menu_order":2,"comment_status":"closed","ping_status":"closed","template":"","meta":{"footnotes":"","_links_to":"","_links_to_target":""},"class_list":["post-62","page","type-page","status-publish","hentry"],"_links":{"self":[{"href":"https:\/\/sites.usp.br\/padrao9\/wp-json\/wp\/v2\/pages\/62","targetHints":{"allow":["GET"]}}],"collection":[{"href":"https:\/\/sites.usp.br\/padrao9\/wp-json\/wp\/v2\/pages"}],"about":[{"href":"https:\/\/sites.usp.br\/padrao9\/wp-json\/wp\/v2\/types\/page"}],"author":[{"embeddable":true,"href":"https:\/\/sites.usp.br\/padrao9\/wp-json\/wp\/v2\/users\/1"}],"replies":[{"embeddable":true,"href":"https:\/\/sites.usp.br\/padrao9\/wp-json\/wp\/v2\/comments?post=62"}],"version-history":[{"count":4,"href":"https:\/\/sites.usp.br\/padrao9\/wp-json\/wp\/v2\/pages\/62\/revisions"}],"predecessor-version":[{"id":586,"href":"https:\/\/sites.usp.br\/padrao9\/wp-json\/wp\/v2\/pages\/62\/revisions\/586"}],"wp:attachment":[{"href":"https:\/\/sites.usp.br\/padrao9\/wp-json\/wp\/v2\/media?parent=62"}],"curies":[{"name":"wp","href":"https:\/\/api.w.org\/{rel}","templated":true}]}}