{"id":79,"date":"2024-04-24T11:00:20","date_gmt":"2024-04-24T13:00:20","guid":{"rendered":"http:\/\/sites.usp.br\/padrao9\/?page_id=79"},"modified":"2025-04-11T15:11:23","modified_gmt":"2025-04-11T17:11:23","slug":"materias","status":"publish","type":"page","link":"https:\/\/sites.usp.br\/padrao9\/materias\/","title":{"rendered":"Mat\u00e9rias"},"content":{"rendered":"\t\t<div data-elementor-type=\"wp-post\" data-elementor-id=\"79\" class=\"elementor elementor-79\" data-elementor-post-type=\"page\">\n\t\t\t\t<section class=\"elementor-element elementor-element-b6f7db2 e-flex e-con-boxed e-con e-parent\" data-id=\"b6f7db2\" data-element_type=\"container\">\n\t\t\t\t\t<div class=\"e-con-inner\">\n\t\t<div class=\"elementor-element elementor-element-f79cd3d e-con-full e-flex e-con e-child\" data-id=\"f79cd3d\" data-element_type=\"container\">\n\t\t\t\t<div class=\"elementor-element elementor-element-e7db23f elementor-widget__width-initial elementor-view-default elementor-widget elementor-widget-icon\" data-id=\"e7db23f\" data-element_type=\"widget\" data-widget_type=\"icon.default\">\n\t\t\t\t<div class=\"elementor-widget-container\">\n\t\t\t\t\t<div class=\"elementor-icon-wrapper\">\n\t\t\t<div class=\"elementor-icon\">\n\t\t\t<i aria-hidden=\"true\" class=\"xlwpf wppb-font-timeline\"><\/i>\t\t\t<\/div>\n\t\t<\/div>\n\t\t\t\t<\/div>\n\t\t\t\t<\/div>\n\t\t\t\t<div class=\"elementor-element elementor-element-ede563d elementor-widget__width-initial elementor-widget elementor-widget-heading\" data-id=\"ede563d\" data-element_type=\"widget\" data-widget_type=\"heading.default\">\n\t\t\t\t<div class=\"elementor-widget-container\">\n\t\t\t<h4 class=\"elementor-heading-title elementor-size-default\">\u00daltimos conte\u00fados p\u00fablicados<\/h4>\t\t<\/div>\n\t\t\t\t<\/div>\n\t\t\t\t<\/div>\n\t\t<div class=\"elementor-element elementor-element-9cd409b e-con-full e-flex e-con e-child\" data-id=\"9cd409b\" data-element_type=\"container\">\n\t\t\t\t<div class=\"elementor-element elementor-element-0da2760 elementor-grid-3 elementor-grid-tablet-2 elementor-grid-mobile-1 elementor-posts--thumbnail-top elementor-widget elementor-widget-posts\" data-id=\"0da2760\" data-element_type=\"widget\" data-settings=\"{&quot;classic_row_gap&quot;:{&quot;unit&quot;:&quot;px&quot;,&quot;size&quot;:0,&quot;sizes&quot;:[]},&quot;pagination_type&quot;:&quot;load_more_infinite_scroll&quot;,&quot;classic_columns&quot;:&quot;3&quot;,&quot;classic_columns_tablet&quot;:&quot;2&quot;,&quot;classic_columns_mobile&quot;:&quot;1&quot;,&quot;classic_row_gap_tablet&quot;:{&quot;unit&quot;:&quot;px&quot;,&quot;size&quot;:&quot;&quot;,&quot;sizes&quot;:[]},&quot;classic_row_gap_mobile&quot;:{&quot;unit&quot;:&quot;px&quot;,&quot;size&quot;:&quot;&quot;,&quot;sizes&quot;:[]},&quot;load_more_spinner&quot;:{&quot;value&quot;:&quot;fas fa-spinner&quot;,&quot;library&quot;:&quot;fa-solid&quot;}}\" data-widget_type=\"posts.classic\">\n\t\t\t\t<div class=\"elementor-widget-container\">\n\t\t\t\t\t<div class=\"elementor-posts-container elementor-posts elementor-posts--skin-classic elementor-grid\">\n\t\t\t\t<article class=\"elementor-post elementor-grid-item post-383 post type-post status-publish format-standard has-post-thumbnail hentry category-materias\">\n\t\t\t\t<a class=\"elementor-post__thumbnail__link\" href=\"https:\/\/jornal.usp.br\/diversidade\/evento-apresenta-projetos-inovadores-para-pessoas-com-deficiencia\/\" tabindex=\"-1\" >\n\t\t\t<div class=\"elementor-post__thumbnail\"><img fetchpriority=\"high\" decoding=\"async\" width=\"768\" height=\"403\" src=\"https:\/\/sites.usp.br\/padrao9\/wp-content\/uploads\/sites\/567\/2025\/04\/20250220_tecnologias-assistivas-capa-768x403.jpg\" class=\"attachment-medium_large size-medium_large wp-image-384\" alt=\"Um homem de \u00f3culos escuros em p\u00e9 ao lado de um homem sentado com uma venda, demonstrando tecnologias assistivas.\" srcset=\"https:\/\/sites.usp.br\/padrao9\/wp-content\/uploads\/sites\/567\/2025\/04\/20250220_tecnologias-assistivas-capa-768x403.jpg 768w, https:\/\/sites.usp.br\/padrao9\/wp-content\/uploads\/sites\/567\/2025\/04\/20250220_tecnologias-assistivas-capa-300x158.jpg 300w, https:\/\/sites.usp.br\/padrao9\/wp-content\/uploads\/sites\/567\/2025\/04\/20250220_tecnologias-assistivas-capa-1024x538.jpg 1024w, https:\/\/sites.usp.br\/padrao9\/wp-content\/uploads\/sites\/567\/2025\/04\/20250220_tecnologias-assistivas-capa.jpg 1200w\" sizes=\"(max-width: 768px) 100vw, 768px\" \/><\/div>\n\t\t<\/a>\n\t\t\t\t<div class=\"elementor-post__text\">\n\t\t\t\t<h4 class=\"elementor-post__title\">\n\t\t\t<a href=\"https:\/\/jornal.usp.br\/diversidade\/evento-apresenta-projetos-inovadores-para-pessoas-com-deficiencia\/\" >\n\t\t\t\tEvento apresenta projetos inovadores para pessoas com defici\u00eancia\t\t\t<\/a>\n\t\t<\/h4>\n\t\t\t\t<div class=\"elementor-post__meta-data\">\n\t\t\t\t\t<span class=\"elementor-post-date\">\n\t\t\t20\/02\/2025\t\t<\/span>\n\t\t\t\t<\/div>\n\t\t\t\t<div class=\"elementor-post__excerpt\">\n\t\t\t<p>Tecnologias para a autonomia no dia a dia \u00c0 direita, Paulo Capel, professor da Faculdade de Odontologia (FO) da USP, descrevendo alguns aparelhos produzidos por<\/p>\n\t\t<\/div>\n\t\t\t\t<\/div>\n\t\t\t\t<\/article>\n\t\t\t\t<article class=\"elementor-post elementor-grid-item post-414 post type-post status-publish format-standard has-post-thumbnail hentry category-materias\">\n\t\t\t\t<a class=\"elementor-post__thumbnail__link\" href=\"https:\/\/jornal.usp.br\/diversidade\/usp-oferece-disciplina-de-inclusao-e-acessibilidade-inedita-no-brasil\/\" tabindex=\"-1\" >\n\t\t\t<div class=\"elementor-post__thumbnail\"><img decoding=\"async\" width=\"768\" height=\"404\" src=\"https:\/\/sites.usp.br\/padrao9\/wp-content\/uploads\/sites\/567\/2025\/04\/20250205_visao-braile_acessibilidade-1024x538-1-768x404.jpg\" class=\"attachment-medium_large size-medium_large wp-image-415\" alt=\"Aluno com defici\u00eancia visual recebe material did\u00e1tico adaptado, em braile\" srcset=\"https:\/\/sites.usp.br\/padrao9\/wp-content\/uploads\/sites\/567\/2025\/04\/20250205_visao-braile_acessibilidade-1024x538-1-768x404.jpg 768w, https:\/\/sites.usp.br\/padrao9\/wp-content\/uploads\/sites\/567\/2025\/04\/20250205_visao-braile_acessibilidade-1024x538-1-300x158.jpg 300w, https:\/\/sites.usp.br\/padrao9\/wp-content\/uploads\/sites\/567\/2025\/04\/20250205_visao-braile_acessibilidade-1024x538-1.jpg 1024w\" sizes=\"(max-width: 768px) 100vw, 768px\" \/><\/div>\n\t\t<\/a>\n\t\t\t\t<div class=\"elementor-post__text\">\n\t\t\t\t<h4 class=\"elementor-post__title\">\n\t\t\t<a href=\"https:\/\/jornal.usp.br\/diversidade\/usp-oferece-disciplina-de-inclusao-e-acessibilidade-inedita-no-brasil\/\" >\n\t\t\t\tUSP oferece disciplina de inclus\u00e3o e acessibilidade in\u00e9dita no Brasil\t\t\t<\/a>\n\t\t<\/h4>\n\t\t\t\t<div class=\"elementor-post__meta-data\">\n\t\t\t\t\t<span class=\"elementor-post-date\">\n\t\t\t05\/02\/2025\t\t<\/span>\n\t\t\t\t<\/div>\n\t\t\t\t<div class=\"elementor-post__excerpt\">\n\t\t\t<p>A fim de preparar profissionais para atender as pessoas com defici\u00eancia, Disciplina Paulista de Acessibilidade e Inclus\u00e3o passa a ser oferecida a estudantes de todos<\/p>\n\t\t<\/div>\n\t\t\t\t<\/div>\n\t\t\t\t<\/article>\n\t\t\t\t<article class=\"elementor-post elementor-grid-item post-380 post type-post status-publish format-standard has-post-thumbnail hentry category-materias\">\n\t\t\t\t<a class=\"elementor-post__thumbnail__link\" href=\"https:\/\/jornal.usp.br\/diversidade\/coletivos-da-usp-promovem-debates-e-reflexoes-sobre-questoes-relativas-as-pessoas-com-deficiencia\/\" tabindex=\"-1\" >\n\t\t\t<div class=\"elementor-post__thumbnail\"><img decoding=\"async\" width=\"768\" height=\"403\" src=\"https:\/\/sites.usp.br\/padrao9\/wp-content\/uploads\/sites\/567\/2025\/04\/20241205_dia-do-pcd-768x403.jpg\" class=\"attachment-medium_large size-medium_large wp-image-364\" alt=\"Ilustra\u00e7\u00e3o de cinco pessoas com defici\u00eancia\" srcset=\"https:\/\/sites.usp.br\/padrao9\/wp-content\/uploads\/sites\/567\/2025\/04\/20241205_dia-do-pcd-768x403.jpg 768w, https:\/\/sites.usp.br\/padrao9\/wp-content\/uploads\/sites\/567\/2025\/04\/20241205_dia-do-pcd-300x158.jpg 300w, https:\/\/sites.usp.br\/padrao9\/wp-content\/uploads\/sites\/567\/2025\/04\/20241205_dia-do-pcd-1024x538.jpg 1024w, https:\/\/sites.usp.br\/padrao9\/wp-content\/uploads\/sites\/567\/2025\/04\/20241205_dia-do-pcd.jpg 1200w\" sizes=\"(max-width: 768px) 100vw, 768px\" \/><\/div>\n\t\t<\/a>\n\t\t\t\t<div class=\"elementor-post__text\">\n\t\t\t\t<h4 class=\"elementor-post__title\">\n\t\t\t<a href=\"https:\/\/jornal.usp.br\/diversidade\/coletivos-da-usp-promovem-debates-e-reflexoes-sobre-questoes-relativas-as-pessoas-com-deficiencia\/\" >\n\t\t\t\tColetivos da USP promovem debates e reflex\u00f5es sobre quest\u00f5es relativas \u00e0s pessoas com defici\u00eancia\t\t\t<\/a>\n\t\t<\/h4>\n\t\t\t\t<div class=\"elementor-post__meta-data\">\n\t\t\t\t\t<span class=\"elementor-post-date\">\n\t\t\t06\/12\/2024\t\t<\/span>\n\t\t\t\t<\/div>\n\t\t\t\t<div class=\"elementor-post__excerpt\">\n\t\t\t<p>O Encontro tem a organiza\u00e7\u00e3o de tr\u00eas coletivos da Universidade: Coletivo de Pessoas com Defici\u00eancia Laureane Costa; Coletivo Autista, e o Coletivo Neurodivergente do IB<\/p>\n\t\t<\/div>\n\t\t\t\t<\/div>\n\t\t\t\t<\/article>\n\t\t\t\t<\/div>\n\t\t\t\t\t<span class=\"e-load-more-spinner\">\n\t\t\t\t<i aria-hidden=\"true\" class=\"fas fa-spinner\"><\/i>\t\t\t<\/span>\n\t\t\n\t\t\t\t<div class=\"e-load-more-anchor\" data-page=\"1\" data-max-page=\"3\" data-next-page=\"https:\/\/sites.usp.br\/padrao9\/wp-json\/wp\/v2\/pages\/79\/page\/2\/\"><\/div>\n\t\t\t\t<div class=\"e-load-more-message\"><\/div>\n\t\t\t\t<\/div>\n\t\t\t\t<\/div>\n\t\t\t\t<\/div>\n\t\t\t\t\t<\/div>\n\t\t\t\t<\/section>\n\t\t\t\t<\/div>\n\t\t","protected":false},"excerpt":{"rendered":"<p>\u00daltimos conte\u00fados p\u00fablicados<\/p>\n","protected":false},"author":1,"featured_media":0,"parent":0,"menu_order":3,"comment_status":"closed","ping_status":"closed","template":"","meta":{"footnotes":"","_links_to":"","_links_to_target":""},"class_list":["post-79","page","type-page","status-publish","hentry"],"_links":{"self":[{"href":"https:\/\/sites.usp.br\/padrao9\/wp-json\/wp\/v2\/pages\/79","targetHints":{"allow":["GET"]}}],"collection":[{"href":"https:\/\/sites.usp.br\/padrao9\/wp-json\/wp\/v2\/pages"}],"about":[{"href":"https:\/\/sites.usp.br\/padrao9\/wp-json\/wp\/v2\/types\/page"}],"author":[{"embeddable":true,"href":"https:\/\/sites.usp.br\/padrao9\/wp-json\/wp\/v2\/users\/1"}],"replies":[{"embeddable":true,"href":"https:\/\/sites.usp.br\/padrao9\/wp-json\/wp\/v2\/comments?post=79"}],"version-history":[{"count":4,"href":"https:\/\/sites.usp.br\/padrao9\/wp-json\/wp\/v2\/pages\/79\/revisions"}],"predecessor-version":[{"id":632,"href":"https:\/\/sites.usp.br\/padrao9\/wp-json\/wp\/v2\/pages\/79\/revisions\/632"}],"wp:attachment":[{"href":"https:\/\/sites.usp.br\/padrao9\/wp-json\/wp\/v2\/media?parent=79"}],"curies":[{"name":"wp","href":"https:\/\/api.w.org\/{rel}","templated":true}]}}