{"id":1230,"date":"2019-04-19T23:28:50","date_gmt":"2019-04-20T02:28:50","guid":{"rendered":"http:\/\/sites.usp.br\/paminsa\/?page_id=1230"},"modified":"2019-04-27T22:23:45","modified_gmt":"2019-04-28T01:23:45","slug":"informaciones-importantes","status":"publish","type":"page","link":"https:\/\/sites.usp.br\/paminsa\/en\/informaciones-importantes\/","title":{"rendered":"IMPORTANT INFORMATIONS"},"content":{"rendered":"<p>The Organizing Committee of PAMinSA VIII created a Practical Guide with information about transportation (how to get to S\u00e3o Paulo from airports and bus stations and how to get to the University of S\u00e3o Paulo), useful telephone numbers and maps of the University of S\u00e3o Paulo.<\/p>\n<p><a href=\"https:\/\/sites.usp.br\/paminsa\/wp-content\/uploads\/sites\/454\/2019\/04\/Practical-Guide.pdf\">Practical Guide<\/a><\/p>\n<p><a href=\"https:\/\/sites.usp.br\/paminsa\/wp-content\/uploads\/sites\/454\/2019\/04\/Map-of-S\u00e3o-Paulo-subway.pdf\">Map of S\u00e3o Paulo subway<\/a><\/p>\n<p><a href=\"https:\/\/sites.usp.br\/paminsa\/wp-content\/uploads\/sites\/454\/2019\/04\/Map-of-USP.pdf\">Map of USP<\/a><\/p>\n<p>Also, be aware of the entrance visa requirements in Brazil for foreigners. Consult the website of the Embassy of Brazil in your country for information about visa requirements and necessary documents.\u00a0You can check <a href=\"http:\/\/www.portalconsular.itamaraty.gov.br\/images\/qgrv\/QGRV-simples-ing-Dec21.pdf\">here<\/a> if your country needs a visa requirements to Brazil.<\/p>\n<p>Nationals from the USA, Japan, Australia, and Canada can travel to Brazil with an <a href=\"https:\/\/brazil.vfsevisa.com\/brazil\/online\/home\/index\">E-visa<\/a>.<\/p>\n<p>We strongly recommend that all\u00a0attendees to PAMinSA VIII\u00a0should be vaccinated against yellow fever at least 10 days before traveling to Brazil.<\/p>\n<p>More information on Visas, vaccination and more go to the\u00a0<a href=\"http:\/\/www.visitbrasil.com\/en\/informacoes-essenciais\/?_lang=en\"><em>Brazilian Tourism Office<\/em><\/a> website.<\/p>\n<p>&nbsp;<\/p>\n<p><strong>For the students:<\/strong> We are making feasible meals\u00a0(lunch and dinner) in the University Restaurant. The value is R$ 15.00 (approximately $4.00) per meal. For those who have an interest, fill in the form <a href=\"https:\/\/forms.gle\/ZbTnGoCvkSEpejsw7\">here<\/a>.<\/p>","protected":false},"excerpt":{"rendered":"<p>The Organizing Committee of PAMinSA VIII created a Practical Guide with information about transportation (how to get to S\u00e3o Paulo from airports and bus stations and how to get to the University of S\u00e3o Paulo), useful telephone numbers and maps of the University of S\u00e3o Paulo. Practical Guide Map of S\u00e3o Paulo subway Map of USP Also, be aware of the entrance visa requirements in Brazil for foreigners. Consult the website of the Embassy of Brazil in your country for information about visa requirements and necessary documents.\u00a0You can check here if your country needs a visa requirements to Brazil. Nationals from the USA, Japan, Australia, and Canada can travel to Brazil with an E-visa. We strongly recommend that all\u00a0attendees to PAMinSA VIII\u00a0should be vaccinated against yellow fever at least 10 days before traveling to Brazil. More information on Visas, vaccination and more go to the\u00a0Brazilian Tourism Office website. &nbsp; For the students: We are making feasible meals\u00a0(lunch and dinner) in the University Restaurant. The value is R$ 15.00 (approximately $4.00) per meal. For those who have an interest, fill in the form here.<\/p>\n","protected":false},"author":823,"featured_media":0,"parent":0,"menu_order":0,"comment_status":"closed","ping_status":"closed","template":"","meta":{"footnotes":"","_links_to":"","_links_to_target":""},"class_list":["post-1230","page","type-page","status-publish","hentry"],"_links":{"self":[{"href":"https:\/\/sites.usp.br\/paminsa\/en\/wp-json\/wp\/v2\/pages\/1230","targetHints":{"allow":["GET"]}}],"collection":[{"href":"https:\/\/sites.usp.br\/paminsa\/en\/wp-json\/wp\/v2\/pages"}],"about":[{"href":"https:\/\/sites.usp.br\/paminsa\/en\/wp-json\/wp\/v2\/types\/page"}],"author":[{"embeddable":true,"href":"https:\/\/sites.usp.br\/paminsa\/en\/wp-json\/wp\/v2\/users\/823"}],"replies":[{"embeddable":true,"href":"https:\/\/sites.usp.br\/paminsa\/en\/wp-json\/wp\/v2\/comments?post=1230"}],"version-history":[{"count":4,"href":"https:\/\/sites.usp.br\/paminsa\/en\/wp-json\/wp\/v2\/pages\/1230\/revisions"}],"predecessor-version":[{"id":1271,"href":"https:\/\/sites.usp.br\/paminsa\/en\/wp-json\/wp\/v2\/pages\/1230\/revisions\/1271"}],"wp:attachment":[{"href":"https:\/\/sites.usp.br\/paminsa\/en\/wp-json\/wp\/v2\/media?parent=1230"}],"curies":[{"name":"wp","href":"https:\/\/api.w.org\/{rel}","templated":true}]}}