{"id":854,"date":"2018-12-17T19:47:23","date_gmt":"2018-12-17T21:47:23","guid":{"rendered":"http:\/\/sites.usp.br\/paminsa\/?page_id=854"},"modified":"2019-02-07T12:54:09","modified_gmt":"2019-02-07T14:54:09","slug":"comite-organizador","status":"publish","type":"page","link":"https:\/\/sites.usp.br\/paminsa\/en\/comite-organizador\/","title":{"rendered":"ORGANIZING COMMITTEE"},"content":{"rendered":"<p><\/p>\n<div id=\"comp-jpgbcsrn\" class=\"txtNew\" data-packed=\"true\">\n<h3 class=\"s_BIwzIGroupSkin\"><strong><strong><a href=\"http:\/\/sites.usp.br\/paminsa\/wp-content\/uploads\/sites\/454\/2018\/12\/Foto-Veronica-1.jpg\"><img loading=\"lazy\" decoding=\"async\" class=\"aligncenter size-medium wp-image-1185\" src=\"http:\/\/sites.usp.br\/paminsa\/wp-content\/uploads\/sites\/454\/2018\/12\/Foto-Veronica-1-300x234.jpg\" alt=\"\" width=\"300\" height=\"234\" data-id=\"1185\" srcset=\"https:\/\/sites.usp.br\/paminsa\/wp-content\/uploads\/sites\/454\/2018\/12\/Foto-Veronica-1-300x234.jpg 300w, https:\/\/sites.usp.br\/paminsa\/wp-content\/uploads\/sites\/454\/2018\/12\/Foto-Veronica-1.jpg 368w\" sizes=\"auto, (max-width: 300px) 100vw, 300px\" \/><\/a><br \/>\n<\/strong><\/strong><\/h3>\n<h3 class=\"s_BIwzIGroupSkin\" style=\"text-align: center;\"><strong><strong>Veronica Wesolowski<\/strong><\/strong><\/h3>\n<p style=\"text-align: center;\">Graduate in Archeology from Est\u00e1cio de S\u00e1 University (1992), Master in Social Science (Social Anthropology) from University of S\u00e3o Paulo (1999) and PhD in Science (Public Health) from Funda\u00e7\u00e3o Oswaldo Cruz (2007). She is currently professor at the Museum of Archeology and Ethnology at the University of S\u00e3o Paulo (MAE \/ USP), working in the areas of Brazilian Prehistoric, Bioarchaeology and Archeology, with emphasis on Paleopathology,\u00a0Paleoepidemiology and Funerary Archeology.<\/p>\n<hr \/>\n<p>&nbsp;<\/p>\n<p><a href=\"http:\/\/sites.usp.br\/paminsa\/wp-content\/uploads\/sites\/454\/2018\/12\/foto-andr\u00e9-strauss.jpg\"><img loading=\"lazy\" decoding=\"async\" class=\"wp-image-870 aligncenter\" src=\"http:\/\/sites.usp.br\/paminsa\/wp-content\/uploads\/sites\/454\/2018\/12\/foto-andr\u00e9-strauss-300x288.jpg\" alt=\"\" width=\"240\" height=\"230\" data-id=\"870\" srcset=\"https:\/\/sites.usp.br\/paminsa\/wp-content\/uploads\/sites\/454\/2018\/12\/foto-andr\u00e9-strauss-300x288.jpg 300w, https:\/\/sites.usp.br\/paminsa\/wp-content\/uploads\/sites\/454\/2018\/12\/foto-andr\u00e9-strauss-400x383.jpg 400w, https:\/\/sites.usp.br\/paminsa\/wp-content\/uploads\/sites\/454\/2018\/12\/foto-andr\u00e9-strauss.jpg 434w\" sizes=\"auto, (max-width: 240px) 100vw, 240px\" \/><\/a><\/p>\n<\/div>\n<h3 id=\"comp-jpgbr3m6\" class=\"txtNew\" style=\"text-align: center;\" data-packed=\"true\"><span style=\"color: #993300;\">\u00a0<strong>Andr\u00e9 Strauss<\/strong><\/span><\/h3>\n<div class=\"txtNew\" style=\"text-align: center;\" data-packed=\"true\">Graduate in\u00a0Social Sciences at PUC-SP (2006) and in Geology at Institute of Geosciences of the University of S\u00e3o Paulo (2008), Master in Genetics from the Institute of Biosciences of the University of S\u00e3o Paulo (IB-USP) (2010), PhD in Archaeological Sciences at the Eberhard Karls Universit\u00e4t T\u00fcbingen (2016) and Post-Doctor at the Center for Advanced Studies of the Deutsche Forschungsgemeinschaft (DFG) in Germany (2017). He is currently professor at the Museum of Archeology and Ethnology of the University of S\u00e3o Paulo (MAE\/USP) and coordinator of\u00a0 the Laboratory of Archaeology, Environmental and Evolutionary Anthropology (LAAAE) at IB\/USP.<\/div>\n<div id=\"comp-jpgcft4q\" class=\"wp2\" title=\"\" data-exact-height=\"228\" data-content-padding-horizontal=\"0\" data-content-padding-vertical=\"0\">\n<hr \/>\n<\/div>\n<div class=\"wp2\" title=\"\" data-exact-height=\"228\" data-content-padding-horizontal=\"0\" data-content-padding-vertical=\"0\">\n<p><a href=\"http:\/\/sites.usp.br\/paminsa\/wp-content\/uploads\/sites\/454\/2018\/12\/foto-Rodrigo-2.jpg\"><img loading=\"lazy\" decoding=\"async\" class=\"aligncenter size-medium wp-image-1215\" src=\"http:\/\/sites.usp.br\/paminsa\/wp-content\/uploads\/sites\/454\/2018\/12\/foto-Rodrigo-2-225x300.jpg\" alt=\"\" width=\"225\" height=\"300\" data-id=\"1215\" srcset=\"https:\/\/sites.usp.br\/paminsa\/wp-content\/uploads\/sites\/454\/2018\/12\/foto-Rodrigo-2-225x300.jpg 225w, https:\/\/sites.usp.br\/paminsa\/wp-content\/uploads\/sites\/454\/2018\/12\/foto-Rodrigo-2-768x1024.jpg 768w, https:\/\/sites.usp.br\/paminsa\/wp-content\/uploads\/sites\/454\/2018\/12\/foto-Rodrigo-2-400x533.jpg 400w\" sizes=\"auto, (max-width: 225px) 100vw, 225px\" \/><\/a><\/p>\n<h3 style=\"text-align: center;\"><span style=\"color: #993300;\"><strong>Rodrigo Elias Oliveira<\/strong><\/span><\/h3>\n<\/div>\n<div class=\"txtNew\" data-packed=\"true\">Graduate (1998) and Master (2008) by the Faculty of Dentistry of the University of S\u00e3o Paulo (FOUSP), Doctor (2013) by the Institute of Biosciences of USP (IB-USP) and Post-Doctor (2017) by FOUSP. Since 2006 has been working and coordinating the curating of the human remains of Lapa do Santo e Buritizeiro, important archaeological sites of Minas Gerais of the Early and Middle Holocene, housed in the Laboratory of Archaeology and Environmental and Evolutionary Anthropology (LAAAE-USP). Main areas of study: Bone and Dental Pathologies and Archaeological Microvestiges.<\/div>\n<p><\/p>","protected":false},"excerpt":{"rendered":"<p>Veronica Wesolowski Graduate in Archeology from Est\u00e1cio de S\u00e1 University (1992), Master in Social Science (Social Anthropology) from University of S\u00e3o Paulo (1999) and PhD in Science (Public Health) from Funda\u00e7\u00e3o Oswaldo Cruz (2007). She is currently professor at the Museum of Archeology and Ethnology at the University of S\u00e3o Paulo (MAE \/ USP), working in the areas of Brazilian Prehistoric, Bioarchaeology and Archeology, with emphasis on Paleopathology,\u00a0Paleoepidemiology and Funerary Archeology. &nbsp; \u00a0Andr\u00e9 Strauss Graduate in\u00a0Social Sciences at PUC-SP (2006) and in Geology at Institute of Geosciences of the University of S\u00e3o Paulo (2008), Master in Genetics from the Institute of Biosciences of the University of S\u00e3o Paulo (IB-USP) (2010), PhD in Archaeological Sciences at the Eberhard Karls Universit\u00e4t T\u00fcbingen (2016) and Post-Doctor at the Center for Advanced Studies of the Deutsche Forschungsgemeinschaft (DFG) in Germany (2017). He is currently professor at the Museum of Archeology and Ethnology of the University of S\u00e3o Paulo (MAE\/USP) and coordinator of\u00a0 the Laboratory of Archaeology, Environmental and Evolutionary Anthropology (LAAAE) at IB\/USP. Rodrigo Elias Oliveira Graduate (1998) and Master (2008) by the Faculty of Dentistry of the University of S\u00e3o Paulo (FOUSP), Doctor (2013) by the Institute of Biosciences of USP (IB-USP) and [&#8230;]<\/p>\n","protected":false},"author":823,"featured_media":790,"parent":0,"menu_order":0,"comment_status":"closed","ping_status":"closed","template":"page-full.php","meta":{"footnotes":"","_links_to":"","_links_to_target":""},"class_list":["post-854","page","type-page","status-publish","has-post-thumbnail","hentry"],"_links":{"self":[{"href":"https:\/\/sites.usp.br\/paminsa\/en\/wp-json\/wp\/v2\/pages\/854","targetHints":{"allow":["GET"]}}],"collection":[{"href":"https:\/\/sites.usp.br\/paminsa\/en\/wp-json\/wp\/v2\/pages"}],"about":[{"href":"https:\/\/sites.usp.br\/paminsa\/en\/wp-json\/wp\/v2\/types\/page"}],"author":[{"embeddable":true,"href":"https:\/\/sites.usp.br\/paminsa\/en\/wp-json\/wp\/v2\/users\/823"}],"replies":[{"embeddable":true,"href":"https:\/\/sites.usp.br\/paminsa\/en\/wp-json\/wp\/v2\/comments?post=854"}],"version-history":[{"count":5,"href":"https:\/\/sites.usp.br\/paminsa\/en\/wp-json\/wp\/v2\/pages\/854\/revisions"}],"predecessor-version":[{"id":1218,"href":"https:\/\/sites.usp.br\/paminsa\/en\/wp-json\/wp\/v2\/pages\/854\/revisions\/1218"}],"wp:featuredmedia":[{"embeddable":true,"href":"https:\/\/sites.usp.br\/paminsa\/en\/wp-json\/wp\/v2\/media\/790"}],"wp:attachment":[{"href":"https:\/\/sites.usp.br\/paminsa\/en\/wp-json\/wp\/v2\/media?parent=854"}],"curies":[{"name":"wp","href":"https:\/\/api.w.org\/{rel}","templated":true}]}}