{"id":1056,"date":"2019-01-29T22:54:46","date_gmt":"2019-01-30T00:54:46","guid":{"rendered":"http:\/\/sites.usp.br\/paminsa\/?page_id=1056"},"modified":"2019-06-03T01:18:03","modified_gmt":"2019-06-03T04:18:03","slug":"resumenes","status":"publish","type":"page","link":"https:\/\/sites.usp.br\/paminsa\/pb\/resumenes\/","title":{"rendered":"RESUMOS"},"content":{"rendered":"<p>APRESENTA\u00c7\u00c3O DE RESUMOS<\/p>\n<p><u>Data limite para envio dos resumos: 25 de maio de 2019<\/u><\/p>\n<p>Nessa edi\u00e7\u00e3o, a inscri\u00e7\u00e3o e o pagamento para a participa\u00e7\u00e3o no PAMinSA VIII ser\u00e3o realizados atrav\u00e9s da plataforma <em>Even3,<\/em> cujo <em>link<\/em> est\u00e1 dispon\u00edvel abaixo.<\/p>\n<p>Os resumos devem estar em ingl\u00eas ou espanhol e conter, no m\u00e1ximo, 500 palavras.<\/p>\n<p>Regras para submiss\u00e3o:<\/p>\n<ol>\n<li>O resumo dever\u00e1 ser enviado pelo primero autor, que dever\u00e1 inscrever-se no evento previamente \u00e0 submiss\u00e3o.<\/li>\n<li>Al\u00e9m do primeiro autor, todos\u00a0os co-autores que tiverem a inten\u00e7\u00e3o de\u00a0 assistir ao PAMinSA VIII\u00a0 dever\u00e3o estar inscritos no congresso e dever\u00e3o informar, no ato de sua inscri\u00e7\u00e3o, que s\u00e3o co-autores\u00a0 de resumos j\u00e1 submetidos.<\/li>\n<li>Nas modalidades simp\u00f3sio e mesas de comunica\u00e7\u00f5es apenas dois resumos poder\u00e3o ser submetidos por autor, seja como autor principal ou como co-autor.\u00a0\u00a0N\u00e3o haver\u00e1 restri\u00e7\u00e3o para a submiss\u00e3o de resumos na modalidade\u00a0 Poster.<\/li>\n<li>Os resumos dever\u00e3o ser escritos em ingl\u00eas ou espanhol\u00a0e ter no m\u00e1ximo 500 palavras. Para os simp\u00f3sios, um resumo com a proposta geral\u00a0do \u00a0simp\u00f3sio e o m\u00e1ximo de 500 palavras tamb\u00e9m dever\u00e1 ser enviado pelo coordenador.<\/li>\n<li>\u00c9 preciso utilizar o <em>template<\/em> (modelo eletr\u00f4nico) para resumo dispon\u00edvel <a href=\"http:\/\/sites.usp.br\/paminsa\/wp-content\/uploads\/sites\/454\/2019\/02\/Template-Abstract_PAMinSA-VIII.docm\">AQUI<\/a>. O <em>template<\/em> j\u00e1 est\u00e1 na formata\u00e7\u00e3o correta (espa\u00e7amento simples, fonte Times New Roman, tamanho 12). Os resumos dever\u00e3o conter as seguintes informa\u00e7\u00f5es: Objetivo \/ Pergunta de Pesquisa; M\u00e9todos; Resultados; Conclus\u00f5es.<\/li>\n<li>O nome do arquivo dever\u00e1 conter: sobrenome do autor, modalidade de apresenta\u00e7\u00e3o (simp\u00f3sio, comunica\u00e7\u00e3o ou p\u00f4ster) e tipo de inscri\u00e7\u00e3o (PPA member, Student PPA member, etc) (ex:: Wesolowski p\u00f4ster PPA member). Nas submiss\u00f5es para\u00a0Simp\u00f3sio o coordenador dever\u00e1 submeter todos os resumos atrav\u00e9s de um \u00fanico arquivo.<\/li>\n<li>Os resumos poder\u00e3o ser enviados no momento da inscri\u00e7\u00e3o atrav\u00e9s do <em>link<\/em>:\u00a0<a href=\"https:\/\/www.even3.com.br\/paminsa\">https:\/\/www.even3.com.br\/paminsa<\/a><\/li>\n<li>O Comit\u00ea Organizador notificar\u00e1 os primeiros autores ao receber seus resumos. Entretanto, submeter\u00e3o os resumos ao Comit\u00ea Cient\u00edfico antes\u00a0de aceit\u00e1-los e enviar\u00e3o posteriormente uma notifica\u00e7\u00e3o sobre a decis\u00e3o de aceite ou n\u00e3o.<\/li>\n<li>As submiss\u00f5es\u00a0para as modalidades Simp\u00f3sios e Posteres ser\u00e3o avaliadas pelo Comit\u00ea Cient\u00edfico. As submiss\u00f5es para a modalidade Mesas de Comunica\u00e7\u00e3o ser\u00e3o avaliadas\u00a0pelo Comit\u00ea Cient\u00edfico com aux\u00edlio dos\u00a0coordenadores das Mesas.<\/li>\n<li>Caso o Comit\u00ea recuse um resumo, o primeiro autor poder\u00e1 solicitar o reembolso da taxa de pr\u00e9-incri\u00e7\u00e3o. Isso tamb\u00e9m se aplica aos coautores que se inscreveram, a menos que sejam o primeiro autor em outro trabalho aceito.<\/li>\n<\/ol>\n<p>&nbsp;<\/p>\n<p><strong><em>Inscri\u00e7\u00f5es, submiss\u00e3o de resumos e pagamento clique no link<\/em>:<\/strong>\u00a0<a href=\"https:\/\/www.even3.com.br\/paminsa\">https:\/\/www.even3.com.br\/paminsa<\/a><\/p>","protected":false},"excerpt":{"rendered":"<p>APRESENTA\u00c7\u00c3O DE RESUMOS Data limite para envio dos resumos: 25 de maio de 2019 Nessa edi\u00e7\u00e3o, a inscri\u00e7\u00e3o e o pagamento para a participa\u00e7\u00e3o no PAMinSA VIII ser\u00e3o realizados atrav\u00e9s da plataforma Even3, cujo link est\u00e1 dispon\u00edvel abaixo. Os resumos devem estar em ingl\u00eas ou espanhol e conter, no m\u00e1ximo, 500 palavras. Regras para submiss\u00e3o: O resumo dever\u00e1 ser enviado pelo primero autor, que dever\u00e1 inscrever-se no evento previamente \u00e0 submiss\u00e3o. Al\u00e9m do primeiro autor, todos\u00a0os co-autores que tiverem a inten\u00e7\u00e3o de\u00a0 assistir ao PAMinSA VIII\u00a0 dever\u00e3o estar inscritos no congresso e dever\u00e3o informar, no ato de sua inscri\u00e7\u00e3o, que s\u00e3o co-autores\u00a0 de resumos j\u00e1 submetidos. Nas modalidades simp\u00f3sio e mesas de comunica\u00e7\u00f5es apenas dois resumos poder\u00e3o ser submetidos por autor, seja como autor principal ou como co-autor.\u00a0\u00a0N\u00e3o haver\u00e1 restri\u00e7\u00e3o para a submiss\u00e3o de resumos na modalidade\u00a0 Poster. Os resumos dever\u00e3o ser escritos em ingl\u00eas ou espanhol\u00a0e ter no m\u00e1ximo 500 palavras. Para os simp\u00f3sios, um resumo com a proposta geral\u00a0do \u00a0simp\u00f3sio e o m\u00e1ximo de 500 palavras tamb\u00e9m dever\u00e1 ser enviado pelo coordenador. \u00c9 preciso utilizar o template (modelo eletr\u00f4nico) para resumo dispon\u00edvel AQUI. O template j\u00e1 est\u00e1 na formata\u00e7\u00e3o correta (espa\u00e7amento simples, fonte Times New Roman, tamanho 12). [&#8230;]<\/p>\n","protected":false},"author":823,"featured_media":0,"parent":0,"menu_order":0,"comment_status":"closed","ping_status":"closed","template":"page-full.php","meta":{"footnotes":"","_links_to":"","_links_to_target":""},"class_list":["post-1056","page","type-page","status-publish","hentry"],"_links":{"self":[{"href":"https:\/\/sites.usp.br\/paminsa\/pb\/wp-json\/wp\/v2\/pages\/1056","targetHints":{"allow":["GET"]}}],"collection":[{"href":"https:\/\/sites.usp.br\/paminsa\/pb\/wp-json\/wp\/v2\/pages"}],"about":[{"href":"https:\/\/sites.usp.br\/paminsa\/pb\/wp-json\/wp\/v2\/types\/page"}],"author":[{"embeddable":true,"href":"https:\/\/sites.usp.br\/paminsa\/pb\/wp-json\/wp\/v2\/users\/823"}],"replies":[{"embeddable":true,"href":"https:\/\/sites.usp.br\/paminsa\/pb\/wp-json\/wp\/v2\/comments?post=1056"}],"version-history":[{"count":4,"href":"https:\/\/sites.usp.br\/paminsa\/pb\/wp-json\/wp\/v2\/pages\/1056\/revisions"}],"predecessor-version":[{"id":1325,"href":"https:\/\/sites.usp.br\/paminsa\/pb\/wp-json\/wp\/v2\/pages\/1056\/revisions\/1325"}],"wp:attachment":[{"href":"https:\/\/sites.usp.br\/paminsa\/pb\/wp-json\/wp\/v2\/media?parent=1056"}],"curies":[{"name":"wp","href":"https:\/\/api.w.org\/{rel}","templated":true}]}}