{"id":1111,"date":"2019-02-01T19:39:56","date_gmt":"2019-02-01T21:39:56","guid":{"rendered":"http:\/\/sites.usp.br\/paminsa\/?page_id=1111"},"modified":"2019-08-13T19:12:22","modified_gmt":"2019-08-13T22:12:22","slug":"portugues-brasil-programacao","status":"publish","type":"page","link":"https:\/\/sites.usp.br\/paminsa\/pb\/portugues-brasil-programacao\/","title":{"rendered":"PROGRAMA\u00c7\u00c3O"},"content":{"rendered":"<p>A programa\u00e7\u00e3o do PAMinSA VIII j\u00e1 est\u00e1 dispon\u00edvel!<\/p>\n<p>Acesse a programa\u00e7\u00e3o completa <a href=\"https:\/\/sites.usp.br\/paminsa\/wp-content\/uploads\/sites\/454\/dlm_uploads\/2019\/08\/Scientific-program-and-Pratical-Guide.pdf\">AQUI<\/a><\/p>\n<p>Acesse a programa\u00e7\u00e3o do <em>Webinar on Ancient Rare Diseases<\/em> <a href=\"https:\/\/sites.usp.br\/paminsa\/wp-content\/uploads\/sites\/454\/2019\/08\/StraightforWARD_PAMINSA.pdf\">AQUI<\/a><\/p>\n<p>Abaixo confira a programa\u00e7\u00e3o condensada.<\/p>\n<p><a href=\"https:\/\/sites.usp.br\/paminsa\/wp-content\/uploads\/sites\/454\/2019\/07\/PROGRAMA-CONDENSADO.jpg\"><br \/>\n<img loading=\"lazy\" decoding=\"async\" class=\"aligncenter size-full wp-image-1352\" src=\"https:\/\/sites.usp.br\/paminsa\/wp-content\/uploads\/sites\/454\/2019\/07\/PROGRAMA-CONDENSADO.jpg\" alt=\"\" width=\"1793\" height=\"748\" data-id=\"1352\" srcset=\"https:\/\/sites.usp.br\/paminsa\/wp-content\/uploads\/sites\/454\/2019\/07\/PROGRAMA-CONDENSADO.jpg 1793w, https:\/\/sites.usp.br\/paminsa\/wp-content\/uploads\/sites\/454\/2019\/07\/PROGRAMA-CONDENSADO-300x125.jpg 300w, https:\/\/sites.usp.br\/paminsa\/wp-content\/uploads\/sites\/454\/2019\/07\/PROGRAMA-CONDENSADO-768x320.jpg 768w, https:\/\/sites.usp.br\/paminsa\/wp-content\/uploads\/sites\/454\/2019\/07\/PROGRAMA-CONDENSADO-1024x427.jpg 1024w, https:\/\/sites.usp.br\/paminsa\/wp-content\/uploads\/sites\/454\/2019\/07\/PROGRAMA-CONDENSADO-400x167.jpg 400w\" sizes=\"auto, (max-width: 1793px) 100vw, 1793px\" \/><\/a><\/p>","protected":false},"excerpt":{"rendered":"<p>A programa\u00e7\u00e3o do PAMinSA VIII j\u00e1 est\u00e1 dispon\u00edvel! Acesse a programa\u00e7\u00e3o completa AQUI Acesse a programa\u00e7\u00e3o do Webinar on Ancient Rare Diseases AQUI Abaixo confira a programa\u00e7\u00e3o condensada.<\/p>\n","protected":false},"author":823,"featured_media":0,"parent":0,"menu_order":0,"comment_status":"closed","ping_status":"closed","template":"page-full.php","meta":{"footnotes":"","_links_to":"","_links_to_target":""},"class_list":["post-1111","page","type-page","status-publish","hentry"],"_links":{"self":[{"href":"https:\/\/sites.usp.br\/paminsa\/pb\/wp-json\/wp\/v2\/pages\/1111","targetHints":{"allow":["GET"]}}],"collection":[{"href":"https:\/\/sites.usp.br\/paminsa\/pb\/wp-json\/wp\/v2\/pages"}],"about":[{"href":"https:\/\/sites.usp.br\/paminsa\/pb\/wp-json\/wp\/v2\/types\/page"}],"author":[{"embeddable":true,"href":"https:\/\/sites.usp.br\/paminsa\/pb\/wp-json\/wp\/v2\/users\/823"}],"replies":[{"embeddable":true,"href":"https:\/\/sites.usp.br\/paminsa\/pb\/wp-json\/wp\/v2\/comments?post=1111"}],"version-history":[{"count":4,"href":"https:\/\/sites.usp.br\/paminsa\/pb\/wp-json\/wp\/v2\/pages\/1111\/revisions"}],"predecessor-version":[{"id":1374,"href":"https:\/\/sites.usp.br\/paminsa\/pb\/wp-json\/wp\/v2\/pages\/1111\/revisions\/1374"}],"wp:attachment":[{"href":"https:\/\/sites.usp.br\/paminsa\/pb\/wp-json\/wp\/v2\/media?parent=1111"}],"curies":[{"name":"wp","href":"https:\/\/api.w.org\/{rel}","templated":true}]}}