{"id":1230,"date":"2019-04-19T23:28:50","date_gmt":"2019-04-20T02:28:50","guid":{"rendered":"http:\/\/sites.usp.br\/paminsa\/?page_id=1230"},"modified":"2019-04-27T22:23:45","modified_gmt":"2019-04-28T01:23:45","slug":"informaciones-importantes","status":"publish","type":"page","link":"https:\/\/sites.usp.br\/paminsa\/pb\/informaciones-importantes\/","title":{"rendered":"INFORMA\u00c7\u00d5ES IMPORTANTES"},"content":{"rendered":"<p>O Comit\u00ea Organizador do PAMinSA VIII criou um Guia Pr\u00e1tico com informa\u00e7\u00f5es sobre transporte (como chegar em S\u00e3o Paulo dos aeroportos e rodovi\u00e1rias e como chegar na Universidade de S\u00e3o Paulo), telefones \u00fateis e mapa da Universidade de S\u00e3o Paulo.<\/p>\n<p><a href=\"https:\/\/sites.usp.br\/paminsa\/wp-content\/uploads\/sites\/454\/2019\/04\/Guia-Pr\u00e1tico.pdf\">Guia Pr\u00e1tico<\/a><\/p>\n<p><a href=\"https:\/\/sites.usp.br\/paminsa\/wp-content\/uploads\/sites\/454\/2019\/04\/Mapa-do-metr\u00f4-de-S\u00e3o-Paulo.pdf\">Mapa do metr\u00f4 de S\u00e3o Paulo<\/a><\/p>\n<p><a href=\"https:\/\/sites.usp.br\/paminsa\/wp-content\/uploads\/sites\/454\/2019\/04\/Map-of-USP.pdf\">Map of USP<\/a><\/p>\n<p>Fiquem atentos tamb\u00e9m sobre visto para estrangeiros para entrada no Brasil. Consultem o site da Embaixada do Brasil de seu pa\u00eds para obter informa\u00e7\u00f5es sobre visto de entrada e documentos necess\u00e1rios. Voc\u00ea pode consultar a lista de pa\u00edses que necessitam de visto <a href=\"http:\/\/www.portalconsular.itamaraty.gov.br\/images\/qgrv\/QGRV-simples-ing-Dec21.pdf\">aqui<\/a>.<\/p>\n<p>Recomentamos que todos os participantes do PAMinSA VIII se vacinem contra febre amarela ao menos 10 dias antes de viajar.<\/p>\n<p>Para mais informa\u00e7\u00f5es sobre visto e vacinas visita o site da\u00a0<a href=\"http:\/\/www.visitbrasil.com\/pt\/informacoes-essenciais\/?_lang=pt\"><em>Oficina de Turismo do Brasil\u00a0<\/em><\/a><\/p>\n<p>&nbsp;<\/p>\n<p><strong>Para os estudantes<\/strong>: Estamos viabilizando refei\u00e7\u00f5es (almo\u00e7o e jantar) no Restaurante Universit\u00e1rio. O valor \u00e9 de R$ 15,00 (aproximadamente US$ 4,00) por refei\u00e7\u00e3o. Para aqueles que t\u00eam interesse, preencha o formul\u00e1rio <a href=\"https:\/\/forms.gle\/ZbTnGoCvkSEpejsw7\">aqui<\/a>.<\/p>","protected":false},"excerpt":{"rendered":"<p>O Comit\u00ea Organizador do PAMinSA VIII criou um Guia Pr\u00e1tico com informa\u00e7\u00f5es sobre transporte (como chegar em S\u00e3o Paulo dos aeroportos e rodovi\u00e1rias e como chegar na Universidade de S\u00e3o Paulo), telefones \u00fateis e mapa da Universidade de S\u00e3o Paulo. Guia Pr\u00e1tico Mapa do metr\u00f4 de S\u00e3o Paulo Map of USP Fiquem atentos tamb\u00e9m sobre visto para estrangeiros para entrada no Brasil. Consultem o site da Embaixada do Brasil de seu pa\u00eds para obter informa\u00e7\u00f5es sobre visto de entrada e documentos necess\u00e1rios. Voc\u00ea pode consultar a lista de pa\u00edses que necessitam de visto aqui. Recomentamos que todos os participantes do PAMinSA VIII se vacinem contra febre amarela ao menos 10 dias antes de viajar. Para mais informa\u00e7\u00f5es sobre visto e vacinas visita o site da\u00a0Oficina de Turismo do Brasil\u00a0 &nbsp; Para os estudantes: Estamos viabilizando refei\u00e7\u00f5es (almo\u00e7o e jantar) no Restaurante Universit\u00e1rio. O valor \u00e9 de R$ 15,00 (aproximadamente US$ 4,00) por refei\u00e7\u00e3o. Para aqueles que t\u00eam interesse, preencha o formul\u00e1rio aqui.<\/p>\n","protected":false},"author":823,"featured_media":0,"parent":0,"menu_order":0,"comment_status":"closed","ping_status":"closed","template":"","meta":{"footnotes":"","_links_to":"","_links_to_target":""},"class_list":["post-1230","page","type-page","status-publish","hentry"],"_links":{"self":[{"href":"https:\/\/sites.usp.br\/paminsa\/pb\/wp-json\/wp\/v2\/pages\/1230","targetHints":{"allow":["GET"]}}],"collection":[{"href":"https:\/\/sites.usp.br\/paminsa\/pb\/wp-json\/wp\/v2\/pages"}],"about":[{"href":"https:\/\/sites.usp.br\/paminsa\/pb\/wp-json\/wp\/v2\/types\/page"}],"author":[{"embeddable":true,"href":"https:\/\/sites.usp.br\/paminsa\/pb\/wp-json\/wp\/v2\/users\/823"}],"replies":[{"embeddable":true,"href":"https:\/\/sites.usp.br\/paminsa\/pb\/wp-json\/wp\/v2\/comments?post=1230"}],"version-history":[{"count":4,"href":"https:\/\/sites.usp.br\/paminsa\/pb\/wp-json\/wp\/v2\/pages\/1230\/revisions"}],"predecessor-version":[{"id":1271,"href":"https:\/\/sites.usp.br\/paminsa\/pb\/wp-json\/wp\/v2\/pages\/1230\/revisions\/1271"}],"wp:attachment":[{"href":"https:\/\/sites.usp.br\/paminsa\/pb\/wp-json\/wp\/v2\/media?parent=1230"}],"curies":[{"name":"wp","href":"https:\/\/api.w.org\/{rel}","templated":true}]}}