{"id":854,"date":"2018-12-17T19:47:23","date_gmt":"2018-12-17T21:47:23","guid":{"rendered":"http:\/\/sites.usp.br\/paminsa\/?page_id=854"},"modified":"2019-02-07T12:54:09","modified_gmt":"2019-02-07T14:54:09","slug":"comite-organizador","status":"publish","type":"page","link":"https:\/\/sites.usp.br\/paminsa\/pb\/comite-organizador\/","title":{"rendered":"COMIT\u00ca ORGANIZADOR"},"content":{"rendered":"<p><\/p>\n<div id=\"comp-jpgbcsrn\" class=\"txtNew\" data-packed=\"true\">\n<div id=\"comp-jpgbbo71\" class=\"s_BIwzIGroupSkin\">\n<p class=\"font7\" style=\"text-align: justify;\"><a href=\"http:\/\/sites.usp.br\/paminsa\/wp-content\/uploads\/sites\/454\/2018\/12\/Foto-Veronica-1.jpg\"><img loading=\"lazy\" decoding=\"async\" class=\"aligncenter size-medium wp-image-1185\" src=\"http:\/\/sites.usp.br\/paminsa\/wp-content\/uploads\/sites\/454\/2018\/12\/Foto-Veronica-1-300x234.jpg\" alt=\"\" width=\"300\" height=\"234\" data-id=\"1185\" srcset=\"https:\/\/sites.usp.br\/paminsa\/wp-content\/uploads\/sites\/454\/2018\/12\/Foto-Veronica-1-300x234.jpg 300w, https:\/\/sites.usp.br\/paminsa\/wp-content\/uploads\/sites\/454\/2018\/12\/Foto-Veronica-1.jpg 368w\" sizes=\"auto, (max-width: 300px) 100vw, 300px\" \/><\/a><\/p>\n<h3 class=\"font7\" style=\"text-align: center;\"><span style=\"color: #993300;\"><b><span style=\"font-family: 'Arial','sans-serif';\">Veronica Wesolowski<\/span><\/b><\/span><\/h3>\n<p class=\"font7\" style=\"text-align: center;\">Graduada em Arqueologia pela Universidade Est\u00e1cio de S\u00e1 (1992), Mestre em Ci\u00eancia Social (Antropologia Social) pela Universidade de S\u00e3o Paulo (1999) e Doutora em Ci\u00eancia (Sa\u00fade P\u00fablica) pela Funda\u00e7\u00e3o Oswaldo Cruz (2007). Atualmente \u00e9 professora Doutora do Museu de Arqueologia e Etnologia da Universidade de S\u00e3o Paulo (MAE\/USP), atuando nas \u00e1reas de Bioarqueologia e Arqueologia Pr\u00e9-hist\u00f3rica brasileira, com \u00eanfase em Paleopatologia, Paleoepidemiologia e Arqueologia funer\u00e1ria.<\/p>\n<hr \/>\n<\/div>\n<\/div>\n<h3 style=\"text-align: center;\"><a href=\"http:\/\/sites.usp.br\/paminsa\/wp-content\/uploads\/sites\/454\/2018\/12\/foto-andr\u00e9-strauss.jpg\"><img loading=\"lazy\" decoding=\"async\" class=\"wp-image-870 aligncenter\" src=\"http:\/\/sites.usp.br\/paminsa\/wp-content\/uploads\/sites\/454\/2018\/12\/foto-andr\u00e9-strauss-300x288.jpg\" alt=\"\" width=\"240\" height=\"230\" data-id=\"870\" srcset=\"https:\/\/sites.usp.br\/paminsa\/wp-content\/uploads\/sites\/454\/2018\/12\/foto-andr\u00e9-strauss-300x288.jpg 300w, https:\/\/sites.usp.br\/paminsa\/wp-content\/uploads\/sites\/454\/2018\/12\/foto-andr\u00e9-strauss-400x383.jpg 400w, https:\/\/sites.usp.br\/paminsa\/wp-content\/uploads\/sites\/454\/2018\/12\/foto-andr\u00e9-strauss.jpg 434w\" sizes=\"auto, (max-width: 240px) 100vw, 240px\" \/><\/a><\/h3>\n<h3 style=\"text-align: center;\"><span style=\"color: #993300;\"><strong>A<\/strong><b><span style=\"font-family: 'Arial','sans-serif';\">ndr\u00e9 Strauss<\/span><\/b><\/span><\/h3>\n<div id=\"comp-jpgbcsrn\" class=\"txtNew\" data-packed=\"true\">\n<p class=\"s_BIwzIGroupSkin\" style=\"text-align: center;\"><span class=\"wixguard\"><b><span style=\"font-family: 'Arial','sans-serif';\">\u200b<\/span><\/b><\/span><span style=\"color: #333333; background: white;\">Graduado em Ci\u00eancias Sociais pela PUC-SP (2006) e em Geologia pelo Instituto de Geoci\u00eancias da USP (2008), Mestre em Ci\u00eancias pelo Instituto de Bioci\u00eancias da Universidade de S\u00e3o Paulo\u00a0(IB\/USP) (2010), Doutor\u00a0em Ci\u00eancias Arqueol\u00f3gicas pela\u00a0<\/span><em style=\"font-variant-ligatures: normal; font-variant-caps: normal; orphans: 2; text-align: start; widows: 2; -webkit-text-stroke-width: 0px; text-decoration-style: initial; text-decoration-color: initial; word-spacing: 0px;\">Eberhard Karls Universit\u00e4t T\u00fcbingen<\/em><span style=\"font-variant-ligatures: normal; font-variant-caps: normal; orphans: 2; text-align: start; widows: 2; -webkit-text-stroke-width: 0px; text-decoration-style: initial; text-decoration-color: initial; float: none; word-spacing: 0px;\">\u00a0(2016)\u00a0e P\u00f3s-doutor pelo Centro de Estudos Avan\u00e7ados\u00a0<\/span><em style=\"font-variant-ligatures: normal; font-variant-caps: normal; orphans: 2; text-align: start; widows: 2; -webkit-text-stroke-width: 0px; text-decoration-style: initial; text-decoration-color: initial; word-spacing: 0px;\">Tracking linguistic, cultural, and biological trajectories of the human past<\/em><span style=\"font-variant-ligatures: normal; font-variant-caps: normal; orphans: 2; text-align: start; widows: 2; -webkit-text-stroke-width: 0px; text-decoration-style: initial; text-decoration-color: initial; float: none; word-spacing: 0px;\">\u00a0do\u00a0<\/span><em style=\"font-variant-ligatures: normal; font-variant-caps: normal; orphans: 2; text-align: start; widows: 2; -webkit-text-stroke-width: 0px; text-decoration-style: initial; text-decoration-color: initial; word-spacing: 0px;\">Deutsche Forschungsgemeinschaft<\/em><span style=\"font-variant-ligatures: normal; font-variant-caps: normal; orphans: 2; text-align: start; widows: 2; -webkit-text-stroke-width: 0px; text-decoration-style: initial; text-decoration-color: initial; float: none; word-spacing: 0px;\">\u00a0(DFG), na Alemanha (2017). Atualmente \u00e9 professor do Museu de Arqueologia e Etnologia da Universidade de S\u00e3o Paulo (MAE\/USP) e pesquisador associado do Laborat\u00f3rio de <\/span>Arqueologia e Antropologia Ambiental e Evolutiva (LAAAE) do IB\/USP.<\/p>\n<hr \/>\n<\/div>\n<div id=\"comp-jpgbcsrn\" class=\"txtNew\" data-packed=\"true\">\n<p class=\"font7\" style=\"text-align: justify;\">\u00a0<a href=\"http:\/\/sites.usp.br\/paminsa\/wp-content\/uploads\/sites\/454\/2018\/12\/foto-Rodrigo-2.jpg\"><img loading=\"lazy\" decoding=\"async\" class=\"aligncenter size-medium wp-image-1215\" src=\"http:\/\/sites.usp.br\/paminsa\/wp-content\/uploads\/sites\/454\/2018\/12\/foto-Rodrigo-2-225x300.jpg\" alt=\"\" width=\"225\" height=\"300\" data-id=\"1215\" srcset=\"https:\/\/sites.usp.br\/paminsa\/wp-content\/uploads\/sites\/454\/2018\/12\/foto-Rodrigo-2-225x300.jpg 225w, https:\/\/sites.usp.br\/paminsa\/wp-content\/uploads\/sites\/454\/2018\/12\/foto-Rodrigo-2-768x1024.jpg 768w, https:\/\/sites.usp.br\/paminsa\/wp-content\/uploads\/sites\/454\/2018\/12\/foto-Rodrigo-2-400x533.jpg 400w\" sizes=\"auto, (max-width: 225px) 100vw, 225px\" \/><\/a><\/p>\n<h3 class=\"font7\" style=\"text-align: center;\"><span style=\"color: #993300;\"><b><span style=\"font-family: 'Arial','sans-serif';\">Rodrigo Elias Oliveira<\/span><\/b><\/span><\/h3>\n<p class=\"font7\" style=\"text-align: center;\"><span class=\"wixguard\"><span style=\"font-family: 'Arial','sans-serif';\">\u200bGraduado (1998) e Mestre (2008) pela Faculdade de Odontologia da USP (FOUSP), Doutor (2013) pelo Instituto de Bioci\u00eancias da USP (IB-USP) e P\u00f3s-doutor (2017) pela FOUSP. Desde 2006 trabalha e coordena a curadoria dos remanescentes humanos da Lapa do Santo e Buritizeiro, importantes s\u00edtios arqueol\u00f3gicos de Minas Gerais do Holoceno Inicial e M\u00e9dio, albergados no Laborat\u00f3rio de Arqueologia e Antropologia Ambiental e Evolutiva (LAAAE-USP). Principais \u00e1reas de estudo: Patologias \u00d3sseas e Dentais e Microvest\u00edgios Arqueol\u00f3gicos.\u00a0\u00a0<\/span><\/span><\/p>\n<\/div>\n<p><\/p>","protected":false},"excerpt":{"rendered":"<p>Veronica Wesolowski Graduada em Arqueologia pela Universidade Est\u00e1cio de S\u00e1 (1992), Mestre em Ci\u00eancia Social (Antropologia Social) pela Universidade de S\u00e3o Paulo (1999) e Doutora em Ci\u00eancia (Sa\u00fade P\u00fablica) pela Funda\u00e7\u00e3o Oswaldo Cruz (2007). Atualmente \u00e9 professora Doutora do Museu de Arqueologia e Etnologia da Universidade de S\u00e3o Paulo (MAE\/USP), atuando nas \u00e1reas de Bioarqueologia e Arqueologia Pr\u00e9-hist\u00f3rica brasileira, com \u00eanfase em Paleopatologia, Paleoepidemiologia e Arqueologia funer\u00e1ria. Andr\u00e9 Strauss \u200bGraduado em Ci\u00eancias Sociais pela PUC-SP (2006) e em Geologia pelo Instituto de Geoci\u00eancias da USP (2008), Mestre em Ci\u00eancias pelo Instituto de Bioci\u00eancias da Universidade de S\u00e3o Paulo\u00a0(IB\/USP) (2010), Doutor\u00a0em Ci\u00eancias Arqueol\u00f3gicas pela\u00a0Eberhard Karls Universit\u00e4t T\u00fcbingen\u00a0(2016)\u00a0e P\u00f3s-doutor pelo Centro de Estudos Avan\u00e7ados\u00a0Tracking linguistic, cultural, and biological trajectories of the human past\u00a0do\u00a0Deutsche Forschungsgemeinschaft\u00a0(DFG), na Alemanha (2017). Atualmente \u00e9 professor do Museu de Arqueologia e Etnologia da Universidade de S\u00e3o Paulo (MAE\/USP) e pesquisador associado do Laborat\u00f3rio de Arqueologia e Antropologia Ambiental e Evolutiva (LAAAE) do IB\/USP. \u00a0 Rodrigo Elias Oliveira \u200bGraduado (1998) e Mestre (2008) pela Faculdade de Odontologia da USP (FOUSP), Doutor (2013) pelo Instituto de Bioci\u00eancias da USP (IB-USP) e P\u00f3s-doutor (2017) pela FOUSP. Desde 2006 trabalha e coordena a curadoria dos remanescentes humanos da Lapa do Santo e [&#8230;]<\/p>\n","protected":false},"author":823,"featured_media":790,"parent":0,"menu_order":0,"comment_status":"closed","ping_status":"closed","template":"page-full.php","meta":{"footnotes":"","_links_to":"","_links_to_target":""},"class_list":["post-854","page","type-page","status-publish","has-post-thumbnail","hentry"],"_links":{"self":[{"href":"https:\/\/sites.usp.br\/paminsa\/pb\/wp-json\/wp\/v2\/pages\/854","targetHints":{"allow":["GET"]}}],"collection":[{"href":"https:\/\/sites.usp.br\/paminsa\/pb\/wp-json\/wp\/v2\/pages"}],"about":[{"href":"https:\/\/sites.usp.br\/paminsa\/pb\/wp-json\/wp\/v2\/types\/page"}],"author":[{"embeddable":true,"href":"https:\/\/sites.usp.br\/paminsa\/pb\/wp-json\/wp\/v2\/users\/823"}],"replies":[{"embeddable":true,"href":"https:\/\/sites.usp.br\/paminsa\/pb\/wp-json\/wp\/v2\/comments?post=854"}],"version-history":[{"count":5,"href":"https:\/\/sites.usp.br\/paminsa\/pb\/wp-json\/wp\/v2\/pages\/854\/revisions"}],"predecessor-version":[{"id":1218,"href":"https:\/\/sites.usp.br\/paminsa\/pb\/wp-json\/wp\/v2\/pages\/854\/revisions\/1218"}],"wp:featuredmedia":[{"embeddable":true,"href":"https:\/\/sites.usp.br\/paminsa\/pb\/wp-json\/wp\/v2\/media\/790"}],"wp:attachment":[{"href":"https:\/\/sites.usp.br\/paminsa\/pb\/wp-json\/wp\/v2\/media?parent=854"}],"curies":[{"name":"wp","href":"https:\/\/api.w.org\/{rel}","templated":true}]}}