{"id":864,"date":"2018-12-17T21:13:44","date_gmt":"2018-12-17T23:13:44","guid":{"rendered":"http:\/\/sites.usp.br\/paminsa\/?page_id=864"},"modified":"2019-08-11T09:51:14","modified_gmt":"2019-08-11T12:51:14","slug":"comite-cientifico","status":"publish","type":"page","link":"https:\/\/sites.usp.br\/paminsa\/pb\/comite-cientifico\/","title":{"rendered":"COMIT\u00ca CIENT\u00cdFICO"},"content":{"rendered":"<p><strong>Comit\u00ea Cient\u00edfico<\/strong><br \/>\nAlena I\u00f1iguez (Funda\u00e7\u00e3o Oswaldo Cruz \u2013 Brazil)<br \/>\nAna Luisa Santos (Universidade de Coimbra \u2013 Portugal)<br \/>\nAnne Grauer (Loyola University Chicago, USA)<br \/>\nBernardo Arriaza (Universidad de Tarapaca &#8211; Chile)<br \/>\nDella Cook (Indiana University &#8211; USA)<br \/>\nDong Hoon Shin (Seoul National University, South Korea)<br \/>\nJorge Suby (UNICEN\/CONICET)<br \/>\nKarin Wiltschke-Schrotta (National History Museum Vienna, Germany)<br \/>\nRicardo Guich\u00f3n (UNICEN\/CONICET \u2013 Argentina)<br \/>\nSheila Mendon\u00e7a de Souza (Funda\u00e7\u00e3o Oswaldo Cruz \u2013 Brazil)<\/p>\n<p><strong>Comit\u00ea de Avalia\u00e7\u00e3o do <em>Cockburn Student Awards\u00a0<\/em><\/strong><br \/>\nAna Luisa Santos (Universidade de Coimbra \u2013 Portugal)<br \/>\nBernardo Arriaza (Universidad de Tarapaca &#8211; Chile)<br \/>\nDella Cook (Indiana University &#8211; USA)<br \/>\nDong Hoon Shin (Seoul National University, South Korea)<br \/>\nKarin Wiltschke-Schrotta (National History Museum Vienna, Germany<\/p>","protected":false},"excerpt":{"rendered":"<p>Comit\u00ea Cient\u00edfico Alena I\u00f1iguez (Funda\u00e7\u00e3o Oswaldo Cruz \u2013 Brazil) Ana Luisa Santos (Universidade de Coimbra \u2013 Portugal) Anne Grauer (Loyola University Chicago, USA) Bernardo Arriaza (Universidad de Tarapaca &#8211; Chile) Della Cook (Indiana University &#8211; USA) Dong Hoon Shin (Seoul National University, South Korea) Jorge Suby (UNICEN\/CONICET) Karin Wiltschke-Schrotta (National History Museum Vienna, Germany) Ricardo Guich\u00f3n (UNICEN\/CONICET \u2013 Argentina) Sheila Mendon\u00e7a de Souza (Funda\u00e7\u00e3o Oswaldo Cruz \u2013 Brazil) Comit\u00ea de Avalia\u00e7\u00e3o do Cockburn Student Awards\u00a0 Ana Luisa Santos (Universidade de Coimbra \u2013 Portugal) Bernardo Arriaza (Universidad de Tarapaca &#8211; Chile) Della Cook (Indiana University &#8211; USA) Dong Hoon Shin (Seoul National University, South Korea) Karin Wiltschke-Schrotta (National History Museum Vienna, Germany<\/p>\n","protected":false},"author":823,"featured_media":0,"parent":0,"menu_order":0,"comment_status":"closed","ping_status":"closed","template":"","meta":{"footnotes":"","_links_to":"","_links_to_target":""},"class_list":["post-864","page","type-page","status-publish","hentry"],"_links":{"self":[{"href":"https:\/\/sites.usp.br\/paminsa\/pb\/wp-json\/wp\/v2\/pages\/864","targetHints":{"allow":["GET"]}}],"collection":[{"href":"https:\/\/sites.usp.br\/paminsa\/pb\/wp-json\/wp\/v2\/pages"}],"about":[{"href":"https:\/\/sites.usp.br\/paminsa\/pb\/wp-json\/wp\/v2\/types\/page"}],"author":[{"embeddable":true,"href":"https:\/\/sites.usp.br\/paminsa\/pb\/wp-json\/wp\/v2\/users\/823"}],"replies":[{"embeddable":true,"href":"https:\/\/sites.usp.br\/paminsa\/pb\/wp-json\/wp\/v2\/comments?post=864"}],"version-history":[{"count":4,"href":"https:\/\/sites.usp.br\/paminsa\/pb\/wp-json\/wp\/v2\/pages\/864\/revisions"}],"predecessor-version":[{"id":1361,"href":"https:\/\/sites.usp.br\/paminsa\/pb\/wp-json\/wp\/v2\/pages\/864\/revisions\/1361"}],"wp:attachment":[{"href":"https:\/\/sites.usp.br\/paminsa\/pb\/wp-json\/wp\/v2\/media?parent=864"}],"curies":[{"name":"wp","href":"https:\/\/api.w.org\/{rel}","templated":true}]}}