{"id":876,"date":"2018-12-23T15:08:22","date_gmt":"2018-12-23T17:08:22","guid":{"rendered":"http:\/\/sites.usp.br\/paminsa\/?page_id=876"},"modified":"2019-04-19T16:49:45","modified_gmt":"2019-04-19T19:49:45","slug":"informacoes-gerais","status":"publish","type":"page","link":"https:\/\/sites.usp.br\/paminsa\/pb\/informacoes-gerais\/","title":{"rendered":"S\u00c3O PAULO"},"content":{"rendered":"<p><\/p>\n<p class=\"font8\"><span class=\"color15\"><span style=\"font-family: 'Arial','sans-serif';\"><a href=\"http:\/\/sites.usp.br\/paminsa\/wp-content\/uploads\/sites\/454\/2018\/12\/Sao-paulo-1.jpg\"><img loading=\"lazy\" decoding=\"async\" class=\"wp-image-879 aligncenter\" src=\"http:\/\/sites.usp.br\/paminsa\/wp-content\/uploads\/sites\/454\/2018\/12\/Sao-paulo-1-300x200.jpg\" alt=\"\" width=\"401\" height=\"267\" data-id=\"879\" srcset=\"https:\/\/sites.usp.br\/paminsa\/wp-content\/uploads\/sites\/454\/2018\/12\/Sao-paulo-1-300x200.jpg 300w, https:\/\/sites.usp.br\/paminsa\/wp-content\/uploads\/sites\/454\/2018\/12\/Sao-paulo-1-400x267.jpg 400w, https:\/\/sites.usp.br\/paminsa\/wp-content\/uploads\/sites\/454\/2018\/12\/Sao-paulo-1.jpg 524w\" sizes=\"auto, (max-width: 401px) 100vw, 401px\" \/><\/a><\/span><\/span><\/p>\n<p class=\"font8\" style=\"text-align: justify;\"><span class=\"color15\">S\u00e3o Paulo \u00e9 a cidade mais populosa do Brasil e est\u00e1 no ranking das 20 cidades mais populosas do mundo, com seus mais de 12 milh\u00f5es de habitantes distribu\u00eddos em 1.521 km2. Marcada pela mistura de diferentes povos, atualmente s\u00e3o mais de 70 pa\u00edses que historicamente deixaram sua marca na arquitetura, culin\u00e1ria, religi\u00e3o, tradi\u00e7\u00f5es e que formam a identidade do povo paulistano.<\/span><\/p>\n<p class=\"font8\" style=\"text-align: justify;\"><span class=\"color15\">Em S\u00e3o Paulo h\u00e1 muitos lugares interessantes para conhecer, restaurantes para provar diferentes gastronomias, museus, centros culturais e shoppings para diversos tipos de compras. At\u00e9 mesmo no meio de tantos pr\u00e9dios, s\u00e3o muitos parques e \u00e1reas verdes de Mata Atl\u00e2ntica.<\/span><\/p>\n<p><a href=\"https:\/\/sites.usp.br\/paminsa\/wp-content\/uploads\/sites\/454\/2019\/04\/100-Destinos-Imperd\u00edveis-do-Estado-de-S\u00e3o-Paulo.pdf\">100 Destinos Imperd\u00edveis do Estado de S\u00e3o Paulo<\/a><\/p>\n<p class=\"font8\"><a href=\"http:\/\/sites.usp.br\/paminsa\/wp-content\/uploads\/sites\/454\/2018\/12\/Sao-paulo-2.jpg\"><img loading=\"lazy\" decoding=\"async\" class=\"wp-image-882 aligncenter\" src=\"http:\/\/sites.usp.br\/paminsa\/wp-content\/uploads\/sites\/454\/2018\/12\/Sao-paulo-2-300x168.jpg\" alt=\"\" width=\"430\" height=\"241\" data-id=\"882\" srcset=\"https:\/\/sites.usp.br\/paminsa\/wp-content\/uploads\/sites\/454\/2018\/12\/Sao-paulo-2-300x168.jpg 300w, https:\/\/sites.usp.br\/paminsa\/wp-content\/uploads\/sites\/454\/2018\/12\/Sao-paulo-2-310x174.jpg 310w, https:\/\/sites.usp.br\/paminsa\/wp-content\/uploads\/sites\/454\/2018\/12\/Sao-paulo-2-400x225.jpg 400w, https:\/\/sites.usp.br\/paminsa\/wp-content\/uploads\/sites\/454\/2018\/12\/Sao-paulo-2.jpg 620w\" sizes=\"auto, (max-width: 430px) 100vw, 430px\" \/><\/a><\/p>\n<p class=\"font8\" style=\"text-align: justify;\"><span class=\"color15\">Apesar de estar pr\u00f3xima do litoral, a cidade de S\u00e3o Paulo est\u00e1 localizada a 760\u00a0metros de altitude, o que lhe confere esta\u00e7\u00f5es do ano\u00a0relativamente bem definidas: o inverno \u00e9\u00a0ameno\u00a0e seco, o ver\u00e3o \u00e9 quente e chuvoso e o outono e a primavera\u00a0s\u00e3o esta\u00e7\u00f5es de transi\u00e7\u00e3o.<\/span><\/p>\n<p class=\"font8\" style=\"text-align: justify;\">O PAMinSA VIII ocorrer\u00e1 em agosto, no per\u00edodo de\u00a0inverno, sendo que \u00e9 prudente estar preparado para temperaturas mais baixas, com m\u00e1ximas que podem n\u00e3o ultrapassar 20\u00b0C durante o dia e m\u00ednimas abaixo de 10\u00b0C \u00e0 noite. Entretanto, o clima vem sofrendo algumas altera\u00e7\u00f5es como consequ\u00eancia do efeito estufa, portanto, vale a pena conferir a previs\u00e3o do tempo para S\u00e3o Paulo alguns dias antes de viajar.<\/p>\n<p class=\"font8\"><span class=\"color15\"><span style=\"font-family: 'Arial','sans-serif';\"><a href=\"http:\/\/sites.usp.br\/paminsa\/wp-content\/uploads\/sites\/454\/2018\/12\/Sao-paulo-4.jpg\"><img loading=\"lazy\" decoding=\"async\" class=\"wp-image-880 aligncenter\" src=\"http:\/\/sites.usp.br\/paminsa\/wp-content\/uploads\/sites\/454\/2018\/12\/Sao-paulo-4-300x239.jpg\" alt=\"\" width=\"398\" height=\"317\" data-id=\"880\" srcset=\"https:\/\/sites.usp.br\/paminsa\/wp-content\/uploads\/sites\/454\/2018\/12\/Sao-paulo-4-300x239.jpg 300w, https:\/\/sites.usp.br\/paminsa\/wp-content\/uploads\/sites\/454\/2018\/12\/Sao-paulo-4-400x319.jpg 400w, https:\/\/sites.usp.br\/paminsa\/wp-content\/uploads\/sites\/454\/2018\/12\/Sao-paulo-4.jpg 415w\" sizes=\"auto, (max-width: 398px) 100vw, 398px\" \/><\/a><\/span><\/span><\/p>\n<p class=\"font8\" style=\"text-align: justify;\"><span class=\"color15\">Nessa \u00e9poca, at\u00e9 o final de agosto, \u00e9 o per\u00edodo da florada dos Ip\u00eas, \u00e1rvore s\u00edmbolo da cidade de S\u00e3o Paulo. Encante-se com as mais diversas cores!<\/span><span class=\"wixguard\">\u200b<\/span><\/p>\n<p class=\"font8\" style=\"text-align: center;\">\n<p><\/p>","protected":false},"excerpt":{"rendered":"<p>S\u00e3o Paulo \u00e9 a cidade mais populosa do Brasil e est\u00e1 no ranking das 20 cidades mais populosas do mundo, com seus mais de 12 milh\u00f5es de habitantes distribu\u00eddos em 1.521 km2. Marcada pela mistura de diferentes povos, atualmente s\u00e3o mais de 70 pa\u00edses que historicamente deixaram sua marca na arquitetura, culin\u00e1ria, religi\u00e3o, tradi\u00e7\u00f5es e que formam a identidade do povo paulistano. Em S\u00e3o Paulo h\u00e1 muitos lugares interessantes para conhecer, restaurantes para provar diferentes gastronomias, museus, centros culturais e shoppings para diversos tipos de compras. At\u00e9 mesmo no meio de tantos pr\u00e9dios, s\u00e3o muitos parques e \u00e1reas verdes de Mata Atl\u00e2ntica. 100 Destinos Imperd\u00edveis do Estado de S\u00e3o Paulo Apesar de estar pr\u00f3xima do litoral, a cidade de S\u00e3o Paulo est\u00e1 localizada a 760\u00a0metros de altitude, o que lhe confere esta\u00e7\u00f5es do ano\u00a0relativamente bem definidas: o inverno \u00e9\u00a0ameno\u00a0e seco, o ver\u00e3o \u00e9 quente e chuvoso e o outono e a primavera\u00a0s\u00e3o esta\u00e7\u00f5es de transi\u00e7\u00e3o. O PAMinSA VIII ocorrer\u00e1 em agosto, no per\u00edodo de\u00a0inverno, sendo que \u00e9 prudente estar preparado para temperaturas mais baixas, com m\u00e1ximas que podem n\u00e3o ultrapassar 20\u00b0C durante o dia e m\u00ednimas abaixo de 10\u00b0C \u00e0 noite. Entretanto, o clima vem sofrendo algumas altera\u00e7\u00f5es como consequ\u00eancia [&#8230;]<\/p>\n","protected":false},"author":823,"featured_media":0,"parent":0,"menu_order":0,"comment_status":"closed","ping_status":"closed","template":"page-full.php","meta":{"footnotes":"","_links_to":"","_links_to_target":""},"class_list":["post-876","page","type-page","status-publish","hentry"],"_links":{"self":[{"href":"https:\/\/sites.usp.br\/paminsa\/pb\/wp-json\/wp\/v2\/pages\/876","targetHints":{"allow":["GET"]}}],"collection":[{"href":"https:\/\/sites.usp.br\/paminsa\/pb\/wp-json\/wp\/v2\/pages"}],"about":[{"href":"https:\/\/sites.usp.br\/paminsa\/pb\/wp-json\/wp\/v2\/types\/page"}],"author":[{"embeddable":true,"href":"https:\/\/sites.usp.br\/paminsa\/pb\/wp-json\/wp\/v2\/users\/823"}],"replies":[{"embeddable":true,"href":"https:\/\/sites.usp.br\/paminsa\/pb\/wp-json\/wp\/v2\/comments?post=876"}],"version-history":[{"count":5,"href":"https:\/\/sites.usp.br\/paminsa\/pb\/wp-json\/wp\/v2\/pages\/876\/revisions"}],"predecessor-version":[{"id":1229,"href":"https:\/\/sites.usp.br\/paminsa\/pb\/wp-json\/wp\/v2\/pages\/876\/revisions\/1229"}],"wp:attachment":[{"href":"https:\/\/sites.usp.br\/paminsa\/pb\/wp-json\/wp\/v2\/media?parent=876"}],"curies":[{"name":"wp","href":"https:\/\/api.w.org\/{rel}","templated":true}]}}