{"id":884,"date":"2018-12-23T15:58:10","date_gmt":"2018-12-23T17:58:10","guid":{"rendered":"http:\/\/sites.usp.br\/paminsa\/?page_id=884"},"modified":"2019-04-25T12:57:08","modified_gmt":"2019-04-25T15:57:08","slug":"hospedagem","status":"publish","type":"page","link":"https:\/\/sites.usp.br\/paminsa\/pb\/hospedagem\/","title":{"rendered":"HOSPEDAGEM"},"content":{"rendered":"<p>S\u00e3o Paulo oferece diversos tipos de hospedagem, para todos os tipos de gostos e bolsos, incluindo hot\u00e9is, hostels com quartos compartilhados, aluguel de quartos e apartamentos no AirBnb e\u00a0quartos em pens\u00f5es.\u200b<\/p>\n<h3>HOT\u00c9IS<\/h3>\n<p>Durante o PAMinSA VIII, recomendamos:<\/p>\n<ul>\n<li><strong><em>Golden Tower<\/em><\/strong><\/li>\n<\/ul>\n<p>Rua Dep. Lacerda Franco, 148 &#8211; Pinheiros<\/p>\n<p><a href=\"https:\/\/www.goldentowerhotel.com.br\/en\/\">https:\/\/www.goldentowerhotel.com.br\/en\/<\/a><\/p>\n<ul>\n<li><em><strong>\u200bIbis Style<\/strong><\/em><\/li>\n<\/ul>\n<p>Rua Tavares Cabral, 61 &#8211;\u00a0Pinheiros<\/p>\n<p><a href=\"https:\/\/www.accorhotels.com\/gb\/hotel-A1B6-ibis-styles-sp-faria-lima\/index.shtml\">https:\/\/www.accorhotels.com\/gb\/hotel-A1B6-ibis-styles-sp-faria-lima\/index.shtml<\/a><\/p>\n<p>&nbsp;<\/p>\n<p>Tamb\u00e9m sugerimos:<\/p>\n<ul>\n<li><strong><em>L&#8217;Opera<\/em><\/strong><\/li>\n<\/ul>\n<p>Av. Pedroso De Moraes, 323 &#8211; Pinheiros<\/p>\n<p><a href=\"http:\/\/lopera-hotel.hotelsaopaulo.org\/en\/\">http:\/\/lopera-hotel.hotelsaopaulo.org\/en\/<\/a><\/p>\n<ul>\n<li><strong><em>Quality Suites<\/em><\/strong><\/li>\n<\/ul>\n<p>Rua da Consolacao, 3555<\/p>\n<p><a href=\"https:\/\/quality-suites-sao-paulo-oscar-freire.hotel-rn.com\/\">https:\/\/quality-suites-sao-paulo-oscar-freire.hotel-rn.com\/<\/a><\/p>\n<ul>\n<li><strong><em>Ibis Budget<\/em><\/strong><\/li>\n<\/ul>\n<p>Rua da Consola\u00e7\u00e3o, 2303<\/p>\n<p><a href=\"https:\/\/www.accorhotels.com\/gb\/hotel-5323-ibis-budget-sao-paulo-paulista\/index.shtml\">https:\/\/www.accorhotels.com\/gb\/hotel-5323-ibis-budget-sao-paulo-paulista\/index.shtml<\/a><\/p>\n<p>&nbsp;<\/p>\n<h3>HOSTELS<\/h3>\n<p>S\u00e3o Paulo oferece diversos Hostels, com quartos privados ou compartilhados, dos mais variados pre\u00e7os. Abaixo, sugerimos alguns.<\/p>\n<ul>\n<li><strong><em>The Pod Hostel<\/em><\/strong><\/li>\n<\/ul>\n<p>Rua Dante Carraro, 94 &#8211; Pinheiros<\/p>\n<p><a href=\"https:\/\/www.thepodsp.com.br\/english\">https:\/\/www.thepodsp.com.br\/english<\/a><\/p>\n<ul>\n<li><strong><em>The Hostel Paulista<\/em><\/strong><\/li>\n<\/ul>\n<p>Rua Pamplona, 795 &#8211; Jardim Paulista<\/p>\n<p><a href=\"https:\/\/thehostel.com.br\/the-hostel-paulista\">https:\/\/thehostel.com.br\/the-hostel-paulista<\/a><\/p>\n<ul>\n<li><strong><em>\u00d4 de Casa Hostel<\/em><\/strong><\/li>\n<\/ul>\n<p>R. In\u00e1cio Pereira da Rocha, 385 &#8211; Vila Madalena<\/p>\n<p><a href=\"http:\/\/odecasahostel.com\/en\/\">http:\/\/odecasahostel.com\/en\/<\/a><\/p>\n<ul>\n<li><strong><em>Sampa Hostel<\/em><\/strong><\/li>\n<\/ul>\n<p>Rua Girassol, 519 &#8211; Vila Madalena<\/p>\n<p><a href=\"http:\/\/sampahostel.com.br\/\">http:\/\/sampahostel.com.br\/<\/a><\/p>\n<ul>\n<li><strong><em>Viva Hostel<\/em><\/strong><\/li>\n<\/ul>\n<p>Rua Girassol, 1262 &#8211; Vila Madalena<\/p>\n<p><a href=\"http:\/\/vivahostel.com.br\/es\/\">http:\/\/vivahostel.com.br\/es\/<\/a><\/p>\n<ul>\n<li><strong><em>Brazilodge Hostel<\/em><\/strong><\/li>\n<\/ul>\n<p>Rua Rio Grande, 167 &#8211; Vila Mariana<\/p>\n<p><a href=\"http:\/\/brazilodge.com.br\/new\/en\/\">http:\/\/brazilodge.com.br\/new\/en\/<\/a><\/p>\n<p>&nbsp;<\/p>\n<h2>OBSERVA\u00c7\u00d5ES IMPORTANTES<\/h2>\n<ul>\n<li>A Universidade de S\u00e3o Paulo est\u00e1 localizada no bairro do Butant\u00e3, pr\u00f3ximo \u00e0 esta\u00e7\u00e3o Butant\u00e3 do metr\u00f4 (linha amarela). Por isso, sugerimos que busquem hospedagem por bairros pr\u00f3ximos (ex. Pinheiros, Vila Madalena) ou pr\u00f3ximo \u00e0 linha amarela do metr\u00f4.<\/li>\n<li>Para os estudantes: estamos viabilizando hospedagem de baixo custo no alojamento do Centro de Pr\u00e1ticas Esportivas da USP (CEPE &#8211; USP). Os quartos s\u00e3o compartilhados, com camas beliche e os valores ser\u00e3o por volta de $15. Para quem tiver interesse, preencher o formul\u00e1rio <a href=\"https:\/\/forms.gle\/ti3s4NUfxzKZ6qFQ8\">aqui<\/a>.<\/li>\n<\/ul>\n<p><\/p>","protected":false},"excerpt":{"rendered":"<p>S\u00e3o Paulo oferece diversos tipos de hospedagem, para todos os tipos de gostos e bolsos, incluindo hot\u00e9is, hostels com quartos compartilhados, aluguel de quartos e apartamentos no AirBnb e\u00a0quartos em pens\u00f5es.\u200b HOT\u00c9IS Durante o PAMinSA VIII, recomendamos: Golden Tower Rua Dep. Lacerda Franco, 148 &#8211; Pinheiros https:\/\/www.goldentowerhotel.com.br\/en\/ \u200bIbis Style Rua Tavares Cabral, 61 &#8211;\u00a0Pinheiros https:\/\/www.accorhotels.com\/gb\/hotel-A1B6-ibis-styles-sp-faria-lima\/index.shtml &nbsp; Tamb\u00e9m sugerimos: L&#8217;Opera Av. Pedroso De Moraes, 323 &#8211; Pinheiros http:\/\/lopera-hotel.hotelsaopaulo.org\/en\/ Quality Suites Rua da Consolacao, 3555 https:\/\/quality-suites-sao-paulo-oscar-freire.hotel-rn.com\/ Ibis Budget Rua da Consola\u00e7\u00e3o, 2303 https:\/\/www.accorhotels.com\/gb\/hotel-5323-ibis-budget-sao-paulo-paulista\/index.shtml &nbsp; HOSTELS S\u00e3o Paulo oferece diversos Hostels, com quartos privados ou compartilhados, dos mais variados pre\u00e7os. Abaixo, sugerimos alguns. The Pod Hostel Rua Dante Carraro, 94 &#8211; Pinheiros https:\/\/www.thepodsp.com.br\/english The Hostel Paulista Rua Pamplona, 795 &#8211; Jardim Paulista https:\/\/thehostel.com.br\/the-hostel-paulista \u00d4 de Casa Hostel R. In\u00e1cio Pereira da Rocha, 385 &#8211; Vila Madalena http:\/\/odecasahostel.com\/en\/ Sampa Hostel Rua Girassol, 519 &#8211; Vila Madalena http:\/\/sampahostel.com.br\/ Viva Hostel Rua Girassol, 1262 &#8211; Vila Madalena http:\/\/vivahostel.com.br\/es\/ Brazilodge Hostel Rua Rio Grande, 167 &#8211; Vila Mariana http:\/\/brazilodge.com.br\/new\/en\/ &nbsp; OBSERVA\u00c7\u00d5ES IMPORTANTES A Universidade de S\u00e3o Paulo est\u00e1 localizada no bairro do Butant\u00e3, pr\u00f3ximo \u00e0 esta\u00e7\u00e3o Butant\u00e3 do metr\u00f4 (linha amarela). Por isso, sugerimos que busquem hospedagem por bairros pr\u00f3ximos (ex. Pinheiros, Vila Madalena) ou pr\u00f3ximo \u00e0 [&#8230;]<\/p>\n","protected":false},"author":823,"featured_media":0,"parent":0,"menu_order":0,"comment_status":"closed","ping_status":"closed","template":"page-full.php","meta":{"footnotes":"","_links_to":"","_links_to_target":""},"class_list":["post-884","page","type-page","status-publish","hentry"],"_links":{"self":[{"href":"https:\/\/sites.usp.br\/paminsa\/pb\/wp-json\/wp\/v2\/pages\/884","targetHints":{"allow":["GET"]}}],"collection":[{"href":"https:\/\/sites.usp.br\/paminsa\/pb\/wp-json\/wp\/v2\/pages"}],"about":[{"href":"https:\/\/sites.usp.br\/paminsa\/pb\/wp-json\/wp\/v2\/types\/page"}],"author":[{"embeddable":true,"href":"https:\/\/sites.usp.br\/paminsa\/pb\/wp-json\/wp\/v2\/users\/823"}],"replies":[{"embeddable":true,"href":"https:\/\/sites.usp.br\/paminsa\/pb\/wp-json\/wp\/v2\/comments?post=884"}],"version-history":[{"count":4,"href":"https:\/\/sites.usp.br\/paminsa\/pb\/wp-json\/wp\/v2\/pages\/884\/revisions"}],"predecessor-version":[{"id":1265,"href":"https:\/\/sites.usp.br\/paminsa\/pb\/wp-json\/wp\/v2\/pages\/884\/revisions\/1265"}],"wp:attachment":[{"href":"https:\/\/sites.usp.br\/paminsa\/pb\/wp-json\/wp\/v2\/media?parent=884"}],"curies":[{"name":"wp","href":"https:\/\/api.w.org\/{rel}","templated":true}]}}