{"id":889,"date":"2018-12-23T17:17:17","date_gmt":"2018-12-23T19:17:17","guid":{"rendered":"http:\/\/sites.usp.br\/paminsa\/?page_id=889"},"modified":"2019-01-30T22:58:24","modified_gmt":"2019-01-31T00:58:24","slug":"turismo","status":"publish","type":"page","link":"https:\/\/sites.usp.br\/paminsa\/pb\/turismo\/","title":{"rendered":"TURISMO"},"content":{"rendered":"<p>S\u00e3o Paulo \u00e9 uma metr\u00f3pole multifacetada que permanece acordada 24 horas por dia. Al\u00e9m de ser o mais importante centro econ\u00f4mico do Brasil, \u00e9 recheada de cultura, com muitas ofertas de lazer, conhecimento e entretenimento. A cidade\u00a0possui mais de 100\u00a0museus, 280\u00a0salas de cinema, 182 teatros de diversas linhas art\u00edsticas, 146 bibliotecas, cerca de 40 centros culturais e diversas\u00a0festas populares e feiras que acontecem em\u00a0ruas ao ar livre.<\/p>\n<p>Abaixo listamos alguns pontos interessantes e importantes de nossa hist\u00f3ria paulistana.<\/p>\n<p>&nbsp;<\/p>\n<p style=\"text-align: center;\"><span style=\"color: #800000;\"><strong>AVENIDA PAULISTA<\/strong><\/span>\u200b<a href=\"http:\/\/sites.usp.br\/paminsa\/wp-content\/uploads\/sites\/454\/2018\/12\/avenida-paulista.jpg\"><img loading=\"lazy\" decoding=\"async\" class=\"aligncenter wp-image-890\" src=\"http:\/\/sites.usp.br\/paminsa\/wp-content\/uploads\/sites\/454\/2018\/12\/avenida-paulista-300x192.jpg\" alt=\"\" width=\"320\" height=\"205\" data-id=\"890\" srcset=\"https:\/\/sites.usp.br\/paminsa\/wp-content\/uploads\/sites\/454\/2018\/12\/avenida-paulista-300x192.jpg 300w, https:\/\/sites.usp.br\/paminsa\/wp-content\/uploads\/sites\/454\/2018\/12\/avenida-paulista-768x492.jpg 768w, https:\/\/sites.usp.br\/paminsa\/wp-content\/uploads\/sites\/454\/2018\/12\/avenida-paulista-400x256.jpg 400w, https:\/\/sites.usp.br\/paminsa\/wp-content\/uploads\/sites\/454\/2018\/12\/avenida-paulista.jpg 814w\" sizes=\"auto, (max-width: 320px) 100vw, 320px\" \/><\/a><\/p>\n<p>Essa \u00e9 a principal avenida de S\u00e3o Paulo, com cerca de 3 km de extens\u00e3o. \u00c9 o cora\u00e7\u00e3o empresarial da cidade, mas que tamb\u00e9m oferece uma enorme variedade de atra\u00e7\u00f5es.\u00a0A Avenida Paulista, inaugurada no final do s\u00e9culo XIX, j\u00e1 foi reduto de grandes mans\u00f5es de bar\u00f5es do caf\u00e9. Hoje, pouco sobrou daquele tempo e as ruas s\u00e3o dominadas por arranha-c\u00e9us empresariais, espa\u00e7os culturais, centros comerciais, parques e muitos bares e restaurantes. N\u00e3o importa a hora em que voc\u00ea tente percorr\u00ea-la, a avenida nunca estar\u00e1 vazia. N\u00e3o deixe de visitar o Mirante do SESC Paulista (esta\u00e7\u00e3o de metr\u00f4 <em>Brigadeiro<\/em>, linha verde) e\u00a0o MASP (esta\u00e7\u00e3o de metr\u00f4 <em>Trianon-Masp<\/em>, linha verde). Aos domingos, a avenida Paulista \u00e9 fechada aos carros e se torna um local com diversas feiras de artesanato e atra\u00e7\u00f5es musicais.<\/p>\n<p style=\"text-align: center;\"><strong><span style=\"color: #800000;\">MASP\u00a0<\/span><\/strong><strong><span style=\"color: #800000;\">(Museu de Arte de S\u00e3o Paulo)<\/span><\/strong><a href=\"http:\/\/sites.usp.br\/paminsa\/wp-content\/uploads\/sites\/454\/2018\/12\/MASP.jpg\"><img loading=\"lazy\" decoding=\"async\" class=\"aligncenter wp-image-891\" src=\"http:\/\/sites.usp.br\/paminsa\/wp-content\/uploads\/sites\/454\/2018\/12\/MASP-300x200.jpg\" alt=\"\" width=\"320\" height=\"214\" data-id=\"891\" srcset=\"https:\/\/sites.usp.br\/paminsa\/wp-content\/uploads\/sites\/454\/2018\/12\/MASP-300x200.jpg 300w, https:\/\/sites.usp.br\/paminsa\/wp-content\/uploads\/sites\/454\/2018\/12\/MASP-400x267.jpg 400w, https:\/\/sites.usp.br\/paminsa\/wp-content\/uploads\/sites\/454\/2018\/12\/MASP.jpg 527w\" sizes=\"auto, (max-width: 320px) 100vw, 320px\" \/><\/a><\/p>\n<p>\u200bMASP \u00e9 uma das mais importantes institui\u00e7\u00f5es culturais\u00a0brasileiras. Fundado em 1947,\u00a0possui a mais importante e abrangente cole\u00e7\u00e3o de arte\u00a0ocidental\u00a0da\u00a0Am\u00e9rica Latina,\u00a0em que se notabilizam sobretudo os consistentes conjuntos referentes \u00e0s escolas\u00a0italiana\u00a0e\u00a0francesa. Possui tamb\u00e9m extensa se\u00e7\u00e3o de\u00a0arte brasileira\u00a0e pequenos conjuntos de\u00a0arte africana\u00a0e\u00a0asi\u00e1tica,\u00a0artes decorativas e\u00a0pe\u00e7as arqueol\u00f3gicas.\u00a0O museu abriga uma das maiores\u00a0bibliotecas\u00a0especializadas em\u00a0arte\u00a0do pa\u00eds.\u00a0MASP possui um v\u00e3o de mais de 70 metros que se estende sob quatro enormes pilares, local que se concretizou como um importante espa\u00e7o de manifesta\u00e7\u00e3o art\u00edstica e pol\u00edtica na cidade. Localizado na Avenida Paulista, o MASP est\u00e1 aberto ao p\u00fablico de ter\u00e7a a domingo.<\/p>\n<p><a href=\"https:\/\/masp.org.br\/\">https:\/\/masp.org.br\/<\/a><\/p>\n<p>&nbsp;<\/p>\n<p style=\"text-align: center;\"><span style=\"color: #800000;\"><strong>PINACOTECA<\/strong><\/span>\u00a0<a href=\"http:\/\/sites.usp.br\/paminsa\/wp-content\/uploads\/sites\/454\/2018\/12\/pinacoteca-2.jpg\"><img loading=\"lazy\" decoding=\"async\" class=\"aligncenter wp-image-893\" src=\"http:\/\/sites.usp.br\/paminsa\/wp-content\/uploads\/sites\/454\/2018\/12\/pinacoteca-2.jpg\" alt=\"\" width=\"320\" height=\"212\" data-id=\"893\" \/><\/a><\/p>\n<p>\u200bA\u00a0Pinacoteca do Estado de S\u00e3o Paulo\u00a0\u00e9 um dos mais importantes\u00a0museus\u00a0de\u00a0arte\u00a0do\u00a0Brasil.\u00a0Ocupa um edif\u00edcio constru\u00eddo em 1900, no\u00a0Jardim da Luz,\u00a0centro\u00a0de\u00a0S\u00e3o Paulo (esta\u00e7\u00e3o de metr\u00f4 <em>Luz<\/em>, linhas amarela e azul).\u00a0A Pinacoteca abriga um dos maiores e mais representativos acervos de\u00a0arte brasileira dos s\u00e9culos\u00a0XIX e XX, entre\u00a0pinturas, esculturas, desenhos, gravuras, fotografias, entre outros.<\/p>\n<p>Em 2003, a Pinacoteca do Estado passou a administrar tamb\u00e9m o pr\u00e9dio onde funcionou, por mais de meio s\u00e9culo, o\u00a0DOPS\u00a0(Departamento de Ordem e Pol\u00edtica Social), institui\u00e7\u00e3o atuante no per\u00edodo da ditadura militar no Brasil (1964-1985). Atualmente restaurado, o pr\u00e9dio foi renomeado\u00a0como &#8220;Esta\u00e7\u00e3o Pinacoteca&#8221; e abriga o Memorial da Resist\u00eancia. Localizado a poucas ruas da Pinacoteca, o Memorial conta a hist\u00f3ria da ditadura militar brasileira e apresenta aos visitantes os principais pontos de atua\u00e7\u00e3o militar e repress\u00e3o na cidade de S\u00e3o Paulo.<\/p>\n<p><a href=\"http:\/\/\u200bhttp:\/\/pinacoteca.org.br\/\">http:\/\/\u200bhttp:\/\/pinacoteca.org.br\/<\/a><\/p>\n<p><a href=\"http:\/\/memorialdaresistenciasp.org.br\/memorial\/\">http:\/\/memorialdaresistenciasp.org.br\/memorial\/<\/a><\/p>\n<p>&nbsp;<\/p>\n<p style=\"text-align: center;\"><strong><span style=\"color: #800000;\">MUSEU PAULISTA<\/span><\/strong><a href=\"http:\/\/sites.usp.br\/paminsa\/wp-content\/uploads\/sites\/454\/2018\/12\/Museu-Paulista.jpg\"><img loading=\"lazy\" decoding=\"async\" class=\"aligncenter wp-image-894\" src=\"http:\/\/sites.usp.br\/paminsa\/wp-content\/uploads\/sites\/454\/2018\/12\/Museu-Paulista-300x194.jpg\" alt=\"\" width=\"320\" height=\"207\" data-id=\"894\" srcset=\"https:\/\/sites.usp.br\/paminsa\/wp-content\/uploads\/sites\/454\/2018\/12\/Museu-Paulista-300x194.jpg 300w, https:\/\/sites.usp.br\/paminsa\/wp-content\/uploads\/sites\/454\/2018\/12\/Museu-Paulista-400x259.jpg 400w, https:\/\/sites.usp.br\/paminsa\/wp-content\/uploads\/sites\/454\/2018\/12\/Museu-Paulista.jpg 510w\" sizes=\"auto, (max-width: 320px) 100vw, 320px\" \/><\/a><\/p>\n<p>\u200bO Museu Paulista, tamb\u00e9m conhecido como Museu do Ipiranga, pertence \u00e0\u00a0Universidade de S\u00e3o Paulo e est\u00e1 localizado no bairro do Ipiranga, tradicional bairro da cidade de S\u00e3o Paulo e onde ocorreu a proclama\u00e7\u00e3o da Independ\u00eancia do Brasil. O Museu Paulista \u00e9 o\u00a0museu\u00a0p\u00fablico mais antigo da\u00a0cidade\u00a0de\u00a0S\u00e3o Paulo, inaugurado em 1895, e importante s\u00edmbolo da\u00a0Independ\u00eancia do Brasil. Possui\u00a0um grande acervo de\u00a0objetos,\u00a0mobili\u00e1rio\u00a0e\u00a0obras de arte\u00a0com relev\u00e2ncia hist\u00f3rica.<\/p>\n<p>Atualmente, o Museu est\u00e1 fechado para visita\u00e7\u00e3o, pois o pr\u00e9dio est\u00e1 passando por obras de restauro para ser reaberto ao p\u00fablico em 2022, ano do bicenten\u00e1rio da independ\u00eancia do Brasil.<\/p>\n<p>Entretanto, o Museu est\u00e1 situado em um parque (Parque da Independ\u00eancia) que tamb\u00e9m abriga\u00a0o Monumento \u00e0 Independ\u00eancia do Brasil, \u00e0s margens do\u00a0Riacho do Ipiranga, no lugar hist\u00f3rico onde\u00a0D. Pedro I\u00a0teria proclamado a\u00a0independ\u00eancia do Brasil\u00a0em\u00a07 de setembro\u00a0de\u00a01822. O\u00a0Monumento tamb\u00e9m \u00e9 a cripta de sepultamento de D. Pedro I e de suas duas esposas, Imperatriz Leopoldina\u00a0e\u00a0D. Am\u00e9lia.<\/p>\n<p><a href=\"http:\/\/\u200bhttp:\/\/www.mp.usp.br\/museu-do-ipiranga\">http:\/\/\u200bhttp:\/\/www.mp.usp.br\/museu-do-ipiranga<\/a><\/p>\n<p>&nbsp;<\/p>\n<p style=\"text-align: center;\"><strong><span style=\"color: #800000;\">MUSEU DE ZOOLOGIA\u200b<\/span><\/strong><a href=\"http:\/\/sites.usp.br\/paminsa\/wp-content\/uploads\/sites\/454\/2018\/12\/Museu-de-Zoologia.jpg\"><img loading=\"lazy\" decoding=\"async\" class=\"aligncenter wp-image-895\" src=\"http:\/\/sites.usp.br\/paminsa\/wp-content\/uploads\/sites\/454\/2018\/12\/Museu-de-Zoologia-300x198.jpg\" alt=\"\" width=\"320\" height=\"212\" data-id=\"895\" srcset=\"https:\/\/sites.usp.br\/paminsa\/wp-content\/uploads\/sites\/454\/2018\/12\/Museu-de-Zoologia-300x198.jpg 300w, https:\/\/sites.usp.br\/paminsa\/wp-content\/uploads\/sites\/454\/2018\/12\/Museu-de-Zoologia-400x264.jpg 400w, https:\/\/sites.usp.br\/paminsa\/wp-content\/uploads\/sites\/454\/2018\/12\/Museu-de-Zoologia.jpg 525w\" sizes=\"auto, (max-width: 320px) 100vw, 320px\" \/><\/a><\/p>\n<p>O\u00a0Museu de Zoologia pertence \u00e0\u00a0Universidade de S\u00e3o Paulo\u00a0e est\u00e1 localizado ao lado do Museu Paulista. Inagurado em 1895, sua sede \u00e9 um pr\u00e9dio hist\u00f3rico constru\u00eddo com o prop\u00f3sito de ser um museu de hist\u00f3ria natural, com vitrais e decora\u00e7\u00f5es em gesso, exibindo tem\u00e1tica zool\u00f3gica. Sua exposi\u00e7\u00e3o abriga uma s\u00e9rie de animais empalhados (incluindo fauna pr\u00e9-hist\u00f3rica), f\u00f3sseis, r\u00e9plicas de f\u00f3sseis e diversas informa\u00e7\u00f5es sobre a biodiversidade brasileira.\u00a0Al\u00e9m do espa\u00e7o de visita\u00e7\u00e3o, o museu tamb\u00e9m abriga cole\u00e7\u00f5es cient\u00edficas de diversos grupos zool\u00f3gicos, sendo um importante espa\u00e7o de pesquisa. A organiza\u00e7\u00e3o interna no Museu de Zoologia conta com uma nova cenografia e mais diversidade de animais em sua galeria, al\u00e9m de um recente laborat\u00f3rio aberto para o p\u00fablico, de modo que as pessoas possam interagir com uma simula\u00e7\u00e3o dos bastidores do museu.<\/p>\n<p><a href=\"http:\/\/\u200bhttp:\/\/www.mz.usp.br\/\">http:\/\/\u200bhttp:\/\/www.mz.usp.br\/<\/a><\/p>\n<p>&nbsp;<\/p>\n<p style=\"text-align: center;\"><strong><span style=\"color: #800000;\">PARQUE DO IBIRAPUERA\u200b<\/span><\/strong><a href=\"http:\/\/sites.usp.br\/paminsa\/wp-content\/uploads\/sites\/454\/2018\/12\/parque-Ibirapuera.jpg\"><img loading=\"lazy\" decoding=\"async\" class=\"aligncenter wp-image-896\" src=\"http:\/\/sites.usp.br\/paminsa\/wp-content\/uploads\/sites\/454\/2018\/12\/parque-Ibirapuera-300x193.jpg\" alt=\"\" width=\"320\" height=\"206\" data-id=\"896\" srcset=\"https:\/\/sites.usp.br\/paminsa\/wp-content\/uploads\/sites\/454\/2018\/12\/parque-Ibirapuera-300x193.jpg 300w, https:\/\/sites.usp.br\/paminsa\/wp-content\/uploads\/sites\/454\/2018\/12\/parque-Ibirapuera-400x257.jpg 400w, https:\/\/sites.usp.br\/paminsa\/wp-content\/uploads\/sites\/454\/2018\/12\/parque-Ibirapuera.jpg 548w\" sizes=\"auto, (max-width: 320px) 100vw, 320px\" \/><\/a><\/p>\n<p>Localizado no bairro da Vila Mariana, o\u00a0Parque Ibirapuera\u00a0\u00e9 o maior parque urbano de S\u00e3o Paulo. No parque h\u00e1 diversos atrativos para o p\u00fablico, como passeios culturais e educativos (ex.\u00a0caminhadas monitoradas e\u00a0atividades de\u00a0<em>birdwatching<\/em>), esculturas de arte, monumentos hist\u00f3ricos, planet\u00e1rio e exposi\u00e7\u00f5es art\u00edsticas (como as que acontecem na Oca do parque). Com uma paisagem repleta\u00a0de flores e \u00e1rvores, h\u00e1 tamb\u00e9m aparelhos de gin\u00e1stica, quadras, playground, quiosques e\u00a0ciclovia. Por sua riqueza verde, esportiva e cultural, foi eleito um dos melhores parques do mundo.\u00a0\u00a0Visite o site para saber qual evento cultural estar\u00e1 ocorrendo no parque.\u200b<\/p>\n<p><a href=\"http:\/\/www.parquedoibirapuera.com\/\">http:\/\/www.parquedoibirapuera.com\/<\/a><\/p>\n<p>&nbsp;<\/p>\n<p style=\"text-align: center;\"><strong><span style=\"color: #800000;\">THEATRO MUNICIPAL DE S\u00c3O PAULO<\/span><\/strong><a href=\"http:\/\/sites.usp.br\/paminsa\/wp-content\/uploads\/sites\/454\/2018\/12\/theatro-municipal.jpg\"><img loading=\"lazy\" decoding=\"async\" class=\"aligncenter wp-image-897\" src=\"http:\/\/sites.usp.br\/paminsa\/wp-content\/uploads\/sites\/454\/2018\/12\/theatro-municipal-300x226.jpg\" alt=\"\" width=\"320\" height=\"241\" data-id=\"897\" srcset=\"https:\/\/sites.usp.br\/paminsa\/wp-content\/uploads\/sites\/454\/2018\/12\/theatro-municipal-300x226.jpg 300w, https:\/\/sites.usp.br\/paminsa\/wp-content\/uploads\/sites\/454\/2018\/12\/theatro-municipal-80x60.jpg 80w, https:\/\/sites.usp.br\/paminsa\/wp-content\/uploads\/sites\/454\/2018\/12\/theatro-municipal-400x302.jpg 400w, https:\/\/sites.usp.br\/paminsa\/wp-content\/uploads\/sites\/454\/2018\/12\/theatro-municipal.jpg 460w\" sizes=\"auto, (max-width: 320px) 100vw, 320px\" \/><\/a><\/p>\n<p>\u200bO\u00a0Theatro Municipal de S\u00e3o Paulo\u00a0\u00e9 um dos mais importantes teatros do\u00a0Brasil\u00a0e um dos cart\u00f5es postais da cidade de\u00a0S\u00e3o Paulo. Localizado no centro da cidade, na\u00a0Pra\u00e7a Ramos de Azevedo (esta\u00e7\u00e3o de metr\u00f4 <em>Anhangaba\u00fa<\/em>, linha azul), foi inaugurado em 1911 para atender ao desejo da elite paulista da \u00e9poca, que queria que a cidade estivesse \u00e0 altura dos grandes centros culturais europeus.\u00a0Seu estilo arquitet\u00f4nico foi inspirado na\u00a0\u00d3pera de Paris. Al\u00e9m de sua import\u00e2ncia arquitet\u00f4nica, o teatro tamb\u00e9m possui notabilidade hist\u00f3rica, pois foi palco da\u00a0Semana de Arte Moderna, o marco inicial do\u00a0Modernismo\u00a0no Brasil, em 1922.\u00a0\u00c9 considerado um dos palcos de maior respeito do Brasil e apresenta uma das maiores e melhores produ\u00e7\u00f5es l\u00edricas do pa\u00eds, sendo que importantes artistas e companhias de dan\u00e7a j\u00e1 pisaram em seu palco.<\/p>\n<p><a href=\"http:\/\/\u200bhttp:\/\/theatromunicipal.org.br\/\u200b\">http:\/\/\u200bhttp:\/\/theatromunicipal.org.br\/\u200b<\/a><\/p>\n<p>&nbsp;<\/p>\n<p style=\"text-align: center;\"><strong><span style=\"color: #800000;\">CATEDRAL DA S\u00c9<\/span><\/strong><a href=\"http:\/\/sites.usp.br\/paminsa\/wp-content\/uploads\/sites\/454\/2018\/12\/catedral-da-S\u00e9.jpg\"><img loading=\"lazy\" decoding=\"async\" class=\"aligncenter wp-image-898\" src=\"http:\/\/sites.usp.br\/paminsa\/wp-content\/uploads\/sites\/454\/2018\/12\/catedral-da-S\u00e9-300x272.jpg\" alt=\"\" width=\"310\" height=\"281\" data-id=\"898\" srcset=\"https:\/\/sites.usp.br\/paminsa\/wp-content\/uploads\/sites\/454\/2018\/12\/catedral-da-S\u00e9-300x272.jpg 300w, https:\/\/sites.usp.br\/paminsa\/wp-content\/uploads\/sites\/454\/2018\/12\/catedral-da-S\u00e9.jpg 382w\" sizes=\"auto, (max-width: 310px) 100vw, 310px\" \/><\/a><\/p>\n<p>\u200bA Catedral da S\u00e9 est\u00e1 localizada na\u00a0Pra\u00e7a da S\u00e9, no centro de\u00a0S\u00e3o Paulo (esta\u00e7\u00e3o do metr\u00f4 <em>S\u00e9<\/em>, linha vermelha. Em estilo arquitet\u00f4nico neog\u00f3tico, foi constru\u00edda no in\u00edcio so s\u00e9culo XX e \u00e9 a maior igreja de\u00a0S\u00e3o Paulo, com 111 metros de comprimento, 46 metros de largura, duas torres com 92 metros de altura e uma enorme\u00a0c\u00fapula. Tem capacidade para abrigar 8.000 pessoas e possui\u00a0o maior \u00f3rg\u00e3o de tubos da\u00a0Am\u00e9rica Latina. No subsolo h\u00e1 uma\u00a0cripta\u00a0onde est\u00e3o sepultados bispos e arcebispos de S\u00e3o Paulo e v\u00e1rios personagens importantes da hist\u00f3ria do Brasil.<\/p>\n<p><a href=\"http:\/\/\u200bhttps:\/\/www.catedraldase.org.br\/\">http:\/\/\u200bhttps:\/\/www.catedraldase.org.br\/<\/a><\/p>\n<p>&nbsp;<\/p>\n<p style=\"text-align: center;\"><strong><span style=\"color: #800000;\">MOSTEIRO DE S\u00c3O BENTO<\/span><\/strong><a href=\"http:\/\/sites.usp.br\/paminsa\/wp-content\/uploads\/sites\/454\/2018\/12\/mosteiro-de-S\u00e3o-Bento.jpg\"><img loading=\"lazy\" decoding=\"async\" class=\"aligncenter wp-image-899\" src=\"http:\/\/sites.usp.br\/paminsa\/wp-content\/uploads\/sites\/454\/2018\/12\/mosteiro-de-S\u00e3o-Bento-300x201.jpg\" alt=\"\" width=\"320\" height=\"214\" data-id=\"899\" srcset=\"https:\/\/sites.usp.br\/paminsa\/wp-content\/uploads\/sites\/454\/2018\/12\/mosteiro-de-S\u00e3o-Bento-300x201.jpg 300w, https:\/\/sites.usp.br\/paminsa\/wp-content\/uploads\/sites\/454\/2018\/12\/mosteiro-de-S\u00e3o-Bento-400x268.jpg 400w, https:\/\/sites.usp.br\/paminsa\/wp-content\/uploads\/sites\/454\/2018\/12\/mosteiro-de-S\u00e3o-Bento.jpg 520w\" sizes=\"auto, (max-width: 320px) 100vw, 320px\" \/><\/a><\/p>\n<p>\u200bO\u00a0Mosteiro de S\u00e3o Bento\u00a0\u00e9 um local hist\u00f3rico, religioso e com uma arquitetura inigual\u00e1vel, com mais de 400 anos de hist\u00f3ria. Est\u00e1\u00a0localizado no Largo de S\u00e3o Bento, no\u00a0c<u>entro<\/u>\u00a0da cidade (esta\u00e7\u00e3o de metr\u00f4 <em>S\u00e3o Bent<\/em>o, linha azul). O mosteiro \u00e9 aberto \u00e0 visita\u00e7\u00e3o todos os dias e possui uma padaria\u00a0que oferece\u00a0ao p\u00fablico bolos, p\u00e3es, gel\u00e9ias, biscoitos, cujas receitas s\u00e3o seculares\u00a0e estavam guardadas no arquivo da abadia.\u200b<\/p>\n<p><a href=\"http:\/\/mosteiro.org.br\/\">http:\/\/mosteiro.org.br\/<\/a><\/p>\n<p>&nbsp;<\/p>\n<p style=\"text-align: center;\"><strong><span style=\"color: #800000;\">BECO DO BATMAN\u200b<\/span><\/strong><a href=\"http:\/\/sites.usp.br\/paminsa\/wp-content\/uploads\/sites\/454\/2018\/12\/beco-batman.jpg\"><img loading=\"lazy\" decoding=\"async\" class=\"wp-image-900 aligncenter\" src=\"http:\/\/sites.usp.br\/paminsa\/wp-content\/uploads\/sites\/454\/2018\/12\/beco-batman-300x225.jpg\" alt=\"\" width=\"320\" height=\"240\" data-id=\"900\" srcset=\"https:\/\/sites.usp.br\/paminsa\/wp-content\/uploads\/sites\/454\/2018\/12\/beco-batman-300x225.jpg 300w, https:\/\/sites.usp.br\/paminsa\/wp-content\/uploads\/sites\/454\/2018\/12\/beco-batman-768x576.jpg 768w, https:\/\/sites.usp.br\/paminsa\/wp-content\/uploads\/sites\/454\/2018\/12\/beco-batman-80x60.jpg 80w, https:\/\/sites.usp.br\/paminsa\/wp-content\/uploads\/sites\/454\/2018\/12\/beco-batman-400x300.jpg 400w, https:\/\/sites.usp.br\/paminsa\/wp-content\/uploads\/sites\/454\/2018\/12\/beco-batman.jpg 800w\" sizes=\"auto, (max-width: 320px) 100vw, 320px\" \/><\/a><\/p>\n<p>O\u00a0Beco do Batman \u00e9 um\u00a0tradicional endere\u00e7o do\u00a0graffiti (arte de rua) e fica escondido entre as vielas da Vila Madalena, bairro bo\u00eamio de S\u00e3o Paulo. Reza a lenda que nos anos 80 um desenho do Batman apareceu da noite pro dia em uma das paredes do beco, o que deu nome ao lugar.\u00a0 Onde antigamente era um local abandonado, passou por uma imensa transforma\u00e7\u00e3o com a presen\u00e7a dos artistas e as paredes cheias de arte e, atualmente, \u00e9 uma atra\u00e7\u00e3o tur\u00edstica.\u00a0As paredes do Beco do Batman s\u00e3o um incr\u00edvel mural a c\u00e9u aberto com diversas artes de rua coloridas.<\/p>\n<p>Rua Gon\u00e7alo Afonso,\u00a0Vila Madalena<\/p>","protected":false},"excerpt":{"rendered":"<p>S\u00e3o Paulo \u00e9 uma metr\u00f3pole multifacetada que permanece acordada 24 horas por dia. Al\u00e9m de ser o mais importante centro econ\u00f4mico do Brasil, \u00e9 recheada de cultura, com muitas ofertas de lazer, conhecimento e entretenimento. A cidade\u00a0possui mais de 100\u00a0museus, 280\u00a0salas de cinema, 182 teatros de diversas linhas art\u00edsticas, 146 bibliotecas, cerca de 40 centros culturais e diversas\u00a0festas populares e feiras que acontecem em\u00a0ruas ao ar livre. Abaixo listamos alguns pontos interessantes e importantes de nossa hist\u00f3ria paulistana. &nbsp; AVENIDA PAULISTA\u200b Essa \u00e9 a principal avenida de S\u00e3o Paulo, com cerca de 3 km de extens\u00e3o. \u00c9 o cora\u00e7\u00e3o empresarial da cidade, mas que tamb\u00e9m oferece uma enorme variedade de atra\u00e7\u00f5es.\u00a0A Avenida Paulista, inaugurada no final do s\u00e9culo XIX, j\u00e1 foi reduto de grandes mans\u00f5es de bar\u00f5es do caf\u00e9. Hoje, pouco sobrou daquele tempo e as ruas s\u00e3o dominadas por arranha-c\u00e9us empresariais, espa\u00e7os culturais, centros comerciais, parques e muitos bares e restaurantes. N\u00e3o importa a hora em que voc\u00ea tente percorr\u00ea-la, a avenida nunca estar\u00e1 vazia. N\u00e3o deixe de visitar o Mirante do SESC Paulista (esta\u00e7\u00e3o de metr\u00f4 Brigadeiro, linha verde) e\u00a0o MASP (esta\u00e7\u00e3o de metr\u00f4 Trianon-Masp, linha verde). Aos domingos, a avenida Paulista \u00e9 fechada aos carros e se [&#8230;]<\/p>\n","protected":false},"author":823,"featured_media":0,"parent":0,"menu_order":0,"comment_status":"closed","ping_status":"closed","template":"page-full.php","meta":{"footnotes":"","_links_to":"","_links_to_target":""},"class_list":["post-889","page","type-page","status-publish","hentry"],"_links":{"self":[{"href":"https:\/\/sites.usp.br\/paminsa\/pb\/wp-json\/wp\/v2\/pages\/889","targetHints":{"allow":["GET"]}}],"collection":[{"href":"https:\/\/sites.usp.br\/paminsa\/pb\/wp-json\/wp\/v2\/pages"}],"about":[{"href":"https:\/\/sites.usp.br\/paminsa\/pb\/wp-json\/wp\/v2\/types\/page"}],"author":[{"embeddable":true,"href":"https:\/\/sites.usp.br\/paminsa\/pb\/wp-json\/wp\/v2\/users\/823"}],"replies":[{"embeddable":true,"href":"https:\/\/sites.usp.br\/paminsa\/pb\/wp-json\/wp\/v2\/comments?post=889"}],"version-history":[{"count":4,"href":"https:\/\/sites.usp.br\/paminsa\/pb\/wp-json\/wp\/v2\/pages\/889\/revisions"}],"predecessor-version":[{"id":1103,"href":"https:\/\/sites.usp.br\/paminsa\/pb\/wp-json\/wp\/v2\/pages\/889\/revisions\/1103"}],"wp:attachment":[{"href":"https:\/\/sites.usp.br\/paminsa\/pb\/wp-json\/wp\/v2\/media?parent=889"}],"curies":[{"name":"wp","href":"https:\/\/api.w.org\/{rel}","templated":true}]}}