{"id":907,"date":"2018-12-23T17:37:00","date_gmt":"2018-12-23T19:37:00","guid":{"rendered":"http:\/\/sites.usp.br\/paminsa\/?page_id=907"},"modified":"2019-01-30T22:47:22","modified_gmt":"2019-01-31T00:47:22","slug":"gastronomia","status":"publish","type":"page","link":"https:\/\/sites.usp.br\/paminsa\/pb\/gastronomia\/","title":{"rendered":"GASTRONOMIA"},"content":{"rendered":"<p><\/p>\n<p class=\"font7\" style=\"text-align: justify;\"><span style=\"font-family: 'Arial','sans-serif';\">Na cidade de S\u00e3o Paulo \u00e9\u00a0poss\u00edvel encontrar os mais variados tipos de comida a qualquer hora do dia ou da noite.\u00a0\u00a0A\u00a0cidade possui mais de 15 mil op\u00e7\u00f5es de restaurantes e 20 mil bares, com cerca de\u00a060 tipos de cozinhas diferentes, incluindo comidas t\u00edpicas de outros pa\u00edses.\u00a0H\u00e1 tamb\u00e9m diversos restaurantes\u00a0 vegetarianos,\u00a0org\u00e2nicaos e uma rede completa de fast food, sem contar os in\u00fameros pontos de caf\u00e9s e padarias com funcionamento 24 horas. Antenada, a cidade expandiu os sabores paulistanos para os food trucks e as feirinhas gastron\u00f4micas, onde as pessoas podem encontrar variedade a um pre\u00e7o popular.\u00a0<\/span><\/p>\n<p class=\"font7\" style=\"text-align: justify;\"><span class=\"wixguard\"><span style=\"font-family: 'Arial','sans-serif';\">\u200b<\/span><\/span><span style=\"font-family: 'Arial','sans-serif';\">Em S\u00e3o Paulo, \u00e9 f\u00e1cil encontrar uma grande variedade gastron\u00f4mica em qualquer lugar, embora haja\u00a0bairros com gastronomias mais tradicionais, como o bairro da Liberdade, que oferece restaurantes com comidas asi\u00e1ticas e\u00a0o bairro do Bixiga com restaurantes italianos.<span class=\"wixguard\">\u200b<\/span><\/span><\/p>\n<p class=\"font7\" style=\"text-align: justify;\"><span style=\"font-family: 'Arial','sans-serif';\">O PAMinSA VIII ocorrer\u00e1 na Universidade de S\u00e3o Paulo, no bairro do Butant\u00e3, zona oeste da cidade. Por perto, h\u00e1 dois bairros que oferecem uma variedade de restaurantes e s\u00e3o pontos bo\u00eamios da noite paulistana, com bares, casas de shows e v\u00e1rios tipos de clubes para dan\u00e7ar: bairros de Pinheiros e Vila Madalena.<\/span><\/p>\n<p class=\"font7\" style=\"text-align: justify;\"><span class=\"wixguard\"><span style=\"font-family: 'Arial','sans-serif';\">\u200b<\/span><\/span><span style=\"font-family: 'Arial','sans-serif';\">N\u00e3o deixe de conhecer o\u00a0principal ponto gastronomico de S\u00e3o Paulo, o Mercado Municipal, um importante mercado p\u00fablico da cidade,\u00a0localizado no centro hist\u00f3rico.\u00a0Inaugurado em\u00a01933, \u00e9 um pr\u00e9dio hist\u00f3rico com 12.600 m2 e l\u00e1 s\u00e3o movimentados\u00a0cerca de 350 toneladas de alimentos diariamente. Possui grandes variedades de sucos, temperos, legumes,\u00a0 queijos, vinhos, carnes, cereais e\u00a0frutas de diversos lugares do Brasil e do mundo.<\/span><\/p>\n<p><\/p>","protected":false},"excerpt":{"rendered":"<p>Na cidade de S\u00e3o Paulo \u00e9\u00a0poss\u00edvel encontrar os mais variados tipos de comida a qualquer hora do dia ou da noite.\u00a0\u00a0A\u00a0cidade possui mais de 15 mil op\u00e7\u00f5es de restaurantes e 20 mil bares, com cerca de\u00a060 tipos de cozinhas diferentes, incluindo comidas t\u00edpicas de outros pa\u00edses.\u00a0H\u00e1 tamb\u00e9m diversos restaurantes\u00a0 vegetarianos,\u00a0org\u00e2nicaos e uma rede completa de fast food, sem contar os in\u00fameros pontos de caf\u00e9s e padarias com funcionamento 24 horas. Antenada, a cidade expandiu os sabores paulistanos para os food trucks e as feirinhas gastron\u00f4micas, onde as pessoas podem encontrar variedade a um pre\u00e7o popular.\u00a0 \u200bEm S\u00e3o Paulo, \u00e9 f\u00e1cil encontrar uma grande variedade gastron\u00f4mica em qualquer lugar, embora haja\u00a0bairros com gastronomias mais tradicionais, como o bairro da Liberdade, que oferece restaurantes com comidas asi\u00e1ticas e\u00a0o bairro do Bixiga com restaurantes italianos.\u200b O PAMinSA VIII ocorrer\u00e1 na Universidade de S\u00e3o Paulo, no bairro do Butant\u00e3, zona oeste da cidade. Por perto, h\u00e1 dois bairros que oferecem uma variedade de restaurantes e s\u00e3o pontos bo\u00eamios da noite paulistana, com bares, casas de shows e v\u00e1rios tipos de clubes para dan\u00e7ar: bairros de Pinheiros e Vila Madalena. \u200bN\u00e3o deixe de conhecer o\u00a0principal ponto gastronomico de S\u00e3o Paulo, o Mercado Municipal, um importante [&#8230;]<\/p>\n","protected":false},"author":823,"featured_media":0,"parent":0,"menu_order":0,"comment_status":"closed","ping_status":"closed","template":"page-full.php","meta":{"footnotes":"","_links_to":"","_links_to_target":""},"class_list":["post-907","page","type-page","status-publish","hentry"],"_links":{"self":[{"href":"https:\/\/sites.usp.br\/paminsa\/pb\/wp-json\/wp\/v2\/pages\/907","targetHints":{"allow":["GET"]}}],"collection":[{"href":"https:\/\/sites.usp.br\/paminsa\/pb\/wp-json\/wp\/v2\/pages"}],"about":[{"href":"https:\/\/sites.usp.br\/paminsa\/pb\/wp-json\/wp\/v2\/types\/page"}],"author":[{"embeddable":true,"href":"https:\/\/sites.usp.br\/paminsa\/pb\/wp-json\/wp\/v2\/users\/823"}],"replies":[{"embeddable":true,"href":"https:\/\/sites.usp.br\/paminsa\/pb\/wp-json\/wp\/v2\/comments?post=907"}],"version-history":[{"count":2,"href":"https:\/\/sites.usp.br\/paminsa\/pb\/wp-json\/wp\/v2\/pages\/907\/revisions"}],"predecessor-version":[{"id":1095,"href":"https:\/\/sites.usp.br\/paminsa\/pb\/wp-json\/wp\/v2\/pages\/907\/revisions\/1095"}],"wp:attachment":[{"href":"https:\/\/sites.usp.br\/paminsa\/pb\/wp-json\/wp\/v2\/media?parent=907"}],"curies":[{"name":"wp","href":"https:\/\/api.w.org\/{rel}","templated":true}]}}