{"id":948,"date":"2018-12-23T19:20:22","date_gmt":"2018-12-23T21:20:22","guid":{"rendered":"http:\/\/sites.usp.br\/paminsa\/?page_id=948"},"modified":"2018-12-23T19:21:23","modified_gmt":"2018-12-23T21:21:23","slug":"comites","status":"publish","type":"page","link":"https:\/\/sites.usp.br\/paminsa\/pb\/comites\/","title":{"rendered":"COMIT\u00caS"},"content":{"rendered":"<p>Obtenha informa\u00e7\u00f5es sobre Comit\u00ea Organizador, Comit\u00ea Cient\u00edfico e convidados especiais do PAMinSA VIII<\/p>","protected":false},"excerpt":{"rendered":"<p>Obtenha informa\u00e7\u00f5es sobre Comit\u00ea Organizador, Comit\u00ea Cient\u00edfico e convidados especiais do PAMinSA VIII<\/p>\n","protected":false},"author":823,"featured_media":0,"parent":0,"menu_order":0,"comment_status":"closed","ping_status":"closed","template":"","meta":{"footnotes":"","_links_to":"","_links_to_target":""},"class_list":["post-948","page","type-page","status-publish","hentry"],"_links":{"self":[{"href":"https:\/\/sites.usp.br\/paminsa\/pb\/wp-json\/wp\/v2\/pages\/948","targetHints":{"allow":["GET"]}}],"collection":[{"href":"https:\/\/sites.usp.br\/paminsa\/pb\/wp-json\/wp\/v2\/pages"}],"about":[{"href":"https:\/\/sites.usp.br\/paminsa\/pb\/wp-json\/wp\/v2\/types\/page"}],"author":[{"embeddable":true,"href":"https:\/\/sites.usp.br\/paminsa\/pb\/wp-json\/wp\/v2\/users\/823"}],"replies":[{"embeddable":true,"href":"https:\/\/sites.usp.br\/paminsa\/pb\/wp-json\/wp\/v2\/comments?post=948"}],"version-history":[{"count":3,"href":"https:\/\/sites.usp.br\/paminsa\/pb\/wp-json\/wp\/v2\/pages\/948\/revisions"}],"predecessor-version":[{"id":951,"href":"https:\/\/sites.usp.br\/paminsa\/pb\/wp-json\/wp\/v2\/pages\/948\/revisions\/951"}],"wp:attachment":[{"href":"https:\/\/sites.usp.br\/paminsa\/pb\/wp-json\/wp\/v2\/media?parent=948"}],"curies":[{"name":"wp","href":"https:\/\/api.w.org\/{rel}","templated":true}]}}