{"id":970,"date":"2018-12-23T19:41:55","date_gmt":"2018-12-23T21:41:55","guid":{"rendered":"http:\/\/sites.usp.br\/paminsa\/?page_id=970"},"modified":"2019-07-03T21:14:03","modified_gmt":"2019-07-04T00:14:03","slug":"atividades-extras","status":"publish","type":"page","link":"https:\/\/sites.usp.br\/paminsa\/pb\/atividades-extras\/","title":{"rendered":"ATIVIDADES EXTRAS"},"content":{"rendered":"<p>Ap\u00f3s o congresso est\u00e1 sendo planejada uma &#8220;viagem bioarqueol\u00f3gica&#8221; entre os dias 17 e 20 de agosto:<\/p>\n<p><strong>VISITA AO S\u00cdTIO ARQUEOL\u00d3GICO &#8220;LAPA DO SANTO&#8221;<\/strong> (Lagoa Santa, Minas Gerais):\u00a0este s\u00edtio\u00a0est\u00e1 situado em uma \u00e1rea c\u00e1rstica da regi\u00e3o de Lagoa Santa, onde Peter Lund desenvolveu suas pesquisas e onde foram escavados esqueletos datados em at\u00e9 10.000 anos, incluindo o mais antigo caso de decapita\u00e7\u00e3o humana j\u00e1 registrado.<\/p>\n<p>Caso tenha interesse, enviar email para: contato@turismointeligente.tur.br<\/p>\n<p>Valor aproximado em d\u00f3lares: $415,00<\/p>\n<p><a href=\"https:\/\/sites.usp.br\/paminsa\/wp-content\/uploads\/sites\/454\/2019\/07\/viagem-Lapa-do-Santo.jpg\"><img loading=\"lazy\" decoding=\"async\" class=\"aligncenter size-full wp-image-1341\" src=\"https:\/\/sites.usp.br\/paminsa\/wp-content\/uploads\/sites\/454\/2019\/07\/viagem-Lapa-do-Santo.jpg\" alt=\"\" width=\"907\" height=\"1282\" data-id=\"1341\" srcset=\"https:\/\/sites.usp.br\/paminsa\/wp-content\/uploads\/sites\/454\/2019\/07\/viagem-Lapa-do-Santo.jpg 907w, https:\/\/sites.usp.br\/paminsa\/wp-content\/uploads\/sites\/454\/2019\/07\/viagem-Lapa-do-Santo-212x300.jpg 212w, https:\/\/sites.usp.br\/paminsa\/wp-content\/uploads\/sites\/454\/2019\/07\/viagem-Lapa-do-Santo-768x1086.jpg 768w, https:\/\/sites.usp.br\/paminsa\/wp-content\/uploads\/sites\/454\/2019\/07\/viagem-Lapa-do-Santo-724x1024.jpg 724w, https:\/\/sites.usp.br\/paminsa\/wp-content\/uploads\/sites\/454\/2019\/07\/viagem-Lapa-do-Santo-400x565.jpg 400w\" sizes=\"auto, (max-width: 907px) 100vw, 907px\" \/><\/a><\/p>","protected":false},"excerpt":{"rendered":"<p>Ap\u00f3s o congresso est\u00e1 sendo planejada uma &#8220;viagem bioarqueol\u00f3gica&#8221; entre os dias 17 e 20 de agosto: VISITA AO S\u00cdTIO ARQUEOL\u00d3GICO &#8220;LAPA DO SANTO&#8221; (Lagoa Santa, Minas Gerais):\u00a0este s\u00edtio\u00a0est\u00e1 situado em uma \u00e1rea c\u00e1rstica da regi\u00e3o de Lagoa Santa, onde Peter Lund desenvolveu suas pesquisas e onde foram escavados esqueletos datados em at\u00e9 10.000 anos, incluindo o mais antigo caso de decapita\u00e7\u00e3o humana j\u00e1 registrado. Caso tenha interesse, enviar email para: contato@turismointeligente.tur.br Valor aproximado em d\u00f3lares: $415,00<\/p>\n","protected":false},"author":823,"featured_media":0,"parent":0,"menu_order":0,"comment_status":"closed","ping_status":"closed","template":"","meta":{"footnotes":"","_links_to":"","_links_to_target":""},"class_list":["post-970","page","type-page","status-publish","hentry"],"_links":{"self":[{"href":"https:\/\/sites.usp.br\/paminsa\/pb\/wp-json\/wp\/v2\/pages\/970","targetHints":{"allow":["GET"]}}],"collection":[{"href":"https:\/\/sites.usp.br\/paminsa\/pb\/wp-json\/wp\/v2\/pages"}],"about":[{"href":"https:\/\/sites.usp.br\/paminsa\/pb\/wp-json\/wp\/v2\/types\/page"}],"author":[{"embeddable":true,"href":"https:\/\/sites.usp.br\/paminsa\/pb\/wp-json\/wp\/v2\/users\/823"}],"replies":[{"embeddable":true,"href":"https:\/\/sites.usp.br\/paminsa\/pb\/wp-json\/wp\/v2\/comments?post=970"}],"version-history":[{"count":4,"href":"https:\/\/sites.usp.br\/paminsa\/pb\/wp-json\/wp\/v2\/pages\/970\/revisions"}],"predecessor-version":[{"id":1345,"href":"https:\/\/sites.usp.br\/paminsa\/pb\/wp-json\/wp\/v2\/pages\/970\/revisions\/1345"}],"wp:attachment":[{"href":"https:\/\/sites.usp.br\/paminsa\/pb\/wp-json\/wp\/v2\/media?parent=970"}],"curies":[{"name":"wp","href":"https:\/\/api.w.org\/{rel}","templated":true}]}}