{"id":1044,"date":"2019-01-29T22:20:20","date_gmt":"2019-01-30T00:20:20","guid":{"rendered":"http:\/\/sites.usp.br\/paminsa\/?page_id=1044"},"modified":"2019-06-03T01:12:56","modified_gmt":"2019-06-03T04:12:56","slug":"inscripciones","status":"publish","type":"page","link":"https:\/\/sites.usp.br\/paminsa\/inscripciones\/","title":{"rendered":"INSCRIPCIONES"},"content":{"rendered":"<p>Informaciones sobre inscripciones, modalidades de presentaci\u00f3n e pago.<\/p>\n<p>&nbsp;<\/p>\n<p><strong><u>Fecha de entrega para presentaci\u00f3n de res\u00famenes: 25 de junio de 2019<\/u><\/strong><\/p>","protected":false},"excerpt":{"rendered":"<p>Informaciones sobre inscripciones, modalidades de presentaci\u00f3n e pago. &nbsp; Fecha de entrega para presentaci\u00f3n de res\u00famenes: 25 de junio de 2019<\/p>\n","protected":false},"author":823,"featured_media":0,"parent":0,"menu_order":0,"comment_status":"closed","ping_status":"closed","template":"","meta":{"footnotes":"","_links_to":"","_links_to_target":""},"class_list":["post-1044","page","type-page","status-publish","hentry"],"_links":{"self":[{"href":"https:\/\/sites.usp.br\/paminsa\/wp-json\/wp\/v2\/pages\/1044","targetHints":{"allow":["GET"]}}],"collection":[{"href":"https:\/\/sites.usp.br\/paminsa\/wp-json\/wp\/v2\/pages"}],"about":[{"href":"https:\/\/sites.usp.br\/paminsa\/wp-json\/wp\/v2\/types\/page"}],"author":[{"embeddable":true,"href":"https:\/\/sites.usp.br\/paminsa\/wp-json\/wp\/v2\/users\/823"}],"replies":[{"embeddable":true,"href":"https:\/\/sites.usp.br\/paminsa\/wp-json\/wp\/v2\/comments?post=1044"}],"version-history":[{"count":4,"href":"https:\/\/sites.usp.br\/paminsa\/wp-json\/wp\/v2\/pages\/1044\/revisions"}],"predecessor-version":[{"id":1321,"href":"https:\/\/sites.usp.br\/paminsa\/wp-json\/wp\/v2\/pages\/1044\/revisions\/1321"}],"wp:attachment":[{"href":"https:\/\/sites.usp.br\/paminsa\/wp-json\/wp\/v2\/media?parent=1044"}],"curies":[{"name":"wp","href":"https:\/\/api.w.org\/{rel}","templated":true}]}}