{"id":1056,"date":"2019-01-29T22:54:46","date_gmt":"2019-01-30T00:54:46","guid":{"rendered":"http:\/\/sites.usp.br\/paminsa\/?page_id=1056"},"modified":"2019-06-03T01:18:03","modified_gmt":"2019-06-03T04:18:03","slug":"resumenes","status":"publish","type":"page","link":"https:\/\/sites.usp.br\/paminsa\/resumenes\/","title":{"rendered":"RES\u00daMENES"},"content":{"rendered":"<p>PRESENTACI\u00d3N DE RES\u00daMENES<\/p>\n<p><u>Fecha de entrega para presentaci\u00f3n de res\u00famenes: 25 de mayo de 2019<\/u><\/p>\n<p>En esta edici\u00f3n, la inscripci\u00f3n y el pago para la participaci\u00f3n en el PAMinSA VIII se realizar\u00e1 a trav\u00e9s de la plataforma <em>Even3<\/em>, cuyo <em>link<\/em> est\u00e1 disponible abajo.<\/p>\n<p>Los res\u00famenes deben presentarse en ingl\u00e9s o espa\u00f1ol, con un m\u00e1ximo de 500 palabras.<\/p>\n<p>Reglas para la presentaci\u00f3n de res\u00famenes:<\/p>\n<ol>\n<li>El resumen debe ser presentado por el primer autor que deber\u00e1 estar inscrito previamente a la sumisi\u00f3n.<\/li>\n<li>Si tienen la intenci\u00f3n de asistir al PAMinSA VIII los dem\u00e1s autores deber\u00e1n informar en su inscripci\u00f3n que son co-autores en resumen ya sometido.<\/li>\n<li>Se aceptar\u00e1n s\u00f3lo dos trabajos en Simposio o Mesa de Ponencias por autor, ya sea como primer autor o en coautor\u00eda con otros. No habr\u00e1 restricciones al n\u00famero de trabajos por autor en las sesiones de posters.<\/li>\n<li>Los res\u00famenes\u00a0 deber\u00e1n ser presentados en ingl\u00e9s o espa\u00f1ol, con un m\u00e1ximo de 500 palabras.\u00a0 Para los simposios, el coordinador tambi\u00e9n debe presentar un resumen general con un m\u00e1ximo de 500 palabras.<\/li>\n<li>Se debe utilizar el template (plantilla electr\u00f3nica) disponible <a href=\"http:\/\/sites.usp.br\/paminsa\/wp-content\/uploads\/sites\/454\/2019\/02\/Template-Abstract_PAMinSA-VIII.docm\">AQU\u00cd<\/a>. La plantilla ya est\u00e1 en el formato correcto (espacio simple, fuente Times New Roman 12 pt). Los res\u00famenes deber\u00e1n contener la siguiente informaci\u00f3n: Prop\u00f3sito \/ Pregunta de Investigaci\u00f3n; M\u00e9todos; Resultados; Conclusiones.<\/li>\n<li>El nombre del fichero cargado deber\u00e1 contener: su nombre, modalidad de presentation (simposio, ponencia, o p\u00f3ster), y categor\u00eda de inscripci\u00f3n (PPA member, Student PPA member, etc) (por ejemplo: Wesolowski p\u00f3ster PPA member).\u00a0Para los simposios, el coordinador debe enviar todos los res\u00famenes en un \u00fanico fichero (.doc)<\/li>\n<li>Los res\u00famenes deben enviarse a trav\u00e9s de la carga del fichero en el momento del registro a trav\u00e9s del\u00a0<em>link:<\/em>\u00a0<a href=\"https:\/\/www.even3.com.br\/paminsa\">https:\/\/www.even3.com.br\/paminsa<\/a><\/li>\n<li>El Comit\u00e9 Organizador notificar\u00e1 a los primeros autores al recibir sus res\u00famenes. Asimismo, someter\u00e1 los res\u00famenes al Comit\u00e9 Cient\u00edfico antes de aceptarlos y enviar\u00e1 una notificaci\u00f3n de la decisi\u00f3n.<\/li>\n<li>El Comit\u00e9 Cient\u00edfico &#8211; y los coordinadores de mesas de ponencias, en el caso de que se opte por este tipo de comunicaci\u00f3n -, ser\u00e1n los encargados de evaluar los res\u00famenes recibidos y aceptarlos para la modalidad de presentaci\u00f3n propuesta por el autor, o sugerir cambios en la misma si lo consideraran pertinente.<\/li>\n<li>Si el Comit\u00e9 rechaza un resumen, el Primer Autor puede solicitar lo reembolso de la tarifa de preinscripci\u00f3n. Eso tambi\u00e9n se aplica a los coautores que se han registrado, a menos que sean primer autor en cualquier otro documento aceptado.<\/li>\n<\/ol>\n<p>&nbsp;<\/p>\n<p><strong><em>Inscripci\u00f3n, presentaci\u00f3n de res\u00famenes y pago haga clic:\u00a0<\/em><\/strong>\u00a0<a href=\"https:\/\/www.even3.com.br\/paminsa\">https:\/\/www.even3.com.br\/paminsa<\/a><\/p>","protected":false},"excerpt":{"rendered":"<p>PRESENTACI\u00d3N DE RES\u00daMENES Fecha de entrega para presentaci\u00f3n de res\u00famenes: 25 de mayo de 2019 En esta edici\u00f3n, la inscripci\u00f3n y el pago para la participaci\u00f3n en el PAMinSA VIII se realizar\u00e1 a trav\u00e9s de la plataforma Even3, cuyo link est\u00e1 disponible abajo. Los res\u00famenes deben presentarse en ingl\u00e9s o espa\u00f1ol, con un m\u00e1ximo de 500 palabras. Reglas para la presentaci\u00f3n de res\u00famenes: El resumen debe ser presentado por el primer autor que deber\u00e1 estar inscrito previamente a la sumisi\u00f3n. Si tienen la intenci\u00f3n de asistir al PAMinSA VIII los dem\u00e1s autores deber\u00e1n informar en su inscripci\u00f3n que son co-autores en resumen ya sometido. Se aceptar\u00e1n s\u00f3lo dos trabajos en Simposio o Mesa de Ponencias por autor, ya sea como primer autor o en coautor\u00eda con otros. No habr\u00e1 restricciones al n\u00famero de trabajos por autor en las sesiones de posters. Los res\u00famenes\u00a0 deber\u00e1n ser presentados en ingl\u00e9s o espa\u00f1ol, con un m\u00e1ximo de 500 palabras.\u00a0 Para los simposios, el coordinador tambi\u00e9n debe presentar un resumen general con un m\u00e1ximo de 500 palabras. Se debe utilizar el template (plantilla electr\u00f3nica) disponible AQU\u00cd. La plantilla ya est\u00e1 en el formato correcto (espacio simple, fuente Times New Roman 12 pt). Los res\u00famenes [&#8230;]<\/p>\n","protected":false},"author":823,"featured_media":0,"parent":0,"menu_order":0,"comment_status":"closed","ping_status":"closed","template":"page-full.php","meta":{"footnotes":"","_links_to":"","_links_to_target":""},"class_list":["post-1056","page","type-page","status-publish","hentry"],"_links":{"self":[{"href":"https:\/\/sites.usp.br\/paminsa\/wp-json\/wp\/v2\/pages\/1056","targetHints":{"allow":["GET"]}}],"collection":[{"href":"https:\/\/sites.usp.br\/paminsa\/wp-json\/wp\/v2\/pages"}],"about":[{"href":"https:\/\/sites.usp.br\/paminsa\/wp-json\/wp\/v2\/types\/page"}],"author":[{"embeddable":true,"href":"https:\/\/sites.usp.br\/paminsa\/wp-json\/wp\/v2\/users\/823"}],"replies":[{"embeddable":true,"href":"https:\/\/sites.usp.br\/paminsa\/wp-json\/wp\/v2\/comments?post=1056"}],"version-history":[{"count":4,"href":"https:\/\/sites.usp.br\/paminsa\/wp-json\/wp\/v2\/pages\/1056\/revisions"}],"predecessor-version":[{"id":1325,"href":"https:\/\/sites.usp.br\/paminsa\/wp-json\/wp\/v2\/pages\/1056\/revisions\/1325"}],"wp:attachment":[{"href":"https:\/\/sites.usp.br\/paminsa\/wp-json\/wp\/v2\/media?parent=1056"}],"curies":[{"name":"wp","href":"https:\/\/api.w.org\/{rel}","templated":true}]}}