{"id":1111,"date":"2019-02-01T19:39:56","date_gmt":"2019-02-01T21:39:56","guid":{"rendered":"http:\/\/sites.usp.br\/paminsa\/?page_id=1111"},"modified":"2019-08-13T19:12:22","modified_gmt":"2019-08-13T22:12:22","slug":"portugues-brasil-programacao","status":"publish","type":"page","link":"https:\/\/sites.usp.br\/paminsa\/portugues-brasil-programacao\/","title":{"rendered":"PROGRAMACI\u00d3N"},"content":{"rendered":"<p>\u00a1La programaci\u00f3n de PAMinSA VIII ya est\u00e1 disponible!<\/p>\n<p>Acceda a la programaci\u00f3n completa <a href=\"https:\/\/sites.usp.br\/paminsa\/wp-content\/uploads\/sites\/454\/dlm_uploads\/2019\/08\/Scientific-program-and-Pratical-Guide.pdf\">AQU\u00cd<\/a><\/p>\n<p>Acceda a la programaci\u00f3n de <em>Webinar on Ancient Rare Diseases<\/em> <a href=\"https:\/\/sites.usp.br\/paminsa\/wp-content\/uploads\/sites\/454\/2019\/08\/StraightforWARD_PAMINSA.pdf\">AQU\u00cd<\/a><\/p>\n<p>Verifique a continuaci\u00f3n la programaci\u00f3n condensada.<\/p>\n<p>&nbsp;<\/p>\n<p><a href=\"https:\/\/sites.usp.br\/paminsa\/wp-content\/uploads\/sites\/454\/2019\/07\/PROGRAMA-CONDENSADO.jpg\"><img loading=\"lazy\" decoding=\"async\" class=\"aligncenter size-full wp-image-1352\" src=\"https:\/\/sites.usp.br\/paminsa\/wp-content\/uploads\/sites\/454\/2019\/07\/PROGRAMA-CONDENSADO.jpg\" alt=\"\" width=\"1793\" height=\"748\" data-id=\"1352\" srcset=\"https:\/\/sites.usp.br\/paminsa\/wp-content\/uploads\/sites\/454\/2019\/07\/PROGRAMA-CONDENSADO.jpg 1793w, https:\/\/sites.usp.br\/paminsa\/wp-content\/uploads\/sites\/454\/2019\/07\/PROGRAMA-CONDENSADO-300x125.jpg 300w, https:\/\/sites.usp.br\/paminsa\/wp-content\/uploads\/sites\/454\/2019\/07\/PROGRAMA-CONDENSADO-768x320.jpg 768w, https:\/\/sites.usp.br\/paminsa\/wp-content\/uploads\/sites\/454\/2019\/07\/PROGRAMA-CONDENSADO-1024x427.jpg 1024w, https:\/\/sites.usp.br\/paminsa\/wp-content\/uploads\/sites\/454\/2019\/07\/PROGRAMA-CONDENSADO-400x167.jpg 400w\" sizes=\"auto, (max-width: 1793px) 100vw, 1793px\" \/><\/a><\/p>\n<p>&nbsp;<\/p>","protected":false},"excerpt":{"rendered":"<p>\u00a1La programaci\u00f3n de PAMinSA VIII ya est\u00e1 disponible! Acceda a la programaci\u00f3n completa AQU\u00cd Acceda a la programaci\u00f3n de Webinar on Ancient Rare Diseases AQU\u00cd Verifique a continuaci\u00f3n la programaci\u00f3n condensada. &nbsp; &nbsp;<\/p>\n","protected":false},"author":823,"featured_media":0,"parent":0,"menu_order":0,"comment_status":"closed","ping_status":"closed","template":"page-full.php","meta":{"footnotes":"","_links_to":"","_links_to_target":""},"class_list":["post-1111","page","type-page","status-publish","hentry"],"_links":{"self":[{"href":"https:\/\/sites.usp.br\/paminsa\/wp-json\/wp\/v2\/pages\/1111","targetHints":{"allow":["GET"]}}],"collection":[{"href":"https:\/\/sites.usp.br\/paminsa\/wp-json\/wp\/v2\/pages"}],"about":[{"href":"https:\/\/sites.usp.br\/paminsa\/wp-json\/wp\/v2\/types\/page"}],"author":[{"embeddable":true,"href":"https:\/\/sites.usp.br\/paminsa\/wp-json\/wp\/v2\/users\/823"}],"replies":[{"embeddable":true,"href":"https:\/\/sites.usp.br\/paminsa\/wp-json\/wp\/v2\/comments?post=1111"}],"version-history":[{"count":4,"href":"https:\/\/sites.usp.br\/paminsa\/wp-json\/wp\/v2\/pages\/1111\/revisions"}],"predecessor-version":[{"id":1374,"href":"https:\/\/sites.usp.br\/paminsa\/wp-json\/wp\/v2\/pages\/1111\/revisions\/1374"}],"wp:attachment":[{"href":"https:\/\/sites.usp.br\/paminsa\/wp-json\/wp\/v2\/media?parent=1111"}],"curies":[{"name":"wp","href":"https:\/\/api.w.org\/{rel}","templated":true}]}}