{"id":1230,"date":"2019-04-19T23:28:50","date_gmt":"2019-04-20T02:28:50","guid":{"rendered":"http:\/\/sites.usp.br\/paminsa\/?page_id=1230"},"modified":"2019-04-27T22:23:45","modified_gmt":"2019-04-28T01:23:45","slug":"informaciones-importantes","status":"publish","type":"page","link":"https:\/\/sites.usp.br\/paminsa\/informaciones-importantes\/","title":{"rendered":"INFORMACIONES IMPORTANTES"},"content":{"rendered":"<p>El Comit\u00e9 Organizador del PAMinSA VIII cre\u00f3 un Gu\u00eda Pr\u00e1ctico con informaciones sobre transporte (como llegar en S\u00e3o Paulo desde los aeropuertos y terminales de autobuses y como llegar a la Universidad de S\u00e3o Paulo), n\u00fameros de tel\u00e9fonos \u00fatiles y mapa de la Universidad de S\u00e3o Paulo.<\/p>\n<p><a href=\"https:\/\/sites.usp.br\/paminsa\/wp-content\/uploads\/sites\/454\/2019\/04\/Gu\u00eda-Pr\u00e1ctico.pdf\">Gu\u00eda Pr\u00e1ctico<\/a><\/p>\n<p><a href=\"https:\/\/sites.usp.br\/paminsa\/wp-content\/uploads\/sites\/454\/2019\/04\/Mapa-del-metro-de-S\u00e3o-Paulo.pdf\">Mapa del metro de S\u00e3o Paulo<\/a><\/p>\n<p><a href=\"https:\/\/sites.usp.br\/paminsa\/wp-content\/uploads\/sites\/454\/2019\/04\/Map-of-USP.pdf\">Map of USP<\/a><\/p>\n<p>Atenci\u00f3n para la necesidade de visado para entrar en Brasil. Consulten el sitio de la Embajada de Brasil de su pa\u00eds para obtener informaciones sobre el visado de entrada y los documentos necesarios.\u00a0Usted puede comprobar <a href=\"http:\/\/www.portalconsular.itamaraty.gov.br\/images\/qgrv\/QGRV-simples-ing-Dec21.pdf\">aqu\u00ed<\/a> si su pa\u00eds necesita visado para entrar en Brasil.<\/p>\n<p>Nacionales de pa\u00edses integrantes del <strong>Mercosur<\/strong> s\u00f3lo necesitan del pasaporte o del documento de identidad oficial de su pa\u00eds.<\/p>\n<p>Recomendamos fuertemente que todos los participantes de PAMinSA VIII se vacunen contra la fiebre amarilla al menos 10 d\u00edas antes de viajar.<\/p>\n<p>Para m\u00e1s informaci\u00f3n sobre visados y vacunas visite\u00a0\u00a0<a href=\"http:\/\/www.visitbrasil.com\/es\/informacoes-essenciais\/\"><em>Oficina de Turismo de Brasil\u00a0<\/em><\/a><\/p>\n<p>&nbsp;<\/p>\n<p><strong>Para los estudiantes<\/strong>:\u00a0Estamos viabilizando comidas (almuerzo y cena) en el comedor de la USP. El valor es de R$ 15,00 (aproximadamente $4.00) por comida. Para quien tenga inter\u00e9s, rellene el formulario <a href=\"https:\/\/forms.gle\/ZbTnGoCvkSEpejsw7\">aqu\u00ed<\/a>.<\/p>","protected":false},"excerpt":{"rendered":"<p>El Comit\u00e9 Organizador del PAMinSA VIII cre\u00f3 un Gu\u00eda Pr\u00e1ctico con informaciones sobre transporte (como llegar en S\u00e3o Paulo desde los aeropuertos y terminales de autobuses y como llegar a la Universidad de S\u00e3o Paulo), n\u00fameros de tel\u00e9fonos \u00fatiles y mapa de la Universidad de S\u00e3o Paulo. Gu\u00eda Pr\u00e1ctico Mapa del metro de S\u00e3o Paulo Map of USP Atenci\u00f3n para la necesidade de visado para entrar en Brasil. Consulten el sitio de la Embajada de Brasil de su pa\u00eds para obtener informaciones sobre el visado de entrada y los documentos necesarios.\u00a0Usted puede comprobar aqu\u00ed si su pa\u00eds necesita visado para entrar en Brasil. Nacionales de pa\u00edses integrantes del Mercosur s\u00f3lo necesitan del pasaporte o del documento de identidad oficial de su pa\u00eds. Recomendamos fuertemente que todos los participantes de PAMinSA VIII se vacunen contra la fiebre amarilla al menos 10 d\u00edas antes de viajar. Para m\u00e1s informaci\u00f3n sobre visados y vacunas visite\u00a0\u00a0Oficina de Turismo de Brasil\u00a0 &nbsp; Para los estudiantes:\u00a0Estamos viabilizando comidas (almuerzo y cena) en el comedor de la USP. El valor es de R$ 15,00 (aproximadamente $4.00) por comida. Para quien tenga inter\u00e9s, rellene el formulario aqu\u00ed.<\/p>\n","protected":false},"author":823,"featured_media":0,"parent":0,"menu_order":0,"comment_status":"closed","ping_status":"closed","template":"","meta":{"footnotes":"","_links_to":"","_links_to_target":""},"class_list":["post-1230","page","type-page","status-publish","hentry"],"_links":{"self":[{"href":"https:\/\/sites.usp.br\/paminsa\/wp-json\/wp\/v2\/pages\/1230","targetHints":{"allow":["GET"]}}],"collection":[{"href":"https:\/\/sites.usp.br\/paminsa\/wp-json\/wp\/v2\/pages"}],"about":[{"href":"https:\/\/sites.usp.br\/paminsa\/wp-json\/wp\/v2\/types\/page"}],"author":[{"embeddable":true,"href":"https:\/\/sites.usp.br\/paminsa\/wp-json\/wp\/v2\/users\/823"}],"replies":[{"embeddable":true,"href":"https:\/\/sites.usp.br\/paminsa\/wp-json\/wp\/v2\/comments?post=1230"}],"version-history":[{"count":4,"href":"https:\/\/sites.usp.br\/paminsa\/wp-json\/wp\/v2\/pages\/1230\/revisions"}],"predecessor-version":[{"id":1271,"href":"https:\/\/sites.usp.br\/paminsa\/wp-json\/wp\/v2\/pages\/1230\/revisions\/1271"}],"wp:attachment":[{"href":"https:\/\/sites.usp.br\/paminsa\/wp-json\/wp\/v2\/media?parent=1230"}],"curies":[{"name":"wp","href":"https:\/\/api.w.org\/{rel}","templated":true}]}}