{"id":854,"date":"2018-12-17T19:47:23","date_gmt":"2018-12-17T21:47:23","guid":{"rendered":"http:\/\/sites.usp.br\/paminsa\/?page_id=854"},"modified":"2019-02-07T12:54:09","modified_gmt":"2019-02-07T14:54:09","slug":"comite-organizador","status":"publish","type":"page","link":"https:\/\/sites.usp.br\/paminsa\/comite-organizador\/","title":{"rendered":"COMIT\u00c9 ORGANIZADOR"},"content":{"rendered":"<p><\/p>\n<h3 style=\"text-align: center;\"><strong><a href=\"http:\/\/sites.usp.br\/paminsa\/wp-content\/uploads\/sites\/454\/2018\/12\/Foto-Veronica-1.jpg\"><img loading=\"lazy\" decoding=\"async\" class=\"aligncenter size-medium wp-image-1185\" src=\"http:\/\/sites.usp.br\/paminsa\/wp-content\/uploads\/sites\/454\/2018\/12\/Foto-Veronica-1-300x234.jpg\" alt=\"\" width=\"300\" height=\"234\" data-id=\"1185\" srcset=\"https:\/\/sites.usp.br\/paminsa\/wp-content\/uploads\/sites\/454\/2018\/12\/Foto-Veronica-1-300x234.jpg 300w, https:\/\/sites.usp.br\/paminsa\/wp-content\/uploads\/sites\/454\/2018\/12\/Foto-Veronica-1.jpg 368w\" sizes=\"auto, (max-width: 300px) 100vw, 300px\" \/><\/a><br \/>\n<\/strong><\/h3>\n<h3 style=\"text-align: center;\"><strong><span style=\"color: #993300;\">Veronica Wesolowski<\/span><\/strong><\/h3>\n<p style=\"text-align: center;\">\u200bLicenciada\u00a0en Arqueolog\u00eda por la Universidad Est\u00e1cio de S\u00e1\u00a0(1992), Maestra\u00a0en Ciencias Sociales (Antropolog\u00eda Social) por\u00a0la Universidad de Sao Paulo (1999) y Doctora en Ciencias (Salud P\u00fablica) por la Fundaci\u00f3n Oswaldo Cruz (2007). Actualmente es profesora Doctora del Museo de Arqueolog\u00eda y Etnolog\u00eda de la Universidad de S\u00e3o Paulo (MAE\/USP), actuando en las \u00e1reas de Bioarqueolog\u00eda y Arqueolog\u00eda Prehist\u00f3rica brasile\u00f1a, con \u00e9nfasis en Paleopatolog\u00eda, Paleoepidemiolog\u00eda y Arqueolog\u00eda funeraria.<\/p>\n<hr \/>\n<p>&nbsp;<\/p>\n<p style=\"text-align: center;\"><strong><a href=\"http:\/\/sites.usp.br\/paminsa\/wp-content\/uploads\/sites\/454\/2018\/12\/foto-andr\u00e9-strauss.jpg\"><img loading=\"lazy\" decoding=\"async\" class=\"wp-image-870 aligncenter\" src=\"http:\/\/sites.usp.br\/paminsa\/wp-content\/uploads\/sites\/454\/2018\/12\/foto-andr\u00e9-strauss-300x288.jpg\" alt=\"\" width=\"240\" height=\"230\" data-id=\"870\" srcset=\"https:\/\/sites.usp.br\/paminsa\/wp-content\/uploads\/sites\/454\/2018\/12\/foto-andr\u00e9-strauss-300x288.jpg 300w, https:\/\/sites.usp.br\/paminsa\/wp-content\/uploads\/sites\/454\/2018\/12\/foto-andr\u00e9-strauss-400x383.jpg 400w, https:\/\/sites.usp.br\/paminsa\/wp-content\/uploads\/sites\/454\/2018\/12\/foto-andr\u00e9-strauss.jpg 434w\" sizes=\"auto, (max-width: 240px) 100vw, 240px\" \/><\/a><\/strong><\/p>\n<p style=\"text-align: center;\"><strong><span style=\"color: #993300;\">Andr\u00e9 Strauss<\/span><\/strong><\/p>\n<p style=\"text-align: center;\"><strong>\u200b<\/strong>Licenciado en\u00a0Ciencias Sociales\u00a0por la PUC-SP (2006) y en\u00a0Geologia por la Universidad de S\u00e3o Paulo\u00a0(2008), Maestre en\u00a0Ciencias por el Instituto de Biociencias de la Universidad de S\u00e3o Paulo (IB\/USP) (2010), Doctor\u00a0en\u00a0Ciencias Arqueol\u00f3gicas en <em>Eberhard Karls Universit\u00e4t T\u00fcbingen<\/em> (2016) y Post-Doctor en el Centro de Estudios Avanzados <em>Tracking linguistic, cultural, and biological trajectories of the human past <\/em>del <em>Deutsche Forschungsgemeinschaft<\/em> (DFG) en Alemania (2017). Actualmente es profesor del Museo de Arqueolog\u00eda y Etnolog\u00eda de la Universidad de S\u00e3o Paulo (MAE\/USP) e investigador asociado del Laboratorio de Arqueolog\u00eda y Antropolog\u00eda Ambiental y Evolutiva (LAAAE) del IB\/USP.<\/p>\n<hr \/>\n<h3 style=\"text-align: center;\"><a href=\"http:\/\/sites.usp.br\/paminsa\/wp-content\/uploads\/sites\/454\/2018\/12\/foto-Rodrigo-2.jpg\"><img loading=\"lazy\" decoding=\"async\" class=\"aligncenter size-medium wp-image-1215\" src=\"http:\/\/sites.usp.br\/paminsa\/wp-content\/uploads\/sites\/454\/2018\/12\/foto-Rodrigo-2-225x300.jpg\" alt=\"\" width=\"225\" height=\"300\" data-id=\"1215\" srcset=\"https:\/\/sites.usp.br\/paminsa\/wp-content\/uploads\/sites\/454\/2018\/12\/foto-Rodrigo-2-225x300.jpg 225w, https:\/\/sites.usp.br\/paminsa\/wp-content\/uploads\/sites\/454\/2018\/12\/foto-Rodrigo-2-768x1024.jpg 768w, https:\/\/sites.usp.br\/paminsa\/wp-content\/uploads\/sites\/454\/2018\/12\/foto-Rodrigo-2-400x533.jpg 400w\" sizes=\"auto, (max-width: 225px) 100vw, 225px\" \/><\/a><\/h3>\n<h3 style=\"text-align: center;\"><strong><span style=\"color: #993300;\">Rodrigo Elias Oliveira<\/span><\/strong><\/h3>\n<p style=\"text-align: center;\">Licenciado (1998) y Maestre (2008) por la Facultad de Odontolog\u00eda de la Universidad de S\u00e3o PauloUSP (FOUSP), Doctor (2013) por el Instituto de Biociencias de la USP (IB-USP) y Post-Doctor (2017) por la FOUSP. Desde 2006 trabaja y coordina la curadur\u00eda de los remanentes humanos de Lapa do Santo y Buritizeiro, importantes sitios arqueol\u00f3gicos de Minas Gerais del Holoceno Inicial y Medio, albergados en el Laboratorio de Arqueolog\u00eda y Antropolog\u00eda Ambiental y Evolutiva (LAAAE-USP). Principales \u00e1reas de estudio: Patolog\u00edas \u00d3seas y Dentales y Microvestigios\u00a0Arqueol\u00f3gicos.<\/p>\n<p>&nbsp;<\/p>\n<p>&nbsp;<\/p>\n<p>&nbsp;<\/p>","protected":false},"excerpt":{"rendered":"<p>Veronica Wesolowski \u200bLicenciada\u00a0en Arqueolog\u00eda por la Universidad Est\u00e1cio de S\u00e1\u00a0(1992), Maestra\u00a0en Ciencias Sociales (Antropolog\u00eda Social) por\u00a0la Universidad de Sao Paulo (1999) y Doctora en Ciencias (Salud P\u00fablica) por la Fundaci\u00f3n Oswaldo Cruz (2007). Actualmente es profesora Doctora del Museo de Arqueolog\u00eda y Etnolog\u00eda de la Universidad de S\u00e3o Paulo (MAE\/USP), actuando en las \u00e1reas de Bioarqueolog\u00eda y Arqueolog\u00eda Prehist\u00f3rica brasile\u00f1a, con \u00e9nfasis en Paleopatolog\u00eda, Paleoepidemiolog\u00eda y Arqueolog\u00eda funeraria. &nbsp; Andr\u00e9 Strauss \u200bLicenciado en\u00a0Ciencias Sociales\u00a0por la PUC-SP (2006) y en\u00a0Geologia por la Universidad de S\u00e3o Paulo\u00a0(2008), Maestre en\u00a0Ciencias por el Instituto de Biociencias de la Universidad de S\u00e3o Paulo (IB\/USP) (2010), Doctor\u00a0en\u00a0Ciencias Arqueol\u00f3gicas en Eberhard Karls Universit\u00e4t T\u00fcbingen (2016) y Post-Doctor en el Centro de Estudios Avanzados Tracking linguistic, cultural, and biological trajectories of the human past del Deutsche Forschungsgemeinschaft (DFG) en Alemania (2017). Actualmente es profesor del Museo de Arqueolog\u00eda y Etnolog\u00eda de la Universidad de S\u00e3o Paulo (MAE\/USP) e investigador asociado del Laboratorio de Arqueolog\u00eda y Antropolog\u00eda Ambiental y Evolutiva (LAAAE) del IB\/USP. Rodrigo Elias Oliveira Licenciado (1998) y Maestre (2008) por la Facultad de Odontolog\u00eda de la Universidad de S\u00e3o PauloUSP (FOUSP), Doctor (2013) por el Instituto de Biociencias de la USP (IB-USP) y Post-Doctor (2017) por la [&#8230;]<\/p>\n","protected":false},"author":823,"featured_media":790,"parent":0,"menu_order":0,"comment_status":"closed","ping_status":"closed","template":"page-full.php","meta":{"footnotes":"","_links_to":"","_links_to_target":""},"class_list":["post-854","page","type-page","status-publish","has-post-thumbnail","hentry"],"_links":{"self":[{"href":"https:\/\/sites.usp.br\/paminsa\/wp-json\/wp\/v2\/pages\/854","targetHints":{"allow":["GET"]}}],"collection":[{"href":"https:\/\/sites.usp.br\/paminsa\/wp-json\/wp\/v2\/pages"}],"about":[{"href":"https:\/\/sites.usp.br\/paminsa\/wp-json\/wp\/v2\/types\/page"}],"author":[{"embeddable":true,"href":"https:\/\/sites.usp.br\/paminsa\/wp-json\/wp\/v2\/users\/823"}],"replies":[{"embeddable":true,"href":"https:\/\/sites.usp.br\/paminsa\/wp-json\/wp\/v2\/comments?post=854"}],"version-history":[{"count":5,"href":"https:\/\/sites.usp.br\/paminsa\/wp-json\/wp\/v2\/pages\/854\/revisions"}],"predecessor-version":[{"id":1218,"href":"https:\/\/sites.usp.br\/paminsa\/wp-json\/wp\/v2\/pages\/854\/revisions\/1218"}],"wp:featuredmedia":[{"embeddable":true,"href":"https:\/\/sites.usp.br\/paminsa\/wp-json\/wp\/v2\/media\/790"}],"wp:attachment":[{"href":"https:\/\/sites.usp.br\/paminsa\/wp-json\/wp\/v2\/media?parent=854"}],"curies":[{"name":"wp","href":"https:\/\/api.w.org\/{rel}","templated":true}]}}