{"id":876,"date":"2018-12-23T15:08:22","date_gmt":"2018-12-23T17:08:22","guid":{"rendered":"http:\/\/sites.usp.br\/paminsa\/?page_id=876"},"modified":"2019-04-19T16:49:45","modified_gmt":"2019-04-19T19:49:45","slug":"informacoes-gerais","status":"publish","type":"page","link":"https:\/\/sites.usp.br\/paminsa\/informacoes-gerais\/","title":{"rendered":"S\u00c3O PAULO"},"content":{"rendered":"<p><a href=\"http:\/\/sites.usp.br\/paminsa\/wp-content\/uploads\/sites\/454\/2018\/12\/Sao-paulo-1.jpg\"><img loading=\"lazy\" decoding=\"async\" class=\"wp-image-879 aligncenter\" src=\"http:\/\/sites.usp.br\/paminsa\/wp-content\/uploads\/sites\/454\/2018\/12\/Sao-paulo-1-300x200.jpg\" alt=\"\" width=\"402\" height=\"268\" data-id=\"879\" srcset=\"https:\/\/sites.usp.br\/paminsa\/wp-content\/uploads\/sites\/454\/2018\/12\/Sao-paulo-1-300x200.jpg 300w, https:\/\/sites.usp.br\/paminsa\/wp-content\/uploads\/sites\/454\/2018\/12\/Sao-paulo-1-400x267.jpg 400w, https:\/\/sites.usp.br\/paminsa\/wp-content\/uploads\/sites\/454\/2018\/12\/Sao-paulo-1.jpg 524w\" sizes=\"auto, (max-width: 402px) 100vw, 402px\" \/><\/a><\/p>\n<p style=\"text-align: center;\">S\u00e3o Paulo es la ciudad m\u00e1s poblada de Brasil y est\u00e1 en el ranking de las 20 ciudades m\u00e1s populosas del mundo, con sus m\u00e1s de 12 millones de habitantes distribuidos en 1.521 km2. Marcada por la mezcla de diferentes pueblos, actualmente son m\u00e1s de 70 pa\u00edses que hist\u00f3ricamente dejaron su marca en la arquitectura, culinaria, religi\u00f3n, tradiciones y que forman la identidad del pueblo paulistano.<\/p>\n<p style=\"text-align: center;\">En S\u00e3o Paulo hay muchos lugares interesantes para conocer, restaurantes para probar diferentes gastronom\u00edas, museos, centros culturales y centros comerciales para diversos tipos de compras. Incluso en medio de tantos edificios, son muchos parques y \u00e1reas verdes de Mata Atl\u00e1ntica.<\/p>\n<p><a href=\"https:\/\/sites.usp.br\/paminsa\/wp-content\/uploads\/sites\/454\/2019\/04\/100-must-go-destinations-of-the-State-of-S\u00e3o-Paulo.pdf\">100 must-go destinations of the State of S\u00e3o Paulo<\/a><\/p>\n<p>&nbsp;<\/p>\n<p><a href=\"http:\/\/sites.usp.br\/paminsa\/wp-content\/uploads\/sites\/454\/2018\/12\/Sao-paulo-2.jpg\"><img loading=\"lazy\" decoding=\"async\" class=\"wp-image-882 aligncenter\" src=\"http:\/\/sites.usp.br\/paminsa\/wp-content\/uploads\/sites\/454\/2018\/12\/Sao-paulo-2-300x168.jpg\" alt=\"\" width=\"429\" height=\"240\" data-id=\"882\" srcset=\"https:\/\/sites.usp.br\/paminsa\/wp-content\/uploads\/sites\/454\/2018\/12\/Sao-paulo-2-300x168.jpg 300w, https:\/\/sites.usp.br\/paminsa\/wp-content\/uploads\/sites\/454\/2018\/12\/Sao-paulo-2-310x174.jpg 310w, https:\/\/sites.usp.br\/paminsa\/wp-content\/uploads\/sites\/454\/2018\/12\/Sao-paulo-2-400x225.jpg 400w, https:\/\/sites.usp.br\/paminsa\/wp-content\/uploads\/sites\/454\/2018\/12\/Sao-paulo-2.jpg 620w\" sizes=\"auto, (max-width: 429px) 100vw, 429px\" \/><\/a><\/p>\n<p style=\"text-align: center;\">A pesar de estar cerca del litoral, la ciudad de S\u00e3o Paulo est\u00e1 ubicada a 760 metros de altitud, lo que le confiere estaciones del a\u00f1o relativamente bien definidas: el invierno es ameno y seco, el verano es c\u00e1lido y lluvioso y el oto\u00f1o y la primavera son estaciones de transici\u00f3n.<\/p>\n<p style=\"text-align: center;\">El PAMinSA VIII ocurrir\u00e1 en agosto, en el per\u00edodo de invierno, siendo prudente estar preparado para temperaturas m\u00e1s bajas, con m\u00e1ximas que pueden no sobrepasar 20 \u00b0 C durante el d\u00eda y m\u00ednimas por debajo de 10 \u00b0 C por la noche. Sin embargo, el clima viene sufriendo algunos cambios como consecuencia del efecto estufa, por lo que vale la pena ver la previsi\u00f3n del tiempo para S\u00e3o Paulo unos d\u00edas antes de viajar.<\/p>\n<p><a href=\"http:\/\/sites.usp.br\/paminsa\/wp-content\/uploads\/sites\/454\/2018\/12\/Sao-paulo-4.jpg\"><img loading=\"lazy\" decoding=\"async\" class=\"wp-image-880 aligncenter\" src=\"http:\/\/sites.usp.br\/paminsa\/wp-content\/uploads\/sites\/454\/2018\/12\/Sao-paulo-4-300x239.jpg\" alt=\"\" width=\"400\" height=\"319\" data-id=\"880\" srcset=\"https:\/\/sites.usp.br\/paminsa\/wp-content\/uploads\/sites\/454\/2018\/12\/Sao-paulo-4-300x239.jpg 300w, https:\/\/sites.usp.br\/paminsa\/wp-content\/uploads\/sites\/454\/2018\/12\/Sao-paulo-4-400x319.jpg 400w, https:\/\/sites.usp.br\/paminsa\/wp-content\/uploads\/sites\/454\/2018\/12\/Sao-paulo-4.jpg 415w\" sizes=\"auto, (max-width: 400px) 100vw, 400px\" \/><\/a><\/p>\n<p style=\"text-align: center;\">En esa \u00e9poca, hasta finales de agosto, es el per\u00edodo de la florada de los Ip\u00e9s, \u00e1rbol s\u00edmbolo de la ciudad de S\u00e3o Paulo. \u00a1Encantese\u00a0con los m\u00e1s diversos colores!\u200b<\/p>\n<p style=\"text-align: center;\">\n<p><\/p>","protected":false},"excerpt":{"rendered":"<p>S\u00e3o Paulo es la ciudad m\u00e1s poblada de Brasil y est\u00e1 en el ranking de las 20 ciudades m\u00e1s populosas del mundo, con sus m\u00e1s de 12 millones de habitantes distribuidos en 1.521 km2. Marcada por la mezcla de diferentes pueblos, actualmente son m\u00e1s de 70 pa\u00edses que hist\u00f3ricamente dejaron su marca en la arquitectura, culinaria, religi\u00f3n, tradiciones y que forman la identidad del pueblo paulistano. En S\u00e3o Paulo hay muchos lugares interesantes para conocer, restaurantes para probar diferentes gastronom\u00edas, museos, centros culturales y centros comerciales para diversos tipos de compras. Incluso en medio de tantos edificios, son muchos parques y \u00e1reas verdes de Mata Atl\u00e1ntica. 100 must-go destinations of the State of S\u00e3o Paulo &nbsp; A pesar de estar cerca del litoral, la ciudad de S\u00e3o Paulo est\u00e1 ubicada a 760 metros de altitud, lo que le confiere estaciones del a\u00f1o relativamente bien definidas: el invierno es ameno y seco, el verano es c\u00e1lido y lluvioso y el oto\u00f1o y la primavera son estaciones de transici\u00f3n. El PAMinSA VIII ocurrir\u00e1 en agosto, en el per\u00edodo de invierno, siendo prudente estar preparado para temperaturas m\u00e1s bajas, con m\u00e1ximas que pueden no sobrepasar 20 \u00b0 C durante el d\u00eda y m\u00ednimas [&#8230;]<\/p>\n","protected":false},"author":823,"featured_media":0,"parent":0,"menu_order":0,"comment_status":"closed","ping_status":"closed","template":"page-full.php","meta":{"footnotes":"","_links_to":"","_links_to_target":""},"class_list":["post-876","page","type-page","status-publish","hentry"],"_links":{"self":[{"href":"https:\/\/sites.usp.br\/paminsa\/wp-json\/wp\/v2\/pages\/876","targetHints":{"allow":["GET"]}}],"collection":[{"href":"https:\/\/sites.usp.br\/paminsa\/wp-json\/wp\/v2\/pages"}],"about":[{"href":"https:\/\/sites.usp.br\/paminsa\/wp-json\/wp\/v2\/types\/page"}],"author":[{"embeddable":true,"href":"https:\/\/sites.usp.br\/paminsa\/wp-json\/wp\/v2\/users\/823"}],"replies":[{"embeddable":true,"href":"https:\/\/sites.usp.br\/paminsa\/wp-json\/wp\/v2\/comments?post=876"}],"version-history":[{"count":5,"href":"https:\/\/sites.usp.br\/paminsa\/wp-json\/wp\/v2\/pages\/876\/revisions"}],"predecessor-version":[{"id":1229,"href":"https:\/\/sites.usp.br\/paminsa\/wp-json\/wp\/v2\/pages\/876\/revisions\/1229"}],"wp:attachment":[{"href":"https:\/\/sites.usp.br\/paminsa\/wp-json\/wp\/v2\/media?parent=876"}],"curies":[{"name":"wp","href":"https:\/\/api.w.org\/{rel}","templated":true}]}}