{"id":884,"date":"2018-12-23T15:58:10","date_gmt":"2018-12-23T17:58:10","guid":{"rendered":"http:\/\/sites.usp.br\/paminsa\/?page_id=884"},"modified":"2019-04-25T12:57:08","modified_gmt":"2019-04-25T15:57:08","slug":"hospedagem","status":"publish","type":"page","link":"https:\/\/sites.usp.br\/paminsa\/hospedagem\/","title":{"rendered":"HOSPEDAGE"},"content":{"rendered":"<p>S\u00e3o Paulo ofrece diversos tipos de hospedage, para todos los tipos de gustos y bolsillos, incluyendo hoteles, hostels (albergues) con habitaciones compartidas, alquiler de habitaciones y apartamentos en el AirBnb y habitaciones en pensiones.<\/p>\n<h3>HOTELES<\/h3>\n<p>Durante el PAMINSA VIII, se recomienda:<\/p>\n<ul>\n<li><strong><em>Golden Tower<\/em><\/strong><\/li>\n<\/ul>\n<p>Rua Dep. Lacerda Franco, 148 &#8211; Pinheiros<\/p>\n<p><a href=\"https:\/\/www.goldentowerhotel.com.br\/en\/\">https:\/\/www.goldentowerhotel.com.br\/en\/<\/a><\/p>\n<ul>\n<li><em><strong>\u200bIbis Style<\/strong><\/em><\/li>\n<\/ul>\n<p>Rua Tavares Cabral, 61 &#8211;\u00a0Pinheiros<\/p>\n<p><a href=\"https:\/\/www.accorhotels.com\/gb\/hotel-A1B6-ibis-styles-sp-faria-lima\/index.shtml\">https:\/\/www.accorhotels.com\/gb\/hotel-A1B6-ibis-styles-sp-faria-lima\/index.shtml<\/a><\/p>\n<p>&nbsp;<\/p>\n<p>Tambi\u00e9n sugerimos:<\/p>\n<ul>\n<li><strong><em>L&#8217;Opera<\/em><\/strong><\/li>\n<\/ul>\n<p>Av. Pedroso De Moraes, 323 &#8211; Pinheiros<\/p>\n<p><a href=\"http:\/\/lopera-hotel.hotelsaopaulo.org\/en\/\">http:\/\/lopera-hotel.hotelsaopaulo.org\/en\/<\/a><\/p>\n<ul>\n<li><strong><em>Quality Suites<\/em><\/strong><\/li>\n<\/ul>\n<p>Rua da Consolacao, 3555<\/p>\n<p><a href=\"https:\/\/quality-suites-sao-paulo-oscar-freire.hotel-rn.com\/\">https:\/\/quality-suites-sao-paulo-oscar-freire.hotel-rn.com\/<\/a><\/p>\n<ul>\n<li><strong><em>Ibis Budget<\/em><\/strong><\/li>\n<\/ul>\n<p>Rua da Consola\u00e7\u00e3o, 2303<\/p>\n<p><a href=\"https:\/\/www.accorhotels.com\/gb\/hotel-5323-ibis-budget-sao-paulo-paulista\/index.shtml\">https:\/\/www.accorhotels.com\/gb\/hotel-5323-ibis-budget-sao-paulo-paulista\/index.shtml<\/a><\/p>\n<p>&nbsp;<\/p>\n<h3>HOSTELS<\/h3>\n<p>S\u00e3o Paulo ofrece varios Hostels (albergues), con habitaciones privadas o compartidas, de los m\u00e1s variados precios. A continuaci\u00f3n, sugerimos algunos.<\/p>\n<ul>\n<li><strong><em>The Pod Hostel<\/em><\/strong><\/li>\n<\/ul>\n<p>Rua Dante Carraro, 94 &#8211; Pinheiros<\/p>\n<p><a href=\"https:\/\/www.thepodsp.com.br\/english\">https:\/\/www.thepodsp.com.br\/english<\/a><\/p>\n<ul>\n<li><strong><em>The Hostel Paulista<\/em><\/strong><\/li>\n<\/ul>\n<p>Rua Pamplona, 795 &#8211; Jardim Paulista<\/p>\n<p><a href=\"https:\/\/thehostel.com.br\/the-hostel-paulista\">https:\/\/thehostel.com.br\/the-hostel-paulista<\/a><\/p>\n<ul>\n<li><strong><em>\u00d4 de Casa Hostel<\/em><\/strong><\/li>\n<\/ul>\n<p>R. In\u00e1cio Pereira da Rocha, 385 &#8211; Vila Madalena<\/p>\n<p><a href=\"http:\/\/odecasahostel.com\/en\/\">http:\/\/odecasahostel.com\/en\/<\/a><\/p>\n<ul>\n<li><strong><em>Sampa Hostel<\/em><\/strong><\/li>\n<\/ul>\n<p>Rua Girassol, 519 &#8211; Vila Madalena<\/p>\n<p><a href=\"http:\/\/sampahostel.com.br\/\">http:\/\/sampahostel.com.br\/<\/a><\/p>\n<ul>\n<li><strong><em>Viva Hostel<\/em><\/strong><\/li>\n<\/ul>\n<p>Rua Girassol, 1262 &#8211; Vila Madalena<\/p>\n<p><a href=\"http:\/\/vivahostel.com.br\/es\/\">http:\/\/vivahostel.com.br\/es\/<\/a><\/p>\n<ul>\n<li><strong><em>Brazilodge Hostel<\/em><\/strong><\/li>\n<\/ul>\n<p>Rua Rio Grande, 167 &#8211; Vila Mariana<\/p>\n<p><a href=\"http:\/\/brazilodge.com.br\/new\/en\/\">http:\/\/brazilodge.com.br\/new\/en\/<\/a><\/p>\n<p>&nbsp;<\/p>\n<h2>OBSERVACIONES IMPORTANTES<\/h2>\n<ul>\n<li>La Universidad de S\u00e3o Paulo est\u00e1 ubicada en el barrio del Butant\u00e3, cerca de la estaci\u00f3n <em>Butant\u00e3<\/em> del metro (l\u00ednea amarilla). Por eso, sugerimos que busquen alojamiento por barrios cercanos (por ejemplo, Pinheiros, Vila Madalena) o cerca de la l\u00ednea amarilla del metro.<\/li>\n<li>Para los estudiantes: estamos viabilizando hospedaje de bajo costo en el alojamiento del Centro de Pr\u00e1cticas Deportivas de la USP (CEPE &#8211; USP). Las habitaciones son compartidas, con camas literas y los valores ser\u00e1n alrededor de $ 15. Para quien tenga inter\u00e9s, rellene el formulario <a href=\"https:\/\/docs.google.com\/forms\/d\/e\/1FAIpQLSdsGPuash9RW8nPBMV-SkHv2tm45QN-SkI0ggRlQ4SWrtRdQw\/viewform\">aqu\u00ed<\/a>.<\/li>\n<\/ul>\n<p>&nbsp;<\/p>","protected":false},"excerpt":{"rendered":"<p>S\u00e3o Paulo ofrece diversos tipos de hospedage, para todos los tipos de gustos y bolsillos, incluyendo hoteles, hostels (albergues) con habitaciones compartidas, alquiler de habitaciones y apartamentos en el AirBnb y habitaciones en pensiones. HOTELES Durante el PAMINSA VIII, se recomienda: Golden Tower Rua Dep. Lacerda Franco, 148 &#8211; Pinheiros https:\/\/www.goldentowerhotel.com.br\/en\/ \u200bIbis Style Rua Tavares Cabral, 61 &#8211;\u00a0Pinheiros https:\/\/www.accorhotels.com\/gb\/hotel-A1B6-ibis-styles-sp-faria-lima\/index.shtml &nbsp; Tambi\u00e9n sugerimos: L&#8217;Opera Av. Pedroso De Moraes, 323 &#8211; Pinheiros http:\/\/lopera-hotel.hotelsaopaulo.org\/en\/ Quality Suites Rua da Consolacao, 3555 https:\/\/quality-suites-sao-paulo-oscar-freire.hotel-rn.com\/ Ibis Budget Rua da Consola\u00e7\u00e3o, 2303 https:\/\/www.accorhotels.com\/gb\/hotel-5323-ibis-budget-sao-paulo-paulista\/index.shtml &nbsp; HOSTELS S\u00e3o Paulo ofrece varios Hostels (albergues), con habitaciones privadas o compartidas, de los m\u00e1s variados precios. A continuaci\u00f3n, sugerimos algunos. The Pod Hostel Rua Dante Carraro, 94 &#8211; Pinheiros https:\/\/www.thepodsp.com.br\/english The Hostel Paulista Rua Pamplona, 795 &#8211; Jardim Paulista https:\/\/thehostel.com.br\/the-hostel-paulista \u00d4 de Casa Hostel R. In\u00e1cio Pereira da Rocha, 385 &#8211; Vila Madalena http:\/\/odecasahostel.com\/en\/ Sampa Hostel Rua Girassol, 519 &#8211; Vila Madalena http:\/\/sampahostel.com.br\/ Viva Hostel Rua Girassol, 1262 &#8211; Vila Madalena http:\/\/vivahostel.com.br\/es\/ Brazilodge Hostel Rua Rio Grande, 167 &#8211; Vila Mariana http:\/\/brazilodge.com.br\/new\/en\/ &nbsp; OBSERVACIONES IMPORTANTES La Universidad de S\u00e3o Paulo est\u00e1 ubicada en el barrio del Butant\u00e3, cerca de la estaci\u00f3n Butant\u00e3 del metro (l\u00ednea amarilla). Por eso, sugerimos que busquen alojamiento por [&#8230;]<\/p>\n","protected":false},"author":823,"featured_media":0,"parent":0,"menu_order":0,"comment_status":"closed","ping_status":"closed","template":"page-full.php","meta":{"footnotes":"","_links_to":"","_links_to_target":""},"class_list":["post-884","page","type-page","status-publish","hentry"],"_links":{"self":[{"href":"https:\/\/sites.usp.br\/paminsa\/wp-json\/wp\/v2\/pages\/884","targetHints":{"allow":["GET"]}}],"collection":[{"href":"https:\/\/sites.usp.br\/paminsa\/wp-json\/wp\/v2\/pages"}],"about":[{"href":"https:\/\/sites.usp.br\/paminsa\/wp-json\/wp\/v2\/types\/page"}],"author":[{"embeddable":true,"href":"https:\/\/sites.usp.br\/paminsa\/wp-json\/wp\/v2\/users\/823"}],"replies":[{"embeddable":true,"href":"https:\/\/sites.usp.br\/paminsa\/wp-json\/wp\/v2\/comments?post=884"}],"version-history":[{"count":4,"href":"https:\/\/sites.usp.br\/paminsa\/wp-json\/wp\/v2\/pages\/884\/revisions"}],"predecessor-version":[{"id":1265,"href":"https:\/\/sites.usp.br\/paminsa\/wp-json\/wp\/v2\/pages\/884\/revisions\/1265"}],"wp:attachment":[{"href":"https:\/\/sites.usp.br\/paminsa\/wp-json\/wp\/v2\/media?parent=884"}],"curies":[{"name":"wp","href":"https:\/\/api.w.org\/{rel}","templated":true}]}}