{"id":970,"date":"2018-12-23T19:41:55","date_gmt":"2018-12-23T21:41:55","guid":{"rendered":"http:\/\/sites.usp.br\/paminsa\/?page_id=970"},"modified":"2019-07-03T21:14:03","modified_gmt":"2019-07-04T00:14:03","slug":"atividades-extras","status":"publish","type":"page","link":"https:\/\/sites.usp.br\/paminsa\/atividades-extras\/","title":{"rendered":"ACTIVIDADES EXTRAS"},"content":{"rendered":"<p>Despu\u00e9s del congreso se est\u00e1 planeando un \u00abviaje bioarqueol\u00f3gico\u00bb, entre los d\u00edas 17 y 20 de agosto:<\/p>\n<p>VISITA AL SITIO ARQUEOL\u00d3GICO \u00abLAPA DO SANTO\u00bb (Lagoa Santa, Minas Gerais): este sitio est\u00e1 situado en una zona c\u00e1rstica de la regi\u00f3n de Lagoa Santa, donde Peter Lund desarroll\u00f3 sus investigaciones y donde fueron excavados esqueletos datados en hasta 10.000 a\u00f1os, adem\u00e1s de lo m\u00e1s antiguo caso de decapitaci\u00f3n humana ya registrado.<\/p>\n<p>Si est\u00e1 interesado, env\u00ede un correo electr\u00f3nico a: contato@turismointeligente.tur.br<\/p>\n<p>Valor aproximado en d\u00f3lares: $415,00<\/p>\n<p>&nbsp;<\/p>\n<p><a href=\"https:\/\/sites.usp.br\/paminsa\/wp-content\/uploads\/sites\/454\/2019\/07\/viagem-Lapa-do-Santo.jpg\"><img loading=\"lazy\" decoding=\"async\" class=\"aligncenter size-full wp-image-1341\" src=\"https:\/\/sites.usp.br\/paminsa\/wp-content\/uploads\/sites\/454\/2019\/07\/viagem-Lapa-do-Santo.jpg\" alt=\"\" width=\"907\" height=\"1282\" data-id=\"1341\" srcset=\"https:\/\/sites.usp.br\/paminsa\/wp-content\/uploads\/sites\/454\/2019\/07\/viagem-Lapa-do-Santo.jpg 907w, https:\/\/sites.usp.br\/paminsa\/wp-content\/uploads\/sites\/454\/2019\/07\/viagem-Lapa-do-Santo-212x300.jpg 212w, https:\/\/sites.usp.br\/paminsa\/wp-content\/uploads\/sites\/454\/2019\/07\/viagem-Lapa-do-Santo-768x1086.jpg 768w, https:\/\/sites.usp.br\/paminsa\/wp-content\/uploads\/sites\/454\/2019\/07\/viagem-Lapa-do-Santo-724x1024.jpg 724w, https:\/\/sites.usp.br\/paminsa\/wp-content\/uploads\/sites\/454\/2019\/07\/viagem-Lapa-do-Santo-400x565.jpg 400w\" sizes=\"auto, (max-width: 907px) 100vw, 907px\" \/><\/a><\/p>","protected":false},"excerpt":{"rendered":"<p>Despu\u00e9s del congreso se est\u00e1 planeando un \u00abviaje bioarqueol\u00f3gico\u00bb, entre los d\u00edas 17 y 20 de agosto: VISITA AL SITIO ARQUEOL\u00d3GICO \u00abLAPA DO SANTO\u00bb (Lagoa Santa, Minas Gerais): este sitio est\u00e1 situado en una zona c\u00e1rstica de la regi\u00f3n de Lagoa Santa, donde Peter Lund desarroll\u00f3 sus investigaciones y donde fueron excavados esqueletos datados en hasta 10.000 a\u00f1os, adem\u00e1s de lo m\u00e1s antiguo caso de decapitaci\u00f3n humana ya registrado. Si est\u00e1 interesado, env\u00ede un correo electr\u00f3nico a: contato@turismointeligente.tur.br Valor aproximado en d\u00f3lares: $415,00 &nbsp;<\/p>\n","protected":false},"author":823,"featured_media":0,"parent":0,"menu_order":0,"comment_status":"closed","ping_status":"closed","template":"","meta":{"footnotes":"","_links_to":"","_links_to_target":""},"class_list":["post-970","page","type-page","status-publish","hentry"],"_links":{"self":[{"href":"https:\/\/sites.usp.br\/paminsa\/wp-json\/wp\/v2\/pages\/970","targetHints":{"allow":["GET"]}}],"collection":[{"href":"https:\/\/sites.usp.br\/paminsa\/wp-json\/wp\/v2\/pages"}],"about":[{"href":"https:\/\/sites.usp.br\/paminsa\/wp-json\/wp\/v2\/types\/page"}],"author":[{"embeddable":true,"href":"https:\/\/sites.usp.br\/paminsa\/wp-json\/wp\/v2\/users\/823"}],"replies":[{"embeddable":true,"href":"https:\/\/sites.usp.br\/paminsa\/wp-json\/wp\/v2\/comments?post=970"}],"version-history":[{"count":4,"href":"https:\/\/sites.usp.br\/paminsa\/wp-json\/wp\/v2\/pages\/970\/revisions"}],"predecessor-version":[{"id":1345,"href":"https:\/\/sites.usp.br\/paminsa\/wp-json\/wp\/v2\/pages\/970\/revisions\/1345"}],"wp:attachment":[{"href":"https:\/\/sites.usp.br\/paminsa\/wp-json\/wp\/v2\/media?parent=970"}],"curies":[{"name":"wp","href":"https:\/\/api.w.org\/{rel}","templated":true}]}}